{"id":6934,"date":"2020-03-17T16:05:15","date_gmt":"2020-03-17T16:05:15","guid":{"rendered":"https:\/\/www.edinventa.com\/?page_id=6934"},"modified":"2020-03-17T16:07:32","modified_gmt":"2020-03-17T16:07:32","slug":"star-wars","status":"publish","type":"page","link":"https:\/\/www.edinventa.com\/cs\/star-wars\/","title":{"rendered":"Star Wars"},"content":{"rendered":"<div id=\"cs-content\" class=\"cs-content\"><\/div>\n","protected":false},"excerpt":{"rendered":"<p>FREEAndroidDownloadAppleDownloadVR GameEnglish4.5Place your device into the Heromask and defeat the dark side of the force! DisneyFREE AndroidDownload AppleDownload VR Game English 4.5 Place your device into the Heromask and defeat the dark side of the force! Disney<\/p>\n","protected":false},"author":23,"featured_media":0,"parent":0,"menu_order":0,"comment_status":"closed","ping_status":"closed","template":"","meta":{"rs_blank_template":"","rs_page_bg_color":"#ffffff","slide_template_v7":"","_joinchat":[],"footnotes":""},"class_list":["post-6934","page","type-page","status-publish","hentry","no-post-thumbnail"],"yoast_head":"<!-- This site is optimized with the Yoast SEO plugin v27.3 - https:\/\/yoast.com\/product\/yoast-seo-wordpress\/ -->\n<title>Star Wars &#187; HeroMask<\/title>\n<meta name=\"robots\" content=\"index, follow, max-snippet:-1, max-image-preview:large, max-video-preview:-1\" \/>\n<link rel=\"canonical\" href=\"https:\/\/www.edinventa.com\/cs\/star-wars\/\" \/>\n<meta property=\"og:locale\" content=\"cs_CZ\" \/>\n<meta property=\"og:type\" content=\"article\" \/>\n<meta property=\"og:title\" content=\"Star Wars &#187; HeroMask\" \/>\n<meta property=\"og:description\" content=\"FREEAndroidDownloadAppleDownloadVR GameEnglish4.5Place your device into the Heromask and defeat the dark side of the force! DisneyFREE AndroidDownload AppleDownload VR Game English 4.5 Place your device into the Heromask and defeat the dark side of the force! Disney\" \/>\n<meta property=\"og:url\" content=\"https:\/\/www.edinventa.com\/cs\/star-wars\/\" \/>\n<meta property=\"og:site_name\" content=\"HeroMask\" \/>\n<meta property=\"article:publisher\" content=\"https:\/\/www.facebook.com\/heromask.edu\/\" \/>\n<meta property=\"article:modified_time\" content=\"2020-03-17T16:07:32+00:00\" \/>\n<meta property=\"og:image\" content=\"https:\/\/www.edinventa.com\/wp-content\/uploads\/2020\/03\/bb8.jpg\" \/>\n<meta name=\"twitter:card\" content=\"summary_large_image\" \/>\n<meta name=\"twitter:site\" content=\"@heromask_\" \/>\n<meta name=\"twitter:label1\" content=\"Odhadovan\u00e1 doba \u010dten\u00ed\" \/>\n\t<meta name=\"twitter:data1\" content=\"1 minute\" \/>\n<script type=\"application\/ld+json\" class=\"yoast-schema-graph\">{\"@context\":\"https:\\\/\\\/schema.org\",\"@graph\":[{\"@type\":\"WebPage\",\"@id\":\"https:\\\/\\\/www.edinventa.com\\\/cs\\\/star-wars\\\/\",\"url\":\"https:\\\/\\\/www.edinventa.com\\\/cs\\\/star-wars\\\/\",\"name\":\"Star Wars &#187; HeroMask\",\"isPartOf\":{\"@id\":\"https:\\\/\\\/www.edinventa.com\\\/cs\\\/#website\"},\"primaryImageOfPage\":{\"@id\":\"https:\\\/\\\/www.edinventa.com\\\/cs\\\/star-wars\\\/#primaryimage\"},\"image\":{\"@id\":\"https:\\\/\\\/www.edinventa.com\\\/cs\\\/star-wars\\\/#primaryimage\"},\"thumbnailUrl\":\"https:\\\/\\\/www.edinventa.com\\\/wp-content\\\/uploads\\\/2020\\\/03\\\/bb8.jpg\",\"datePublished\":\"2020-03-17T16:05:15+00:00\",\"dateModified\":\"2020-03-17T16:07:32+00:00\",\"breadcrumb\":{\"@id\":\"https:\\\/\\\/www.edinventa.com\\\/cs\\\/star-wars\\\/#breadcrumb\"},\"inLanguage\":\"cs-CZ\",\"potentialAction\":[{\"@type\":\"ReadAction\",\"target\":[\"https:\\\/\\\/www.edinventa.com\\\/cs\\\/star-wars\\\/\"]}]},{\"@type\":\"ImageObject\",\"inLanguage\":\"cs-CZ\",\"@id\":\"https:\\\/\\\/www.edinventa.com\\\/cs\\\/star-wars\\\/#primaryimage\",\"url\":\"https:\\\/\\\/www.edinventa.com\\\/wp-content\\\/uploads\\\/2020\\\/03\\\/bb8.jpg\",\"contentUrl\":\"https:\\\/\\\/www.edinventa.com\\\/wp-content\\\/uploads\\\/2020\\\/03\\\/bb8.jpg\"},{\"@type\":\"BreadcrumbList\",\"@id\":\"https:\\\/\\\/www.edinventa.com\\\/cs\\\/star-wars\\\/#breadcrumb\",\"itemListElement\":[{\"@type\":\"ListItem\",\"position\":1,\"name\":\"Portada\",\"item\":\"https:\\\/\\\/www.edinventa.com\\\/cs\\\/\"},{\"@type\":\"ListItem\",\"position\":2,\"name\":\"Star Wars\"}]},{\"@type\":\"WebSite\",\"@id\":\"https:\\\/\\\/www.edinventa.com\\\/cs\\\/#website\",\"url\":\"https:\\\/\\\/www.edinventa.com\\\/cs\\\/\",\"name\":\"HeroMask\",\"description\":\"la m\u00e1scara de realidad virtual para aprender jugando\",\"publisher\":{\"@id\":\"https:\\\/\\\/www.edinventa.com\\\/cs\\\/#organization\"},\"potentialAction\":[{\"@type\":\"SearchAction\",\"target\":{\"@type\":\"EntryPoint\",\"urlTemplate\":\"https:\\\/\\\/www.edinventa.com\\\/cs\\\/?s={search_term_string}\"},\"query-input\":{\"@type\":\"PropertyValueSpecification\",\"valueRequired\":true,\"valueName\":\"search_term_string\"}}],\"inLanguage\":\"cs-CZ\"},{\"@type\":\"Organization\",\"@id\":\"https:\\\/\\\/www.edinventa.com\\\/cs\\\/#organization\",\"name\":\"Heromask\",\"url\":\"https:\\\/\\\/www.edinventa.com\\\/cs\\\/\",\"logo\":{\"@type\":\"ImageObject\",\"inLanguage\":\"cs-CZ\",\"@id\":\"https:\\\/\\\/www.edinventa.com\\\/cs\\\/#\\\/schema\\\/logo\\\/image\\\/\",\"url\":\"https:\\\/\\\/www.edinventa.com\\\/wp-content\\\/uploads\\\/2018\\\/08\\\/logo-Heromask-suavizado-01.png\",\"contentUrl\":\"https:\\\/\\\/www.edinventa.com\\\/wp-content\\\/uploads\\\/2018\\\/08\\\/logo-Heromask-suavizado-01.png\",\"width\":519,\"height\":106,\"caption\":\"Heromask\"},\"image\":{\"@id\":\"https:\\\/\\\/www.edinventa.com\\\/cs\\\/#\\\/schema\\\/logo\\\/image\\\/\"},\"sameAs\":[\"https:\\\/\\\/www.facebook.com\\\/heromask.edu\\\/\",\"https:\\\/\\\/x.com\\\/heromask_\",\"https:\\\/\\\/www.instagram.com\\\/heromask.ed\\\/\",\"https:\\\/\\\/www.linkedin.com\\\/company\\\/heromask\\\/\"]}]}<\/script>\n<!-- \/ Yoast SEO plugin. -->","yoast_head_json":{"title":"Star Wars &#187; HeroMask","robots":{"index":"index","follow":"follow","max-snippet":"max-snippet:-1","max-image-preview":"max-image-preview:large","max-video-preview":"max-video-preview:-1"},"canonical":"https:\/\/www.edinventa.com\/cs\/star-wars\/","og_locale":"cs_CZ","og_type":"article","og_title":"Star Wars &#187; HeroMask","og_description":"FREEAndroidDownloadAppleDownloadVR GameEnglish4.5Place your device into the Heromask and defeat the dark side of the force! DisneyFREE AndroidDownload AppleDownload VR Game English 4.5 Place your device into the Heromask and defeat the dark side of the force! Disney","og_url":"https:\/\/www.edinventa.com\/cs\/star-wars\/","og_site_name":"HeroMask","article_publisher":"https:\/\/www.facebook.com\/heromask.edu\/","article_modified_time":"2020-03-17T16:07:32+00:00","og_image":[{"url":"https:\/\/www.edinventa.com\/wp-content\/uploads\/2020\/03\/bb8.jpg","type":"","width":"","height":""}],"twitter_card":"summary_large_image","twitter_site":"@heromask_","twitter_misc":{"Odhadovan\u00e1 doba \u010dten\u00ed":"1 minute"},"schema":{"@context":"https:\/\/schema.org","@graph":[{"@type":"WebPage","@id":"https:\/\/www.edinventa.com\/cs\/star-wars\/","url":"https:\/\/www.edinventa.com\/cs\/star-wars\/","name":"Star Wars &#187; HeroMask","isPartOf":{"@id":"https:\/\/www.edinventa.com\/cs\/#website"},"primaryImageOfPage":{"@id":"https:\/\/www.edinventa.com\/cs\/star-wars\/#primaryimage"},"image":{"@id":"https:\/\/www.edinventa.com\/cs\/star-wars\/#primaryimage"},"thumbnailUrl":"https:\/\/www.edinventa.com\/wp-content\/uploads\/2020\/03\/bb8.jpg","datePublished":"2020-03-17T16:05:15+00:00","dateModified":"2020-03-17T16:07:32+00:00","breadcrumb":{"@id":"https:\/\/www.edinventa.com\/cs\/star-wars\/#breadcrumb"},"inLanguage":"cs-CZ","potentialAction":[{"@type":"ReadAction","target":["https:\/\/www.edinventa.com\/cs\/star-wars\/"]}]},{"@type":"ImageObject","inLanguage":"cs-CZ","@id":"https:\/\/www.edinventa.com\/cs\/star-wars\/#primaryimage","url":"https:\/\/www.edinventa.com\/wp-content\/uploads\/2020\/03\/bb8.jpg","contentUrl":"https:\/\/www.edinventa.com\/wp-content\/uploads\/2020\/03\/bb8.jpg"},{"@type":"BreadcrumbList","@id":"https:\/\/www.edinventa.com\/cs\/star-wars\/#breadcrumb","itemListElement":[{"@type":"ListItem","position":1,"name":"Portada","item":"https:\/\/www.edinventa.com\/cs\/"},{"@type":"ListItem","position":2,"name":"Star Wars"}]},{"@type":"WebSite","@id":"https:\/\/www.edinventa.com\/cs\/#website","url":"https:\/\/www.edinventa.com\/cs\/","name":"HeroMask","description":"la m\u00e1scara de realidad virtual para aprender jugando","publisher":{"@id":"https:\/\/www.edinventa.com\/cs\/#organization"},"potentialAction":[{"@type":"SearchAction","target":{"@type":"EntryPoint","urlTemplate":"https:\/\/www.edinventa.com\/cs\/?s={search_term_string}"},"query-input":{"@type":"PropertyValueSpecification","valueRequired":true,"valueName":"search_term_string"}}],"inLanguage":"cs-CZ"},{"@type":"Organization","@id":"https:\/\/www.edinventa.com\/cs\/#organization","name":"Heromask","url":"https:\/\/www.edinventa.com\/cs\/","logo":{"@type":"ImageObject","inLanguage":"cs-CZ","@id":"https:\/\/www.edinventa.com\/cs\/#\/schema\/logo\/image\/","url":"https:\/\/www.edinventa.com\/wp-content\/uploads\/2018\/08\/logo-Heromask-suavizado-01.png","contentUrl":"https:\/\/www.edinventa.com\/wp-content\/uploads\/2018\/08\/logo-Heromask-suavizado-01.png","width":519,"height":106,"caption":"Heromask"},"image":{"@id":"https:\/\/www.edinventa.com\/cs\/#\/schema\/logo\/image\/"},"sameAs":["https:\/\/www.facebook.com\/heromask.edu\/","https:\/\/x.com\/heromask_","https:\/\/www.instagram.com\/heromask.ed\/","https:\/\/www.linkedin.com\/company\/heromask\/"]}]}},"_links":{"self":[{"href":"https:\/\/www.edinventa.com\/cs\/wp-json\/wp\/v2\/pages\/6934","targetHints":{"allow":["GET"]}}],"collection":[{"href":"https:\/\/www.edinventa.com\/cs\/wp-json\/wp\/v2\/pages"}],"about":[{"href":"https:\/\/www.edinventa.com\/cs\/wp-json\/wp\/v2\/types\/page"}],"author":[{"embeddable":true,"href":"https:\/\/www.edinventa.com\/cs\/wp-json\/wp\/v2\/users\/23"}],"replies":[{"embeddable":true,"href":"https:\/\/www.edinventa.com\/cs\/wp-json\/wp\/v2\/comments?post=6934"}],"version-history":[{"count":0,"href":"https:\/\/www.edinventa.com\/cs\/wp-json\/wp\/v2\/pages\/6934\/revisions"}],"wp:attachment":[{"href":"https:\/\/www.edinventa.com\/cs\/wp-json\/wp\/v2\/media?parent=6934"}],"curies":[{"name":"wp","href":"https:\/\/api.w.org\/{rel}","templated":true}]}}