{"id":8499,"date":"2020-09-16T16:03:45","date_gmt":"2020-09-16T16:03:45","guid":{"rendered":"https:\/\/www.edinventa.com\/pravni-varovani\/"},"modified":"2025-04-29T14:55:25","modified_gmt":"2025-04-29T14:55:25","slug":"pravni-varovani","status":"publish","type":"page","link":"https:\/\/www.edinventa.com\/cs\/pravni-varovani\/","title":{"rendered":"Pr\u00e1vn\u00ed varov\u00e1n\u00ed"},"content":{"rendered":"<h4><span style=\"font-weight: 400;\">1. IDENTIFIKA\u010cN\u00cd \u00daDAJE<\/span><\/h4>\n<p><span style=\"font-weight: 400;\">Nav\u0161t\u011bvujete web www.edinventa.com vlastnictv\u00ed CM GAME RULES LTD. (d\u00e1le SPOLE\u010cNOST).<\/span><\/p>\n<p><span style=\"font-weight: 400;\">S\u00eddlo: Lordou Vyronos 61, Lumiel Building, 4th floor, 6023, Larnaca, Cyprus.<\/span><\/p>\n<p><span style=\"font-weight: 400;\">E-mailem: <\/span><a href=\"mailto:hello@edinventa.com\"><span style=\"font-weight: 400;\">hello@edinventa.com<\/span><\/a><\/p>\n<p>Commercial information: CM Game Rules LTD, with company registration number HE417229, has been incorporated in the District Court of Nicosia as a Company limited by Shares before the affiant Marina Charalambous, under Companies Law (Cap. 113).<\/p>\n<h4>2. P\u0158IJET\u00cd U\u017dIVATELE<\/h4>\n<p><span style=\"font-weight: 400;\">Toto pr\u00e1vn\u00ed upozorn\u011bn\u00ed upravuje p\u0159\u00edstup a pou\u017e\u00edv\u00e1n\u00ed webov\u00fdch str\u00e1nek <\/span><a href=\"https:\/\/www.edinventa.com\"><span style=\"font-weight: 400;\">www.edinventa.com<\/span><\/a><span style=\"font-weight: 400;\"> (d\u00e1le jen \u201eweb\u201c), kter\u00fd SPOLE\u010cNOST zp\u0159\u00edstup\u0148uje u\u017eivatel\u016fm internetu. U\u017eivatelem se rozum\u00ed osoba, kter\u00e1 p\u0159istupuje, proch\u00e1z\u00ed, pou\u017e\u00edv\u00e1 nebo se \u00fa\u010dastn\u00ed slu\u017eeb a \u010dinnost\u00ed na webu.<\/span><\/p>\n<p><span style=\"font-weight: 400;\">P\u0159\u00edstup a navigace u\u017eivatele p\u0159es web znamen\u00e1 bezv\u00fdhradn\u00e9 p\u0159ijet\u00ed tohoto pr\u00e1vn\u00edho upozorn\u011bn\u00ed.<\/span><\/p>\n<h4>3. POU\u017d\u00cdV\u00c1N\u00cd WEBU<\/h4>\n<p><span style=\"font-weight: 400;\">3.1. U\u017eivatel souhlas\u00ed s pou\u017e\u00edv\u00e1n\u00edm webu, obsahu a slu\u017eeb v souladu se z\u00e1konem, t\u00edmto pr\u00e1vn\u00edm ozn\u00e1men\u00edm, dobr\u00fdmi zvyky a ve\u0159ejn\u00fdm po\u0159\u00e1dkem. Stejn\u00fdm zp\u016fsobem se u\u017eivatel zavazuje, \u017ee nebude pou\u017e\u00edvat web ani slu\u017eby poskytovan\u00e9 prost\u0159ednictv\u00edm n\u011bj k \u00fa\u010del\u016fm nebo \u00fa\u010dink\u016fm, kter\u00e9 jsou nez\u00e1konn\u00e9 nebo jsou v rozporu s obsahem tohoto pr\u00e1vn\u00edho upozorn\u011bn\u00ed, po\u0161kozuj\u00ed z\u00e1jmy nebo pr\u00e1va t\u0159et\u00edch stran nebo \u017ee jak\u00fdmkoli zp\u016fsobem m\u016f\u017ee po\u0161kodit, deaktivovat nebo zhor\u0161it web nebo jeho slu\u017eby nebo zabr\u00e1nit norm\u00e1ln\u00edmu u\u017e\u00edv\u00e1n\u00ed webu jin\u00fdmi u\u017eivateli.<\/span><\/p>\n<p><span style=\"font-weight: 400;\">3.2. U\u017eivatel v\u00fdslovn\u011b souhlas\u00ed s t\u00edm, \u017ee nebude ni\u010dit, m\u011bnit, deaktivovat nebo jak\u00fdmkoli jin\u00fdm zp\u016fsobem po\u0161kodit data, programy nebo elektronick\u00e9 dokumenty a dal\u0161\u00ed, kter\u00e9 se nach\u00e1zej\u00ed na webu.<\/span><\/p>\n<p><span style=\"font-weight: 400;\">3.3 \u00a0U\u017eivatel souhlas\u00ed, \u017ee nebude zav\u00e1d\u011bt programy, viry, makra, applety, ovl\u00e1dac\u00ed prvky ActiveX nebo jak\u00e9koli jin\u00e9 logick\u00e9 za\u0159\u00edzen\u00ed nebo posloupnost znak\u016f, kter\u00e9 zp\u016fsob\u00ed nebo pravd\u011bpodobn\u011b zp\u016fsob\u00ed jak\u00fdkoli typ zm\u011bny v po\u010d\u00edta\u010dov\u00fdch syst\u00e9mech SPOLE\u010cNOSTI nebo t\u0159et\u00edch stran.<\/span><\/p>\n<p><span style=\"font-weight: 400;\">3.4. Rozum\u00ed se, \u017ee p\u0159\u00edstup nebo pou\u017eit\u00ed webu u\u017eivatelem znamen\u00e1 souhlas u\u017eivatele s pr\u00e1vn\u00edm ozn\u00e1men\u00edm, kter\u00e9 SPOLE\u010cNOST zve\u0159ejnila v dob\u011b p\u0159\u00edstupu, kter\u00e9 bude u\u017eivatel\u016fm v\u017edy k dispozici.<\/span><\/p>\n<p><span style=\"font-weight: 400;\">3.5. U\u017eivatel souhlas\u00ed, \u017ee bude \u0159\u00e1dn\u011b vyu\u017e\u00edvat obsah a slu\u017eby, kter\u00e9 SPOLE\u010cNOST nab\u00edz\u00ed na sv\u00fdch webov\u00fdch str\u00e1nk\u00e1ch, a \u017ee je nebude pou\u017e\u00edvat k nez\u00e1konn\u00fdm \u010dinnostem nebo \u010dinnostem v rozporu s dobrou v\u00edrou a pr\u00e1vn\u00edmi p\u0159edpisy.<\/span><\/p>\n<h4>4. P\u0158\u00cdSTUP NA WEB A HESLA<\/h4>\n<p><span style=\"font-weight: 400;\">4.1. P\u0159\u00edstup u\u017eivatel\u016f na web je bezplatn\u00fd a otev\u0159en\u00fd. N\u011bkter\u00e9 ze slu\u017eeb a obsahu nab\u00edzen\u00fdch SPOLE\u010cNOST\u00cd mohou podl\u00e9hat p\u0159edchoz\u00edmu uzav\u0159en\u00ed smlouvy o slu\u017eb\u011b a v\u00fdplat\u011b pen\u011b\u017en\u00ed \u010d\u00e1stky zp\u016fsobem stanoven\u00fdm ve V\u0161eobecn\u00fdch smluvn\u00edch podm\u00ednk\u00e1ch, v takov\u00e9m p\u0159\u00edpad\u011b v\u00e1m budou jasn\u011b poskytnuty .<\/span><\/p>\n<p><span style=\"font-weight: 400;\">4.2. Pokud je nutn\u00e9, aby se u\u017eivatel zaregistroval nebo poskytl osobn\u00ed \u00fadaje, aby m\u011bl p\u0159\u00edstup ke kter\u00e9koli ze slu\u017eeb, pou\u017eije se na shroma\u017e\u010fov\u00e1n\u00ed a zpracov\u00e1n\u00ed osobn\u00edch \u00fadaj\u016f u\u017eivatel\u016f ustanoven\u00ed odd\u00edlu 9 tohoto pr\u00e1vn\u00edho upozorn\u011bn\u00ed.<\/span><\/p>\n<p><span style=\"font-weight: 400;\">4.3. Uzav\u00edr\u00e1n\u00ed smluv o produktech nebo slu\u017eb\u00e1ch prost\u0159ednictv\u00edm webu nezletil\u00fdmi osobami je zak\u00e1z\u00e1no, je nutn\u00e9 \u0159\u00e1dn\u011b a d\u0159\u00edve z\u00edskat souhlas jejich rodi\u010d\u016f, z\u00e1konn\u00fdch z\u00e1stupc\u016f nebo z\u00e1konn\u00fdch z\u00e1stupc\u016f, kte\u0159\u00ed budou pova\u017eov\u00e1ni za odpov\u011bdn\u00e9 za \u010diny, kter\u00e9 vedou k vykon\u00e1vat nezletil\u00e9 na jeho starosti.<\/span><\/p>\n<p><span style=\"font-weight: 400;\">4.4. Pokud by m\u011bl u\u017eivatel za \u00fa\u010delem vyu\u017e\u00edv\u00e1n\u00ed slu\u017eby na webu pokra\u010dovat v registraci, bude odpov\u011bdn\u00fd za poskytnut\u00ed pravdiv\u00fdch a z\u00e1konn\u00fdch informac\u00ed. Pokud v d\u016fsledku registrace bude u\u017eivateli p\u0159id\u011bleno heslo, souhlas\u00ed s jeho pe\u010dliv\u00fdm pou\u017e\u00edv\u00e1n\u00edm a udr\u017eov\u00e1n\u00edm hesla v tajnosti pro p\u0159\u00edstup k t\u011bmto slu\u017eb\u00e1m. U\u017eivatel\u00e9 jsou odpov\u011bdn\u00ed za \u0159\u00e1dnou \u00faschovu a d\u016fv\u011brnost ve\u0161ker\u00fdch identifik\u00e1tor\u016f a \/ nebo hesel poskytovan\u00fdch SPOLE\u010cNOST\u00cd a zavazuj\u00ed se, \u017ee jejich pou\u017eit\u00ed nep\u0159enesou na t\u0159et\u00ed strany, a\u0165 u\u017e do\u010dasn\u011b nebo trvale, nebo \u017ee jim umo\u017en\u00ed p\u0159\u00edstup k ciz\u00edm osob\u00e1m. Za pou\u017e\u00edv\u00e1n\u00ed slu\u017eeb jakoukoli nelegitimn\u00ed t\u0159et\u00ed stranou, kter\u00e1 k tomuto \u00fa\u010delu pou\u017e\u00edv\u00e1 heslo, nese odpov\u011bdnost u\u017eivatel kv\u016fli jeho neopatrn\u00e9mu pou\u017eit\u00ed nebo ztr\u00e1t\u011b.<\/span><\/p>\n<h4>5. ZM\u011aNA PODM\u00cdNEK PR\u00c1VN\u00cdHO OZN\u00c1MEN\u00cd<\/h4>\n<p><span style=\"font-weight: 400;\">SPOLE\u010cNOST si v\u00fdslovn\u011b vyhrazuje pr\u00e1vo upravit toto pr\u00e1vn\u00ed upozorn\u011bn\u00ed. U\u017eivatel bere na v\u011bdom\u00ed a p\u0159ij\u00edm\u00e1, \u017ee je jeho odpov\u011bdnost\u00ed zkontrolovat web a toto pr\u00e1vn\u00ed upozorn\u011bn\u00ed.<\/span><\/p>\n<h4>6. OMEZEN\u00cd Z\u00c1RUK A PASIV<\/h4>\n<p><span style=\"font-weight: 400;\">6.1. SPOLE\u010cNOST se zavazuje vyvinout maxim\u00e1ln\u00ed \u00fasil\u00ed, aby se vyhnula jak\u00fdmkoli chyb\u00e1m v obsahu, kter\u00fd se m\u016f\u017ee objevit na webu. V ka\u017ed\u00e9m p\u0159\u00edpad\u011b bude SPOLE\u010cNOST osvobozena od jak\u00e9koli odpov\u011bdnosti vypl\u00fdvaj\u00edc\u00ed z mo\u017en\u00fdch chyb v obsahu, kter\u00fd se m\u016f\u017ee objevit na webu, za p\u0159edpokladu, \u017ee jej nelze p\u0159i\u010d\u00edst.<\/span><\/p>\n<p><span style=\"font-weight: 400;\">6.2. SPOLE\u010cNOST nezaru\u010duje, \u017ee web a server neobsahuj\u00ed viry, a neodpov\u00edd\u00e1 za p\u0159\u00edpadn\u00e9 \u0161kody, kter\u00e9 mohou vzniknout v d\u016fsledku ru\u0161en\u00ed, opomenut\u00ed, p\u0159eru\u0161en\u00ed, po\u010d\u00edta\u010dov\u00fdch vir\u016f, poruch telefonu nebo odpojen\u00ed p\u0159i provozn\u00edm fungov\u00e1n\u00ed tohoto syst\u00e9mu. elektronick\u00e9, motivovan\u00e9 p\u0159\u00ed\u010dinami mimo kontrolu SPOLE\u010cNOSTI, zpo\u017ed\u011bn\u00edm nebo blokov\u00e1n\u00edm pou\u017e\u00edv\u00e1n\u00ed tohoto elektronick\u00e9ho syst\u00e9mu zp\u016fsoben\u00fdm nedostatkem telefonn\u00edch linek nebo p\u0159et\u00ed\u017een\u00edm internetov\u00e9ho syst\u00e9mu nebo jin\u00fdch elektronick\u00fdch syst\u00e9m\u016f, jako\u017e i \u0161kodami, kter\u00e9 mohou b\u00fdt zp\u016fsobeny t\u0159et\u00ed strany nelegitimn\u00edm z\u00e1sahem mimo kontrolu SPOLE\u010cNOSTI.<\/span><\/p>\n<h4>7. DU\u0160EVN\u00cd A PR\u016eMYSLOV\u00c9 VLASTNICTV\u00cd. V\u0160ECHNA PR\u00c1VA VYHRAZENA.<\/h4>\n<p><span style=\"font-weight: 400;\">7.1. Ve\u0161ker\u00e1 pr\u00e1va k pr\u016fmyslov\u00e9mu a du\u0161evn\u00edmu vlastnictv\u00ed webu www.edinventa.com a jeho obsahu (texty, obr\u00e1zky, zvuky, audio, video, designy, kreativy, software) pat\u0159\u00ed jako autor kolektivn\u00edho d\u00edla nebo jako nabyvatel do LA SPOLE\u010cNOST nebo p\u0159\u00edpadn\u011b t\u0159et\u00ed strany.<\/span><\/p>\n<p><span style=\"font-weight: 400;\">7.2. Reprodukce, distribuce a ve\u0159ejn\u00e1 komunikace, v\u010detn\u011b zp\u016fsobu jejich zp\u0159\u00edstupn\u011bn\u00ed, ve\u0161ker\u00e9ho nebo \u010d\u00e1sti obsahu tohoto webu, za jak\u00fdmkoli \u00fa\u010delem, na jak\u00e9mkoli m\u00e9diu a jak\u00fdmikoli technick\u00fdmi prost\u0159edky, bez povolen\u00ed, jsou v\u00fdslovn\u011b zak\u00e1z\u00e1ny. spole\u010dnosti. U\u017eivatel se zavazuje respektovat pr\u00e1va na pr\u016fmyslov\u00e9 a du\u0161evn\u00ed vlastnictv\u00ed vlastn\u011bn\u00e1 SPOLE\u010cNOST\u00cd a t\u0159et\u00edmi stranami.<\/span><\/p>\n<h4>8. ODKAZY T\u0158ET\u00cdCH STRAN<\/h4>\n<p><span style=\"font-weight: 400;\">8.1. V p\u0159\u00edpad\u011b, \u017ee web obsahuje odkazy nebo hypertextov\u00e9 odkazy na jin\u00e1 m\u00edsta na internetu, SPOLE\u010cNOST nebude nad t\u011bmito m\u00edsty a obsahem prov\u00e1d\u011bt \u017e\u00e1dnou kontrolu. SPOLE\u010cNOST v \u017e\u00e1dn\u00e9m p\u0159\u00edpad\u011b nep\u0159ij\u00edm\u00e1 \u017e\u00e1dnou odpov\u011bdnost za obsah jak\u00e9hokoli odkazu pat\u0159\u00edc\u00edho na zahrani\u010dn\u00ed web, ani nezaru\u010duje technickou dostupnost, kvalitu, spolehlivost, p\u0159esnost, \u0161\u00ed\u0159i, pravdivost, platnost a \u00fastavnost \u017e\u00e1dn\u00e9ho materi\u00e1lu nebo informac\u00ed obsa\u017een\u00fdch v hlavi\u010dce hypertextov\u00e9 odkazy nebo jin\u00e1 m\u00edsta na internetu.<\/span><\/p>\n<p><span style=\"font-weight: 400;\">8.2. Tyto odkazy jsou poskytov\u00e1ny pouze za \u00fa\u010delem informov\u00e1n\u00ed u\u017eivatele o existenci dal\u0161\u00edch zdroj\u016f informac\u00ed o konkr\u00e9tn\u00edm t\u00e9matu a zahrnut\u00ed odkazu neznamen\u00e1 schv\u00e1len\u00ed odkazovan\u00e9 webov\u00e9 str\u00e1nky SPOLE\u010cNOST\u00cd.<\/span><\/p>\n<p>8.3. Na v\u00fdslovnou \u017e\u00e1dost spole\u010dnosti Amazon prohla\u0161ujeme, \u017ee: \u201eJako pobo\u010dka spole\u010dnosti Amazon z\u00edsk\u00e1v\u00e1m p\u0159\u00edjem z p\u0159idru\u017een\u00fdch n\u00e1kup\u016f, kter\u00e9 spl\u0148uj\u00ed p\u0159\u00edslu\u0161n\u00e9 po\u017eadavky.\u201c Dal\u0161\u00ed informace naleznete v <a href=\"https:\/\/afiliados.amazon.es\/help\/operating\/agreement\" target=\"_blank\" rel=\"noopener noreferrer\">Provozn\u00ed smlouva<\/a> na vlastn\u00ed str\u00e1nce Amazonu<\/p>\n<h4>9. PROTECCI\u00d3N DE DATOS PERSONALES<\/h4>\n<p><span style=\"font-weight: 400;\">9.1. SPOLE\u010cNOST p\u0159ij\u00edm\u00e1 nezbytn\u00e1 technick\u00e1 a organiza\u010dn\u00ed opat\u0159en\u00ed, aby zajistila ochranu osobn\u00edch \u00fadaj\u016f a zabr\u00e1nila jejich zm\u011bn\u00e1m, ztr\u00e1t\u011b, zpracov\u00e1n\u00ed a \/ nebo neopr\u00e1vn\u011bn\u00e9mu p\u0159\u00edstupu s ohledem na aktu\u00e1ln\u00ed stav techniky, povahu ulo\u017een\u00fdch \u00fadaj\u016f a rizika, kter\u00fdm jsou vystaveni, a to v\u0161e v souladu s ustanoven\u00edmi \u0161pan\u011blsk\u00fdch pr\u00e1vn\u00edch p\u0159edpis\u016f o ochran\u011b osobn\u00edch \u00fadaj\u016f.<\/span><\/p>\n<p><span style=\"font-weight: 400;\">9.2. U\u017eivatel m\u016f\u017ee SPOLE\u010cNOSTI poskytnout sv\u00e9 osobn\u00ed \u00fadaje prost\u0159ednictv\u00edm r\u016fzn\u00fdch formul\u00e1\u0159\u016f, kter\u00e9 se za t\u00edmto \u00fa\u010delem objevuj\u00ed na webu. Tyto formul\u00e1\u0159e obsahuj\u00ed pr\u00e1vn\u00ed text o ochran\u011b osobn\u00edch \u00fadaj\u016f, kter\u00fd spl\u0148uje po\u017eadavky stanoven\u00e9 v NA\u0158\u00cdZEN\u00cd Evropsk\u00e9ho parlamentu a Rady (EU) 2016\/679 ze dne 27. dubna 2016 o ochran\u011b fyzick\u00fdch osob v Pokud jde o zpracov\u00e1n\u00ed osobn\u00edch \u00fadaj\u016f a voln\u00fd ob\u011bh t\u011bchto \u00fadaj\u016f (obecn\u00e9 na\u0159\u00edzen\u00ed o ochran\u011b osobn\u00edch \u00fadaj\u016f).<\/span><\/p>\n<p><span style=\"font-weight: 400;\">Stejn\u00fdm zp\u016fsobem m\u016f\u017ee SPOLE\u010cNOST z\u00edskat osobn\u00ed \u00fadaje poch\u00e1zej\u00edc\u00ed z va\u0161eho proch\u00e1zen\u00ed a \/ nebo pou\u017e\u00edv\u00e1n\u00ed webu v souladu s na\u0161imi z\u00e1sadami ochrany osobn\u00edch \u00fadaj\u016f.<\/span><\/p>\n<p><span style=\"font-weight: 400;\">9.3. P\u0159ed poskytnut\u00edm sv\u00fdch osobn\u00edch \u00fadaj\u016f si pros\u00edm pe\u010dliv\u011b p\u0159e\u010dt\u011bte pr\u00e1vn\u00ed texty, zejm\u00e9na na\u0161e z\u00e1sady ochrany osobn\u00edch \u00fadaj\u016f.<\/span><\/p>\n<h4>10. PR\u00c1VO A JURISDIKCE<\/h4>\n<p><span style=\"font-weight: 400;\">Ve\u0161ker\u00e9 probl\u00e9my, kter\u00e9 vzniknou mezi SPOLE\u010cNOST\u00cd a u\u017eivatelem ohledn\u011b interpretace, souladu a platnosti tohoto pr\u00e1vn\u00edho upozorn\u011bn\u00ed, se budou \u0159\u00eddit jej\u00edmi vlastn\u00edmi ustanoven\u00edmi, a pokud to nen\u00ed stanoveno, v souladu se \u0161pan\u011blsk\u00fdmi pr\u00e1vn\u00edmi p\u0159edpisy v\u00fdslovn\u011b p\u0159edkl\u00e1daj\u00ed strany jurisdikce soud\u016f s domicilem SPOLE\u010cNOSTI.<\/span><\/p>\n<p>&nbsp;<\/p>\n","protected":false},"excerpt":{"rendered":"<p>1. IDENTIFIKA\u010cN\u00cd \u00daDAJE Nav\u0161t\u011bvujete web www.edinventa.com vlastnictv\u00ed CM GAME RULES LTD. (d\u00e1le SPOLE\u010cNOST). S\u00eddlo: Lordou Vyronos 61, Lumiel Building, 4th floor, 6023, Larnaca, Cyprus. E-mailem: hello@edinventa.com Commercial information: CM Game Rules LTD, with company registration number HE417229, has been incorporated in the District Court of Nicosia as a Company limited by Shares before the affiant Marina Charalambous, under Companies Law &#8230;<\/p>\n","protected":false},"author":47,"featured_media":0,"parent":0,"menu_order":0,"comment_status":"closed","ping_status":"closed","template":"","meta":{"rs_blank_template":"","rs_page_bg_color":"","slide_template_v7":"","_joinchat":[],"footnotes":""},"class_list":["post-8499","page","type-page","status-publish","hentry","no-post-thumbnail"],"yoast_head":"<!-- This site is optimized with the Yoast SEO plugin v27.3 - https:\/\/yoast.com\/product\/yoast-seo-wordpress\/ -->\n<title>Pr\u00e1vn\u00ed varov\u00e1n\u00ed &#187; HeroMask<\/title>\n<meta name=\"robots\" content=\"noindex, nofollow\" \/>\n<meta property=\"og:locale\" content=\"cs_CZ\" \/>\n<meta property=\"og:type\" content=\"article\" \/>\n<meta property=\"og:title\" content=\"Pr\u00e1vn\u00ed varov\u00e1n\u00ed &#187; HeroMask\" \/>\n<meta property=\"og:description\" content=\"1. IDENTIFIKA\u010cN\u00cd \u00daDAJE Nav\u0161t\u011bvujete web www.edinventa.com vlastnictv\u00ed CM GAME RULES LTD. (d\u00e1le SPOLE\u010cNOST). S\u00eddlo: Lordou Vyronos 61, Lumiel Building, 4th floor, 6023, Larnaca, Cyprus. E-mailem: hello@edinventa.com Commercial information: CM Game Rules LTD, with company registration number HE417229, has been incorporated in the District Court of Nicosia as a Company limited by Shares before the affiant Marina Charalambous, under Companies Law ...\" \/>\n<meta property=\"og:url\" content=\"https:\/\/www.edinventa.com\/cs\/pravni-varovani\/\" \/>\n<meta property=\"og:site_name\" content=\"HeroMask\" \/>\n<meta property=\"article:publisher\" content=\"https:\/\/www.facebook.com\/heromask.edu\/\" \/>\n<meta property=\"article:modified_time\" content=\"2025-04-29T14:55:25+00:00\" \/>\n<meta name=\"twitter:card\" content=\"summary_large_image\" \/>\n<meta name=\"twitter:site\" content=\"@heromask_\" \/>\n<meta name=\"twitter:label1\" content=\"Odhadovan\u00e1 doba \u010dten\u00ed\" \/>\n\t<meta name=\"twitter:data1\" content=\"5 minutes\" \/>\n<script type=\"application\/ld+json\" class=\"yoast-schema-graph\">{\"@context\":\"https:\\\/\\\/schema.org\",\"@graph\":[{\"@type\":\"WebPage\",\"@id\":\"https:\\\/\\\/www.edinventa.com\\\/cs\\\/pravni-varovani\\\/\",\"url\":\"https:\\\/\\\/www.edinventa.com\\\/cs\\\/pravni-varovani\\\/\",\"name\":\"Pr\u00e1vn\u00ed varov\u00e1n\u00ed &#187; HeroMask\",\"isPartOf\":{\"@id\":\"https:\\\/\\\/www.edinventa.com\\\/cs\\\/#website\"},\"datePublished\":\"2020-09-16T16:03:45+00:00\",\"dateModified\":\"2025-04-29T14:55:25+00:00\",\"breadcrumb\":{\"@id\":\"https:\\\/\\\/www.edinventa.com\\\/cs\\\/pravni-varovani\\\/#breadcrumb\"},\"inLanguage\":\"cs-CZ\",\"potentialAction\":[{\"@type\":\"ReadAction\",\"target\":[\"https:\\\/\\\/www.edinventa.com\\\/cs\\\/pravni-varovani\\\/\"]}]},{\"@type\":\"BreadcrumbList\",\"@id\":\"https:\\\/\\\/www.edinventa.com\\\/cs\\\/pravni-varovani\\\/#breadcrumb\",\"itemListElement\":[{\"@type\":\"ListItem\",\"position\":1,\"name\":\"Portada\",\"item\":\"https:\\\/\\\/www.edinventa.com\\\/cs\\\/\"},{\"@type\":\"ListItem\",\"position\":2,\"name\":\"Pr\u00e1vn\u00ed varov\u00e1n\u00ed\"}]},{\"@type\":\"WebSite\",\"@id\":\"https:\\\/\\\/www.edinventa.com\\\/cs\\\/#website\",\"url\":\"https:\\\/\\\/www.edinventa.com\\\/cs\\\/\",\"name\":\"HeroMask\",\"description\":\"la m\u00e1scara de realidad virtual para aprender jugando\",\"publisher\":{\"@id\":\"https:\\\/\\\/www.edinventa.com\\\/cs\\\/#organization\"},\"potentialAction\":[{\"@type\":\"SearchAction\",\"target\":{\"@type\":\"EntryPoint\",\"urlTemplate\":\"https:\\\/\\\/www.edinventa.com\\\/cs\\\/?s={search_term_string}\"},\"query-input\":{\"@type\":\"PropertyValueSpecification\",\"valueRequired\":true,\"valueName\":\"search_term_string\"}}],\"inLanguage\":\"cs-CZ\"},{\"@type\":\"Organization\",\"@id\":\"https:\\\/\\\/www.edinventa.com\\\/cs\\\/#organization\",\"name\":\"Heromask\",\"url\":\"https:\\\/\\\/www.edinventa.com\\\/cs\\\/\",\"logo\":{\"@type\":\"ImageObject\",\"inLanguage\":\"cs-CZ\",\"@id\":\"https:\\\/\\\/www.edinventa.com\\\/cs\\\/#\\\/schema\\\/logo\\\/image\\\/\",\"url\":\"https:\\\/\\\/www.edinventa.com\\\/wp-content\\\/uploads\\\/2018\\\/08\\\/logo-Heromask-suavizado-01.png\",\"contentUrl\":\"https:\\\/\\\/www.edinventa.com\\\/wp-content\\\/uploads\\\/2018\\\/08\\\/logo-Heromask-suavizado-01.png\",\"width\":519,\"height\":106,\"caption\":\"Heromask\"},\"image\":{\"@id\":\"https:\\\/\\\/www.edinventa.com\\\/cs\\\/#\\\/schema\\\/logo\\\/image\\\/\"},\"sameAs\":[\"https:\\\/\\\/www.facebook.com\\\/heromask.edu\\\/\",\"https:\\\/\\\/x.com\\\/heromask_\",\"https:\\\/\\\/www.instagram.com\\\/heromask.ed\\\/\",\"https:\\\/\\\/www.linkedin.com\\\/company\\\/heromask\\\/\"]}]}<\/script>\n<!-- \/ Yoast SEO plugin. -->","yoast_head_json":{"title":"Pr\u00e1vn\u00ed varov\u00e1n\u00ed &#187; HeroMask","robots":{"index":"noindex","follow":"nofollow"},"og_locale":"cs_CZ","og_type":"article","og_title":"Pr\u00e1vn\u00ed varov\u00e1n\u00ed &#187; HeroMask","og_description":"1. IDENTIFIKA\u010cN\u00cd \u00daDAJE Nav\u0161t\u011bvujete web www.edinventa.com vlastnictv\u00ed CM GAME RULES LTD. (d\u00e1le SPOLE\u010cNOST). S\u00eddlo: Lordou Vyronos 61, Lumiel Building, 4th floor, 6023, Larnaca, Cyprus. E-mailem: hello@edinventa.com Commercial information: CM Game Rules LTD, with company registration number HE417229, has been incorporated in the District Court of Nicosia as a Company limited by Shares before the affiant Marina Charalambous, under Companies Law ...","og_url":"https:\/\/www.edinventa.com\/cs\/pravni-varovani\/","og_site_name":"HeroMask","article_publisher":"https:\/\/www.facebook.com\/heromask.edu\/","article_modified_time":"2025-04-29T14:55:25+00:00","twitter_card":"summary_large_image","twitter_site":"@heromask_","twitter_misc":{"Odhadovan\u00e1 doba \u010dten\u00ed":"5 minutes"},"schema":{"@context":"https:\/\/schema.org","@graph":[{"@type":"WebPage","@id":"https:\/\/www.edinventa.com\/cs\/pravni-varovani\/","url":"https:\/\/www.edinventa.com\/cs\/pravni-varovani\/","name":"Pr\u00e1vn\u00ed varov\u00e1n\u00ed &#187; HeroMask","isPartOf":{"@id":"https:\/\/www.edinventa.com\/cs\/#website"},"datePublished":"2020-09-16T16:03:45+00:00","dateModified":"2025-04-29T14:55:25+00:00","breadcrumb":{"@id":"https:\/\/www.edinventa.com\/cs\/pravni-varovani\/#breadcrumb"},"inLanguage":"cs-CZ","potentialAction":[{"@type":"ReadAction","target":["https:\/\/www.edinventa.com\/cs\/pravni-varovani\/"]}]},{"@type":"BreadcrumbList","@id":"https:\/\/www.edinventa.com\/cs\/pravni-varovani\/#breadcrumb","itemListElement":[{"@type":"ListItem","position":1,"name":"Portada","item":"https:\/\/www.edinventa.com\/cs\/"},{"@type":"ListItem","position":2,"name":"Pr\u00e1vn\u00ed varov\u00e1n\u00ed"}]},{"@type":"WebSite","@id":"https:\/\/www.edinventa.com\/cs\/#website","url":"https:\/\/www.edinventa.com\/cs\/","name":"HeroMask","description":"la m\u00e1scara de realidad virtual para aprender jugando","publisher":{"@id":"https:\/\/www.edinventa.com\/cs\/#organization"},"potentialAction":[{"@type":"SearchAction","target":{"@type":"EntryPoint","urlTemplate":"https:\/\/www.edinventa.com\/cs\/?s={search_term_string}"},"query-input":{"@type":"PropertyValueSpecification","valueRequired":true,"valueName":"search_term_string"}}],"inLanguage":"cs-CZ"},{"@type":"Organization","@id":"https:\/\/www.edinventa.com\/cs\/#organization","name":"Heromask","url":"https:\/\/www.edinventa.com\/cs\/","logo":{"@type":"ImageObject","inLanguage":"cs-CZ","@id":"https:\/\/www.edinventa.com\/cs\/#\/schema\/logo\/image\/","url":"https:\/\/www.edinventa.com\/wp-content\/uploads\/2018\/08\/logo-Heromask-suavizado-01.png","contentUrl":"https:\/\/www.edinventa.com\/wp-content\/uploads\/2018\/08\/logo-Heromask-suavizado-01.png","width":519,"height":106,"caption":"Heromask"},"image":{"@id":"https:\/\/www.edinventa.com\/cs\/#\/schema\/logo\/image\/"},"sameAs":["https:\/\/www.facebook.com\/heromask.edu\/","https:\/\/x.com\/heromask_","https:\/\/www.instagram.com\/heromask.ed\/","https:\/\/www.linkedin.com\/company\/heromask\/"]}]}},"_links":{"self":[{"href":"https:\/\/www.edinventa.com\/cs\/wp-json\/wp\/v2\/pages\/8499","targetHints":{"allow":["GET"]}}],"collection":[{"href":"https:\/\/www.edinventa.com\/cs\/wp-json\/wp\/v2\/pages"}],"about":[{"href":"https:\/\/www.edinventa.com\/cs\/wp-json\/wp\/v2\/types\/page"}],"author":[{"embeddable":true,"href":"https:\/\/www.edinventa.com\/cs\/wp-json\/wp\/v2\/users\/47"}],"replies":[{"embeddable":true,"href":"https:\/\/www.edinventa.com\/cs\/wp-json\/wp\/v2\/comments?post=8499"}],"version-history":[{"count":0,"href":"https:\/\/www.edinventa.com\/cs\/wp-json\/wp\/v2\/pages\/8499\/revisions"}],"wp:attachment":[{"href":"https:\/\/www.edinventa.com\/cs\/wp-json\/wp\/v2\/media?parent=8499"}],"curies":[{"name":"wp","href":"https:\/\/api.w.org\/{rel}","templated":true}]}}