{"id":9720,"date":"2021-02-08T15:46:56","date_gmt":"2021-02-08T15:46:56","guid":{"rendered":"https:\/\/www.edinventa.com\/zasady-pouzivani-cookies\/"},"modified":"2021-02-08T15:46:56","modified_gmt":"2021-02-08T15:46:56","slug":"zasady-pouzivani-cookies","status":"publish","type":"page","link":"https:\/\/www.edinventa.com\/cs\/zasady-pouzivani-cookies\/","title":{"rendered":"Z\u00e1sady pou\u017e\u00edv\u00e1n\u00ed cookies"},"content":{"rendered":"<p>Cookie je mal\u00fd textov\u00fd soubor, kter\u00fd je ulo\u017een ve va\u0161em prohl\u00ed\u017ee\u010di, kdy\u017e nav\u0161t\u00edv\u00edte t\u00e9m\u011b\u0159 jakoukoli webovou str\u00e1nku. Jeho u\u017eite\u010dnost spo\u010d\u00edv\u00e1 v tom, \u017ee si web dok\u00e1\u017ee pamatovat va\u0161i n\u00e1v\u0161t\u011bvu, kdy\u017e se vr\u00e1t\u00edte na proch\u00e1zen\u00ed t\u00e9to str\u00e1nky. Soubory cookie obvykle ukl\u00e1daj\u00ed informace technick\u00e9 povahy, osobn\u00ed preference, p\u0159izp\u016fsoben\u00ed obsahu, statistiky pou\u017e\u00edv\u00e1n\u00ed, odkazy na soci\u00e1ln\u00ed s\u00edt\u011b, p\u0159\u00edstup k u\u017eivatelsk\u00fdm \u00fa\u010dt\u016fm atd. \u00da\u010delem souboru cookie je p\u0159izp\u016fsobit obsah webu va\u0161emu profilu a pot\u0159eb\u00e1m, bez cookies by se slu\u017eby nab\u00edzen\u00e9 jakoukoli str\u00e1nkou v\u00fdrazn\u011b sn\u00ed\u017eily. Chcete-li se dozv\u011bd\u011bt v\u00edce informac\u00ed o tom, co jsou soubory cookie, co ukl\u00e1daj\u00ed, jak je eliminovat, deaktivovat atd., P\u0159ejd\u011bte na <a href=\"https:\/\/www.edinventa.com\/cs\/extended-information-about-cookies\/\"> tento odkaz <\/a>.<\/p>\n<h3> Soubory cookie pou\u017e\u00edvan\u00e9 na tomto webu <\/h3>\n<p>V souladu s pokyny \u0160pan\u011blsk\u00e9 agentury pro ochranu \u00fadaj\u016f, kter\u00e1 podrobn\u011b popisuje pou\u017e\u00edv\u00e1n\u00ed soubor\u016f cookie vytvo\u0159en\u00fdch t\u00edmto webem, aby v\u00e1s informovala s nejvy\u0161\u0161\u00ed mo\u017enou p\u0159esnost\u00ed.<\/p>\n<p>Tento web pou\u017e\u00edv\u00e1 n\u00e1sleduj\u00edc\u00ed <strong> vlastn\u00ed soubory cookie <\/strong>:<\/p>\n<ul>\n<li> Soubory cookie relace zaji\u0161\u0165uj\u00ed, \u017ee u\u017eivatel\u00e9, kte\u0159\u00ed p\u00ed\u0161\u00ed koment\u00e1\u0159e k blogu, jsou lidsk\u00e1 a ne automatizovan\u00e1 aplikace. T\u00edmto zp\u016fsobem bojuje proti spamu. <\/li>\n<\/ul>\n<p>Tento web pou\u017e\u00edv\u00e1 n\u00e1sleduj\u00edc\u00ed <strong> soubory cookie t\u0159et\u00edch stran <\/strong>:<\/p>\n<ul>\n<li> Google Analytics: Ukl\u00e1d\u00e1 soubory cookie, aby bylo mo\u017en\u00e9 sestavovat statistiky o provozu a objemu n\u00e1v\u0161t\u011bv tohoto webu. Pou\u017e\u00edv\u00e1n\u00edm tohoto webu souhlas\u00edte se zpracov\u00e1n\u00edm \u00fadaj\u016f o v\u00e1s spole\u010dnost\u00ed Google. Uplatn\u011bn\u00ed jak\u00e9hokoli pr\u00e1va v tomto smyslu proto mus\u00ed prob\u00edhat p\u0159\u00edmo p\u0159i komunikaci se spole\u010dnost\u00ed Google. <\/li>\n<li> Hotjar: zaznamenan\u00e9 relace videa ke kontrole, zda je web pou\u017e\u00edv\u00e1n podle o\u010dek\u00e1v\u00e1n\u00ed, a ke zlep\u0161en\u00ed pou\u017eitelnosti webu. <\/li>\n<li> Facebook Pixel: pro FacebookAdd statistiky a mo\u017enost retargeting u\u017eivatel\u016f Facebooku na webu. <\/li>\n<li> Google Adwords: pro statistiky Google Adwords a mo\u017enost retargetingu na u\u017eivatele, kte\u0159\u00ed pou\u017e\u00edvaj\u00ed slu\u017eby Google a jeho partner\u016f. <\/li>\n<li> Soci\u00e1ln\u00ed s\u00edt\u011b: Ka\u017ed\u00e1 soci\u00e1ln\u00ed s\u00ed\u0165 pou\u017e\u00edv\u00e1 vlastn\u00ed soubory cookie, tak\u017ee m\u016f\u017eete kliknout na tla\u010d\u00edtka L\u00edb\u00ed se mi nebo Sd\u00edlet. <\/li>\n<\/ul>\n<h3> Zak\u00e1z\u00e1n\u00ed nebo odstran\u011bn\u00ed soubor\u016f cookie <\/h3>\n<p>Kdykoli m\u016f\u017eete uplatnit sv\u00e9 pr\u00e1vo na deaktivaci nebo odstran\u011bn\u00ed cookies z t\u00e9to webov\u00e9 str\u00e1nky. Tyto akce se prov\u00e1d\u011bj\u00ed odli\u0161n\u011b v z\u00e1vislosti na prohl\u00ed\u017ee\u010di, kter\u00fd pou\u017e\u00edv\u00e1te. Zde v\u00e1m nech\u00e1me <a href=\"https:\/\/www.edinventa.com\/cs\/extended-information-about-cookies\/#browsers\" target=\"_blank\" rel=\"noopener noreferrer\"> rychl\u00fd pr\u016fvodce nejobl\u00edben\u011bj\u0161\u00edmi prohl\u00ed\u017ee\u010di <\/a>.<\/p>\n<h3> Dal\u0161\u00ed pozn\u00e1mky <\/h3>\n<ul>\n<li> Ani tento web, ani jeho z\u00e1konn\u00ed z\u00e1stupci neodpov\u00eddaj\u00ed za obsah nebo v\u011brohodnost z\u00e1sad ochrany osobn\u00edch \u00fadaj\u016f, kter\u00e9 mohou m\u00edt t\u0159et\u00ed strany uveden\u00e9 v t\u011bchto z\u00e1sad\u00e1ch pou\u017e\u00edv\u00e1n\u00ed soubor\u016f cookie. <\/li>\n<li> Webov\u00e9 prohl\u00ed\u017ee\u010de jsou n\u00e1stroje odpov\u011bdn\u00e9 za ukl\u00e1d\u00e1n\u00ed soubor\u016f cookie a od tohoto m\u00edsta mus\u00edte uplatnit sv\u00e9 pr\u00e1vo na jejich deaktivaci nebo odstran\u011bn\u00ed. Tento web ani jeho z\u00e1konn\u00ed z\u00e1stupci nemohou zaru\u010dit spr\u00e1vnou nebo nespr\u00e1vnou manipulaci se soubory cookie uveden\u00fdmi prohl\u00ed\u017ee\u010di. <\/li>\n<li> V n\u011bkter\u00fdch p\u0159\u00edpadech je nutn\u00e9 nainstalovat soubory cookie, aby si prohl\u00ed\u017ee\u010d pamatoval va\u0161e rozhodnut\u00ed je nep\u0159ijmout. <\/li>\n<li> V p\u0159\u00edpad\u011b soubor\u016f cookie Google Analytics ukl\u00e1d\u00e1 tato spole\u010dnost soubory cookie na serverech um\u00edst\u011bn\u00fdch ve Spojen\u00fdch st\u00e1tech a zavazuje se, \u017ee je nebude sd\u00edlet s t\u0159et\u00edmi stranami, s v\u00fdjimkou p\u0159\u00edpad\u016f, kdy je to nezbytn\u00e9 pro fungov\u00e1n\u00ed syst\u00e9mu nebo pokud to vy\u017eaduje z\u00e1kon. takov\u00fd \u00fa\u010dinek. Podle Google neukl\u00e1d\u00e1 va\u0161i IP adresu. Google Inc. Jedn\u00e1 se o spole\u010dnost p\u0159ipojenou k dohod\u011b o bezpe\u010dn\u00e9m p\u0159\u00edstavu, kter\u00e1 zaji\u0161\u0165uje, \u017ee se v\u0161emi p\u0159enesen\u00fdmi daty bude zach\u00e1zeno na \u00farovni ochrany v souladu s evropsk\u00fdmi p\u0159edpisy. <\/li>\n<li> Podrobn\u00e9 informace najdete zde na tomto odkazu. Pokud chcete informace o pou\u017eit\u00ed, kter\u00e9 spole\u010dnost Google poskytuje soubor\u016fm cookie, p\u0159ipojujeme tento dal\u0161\u00ed odkaz. <\/li>\n<li> V p\u0159\u00edpad\u011b jak\u00fdchkoli dotaz\u016f nebo dotaz\u016f ohledn\u011b soubor\u016f cookie t\u011bchto z\u00e1sad n\u00e1s nev\u00e1hejte kontaktovat prost\u0159ednictv\u00edm kontaktn\u00ed sekce. <\/li>\n<\/ul>\n<p>Cookies Advisor je plugin pro WordPress vytvo\u0159en\u00fd Carlosem Doralem (webartesanal.com)<\/p>\n","protected":false},"excerpt":{"rendered":"<p>Cookie je mal\u00fd textov\u00fd soubor, kter\u00fd je ulo\u017een ve va\u0161em prohl\u00ed\u017ee\u010di, kdy\u017e nav\u0161t\u00edv\u00edte t\u00e9m\u011b\u0159 jakoukoli webovou str\u00e1nku. Jeho u\u017eite\u010dnost spo\u010d\u00edv\u00e1 v tom, \u017ee si web dok\u00e1\u017ee pamatovat va\u0161i n\u00e1v\u0161t\u011bvu, kdy\u017e se vr\u00e1t\u00edte na proch\u00e1zen\u00ed t\u00e9to str\u00e1nky. Soubory cookie obvykle ukl\u00e1daj\u00ed informace technick\u00e9 povahy, osobn\u00ed preference, p\u0159izp\u016fsoben\u00ed obsahu, statistiky pou\u017e\u00edv\u00e1n\u00ed, odkazy na soci\u00e1ln\u00ed s\u00edt\u011b, p\u0159\u00edstup k u\u017eivatelsk\u00fdm \u00fa\u010dt\u016fm atd. \u00da\u010delem souboru &#8230;<\/p>\n","protected":false},"author":47,"featured_media":0,"parent":0,"menu_order":0,"comment_status":"closed","ping_status":"closed","template":"","meta":{"rs_blank_template":"","rs_page_bg_color":"","slide_template_v7":"","_joinchat":[],"footnotes":""},"class_list":["post-9720","page","type-page","status-publish","hentry","no-post-thumbnail"],"yoast_head":"<!-- This site is optimized with the Yoast SEO plugin v27.3 - https:\/\/yoast.com\/product\/yoast-seo-wordpress\/ -->\n<title>Z\u00e1sady pou\u017e\u00edv\u00e1n\u00ed cookies &#187; HeroMask<\/title>\n<meta name=\"robots\" content=\"noindex, nofollow\" \/>\n<meta property=\"og:locale\" content=\"cs_CZ\" \/>\n<meta property=\"og:type\" content=\"article\" \/>\n<meta property=\"og:title\" content=\"Z\u00e1sady pou\u017e\u00edv\u00e1n\u00ed cookies &#187; HeroMask\" \/>\n<meta property=\"og:description\" content=\"Cookie je mal\u00fd textov\u00fd soubor, kter\u00fd je ulo\u017een ve va\u0161em prohl\u00ed\u017ee\u010di, kdy\u017e nav\u0161t\u00edv\u00edte t\u00e9m\u011b\u0159 jakoukoli webovou str\u00e1nku. Jeho u\u017eite\u010dnost spo\u010d\u00edv\u00e1 v tom, \u017ee si web dok\u00e1\u017ee pamatovat va\u0161i n\u00e1v\u0161t\u011bvu, kdy\u017e se vr\u00e1t\u00edte na proch\u00e1zen\u00ed t\u00e9to str\u00e1nky. Soubory cookie obvykle ukl\u00e1daj\u00ed informace technick\u00e9 povahy, osobn\u00ed preference, p\u0159izp\u016fsoben\u00ed obsahu, statistiky pou\u017e\u00edv\u00e1n\u00ed, odkazy na soci\u00e1ln\u00ed s\u00edt\u011b, p\u0159\u00edstup k u\u017eivatelsk\u00fdm \u00fa\u010dt\u016fm atd. \u00da\u010delem souboru ...\" \/>\n<meta property=\"og:url\" content=\"https:\/\/www.edinventa.com\/cs\/zasady-pouzivani-cookies\/\" \/>\n<meta property=\"og:site_name\" content=\"HeroMask\" \/>\n<meta property=\"article:publisher\" content=\"https:\/\/www.facebook.com\/heromask.edu\/\" \/>\n<meta name=\"twitter:card\" content=\"summary_large_image\" \/>\n<meta name=\"twitter:site\" content=\"@heromask_\" \/>\n<meta name=\"twitter:label1\" content=\"Odhadovan\u00e1 doba \u010dten\u00ed\" \/>\n\t<meta name=\"twitter:data1\" content=\"4 minutes\" \/>\n<script type=\"application\/ld+json\" class=\"yoast-schema-graph\">{\"@context\":\"https:\\\/\\\/schema.org\",\"@graph\":[{\"@type\":\"WebPage\",\"@id\":\"https:\\\/\\\/www.edinventa.com\\\/cs\\\/zasady-pouzivani-cookies\\\/\",\"url\":\"https:\\\/\\\/www.edinventa.com\\\/cs\\\/zasady-pouzivani-cookies\\\/\",\"name\":\"Z\u00e1sady pou\u017e\u00edv\u00e1n\u00ed cookies &#187; HeroMask\",\"isPartOf\":{\"@id\":\"https:\\\/\\\/www.edinventa.com\\\/cs\\\/#website\"},\"datePublished\":\"2021-02-08T15:46:56+00:00\",\"breadcrumb\":{\"@id\":\"https:\\\/\\\/www.edinventa.com\\\/cs\\\/zasady-pouzivani-cookies\\\/#breadcrumb\"},\"inLanguage\":\"cs-CZ\",\"potentialAction\":[{\"@type\":\"ReadAction\",\"target\":[\"https:\\\/\\\/www.edinventa.com\\\/cs\\\/zasady-pouzivani-cookies\\\/\"]}]},{\"@type\":\"BreadcrumbList\",\"@id\":\"https:\\\/\\\/www.edinventa.com\\\/cs\\\/zasady-pouzivani-cookies\\\/#breadcrumb\",\"itemListElement\":[{\"@type\":\"ListItem\",\"position\":1,\"name\":\"Portada\",\"item\":\"https:\\\/\\\/www.edinventa.com\\\/cs\\\/\"},{\"@type\":\"ListItem\",\"position\":2,\"name\":\"Z\u00e1sady pou\u017e\u00edv\u00e1n\u00ed cookies\"}]},{\"@type\":\"WebSite\",\"@id\":\"https:\\\/\\\/www.edinventa.com\\\/cs\\\/#website\",\"url\":\"https:\\\/\\\/www.edinventa.com\\\/cs\\\/\",\"name\":\"HeroMask\",\"description\":\"la m\u00e1scara de realidad virtual para aprender jugando\",\"publisher\":{\"@id\":\"https:\\\/\\\/www.edinventa.com\\\/cs\\\/#organization\"},\"potentialAction\":[{\"@type\":\"SearchAction\",\"target\":{\"@type\":\"EntryPoint\",\"urlTemplate\":\"https:\\\/\\\/www.edinventa.com\\\/cs\\\/?s={search_term_string}\"},\"query-input\":{\"@type\":\"PropertyValueSpecification\",\"valueRequired\":true,\"valueName\":\"search_term_string\"}}],\"inLanguage\":\"cs-CZ\"},{\"@type\":\"Organization\",\"@id\":\"https:\\\/\\\/www.edinventa.com\\\/cs\\\/#organization\",\"name\":\"Heromask\",\"url\":\"https:\\\/\\\/www.edinventa.com\\\/cs\\\/\",\"logo\":{\"@type\":\"ImageObject\",\"inLanguage\":\"cs-CZ\",\"@id\":\"https:\\\/\\\/www.edinventa.com\\\/cs\\\/#\\\/schema\\\/logo\\\/image\\\/\",\"url\":\"https:\\\/\\\/www.edinventa.com\\\/wp-content\\\/uploads\\\/2018\\\/08\\\/logo-Heromask-suavizado-01.png\",\"contentUrl\":\"https:\\\/\\\/www.edinventa.com\\\/wp-content\\\/uploads\\\/2018\\\/08\\\/logo-Heromask-suavizado-01.png\",\"width\":519,\"height\":106,\"caption\":\"Heromask\"},\"image\":{\"@id\":\"https:\\\/\\\/www.edinventa.com\\\/cs\\\/#\\\/schema\\\/logo\\\/image\\\/\"},\"sameAs\":[\"https:\\\/\\\/www.facebook.com\\\/heromask.edu\\\/\",\"https:\\\/\\\/x.com\\\/heromask_\",\"https:\\\/\\\/www.instagram.com\\\/heromask.ed\\\/\",\"https:\\\/\\\/www.linkedin.com\\\/company\\\/heromask\\\/\"]}]}<\/script>\n<!-- \/ Yoast SEO plugin. -->","yoast_head_json":{"title":"Z\u00e1sady pou\u017e\u00edv\u00e1n\u00ed cookies &#187; HeroMask","robots":{"index":"noindex","follow":"nofollow"},"og_locale":"cs_CZ","og_type":"article","og_title":"Z\u00e1sady pou\u017e\u00edv\u00e1n\u00ed cookies &#187; HeroMask","og_description":"Cookie je mal\u00fd textov\u00fd soubor, kter\u00fd je ulo\u017een ve va\u0161em prohl\u00ed\u017ee\u010di, kdy\u017e nav\u0161t\u00edv\u00edte t\u00e9m\u011b\u0159 jakoukoli webovou str\u00e1nku. Jeho u\u017eite\u010dnost spo\u010d\u00edv\u00e1 v tom, \u017ee si web dok\u00e1\u017ee pamatovat va\u0161i n\u00e1v\u0161t\u011bvu, kdy\u017e se vr\u00e1t\u00edte na proch\u00e1zen\u00ed t\u00e9to str\u00e1nky. Soubory cookie obvykle ukl\u00e1daj\u00ed informace technick\u00e9 povahy, osobn\u00ed preference, p\u0159izp\u016fsoben\u00ed obsahu, statistiky pou\u017e\u00edv\u00e1n\u00ed, odkazy na soci\u00e1ln\u00ed s\u00edt\u011b, p\u0159\u00edstup k u\u017eivatelsk\u00fdm \u00fa\u010dt\u016fm atd. \u00da\u010delem souboru ...","og_url":"https:\/\/www.edinventa.com\/cs\/zasady-pouzivani-cookies\/","og_site_name":"HeroMask","article_publisher":"https:\/\/www.facebook.com\/heromask.edu\/","twitter_card":"summary_large_image","twitter_site":"@heromask_","twitter_misc":{"Odhadovan\u00e1 doba \u010dten\u00ed":"4 minutes"},"schema":{"@context":"https:\/\/schema.org","@graph":[{"@type":"WebPage","@id":"https:\/\/www.edinventa.com\/cs\/zasady-pouzivani-cookies\/","url":"https:\/\/www.edinventa.com\/cs\/zasady-pouzivani-cookies\/","name":"Z\u00e1sady pou\u017e\u00edv\u00e1n\u00ed cookies &#187; HeroMask","isPartOf":{"@id":"https:\/\/www.edinventa.com\/cs\/#website"},"datePublished":"2021-02-08T15:46:56+00:00","breadcrumb":{"@id":"https:\/\/www.edinventa.com\/cs\/zasady-pouzivani-cookies\/#breadcrumb"},"inLanguage":"cs-CZ","potentialAction":[{"@type":"ReadAction","target":["https:\/\/www.edinventa.com\/cs\/zasady-pouzivani-cookies\/"]}]},{"@type":"BreadcrumbList","@id":"https:\/\/www.edinventa.com\/cs\/zasady-pouzivani-cookies\/#breadcrumb","itemListElement":[{"@type":"ListItem","position":1,"name":"Portada","item":"https:\/\/www.edinventa.com\/cs\/"},{"@type":"ListItem","position":2,"name":"Z\u00e1sady pou\u017e\u00edv\u00e1n\u00ed cookies"}]},{"@type":"WebSite","@id":"https:\/\/www.edinventa.com\/cs\/#website","url":"https:\/\/www.edinventa.com\/cs\/","name":"HeroMask","description":"la m\u00e1scara de realidad virtual para aprender jugando","publisher":{"@id":"https:\/\/www.edinventa.com\/cs\/#organization"},"potentialAction":[{"@type":"SearchAction","target":{"@type":"EntryPoint","urlTemplate":"https:\/\/www.edinventa.com\/cs\/?s={search_term_string}"},"query-input":{"@type":"PropertyValueSpecification","valueRequired":true,"valueName":"search_term_string"}}],"inLanguage":"cs-CZ"},{"@type":"Organization","@id":"https:\/\/www.edinventa.com\/cs\/#organization","name":"Heromask","url":"https:\/\/www.edinventa.com\/cs\/","logo":{"@type":"ImageObject","inLanguage":"cs-CZ","@id":"https:\/\/www.edinventa.com\/cs\/#\/schema\/logo\/image\/","url":"https:\/\/www.edinventa.com\/wp-content\/uploads\/2018\/08\/logo-Heromask-suavizado-01.png","contentUrl":"https:\/\/www.edinventa.com\/wp-content\/uploads\/2018\/08\/logo-Heromask-suavizado-01.png","width":519,"height":106,"caption":"Heromask"},"image":{"@id":"https:\/\/www.edinventa.com\/cs\/#\/schema\/logo\/image\/"},"sameAs":["https:\/\/www.facebook.com\/heromask.edu\/","https:\/\/x.com\/heromask_","https:\/\/www.instagram.com\/heromask.ed\/","https:\/\/www.linkedin.com\/company\/heromask\/"]}]}},"_links":{"self":[{"href":"https:\/\/www.edinventa.com\/cs\/wp-json\/wp\/v2\/pages\/9720","targetHints":{"allow":["GET"]}}],"collection":[{"href":"https:\/\/www.edinventa.com\/cs\/wp-json\/wp\/v2\/pages"}],"about":[{"href":"https:\/\/www.edinventa.com\/cs\/wp-json\/wp\/v2\/types\/page"}],"author":[{"embeddable":true,"href":"https:\/\/www.edinventa.com\/cs\/wp-json\/wp\/v2\/users\/47"}],"replies":[{"embeddable":true,"href":"https:\/\/www.edinventa.com\/cs\/wp-json\/wp\/v2\/comments?post=9720"}],"version-history":[{"count":0,"href":"https:\/\/www.edinventa.com\/cs\/wp-json\/wp\/v2\/pages\/9720\/revisions"}],"wp:attachment":[{"href":"https:\/\/www.edinventa.com\/cs\/wp-json\/wp\/v2\/media?parent=9720"}],"curies":[{"name":"wp","href":"https:\/\/api.w.org\/{rel}","templated":true}]}}