{"id":31931,"date":"2024-07-29T12:06:42","date_gmt":"2024-07-29T12:06:42","guid":{"rendered":"https:\/\/www.edinventa.com\/activate-your-extended-warranty-spanish-french-german\/"},"modified":"2024-07-29T15:19:05","modified_gmt":"2024-07-29T15:19:05","slug":"warranty","status":"publish","type":"page","link":"https:\/\/www.edinventa.com\/de\/warranty\/","title":{"rendered":"Aktivieren Sie Ihre erweiterte Garantie"},"content":{"rendered":"<div id=\"cs-content\" class=\"cs-content\"><\/div>\n","protected":false},"excerpt":{"rendered":"<p>Espa\u00f1ol English Fran\u00e7ais Deutsch Italiano US polski \u010ce\u0161tina UK Nederlands \u0420\u0443\u0441\u0441\u043a\u0438\u0439 Portugu\u00eas English (Canada) Mex Espa\u00f1ol * Die erweiterte Garantie ist eine zeitlich begrenzte Aktion, die w\u00e4hrend des Aktionszeitraums f\u00fcr alle Heromask VR-Produkte gilt.So beanspruchen Sie meine erweiterte Heromask-Garantie W&auml;hlen Sie unten Ihre bevorzugte Kontaktmethode aus. Befolgen Sie zur Aktivierung die Anweisungen unseres Supportteams. W&auml;hlen Sie Ihre Kontaktmethode&nbsp;WhatsAppFacebookEmailTelegram&nbsp;InstagramWas wird abgedeckt?\u25cf&nbsp;&nbsp;&nbsp;&nbsp;&nbsp;&nbsp;&nbsp;&nbsp;Fehlende &#8230;<\/p>\n","protected":false},"author":23,"featured_media":0,"parent":0,"menu_order":0,"comment_status":"closed","ping_status":"closed","template":"","meta":{"rs_blank_template":"","rs_page_bg_color":"","slide_template_v7":"","_joinchat":[],"footnotes":""},"class_list":["post-31931","page","type-page","status-publish","hentry","no-post-thumbnail"],"yoast_head":"<!-- This site is optimized with the Yoast SEO plugin v27.3 - https:\/\/yoast.com\/product\/yoast-seo-wordpress\/ -->\n<title>Aktivieren Sie Ihre erweiterte Garantie &#187; HeroMask<\/title>\n<meta name=\"robots\" content=\"index, follow, max-snippet:-1, max-image-preview:large, max-video-preview:-1\" \/>\n<link rel=\"canonical\" href=\"https:\/\/www.edinventa.com\/de\/warranty\/\" \/>\n<meta property=\"og:locale\" content=\"de_DE\" \/>\n<meta property=\"og:type\" content=\"article\" \/>\n<meta property=\"og:title\" content=\"Aktivieren Sie Ihre erweiterte Garantie &#187; HeroMask\" \/>\n<meta property=\"og:description\" content=\"Espa\u00f1ol English Fran\u00e7ais Deutsch Italiano US polski \u010ce\u0161tina UK Nederlands \u0420\u0443\u0441\u0441\u043a\u0438\u0439 Portugu\u00eas English (Canada) Mex Espa\u00f1ol * Die erweiterte Garantie ist eine zeitlich begrenzte Aktion, die w\u00e4hrend des Aktionszeitraums f\u00fcr alle Heromask VR-Produkte gilt.So beanspruchen Sie meine erweiterte Heromask-Garantie W&auml;hlen Sie unten Ihre bevorzugte Kontaktmethode aus. Befolgen Sie zur Aktivierung die Anweisungen unseres Supportteams. W&auml;hlen Sie Ihre Kontaktmethode&nbsp;WhatsAppFacebookEmailTelegram&nbsp;InstagramWas wird abgedeckt?\u25cf&nbsp;&nbsp;&nbsp;&nbsp;&nbsp;&nbsp;&nbsp;&nbsp;Fehlende ...\" \/>\n<meta property=\"og:url\" content=\"https:\/\/www.edinventa.com\/de\/warranty\/\" \/>\n<meta property=\"og:site_name\" content=\"HeroMask\" \/>\n<meta property=\"article:publisher\" content=\"https:\/\/www.facebook.com\/heromask.edu\/\" \/>\n<meta property=\"article:modified_time\" content=\"2024-07-29T15:19:05+00:00\" \/>\n<meta name=\"twitter:card\" content=\"summary_large_image\" \/>\n<meta name=\"twitter:site\" content=\"@heromask_\" \/>\n<meta name=\"twitter:label1\" content=\"Gesch\u00e4tzte Lesezeit\" \/>\n\t<meta name=\"twitter:data1\" content=\"3\u00a0Minuten\" \/>\n<script type=\"application\/ld+json\" class=\"yoast-schema-graph\">{\"@context\":\"https:\\\/\\\/schema.org\",\"@graph\":[{\"@type\":\"WebPage\",\"@id\":\"https:\\\/\\\/www.edinventa.com\\\/de\\\/warranty\\\/\",\"url\":\"https:\\\/\\\/www.edinventa.com\\\/de\\\/warranty\\\/\",\"name\":\"Aktivieren Sie Ihre erweiterte Garantie &#187; HeroMask\",\"isPartOf\":{\"@id\":\"https:\\\/\\\/www.edinventa.com\\\/de\\\/#website\"},\"datePublished\":\"2024-07-29T12:06:42+00:00\",\"dateModified\":\"2024-07-29T15:19:05+00:00\",\"breadcrumb\":{\"@id\":\"https:\\\/\\\/www.edinventa.com\\\/de\\\/warranty\\\/#breadcrumb\"},\"inLanguage\":\"de\",\"potentialAction\":[{\"@type\":\"ReadAction\",\"target\":[\"https:\\\/\\\/www.edinventa.com\\\/de\\\/warranty\\\/\"]}]},{\"@type\":\"BreadcrumbList\",\"@id\":\"https:\\\/\\\/www.edinventa.com\\\/de\\\/warranty\\\/#breadcrumb\",\"itemListElement\":[{\"@type\":\"ListItem\",\"position\":1,\"name\":\"Portada\",\"item\":\"https:\\\/\\\/www.edinventa.com\\\/de\\\/\"},{\"@type\":\"ListItem\",\"position\":2,\"name\":\"Aktivieren Sie Ihre erweiterte Garantie\"}]},{\"@type\":\"WebSite\",\"@id\":\"https:\\\/\\\/www.edinventa.com\\\/de\\\/#website\",\"url\":\"https:\\\/\\\/www.edinventa.com\\\/de\\\/\",\"name\":\"HeroMask\",\"description\":\"la m\u00e1scara de realidad virtual para aprender jugando\",\"publisher\":{\"@id\":\"https:\\\/\\\/www.edinventa.com\\\/de\\\/#organization\"},\"potentialAction\":[{\"@type\":\"SearchAction\",\"target\":{\"@type\":\"EntryPoint\",\"urlTemplate\":\"https:\\\/\\\/www.edinventa.com\\\/de\\\/?s={search_term_string}\"},\"query-input\":{\"@type\":\"PropertyValueSpecification\",\"valueRequired\":true,\"valueName\":\"search_term_string\"}}],\"inLanguage\":\"de\"},{\"@type\":\"Organization\",\"@id\":\"https:\\\/\\\/www.edinventa.com\\\/de\\\/#organization\",\"name\":\"Heromask\",\"url\":\"https:\\\/\\\/www.edinventa.com\\\/de\\\/\",\"logo\":{\"@type\":\"ImageObject\",\"inLanguage\":\"de\",\"@id\":\"https:\\\/\\\/www.edinventa.com\\\/de\\\/#\\\/schema\\\/logo\\\/image\\\/\",\"url\":\"https:\\\/\\\/www.edinventa.com\\\/wp-content\\\/uploads\\\/2018\\\/08\\\/logo-Heromask-suavizado-01.png\",\"contentUrl\":\"https:\\\/\\\/www.edinventa.com\\\/wp-content\\\/uploads\\\/2018\\\/08\\\/logo-Heromask-suavizado-01.png\",\"width\":519,\"height\":106,\"caption\":\"Heromask\"},\"image\":{\"@id\":\"https:\\\/\\\/www.edinventa.com\\\/de\\\/#\\\/schema\\\/logo\\\/image\\\/\"},\"sameAs\":[\"https:\\\/\\\/www.facebook.com\\\/heromask.edu\\\/\",\"https:\\\/\\\/x.com\\\/heromask_\",\"https:\\\/\\\/www.instagram.com\\\/heromask.ed\\\/\",\"https:\\\/\\\/www.linkedin.com\\\/company\\\/heromask\\\/\"]}]}<\/script>\n<!-- \/ Yoast SEO plugin. -->","yoast_head_json":{"title":"Aktivieren Sie Ihre erweiterte Garantie &#187; HeroMask","robots":{"index":"index","follow":"follow","max-snippet":"max-snippet:-1","max-image-preview":"max-image-preview:large","max-video-preview":"max-video-preview:-1"},"canonical":"https:\/\/www.edinventa.com\/de\/warranty\/","og_locale":"de_DE","og_type":"article","og_title":"Aktivieren Sie Ihre erweiterte Garantie &#187; HeroMask","og_description":"Espa\u00f1ol English Fran\u00e7ais Deutsch Italiano US polski \u010ce\u0161tina UK Nederlands \u0420\u0443\u0441\u0441\u043a\u0438\u0439 Portugu\u00eas English (Canada) Mex Espa\u00f1ol * Die erweiterte Garantie ist eine zeitlich begrenzte Aktion, die w\u00e4hrend des Aktionszeitraums f\u00fcr alle Heromask VR-Produkte gilt.So beanspruchen Sie meine erweiterte Heromask-Garantie W&auml;hlen Sie unten Ihre bevorzugte Kontaktmethode aus. Befolgen Sie zur Aktivierung die Anweisungen unseres Supportteams. W&auml;hlen Sie Ihre Kontaktmethode&nbsp;WhatsAppFacebookEmailTelegram&nbsp;InstagramWas wird abgedeckt?\u25cf&nbsp;&nbsp;&nbsp;&nbsp;&nbsp;&nbsp;&nbsp;&nbsp;Fehlende ...","og_url":"https:\/\/www.edinventa.com\/de\/warranty\/","og_site_name":"HeroMask","article_publisher":"https:\/\/www.facebook.com\/heromask.edu\/","article_modified_time":"2024-07-29T15:19:05+00:00","twitter_card":"summary_large_image","twitter_site":"@heromask_","twitter_misc":{"Gesch\u00e4tzte Lesezeit":"3\u00a0Minuten"},"schema":{"@context":"https:\/\/schema.org","@graph":[{"@type":"WebPage","@id":"https:\/\/www.edinventa.com\/de\/warranty\/","url":"https:\/\/www.edinventa.com\/de\/warranty\/","name":"Aktivieren Sie Ihre erweiterte Garantie &#187; HeroMask","isPartOf":{"@id":"https:\/\/www.edinventa.com\/de\/#website"},"datePublished":"2024-07-29T12:06:42+00:00","dateModified":"2024-07-29T15:19:05+00:00","breadcrumb":{"@id":"https:\/\/www.edinventa.com\/de\/warranty\/#breadcrumb"},"inLanguage":"de","potentialAction":[{"@type":"ReadAction","target":["https:\/\/www.edinventa.com\/de\/warranty\/"]}]},{"@type":"BreadcrumbList","@id":"https:\/\/www.edinventa.com\/de\/warranty\/#breadcrumb","itemListElement":[{"@type":"ListItem","position":1,"name":"Portada","item":"https:\/\/www.edinventa.com\/de\/"},{"@type":"ListItem","position":2,"name":"Aktivieren Sie Ihre erweiterte Garantie"}]},{"@type":"WebSite","@id":"https:\/\/www.edinventa.com\/de\/#website","url":"https:\/\/www.edinventa.com\/de\/","name":"HeroMask","description":"la m\u00e1scara de realidad virtual para aprender jugando","publisher":{"@id":"https:\/\/www.edinventa.com\/de\/#organization"},"potentialAction":[{"@type":"SearchAction","target":{"@type":"EntryPoint","urlTemplate":"https:\/\/www.edinventa.com\/de\/?s={search_term_string}"},"query-input":{"@type":"PropertyValueSpecification","valueRequired":true,"valueName":"search_term_string"}}],"inLanguage":"de"},{"@type":"Organization","@id":"https:\/\/www.edinventa.com\/de\/#organization","name":"Heromask","url":"https:\/\/www.edinventa.com\/de\/","logo":{"@type":"ImageObject","inLanguage":"de","@id":"https:\/\/www.edinventa.com\/de\/#\/schema\/logo\/image\/","url":"https:\/\/www.edinventa.com\/wp-content\/uploads\/2018\/08\/logo-Heromask-suavizado-01.png","contentUrl":"https:\/\/www.edinventa.com\/wp-content\/uploads\/2018\/08\/logo-Heromask-suavizado-01.png","width":519,"height":106,"caption":"Heromask"},"image":{"@id":"https:\/\/www.edinventa.com\/de\/#\/schema\/logo\/image\/"},"sameAs":["https:\/\/www.facebook.com\/heromask.edu\/","https:\/\/x.com\/heromask_","https:\/\/www.instagram.com\/heromask.ed\/","https:\/\/www.linkedin.com\/company\/heromask\/"]}]}},"_links":{"self":[{"href":"https:\/\/www.edinventa.com\/de\/wp-json\/wp\/v2\/pages\/31931","targetHints":{"allow":["GET"]}}],"collection":[{"href":"https:\/\/www.edinventa.com\/de\/wp-json\/wp\/v2\/pages"}],"about":[{"href":"https:\/\/www.edinventa.com\/de\/wp-json\/wp\/v2\/types\/page"}],"author":[{"embeddable":true,"href":"https:\/\/www.edinventa.com\/de\/wp-json\/wp\/v2\/users\/23"}],"replies":[{"embeddable":true,"href":"https:\/\/www.edinventa.com\/de\/wp-json\/wp\/v2\/comments?post=31931"}],"version-history":[{"count":0,"href":"https:\/\/www.edinventa.com\/de\/wp-json\/wp\/v2\/pages\/31931\/revisions"}],"wp:attachment":[{"href":"https:\/\/www.edinventa.com\/de\/wp-json\/wp\/v2\/media?parent=31931"}],"curies":[{"name":"wp","href":"https:\/\/api.w.org\/{rel}","templated":true}]}}