{"id":4929,"date":"2018-10-11T11:07:12","date_gmt":"2018-10-11T11:07:12","guid":{"rendered":"https:\/\/www.edinventa.com\/heromask-foreign-languages\/"},"modified":"2025-12-05T11:32:26","modified_gmt":"2025-12-05T11:32:26","slug":"heromask-sprachen-mathematik","status":"publish","type":"page","link":"https:\/\/www.edinventa.com\/de\/heromask-sprachen-mathematik\/","title":{"rendered":"Heromask Sprachen Mathematik"},"content":{"rendered":"<div id=\"cs-content\" class=\"cs-content\"><\/div>\n","protected":false},"excerpt":{"rendered":"<p>Espa\u00f1ol English Fran\u00e7ais Deutsch Italiano US polski \u010ce\u0161tina UK Nederlands \u0420\u0443\u0441\u0441\u043a\u0438\u0439 Portugu\u00eas English (Canada) Mex Espa\u00f1ol Ein tolles Virtual Reality Spiel zum Sprachen und Mathematik lernen (VR Brille inklusive) Heromask Sprachen Double pack: Sprachen + Mathe (nur Web) 69&euro; 49&euro; 79&euro; 59&euro; Offizielle Website des Herstellers. Bestpreis-Garantie: Wenn Sie es g\u00fcnstiger finden, werden wir es anpassen. Kaufen Stock:\u00a017 Kaufen Stock:\u00a020+ &#8230;<\/p>\n","protected":false},"author":47,"featured_media":6158,"parent":0,"menu_order":0,"comment_status":"open","ping_status":"closed","template":"","meta":{"rs_blank_template":"","rs_page_bg_color":"#ffffff","slide_template_v7":"","_joinchat":[],"footnotes":""},"class_list":["post-4929","page","type-page","status-publish","has-post-thumbnail","hentry"],"yoast_head":"<!-- This site is optimized with the Yoast SEO plugin v27.3 - https:\/\/yoast.com\/product\/yoast-seo-wordpress\/ -->\n<title>Heromask Sprachen Mathematik &#187; Ein tolles Virtual Reality Spiel<\/title>\n<meta name=\"description\" content=\"Lernspiel, das f\u00fcr Kinder von 5-12 Jahren geeignet ist. Zum Sprachen und Mathematik lernen (VR Brille inklusive).\" \/>\n<meta name=\"robots\" content=\"index, follow, max-snippet:-1, max-image-preview:large, max-video-preview:-1\" \/>\n<link rel=\"canonical\" href=\"https:\/\/www.edinventa.com\/de\/heromask-sprachen-mathematik\/\" \/>\n<meta property=\"og:locale\" content=\"de_DE\" \/>\n<meta property=\"og:type\" content=\"article\" \/>\n<meta property=\"og:title\" content=\"Heromask Sprachen Mathematik &#187; Ein tolles Virtual Reality Spiel\" \/>\n<meta property=\"og:description\" content=\"Lernspiel, das f\u00fcr Kinder von 5-12 Jahren geeignet ist. Zum Sprachen und Mathematik lernen (VR Brille inklusive).\" \/>\n<meta property=\"og:url\" content=\"https:\/\/www.edinventa.com\/de\/heromask-sprachen-mathematik\/\" \/>\n<meta property=\"og:site_name\" content=\"HeroMask\" \/>\n<meta property=\"article:publisher\" content=\"https:\/\/www.facebook.com\/heromask.edu\/\" \/>\n<meta property=\"article:modified_time\" content=\"2025-12-05T11:32:26+00:00\" \/>\n<meta property=\"og:image\" content=\"https:\/\/www.edinventa.com\/wp-content\/uploads\/2018\/08\/para-Amazon-heromask-packaging-2017-18.jpg\" \/>\n\t<meta property=\"og:image:width\" content=\"599\" \/>\n\t<meta property=\"og:image:height\" content=\"588\" \/>\n\t<meta property=\"og:image:type\" content=\"image\/jpeg\" \/>\n<meta name=\"twitter:card\" content=\"summary_large_image\" \/>\n<meta name=\"twitter:site\" content=\"@heromask_\" \/>\n<meta name=\"twitter:label1\" content=\"Gesch\u00e4tzte Lesezeit\" \/>\n\t<meta name=\"twitter:data1\" content=\"5\u00a0Minuten\" \/>\n<script type=\"application\/ld+json\" class=\"yoast-schema-graph\">{\"@context\":\"https:\\\/\\\/schema.org\",\"@graph\":[{\"@type\":\"WebPage\",\"@id\":\"https:\\\/\\\/www.edinventa.com\\\/de\\\/heromask-sprachen-mathematik\\\/\",\"url\":\"https:\\\/\\\/www.edinventa.com\\\/de\\\/heromask-sprachen-mathematik\\\/\",\"name\":\"Heromask Sprachen Mathematik &#187; Ein tolles Virtual Reality Spiel\",\"isPartOf\":{\"@id\":\"https:\\\/\\\/www.edinventa.com\\\/de\\\/#website\"},\"primaryImageOfPage\":{\"@id\":\"https:\\\/\\\/www.edinventa.com\\\/de\\\/heromask-sprachen-mathematik\\\/#primaryimage\"},\"image\":{\"@id\":\"https:\\\/\\\/www.edinventa.com\\\/de\\\/heromask-sprachen-mathematik\\\/#primaryimage\"},\"thumbnailUrl\":\"https:\\\/\\\/www.edinventa.com\\\/wp-content\\\/uploads\\\/2019\\\/11\\\/new-double-pack-languagesmathematics.jpg\",\"datePublished\":\"2018-10-11T11:07:12+00:00\",\"dateModified\":\"2025-12-05T11:32:26+00:00\",\"description\":\"Lernspiel, das f\u00fcr Kinder von 5-12 Jahren geeignet ist. Zum Sprachen und Mathematik lernen (VR Brille inklusive).\",\"breadcrumb\":{\"@id\":\"https:\\\/\\\/www.edinventa.com\\\/de\\\/heromask-sprachen-mathematik\\\/#breadcrumb\"},\"inLanguage\":\"de\",\"potentialAction\":[{\"@type\":\"ReadAction\",\"target\":[\"https:\\\/\\\/www.edinventa.com\\\/de\\\/heromask-sprachen-mathematik\\\/\"]}]},{\"@type\":\"ImageObject\",\"inLanguage\":\"de\",\"@id\":\"https:\\\/\\\/www.edinventa.com\\\/de\\\/heromask-sprachen-mathematik\\\/#primaryimage\",\"url\":\"https:\\\/\\\/www.edinventa.com\\\/wp-content\\\/uploads\\\/2019\\\/11\\\/new-double-pack-languagesmathematics.jpg\",\"contentUrl\":\"https:\\\/\\\/www.edinventa.com\\\/wp-content\\\/uploads\\\/2019\\\/11\\\/new-double-pack-languagesmathematics.jpg\",\"width\":800,\"height\":800},{\"@type\":\"BreadcrumbList\",\"@id\":\"https:\\\/\\\/www.edinventa.com\\\/de\\\/heromask-sprachen-mathematik\\\/#breadcrumb\",\"itemListElement\":[{\"@type\":\"ListItem\",\"position\":1,\"name\":\"Portada\",\"item\":\"https:\\\/\\\/www.edinventa.com\\\/de\\\/\"},{\"@type\":\"ListItem\",\"position\":2,\"name\":\"Heromask Sprachen Mathematik\"}]},{\"@type\":\"WebSite\",\"@id\":\"https:\\\/\\\/www.edinventa.com\\\/de\\\/#website\",\"url\":\"https:\\\/\\\/www.edinventa.com\\\/de\\\/\",\"name\":\"HeroMask\",\"description\":\"la m\u00e1scara de realidad virtual para aprender jugando\",\"publisher\":{\"@id\":\"https:\\\/\\\/www.edinventa.com\\\/de\\\/#organization\"},\"potentialAction\":[{\"@type\":\"SearchAction\",\"target\":{\"@type\":\"EntryPoint\",\"urlTemplate\":\"https:\\\/\\\/www.edinventa.com\\\/de\\\/?s={search_term_string}\"},\"query-input\":{\"@type\":\"PropertyValueSpecification\",\"valueRequired\":true,\"valueName\":\"search_term_string\"}}],\"inLanguage\":\"de\"},{\"@type\":\"Organization\",\"@id\":\"https:\\\/\\\/www.edinventa.com\\\/de\\\/#organization\",\"name\":\"Heromask\",\"url\":\"https:\\\/\\\/www.edinventa.com\\\/de\\\/\",\"logo\":{\"@type\":\"ImageObject\",\"inLanguage\":\"de\",\"@id\":\"https:\\\/\\\/www.edinventa.com\\\/de\\\/#\\\/schema\\\/logo\\\/image\\\/\",\"url\":\"https:\\\/\\\/www.edinventa.com\\\/wp-content\\\/uploads\\\/2018\\\/08\\\/logo-Heromask-suavizado-01.png\",\"contentUrl\":\"https:\\\/\\\/www.edinventa.com\\\/wp-content\\\/uploads\\\/2018\\\/08\\\/logo-Heromask-suavizado-01.png\",\"width\":519,\"height\":106,\"caption\":\"Heromask\"},\"image\":{\"@id\":\"https:\\\/\\\/www.edinventa.com\\\/de\\\/#\\\/schema\\\/logo\\\/image\\\/\"},\"sameAs\":[\"https:\\\/\\\/www.facebook.com\\\/heromask.edu\\\/\",\"https:\\\/\\\/x.com\\\/heromask_\",\"https:\\\/\\\/www.instagram.com\\\/heromask.ed\\\/\",\"https:\\\/\\\/www.linkedin.com\\\/company\\\/heromask\\\/\"]}]}<\/script>\n<!-- \/ Yoast SEO plugin. -->","yoast_head_json":{"title":"Heromask Sprachen Mathematik &#187; Ein tolles Virtual Reality Spiel","description":"Lernspiel, das f\u00fcr Kinder von 5-12 Jahren geeignet ist. Zum Sprachen und Mathematik lernen (VR Brille inklusive).","robots":{"index":"index","follow":"follow","max-snippet":"max-snippet:-1","max-image-preview":"max-image-preview:large","max-video-preview":"max-video-preview:-1"},"canonical":"https:\/\/www.edinventa.com\/de\/heromask-sprachen-mathematik\/","og_locale":"de_DE","og_type":"article","og_title":"Heromask Sprachen Mathematik &#187; Ein tolles Virtual Reality Spiel","og_description":"Lernspiel, das f\u00fcr Kinder von 5-12 Jahren geeignet ist. Zum Sprachen und Mathematik lernen (VR Brille inklusive).","og_url":"https:\/\/www.edinventa.com\/de\/heromask-sprachen-mathematik\/","og_site_name":"HeroMask","article_publisher":"https:\/\/www.facebook.com\/heromask.edu\/","article_modified_time":"2025-12-05T11:32:26+00:00","og_image":[{"width":599,"height":588,"url":"https:\/\/www.edinventa.com\/wp-content\/uploads\/2018\/08\/para-Amazon-heromask-packaging-2017-18.jpg","type":"image\/jpeg"}],"twitter_card":"summary_large_image","twitter_site":"@heromask_","twitter_misc":{"Gesch\u00e4tzte Lesezeit":"5\u00a0Minuten"},"schema":{"@context":"https:\/\/schema.org","@graph":[{"@type":"WebPage","@id":"https:\/\/www.edinventa.com\/de\/heromask-sprachen-mathematik\/","url":"https:\/\/www.edinventa.com\/de\/heromask-sprachen-mathematik\/","name":"Heromask Sprachen Mathematik &#187; Ein tolles Virtual Reality Spiel","isPartOf":{"@id":"https:\/\/www.edinventa.com\/de\/#website"},"primaryImageOfPage":{"@id":"https:\/\/www.edinventa.com\/de\/heromask-sprachen-mathematik\/#primaryimage"},"image":{"@id":"https:\/\/www.edinventa.com\/de\/heromask-sprachen-mathematik\/#primaryimage"},"thumbnailUrl":"https:\/\/www.edinventa.com\/wp-content\/uploads\/2019\/11\/new-double-pack-languagesmathematics.jpg","datePublished":"2018-10-11T11:07:12+00:00","dateModified":"2025-12-05T11:32:26+00:00","description":"Lernspiel, das f\u00fcr Kinder von 5-12 Jahren geeignet ist. Zum Sprachen und Mathematik lernen (VR Brille inklusive).","breadcrumb":{"@id":"https:\/\/www.edinventa.com\/de\/heromask-sprachen-mathematik\/#breadcrumb"},"inLanguage":"de","potentialAction":[{"@type":"ReadAction","target":["https:\/\/www.edinventa.com\/de\/heromask-sprachen-mathematik\/"]}]},{"@type":"ImageObject","inLanguage":"de","@id":"https:\/\/www.edinventa.com\/de\/heromask-sprachen-mathematik\/#primaryimage","url":"https:\/\/www.edinventa.com\/wp-content\/uploads\/2019\/11\/new-double-pack-languagesmathematics.jpg","contentUrl":"https:\/\/www.edinventa.com\/wp-content\/uploads\/2019\/11\/new-double-pack-languagesmathematics.jpg","width":800,"height":800},{"@type":"BreadcrumbList","@id":"https:\/\/www.edinventa.com\/de\/heromask-sprachen-mathematik\/#breadcrumb","itemListElement":[{"@type":"ListItem","position":1,"name":"Portada","item":"https:\/\/www.edinventa.com\/de\/"},{"@type":"ListItem","position":2,"name":"Heromask Sprachen Mathematik"}]},{"@type":"WebSite","@id":"https:\/\/www.edinventa.com\/de\/#website","url":"https:\/\/www.edinventa.com\/de\/","name":"HeroMask","description":"la m\u00e1scara de realidad virtual para aprender jugando","publisher":{"@id":"https:\/\/www.edinventa.com\/de\/#organization"},"potentialAction":[{"@type":"SearchAction","target":{"@type":"EntryPoint","urlTemplate":"https:\/\/www.edinventa.com\/de\/?s={search_term_string}"},"query-input":{"@type":"PropertyValueSpecification","valueRequired":true,"valueName":"search_term_string"}}],"inLanguage":"de"},{"@type":"Organization","@id":"https:\/\/www.edinventa.com\/de\/#organization","name":"Heromask","url":"https:\/\/www.edinventa.com\/de\/","logo":{"@type":"ImageObject","inLanguage":"de","@id":"https:\/\/www.edinventa.com\/de\/#\/schema\/logo\/image\/","url":"https:\/\/www.edinventa.com\/wp-content\/uploads\/2018\/08\/logo-Heromask-suavizado-01.png","contentUrl":"https:\/\/www.edinventa.com\/wp-content\/uploads\/2018\/08\/logo-Heromask-suavizado-01.png","width":519,"height":106,"caption":"Heromask"},"image":{"@id":"https:\/\/www.edinventa.com\/de\/#\/schema\/logo\/image\/"},"sameAs":["https:\/\/www.facebook.com\/heromask.edu\/","https:\/\/x.com\/heromask_","https:\/\/www.instagram.com\/heromask.ed\/","https:\/\/www.linkedin.com\/company\/heromask\/"]}]}},"_links":{"self":[{"href":"https:\/\/www.edinventa.com\/de\/wp-json\/wp\/v2\/pages\/4929","targetHints":{"allow":["GET"]}}],"collection":[{"href":"https:\/\/www.edinventa.com\/de\/wp-json\/wp\/v2\/pages"}],"about":[{"href":"https:\/\/www.edinventa.com\/de\/wp-json\/wp\/v2\/types\/page"}],"author":[{"embeddable":true,"href":"https:\/\/www.edinventa.com\/de\/wp-json\/wp\/v2\/users\/47"}],"replies":[{"embeddable":true,"href":"https:\/\/www.edinventa.com\/de\/wp-json\/wp\/v2\/comments?post=4929"}],"version-history":[{"count":0,"href":"https:\/\/www.edinventa.com\/de\/wp-json\/wp\/v2\/pages\/4929\/revisions"}],"wp:featuredmedia":[{"embeddable":true,"href":"https:\/\/www.edinventa.com\/de\/wp-json\/wp\/v2\/media\/6158"}],"wp:attachment":[{"href":"https:\/\/www.edinventa.com\/de\/wp-json\/wp\/v2\/media?parent=4929"}],"curies":[{"name":"wp","href":"https:\/\/api.w.org\/{rel}","templated":true}]}}