{"id":9320,"date":"2020-12-17T11:54:43","date_gmt":"2020-12-17T11:54:43","guid":{"rendered":"https:\/\/www.edinventa.com\/allgemeine-geschaeftsbedingungen-agb\/"},"modified":"2025-04-29T15:05:04","modified_gmt":"2025-04-29T15:05:04","slug":"allgemeine-geschaeftsbedingungen-agb","status":"publish","type":"page","link":"https:\/\/www.edinventa.com\/de\/allgemeine-geschaeftsbedingungen-agb\/","title":{"rendered":"Allgemeine Gesch\u00e4ftsbedingungen (AGB)"},"content":{"rendered":"<h3>1. Einleitung<\/h3>\n<p>Die nachstehend beschriebenen allgemeinen Verkaufsbedingungen (im Folgenden &#8222;AGB&#8220; genannt) regeln das Vertragsverh\u00e4ltnis zwischen allen Nutzern der Website <a href=\"https:\/\/www.edinventa.com\">www.edinventa.com<\/a> (im Folgenden &#8222;NUTZER&#8220; genannt) und der Handelsgesellschaft CM GAME RULES LTD (im Folgenden &#8222;DIE GESELLSCHAFT&#8220; genannt).<\/p>\n<p>Die vorliegenden allgemeinen Verkaufsbedingungen sind die einzig g\u00fcltigen und ersetzen alle anderen allgemeinen Bedingungen, au\u00dfer im Falle einer vorherigen, ausdr\u00fccklichen und schriftlichen K\u00fcndigung. Die GESELLSCHAFT kann die Artikel ihrer allgemeinen Gesch\u00e4ftsbedingungen gelegentlich \u00e4ndern, weshalb es ratsam ist, diese bei jedem Besuch der Website <a href=\"https:\/\/www.edinventa.com\">www.edinventa.com<\/a> (im Folgenden &#8222;die SITE&#8220; genannt) zu lesen.<\/p>\n<p>Diese \u00c4nderungen sind auf ihre Ver\u00f6ffentlichung im Internet zur\u00fcckzuf\u00fchren und k\u00f6nnen nicht auf vorher abgeschlossene Vertr\u00e4ge angewendet werden. Jeder Kauf auf der WEB unterliegt den zum Zeitpunkt der Bestellung geltenden allgemeinen Gesch\u00e4ftsbedingungen. Wir gehen davon aus, dass Sie mit Ihrer Bestellung unsere allgemeinen Gesch\u00e4ftsbedingungen vorbehaltlos akzeptiert haben, nachdem Sie sie gelesen haben.<\/p>\n<p>Mit dem Zugriff auf die SITE erkl\u00e4ren Sie sich mit den allgemeinen Gesch\u00e4ftsbedingungen und den darin enthaltenen Nutzungsbedingungen einverstanden.<\/p>\n<h3>2. Bestellung aufgeben<\/h3>\n<p>Wir stellen Ihnen eine (1) Modalit\u00e4t zur Verf\u00fcgung, um eine Bestellung aufzugeben: Per Internet auf unserer Webseite: (24h\/Tag, 365 Tage\/Jahr) <a href=\"https:\/\/www.edinventa.com\">www.edinventa.com<\/a><\/p>\n<h3>3. Informationen \u00fcber die Produkte<\/h3>\n<p>Die auf der WEB vermarkteten Produkte sind ausschlie\u00dflich eingetragene Warenzeichen der FIRMA, es ist auch m\u00f6glich, dass die FIRMA Artikel von anderen Herstellern als den zuvor genannten verkauft.<\/p>\n<h3>4. Preise<\/h3>\n<p>Die auf der WEB angegebenen Verkaufspreise sind in Euro und ausgewiesen:<\/p>\n<ul>\n<li>Wenn Sie sich auf der Iberischen Halbinsel befinden, beinhalten sie die Mehrwertsteuer und den Transport an die Adresse des Kunden.<\/li>\n<li>Falls Sie sich auf den Kanarischen Inseln oder den Balearen befinden, ist die Mehrwertsteuer enthalten. F\u00fcr diese Sendungen wird ein Aufpreis von 16 Euro berechnet.<\/li>\n<\/ul>\n<h3>5. Verf\u00fcgbarkeit<\/h3>\n<p>Es ist zu ber\u00fccksichtigen, dass Bestellungen im Rahmen der verf\u00fcgbaren Best\u00e4nde versandt werden.<\/p>\n<p>Sollte einer der bestellten Artikel nicht vorr\u00e4tig sein, versprechen wir, Sie so schnell wie m\u00f6glich zu kontaktieren, um Ihnen Alternativen vorzuschlagen.<\/p>\n<h3>6. Versand<\/h3>\n<p>Die Fristen f\u00fcr alle Bestellungen gelten ab dem Zeitpunkt der Bestellung, sofern diese vor 12:00 Uhr von Montag bis Freitag (GMT +1) erfolgt. Im Falle, dass sie nach der angegebenen Zeit erfolgen, beginnt die Frist ab dem n\u00e4chsten Werktag zu z\u00e4hlen. Diese Bedingungen sind erf\u00fcllt, solange das Datum der Bestellung nicht ein anderes Lieferdatum vorsieht.<\/p>\n<p>Die Versandkosten zur Halbinsel sind im Preis inbegriffen und werden regelm\u00e4\u00dfig mit TOURLINE EXPRESS MENSAJER\u00cdA S.L.U. durchgef\u00fchrt. Die gesch\u00e4tzte Frist betr\u00e4gt 72 Stunden zur Halbinsel und den Balearen. F\u00fcr die Kanarischen Inseln ist die gesch\u00e4tzte Frist aufgrund der Intervention der Zollbeh\u00f6rden normalerweise l\u00e4nger.<\/p>\n<p>Die von der FIRMA gekauften Produkte werden auf die spanische Halbinsel und auf die Balearen und Kanarischen Inseln geschickt. Die Bestellung wird an die Adresse geschickt, die Sie beim Kauf angegeben haben.<\/p>\n<p>Die FIRMA tut alles, um die im WEB genannten Lieferfristen einzuhalten. Die FIRMA ist jedoch nicht verantwortlich f\u00fcr die Folgen, die sich aus einer Verz\u00f6gerung des Versands oder einem Verlust des Pakets durch Personen au\u00dferhalb des Transportvertrags, durch Sie selbst oder durch unvorhersehbare oder un\u00fcberwindbare Gr\u00fcnde oder Ursachen h\u00f6herer Gewalt ergeben.<br \/>\nWir raten Ihnen, bei Erhalt Ihres Pakets zu \u00fcberpr\u00fcfen, ob alles mit Ihrer Bestellung \u00fcbereinstimmt und in einwandfreiem Zustand ist. Wenn Sie mit den gelieferten Artikeln nicht einverstanden sind, unterschreiben Sie und geben Sie handschriftlich auf dem Lieferschein die Anomalien an, die Sie bei Erhalt festgestellt haben.<\/p>\n<h3>7. Sichere Bezahlung<\/h3>\n<p>Wir bieten Ihnen verschiedene Zahlungsm\u00f6glichkeiten an, Kreditkarte, Paypal und\/oder Nachnahme. Im Kaufprozess k\u00f6nnen Sie das ausw\u00e4hlen, was am besten zu Ihren Bed\u00fcrfnissen passt.<br \/>\nDie gesamte Webanwendung arbeitet mit SSL, was bedeutet, dass die Daten verschl\u00fcsselt werden, was die Sicherheit der Informationen gew\u00e4hrleistet, die zwischen dem Kunden und dem Online-Shop zirkulieren.<\/p>\n<p>Zus\u00e4tzlich werden alle Zahlungsseiten auf den Servern von SiteGround Spain S.L. gehostet und verarbeitet, was bedeutet, dass keine sensiblen Zahlungsinformationen in den Datenbanken der Firma gespeichert werden. Die einzige Information, die in der FIRMA gespeichert wird, ist diejenige, die sich auf die Kontaktinformationen bezieht, um eine Bestellung effektiv ausf\u00fchren zu k\u00f6nnen.<\/p>\n<p>SiteGround Spain S.L. verf\u00fcgt \u00fcber die notwendigen Zertifizierungen, um dem Kunden zu garantieren, dass die Transaktionen effizient und sicher durchgef\u00fchrt werden. Mehr Informationen unter <a href=\"http:\/\/www.siteground.es\">www.siteground.es<\/a><\/p>\n<h3>8. Muster-Widerrufsformular<\/h3>\n<p>(Dieses Formular nur ausf\u00fcllen und zur\u00fccksenden, wenn Sie den Vertrag widerrufen wollen)<br \/>\nZu H\u00e4nden von CM GAME RULES LTD. , Lordou Vyronos 61, Lumiel Building, 4th floor, 6023, Larnaca, Cyprus ; oder durch Schreiben einer E-Mail an: <a href=\"mailto:hello@edinventa.com\">hello@edinventa.com<\/a><\/p>\n<ul>\n<li>Ich teile hiermit mit, dass ich den Kaufvertrag f\u00fcr das n\u00e4chste Produkt widerrufen m\u00f6chte (*)<\/li>\n<li>Bestellung\/erhalten (*)<\/li>\n<li>Name des Verbrauchers und Benutzer oder Verbraucher und Benutzer<\/li>\n<li>Adresse des Kunden und Benutzer oder Verbraucher und Benutzer<\/li>\n<li>Datum<\/li>\n<\/ul>\n<p>Wir empfehlen Ihnen, uns eine E-Mail zu schreiben, weil es schneller und einfacher ist, aber nat\u00fcrlich k\u00f6nnen Sie uns auch einen Einschreibebrief schicken, wenn Ihnen das lieber ist.<\/p>\n<h3>9. R\u00fcckgabe<\/h3>\n<p>Unser R\u00fcckgaberecht ist, dass wir, wenn es sich um einen Fabrikdefekt handelt, den vollen Betrag zur\u00fcckerstatten, wenn nicht, erstatten wir den Betrag abz\u00fcglich der R\u00fccksendekosten (wir teilen uns die Kosten, da wir die Versandkosten tragen)<\/p>\n<p>Wir akzeptieren nur Produkte, die im Originalzustand zur\u00fcckgegeben werden, d.h. in der Verpackung, mit dem Zubeh\u00f6r und den Bedienungsanleitungen.<\/p>\n<p>Der Ablauf der R\u00fcckgabe ist wie folgt:<\/p>\n<ol>\n<li>Schreiben Sie eine Mail an <a href=\"mailto:hello@edinventa.com\">hello@edinventa.com<\/a> und geben Sie im Betreff &#8222;R\u00fcckgabe&#8220;<\/li>\n<li>In dem Mailk\u00f6rper angeben:\n<ol>\n<li>Bestell-ID und Datum<\/li>\n<li>Grund f\u00fcr die R\u00fccksendung<\/li>\n<li>Abholort und Zeitfenster f\u00fcr die Abholung<\/li>\n<\/ol>\n<\/li>\n<li>Innerhalb von 10 Tagen ab Wareneingang erhalten Sie die R\u00fccksendung.<\/li>\n<\/ol>\n<h3>10. Garantien und After-Sales-Service<\/h3>\n<p>Alle Materialien, die auf unserer Website verkauft werden, profitieren von:<\/p>\n<ul>\n<li>Die gesetzliche Garantie der Konformit\u00e4t<\/li>\n<li>Die gesetzliche Garantie vor versteckten M\u00e4ngeln<\/li>\n<li>Herstellergarantien, deren L\u00e4nge und Dauer je nach Produkt und Marke unterschiedlich sind<\/li>\n<\/ul>\n<p>(Richtlinie 1999\/44\/EG des Europ\u00e4ischen Parlaments und des Rates vom 25. Mai 1999 zu bestimmten Aspekten des Verbrauchsg\u00fcterkaufs und der Garantien f\u00fcr Verbrauchsg\u00fcter)<\/p>\n<p>Qualit\u00e4tsm\u00e4ngel: Im Falle eines fehlerhaften Produkts wird es nur dann ersetzt, wenn es sich um einen Qualit\u00e4tsvorfall handelt. Diese Bewertung wird von einem Spezialisten f\u00fcr Qualit\u00e4t der Firma durchgef\u00fchrt.<\/p>\n<h3>11. Rechtsstreitigkeiten und Verantwortlichkeiten<\/h3>\n<p>Die FIRMA ist nicht verantwortlich f\u00fcr die Nichterf\u00fcllung der vorliegenden Bedingungen im Falle von h\u00f6herer Gewalt. Wie von den spanischen Gerichten definiert und im Falle eines Verschuldens des Kunden oder einer unvorhersehbaren Tatsache, die einer Person au\u00dferhalb des Vertrages zuzuschreiben ist.<\/p>\n<p>Die FIRMA ist nicht verantwortlich f\u00fcr die Folgen, die sich aus der unsachgem\u00e4\u00dfen Verwendung der im WEB verkauften Produkte ergeben k\u00f6nnen.<\/p>\n","protected":false},"excerpt":{"rendered":"<p>1. Einleitung Die nachstehend beschriebenen allgemeinen Verkaufsbedingungen (im Folgenden &#8222;AGB&#8220; genannt) regeln das Vertragsverh\u00e4ltnis zwischen allen Nutzern der Website www.edinventa.com (im Folgenden &#8222;NUTZER&#8220; genannt) und der Handelsgesellschaft CM GAME RULES LTD (im Folgenden &#8222;DIE GESELLSCHAFT&#8220; genannt). Die vorliegenden allgemeinen Verkaufsbedingungen sind die einzig g\u00fcltigen und ersetzen alle anderen allgemeinen Bedingungen, au\u00dfer im Falle einer vorherigen, ausdr\u00fccklichen und schriftlichen K\u00fcndigung. Die &#8230;<\/p>\n","protected":false},"author":47,"featured_media":0,"parent":0,"menu_order":0,"comment_status":"closed","ping_status":"closed","template":"","meta":{"rs_blank_template":"","rs_page_bg_color":"","slide_template_v7":"","_joinchat":[],"footnotes":""},"class_list":["post-9320","page","type-page","status-publish","hentry","no-post-thumbnail"],"yoast_head":"<!-- This site is optimized with the Yoast SEO plugin v27.3 - https:\/\/yoast.com\/product\/yoast-seo-wordpress\/ -->\n<title>Allgemeine Gesch\u00e4ftsbedingungen (AGB) &#187; HeroMask<\/title>\n<meta name=\"robots\" content=\"noindex, nofollow\" \/>\n<meta property=\"og:locale\" content=\"de_DE\" \/>\n<meta property=\"og:type\" content=\"article\" \/>\n<meta property=\"og:title\" content=\"Allgemeine Gesch\u00e4ftsbedingungen (AGB) &#187; HeroMask\" \/>\n<meta property=\"og:description\" content=\"1. Einleitung Die nachstehend beschriebenen allgemeinen Verkaufsbedingungen (im Folgenden &#8222;AGB&#8220; genannt) regeln das Vertragsverh\u00e4ltnis zwischen allen Nutzern der Website www.edinventa.com (im Folgenden &#8222;NUTZER&#8220; genannt) und der Handelsgesellschaft CM GAME RULES LTD (im Folgenden &#8222;DIE GESELLSCHAFT&#8220; genannt). Die vorliegenden allgemeinen Verkaufsbedingungen sind die einzig g\u00fcltigen und ersetzen alle anderen allgemeinen Bedingungen, au\u00dfer im Falle einer vorherigen, ausdr\u00fccklichen und schriftlichen K\u00fcndigung. Die ...\" \/>\n<meta property=\"og:url\" content=\"https:\/\/www.edinventa.com\/de\/allgemeine-geschaeftsbedingungen-agb\/\" \/>\n<meta property=\"og:site_name\" content=\"HeroMask\" \/>\n<meta property=\"article:publisher\" content=\"https:\/\/www.facebook.com\/heromask.edu\/\" \/>\n<meta property=\"article:modified_time\" content=\"2025-04-29T15:05:04+00:00\" \/>\n<meta name=\"twitter:card\" content=\"summary_large_image\" \/>\n<meta name=\"twitter:site\" content=\"@heromask_\" \/>\n<meta name=\"twitter:label1\" content=\"Gesch\u00e4tzte Lesezeit\" \/>\n\t<meta name=\"twitter:data1\" content=\"5\u00a0Minuten\" \/>\n<script type=\"application\/ld+json\" class=\"yoast-schema-graph\">{\"@context\":\"https:\\\/\\\/schema.org\",\"@graph\":[{\"@type\":\"WebPage\",\"@id\":\"https:\\\/\\\/www.edinventa.com\\\/de\\\/allgemeine-geschaeftsbedingungen-agb\\\/\",\"url\":\"https:\\\/\\\/www.edinventa.com\\\/de\\\/allgemeine-geschaeftsbedingungen-agb\\\/\",\"name\":\"Allgemeine Gesch\u00e4ftsbedingungen (AGB) &#187; HeroMask\",\"isPartOf\":{\"@id\":\"https:\\\/\\\/www.edinventa.com\\\/de\\\/#website\"},\"datePublished\":\"2020-12-17T11:54:43+00:00\",\"dateModified\":\"2025-04-29T15:05:04+00:00\",\"breadcrumb\":{\"@id\":\"https:\\\/\\\/www.edinventa.com\\\/de\\\/allgemeine-geschaeftsbedingungen-agb\\\/#breadcrumb\"},\"inLanguage\":\"de\",\"potentialAction\":[{\"@type\":\"ReadAction\",\"target\":[\"https:\\\/\\\/www.edinventa.com\\\/de\\\/allgemeine-geschaeftsbedingungen-agb\\\/\"]}]},{\"@type\":\"BreadcrumbList\",\"@id\":\"https:\\\/\\\/www.edinventa.com\\\/de\\\/allgemeine-geschaeftsbedingungen-agb\\\/#breadcrumb\",\"itemListElement\":[{\"@type\":\"ListItem\",\"position\":1,\"name\":\"Portada\",\"item\":\"https:\\\/\\\/www.edinventa.com\\\/de\\\/\"},{\"@type\":\"ListItem\",\"position\":2,\"name\":\"Allgemeine Gesch\u00e4ftsbedingungen (AGB)\"}]},{\"@type\":\"WebSite\",\"@id\":\"https:\\\/\\\/www.edinventa.com\\\/de\\\/#website\",\"url\":\"https:\\\/\\\/www.edinventa.com\\\/de\\\/\",\"name\":\"HeroMask\",\"description\":\"la m\u00e1scara de realidad virtual para aprender jugando\",\"publisher\":{\"@id\":\"https:\\\/\\\/www.edinventa.com\\\/de\\\/#organization\"},\"potentialAction\":[{\"@type\":\"SearchAction\",\"target\":{\"@type\":\"EntryPoint\",\"urlTemplate\":\"https:\\\/\\\/www.edinventa.com\\\/de\\\/?s={search_term_string}\"},\"query-input\":{\"@type\":\"PropertyValueSpecification\",\"valueRequired\":true,\"valueName\":\"search_term_string\"}}],\"inLanguage\":\"de\"},{\"@type\":\"Organization\",\"@id\":\"https:\\\/\\\/www.edinventa.com\\\/de\\\/#organization\",\"name\":\"Heromask\",\"url\":\"https:\\\/\\\/www.edinventa.com\\\/de\\\/\",\"logo\":{\"@type\":\"ImageObject\",\"inLanguage\":\"de\",\"@id\":\"https:\\\/\\\/www.edinventa.com\\\/de\\\/#\\\/schema\\\/logo\\\/image\\\/\",\"url\":\"https:\\\/\\\/www.edinventa.com\\\/wp-content\\\/uploads\\\/2018\\\/08\\\/logo-Heromask-suavizado-01.png\",\"contentUrl\":\"https:\\\/\\\/www.edinventa.com\\\/wp-content\\\/uploads\\\/2018\\\/08\\\/logo-Heromask-suavizado-01.png\",\"width\":519,\"height\":106,\"caption\":\"Heromask\"},\"image\":{\"@id\":\"https:\\\/\\\/www.edinventa.com\\\/de\\\/#\\\/schema\\\/logo\\\/image\\\/\"},\"sameAs\":[\"https:\\\/\\\/www.facebook.com\\\/heromask.edu\\\/\",\"https:\\\/\\\/x.com\\\/heromask_\",\"https:\\\/\\\/www.instagram.com\\\/heromask.ed\\\/\",\"https:\\\/\\\/www.linkedin.com\\\/company\\\/heromask\\\/\"]}]}<\/script>\n<!-- \/ Yoast SEO plugin. -->","yoast_head_json":{"title":"Allgemeine Gesch\u00e4ftsbedingungen (AGB) &#187; HeroMask","robots":{"index":"noindex","follow":"nofollow"},"og_locale":"de_DE","og_type":"article","og_title":"Allgemeine Gesch\u00e4ftsbedingungen (AGB) &#187; HeroMask","og_description":"1. Einleitung Die nachstehend beschriebenen allgemeinen Verkaufsbedingungen (im Folgenden &#8222;AGB&#8220; genannt) regeln das Vertragsverh\u00e4ltnis zwischen allen Nutzern der Website www.edinventa.com (im Folgenden &#8222;NUTZER&#8220; genannt) und der Handelsgesellschaft CM GAME RULES LTD (im Folgenden &#8222;DIE GESELLSCHAFT&#8220; genannt). Die vorliegenden allgemeinen Verkaufsbedingungen sind die einzig g\u00fcltigen und ersetzen alle anderen allgemeinen Bedingungen, au\u00dfer im Falle einer vorherigen, ausdr\u00fccklichen und schriftlichen K\u00fcndigung. Die ...","og_url":"https:\/\/www.edinventa.com\/de\/allgemeine-geschaeftsbedingungen-agb\/","og_site_name":"HeroMask","article_publisher":"https:\/\/www.facebook.com\/heromask.edu\/","article_modified_time":"2025-04-29T15:05:04+00:00","twitter_card":"summary_large_image","twitter_site":"@heromask_","twitter_misc":{"Gesch\u00e4tzte Lesezeit":"5\u00a0Minuten"},"schema":{"@context":"https:\/\/schema.org","@graph":[{"@type":"WebPage","@id":"https:\/\/www.edinventa.com\/de\/allgemeine-geschaeftsbedingungen-agb\/","url":"https:\/\/www.edinventa.com\/de\/allgemeine-geschaeftsbedingungen-agb\/","name":"Allgemeine Gesch\u00e4ftsbedingungen (AGB) &#187; HeroMask","isPartOf":{"@id":"https:\/\/www.edinventa.com\/de\/#website"},"datePublished":"2020-12-17T11:54:43+00:00","dateModified":"2025-04-29T15:05:04+00:00","breadcrumb":{"@id":"https:\/\/www.edinventa.com\/de\/allgemeine-geschaeftsbedingungen-agb\/#breadcrumb"},"inLanguage":"de","potentialAction":[{"@type":"ReadAction","target":["https:\/\/www.edinventa.com\/de\/allgemeine-geschaeftsbedingungen-agb\/"]}]},{"@type":"BreadcrumbList","@id":"https:\/\/www.edinventa.com\/de\/allgemeine-geschaeftsbedingungen-agb\/#breadcrumb","itemListElement":[{"@type":"ListItem","position":1,"name":"Portada","item":"https:\/\/www.edinventa.com\/de\/"},{"@type":"ListItem","position":2,"name":"Allgemeine Gesch\u00e4ftsbedingungen (AGB)"}]},{"@type":"WebSite","@id":"https:\/\/www.edinventa.com\/de\/#website","url":"https:\/\/www.edinventa.com\/de\/","name":"HeroMask","description":"la m\u00e1scara de realidad virtual para aprender jugando","publisher":{"@id":"https:\/\/www.edinventa.com\/de\/#organization"},"potentialAction":[{"@type":"SearchAction","target":{"@type":"EntryPoint","urlTemplate":"https:\/\/www.edinventa.com\/de\/?s={search_term_string}"},"query-input":{"@type":"PropertyValueSpecification","valueRequired":true,"valueName":"search_term_string"}}],"inLanguage":"de"},{"@type":"Organization","@id":"https:\/\/www.edinventa.com\/de\/#organization","name":"Heromask","url":"https:\/\/www.edinventa.com\/de\/","logo":{"@type":"ImageObject","inLanguage":"de","@id":"https:\/\/www.edinventa.com\/de\/#\/schema\/logo\/image\/","url":"https:\/\/www.edinventa.com\/wp-content\/uploads\/2018\/08\/logo-Heromask-suavizado-01.png","contentUrl":"https:\/\/www.edinventa.com\/wp-content\/uploads\/2018\/08\/logo-Heromask-suavizado-01.png","width":519,"height":106,"caption":"Heromask"},"image":{"@id":"https:\/\/www.edinventa.com\/de\/#\/schema\/logo\/image\/"},"sameAs":["https:\/\/www.facebook.com\/heromask.edu\/","https:\/\/x.com\/heromask_","https:\/\/www.instagram.com\/heromask.ed\/","https:\/\/www.linkedin.com\/company\/heromask\/"]}]}},"_links":{"self":[{"href":"https:\/\/www.edinventa.com\/de\/wp-json\/wp\/v2\/pages\/9320","targetHints":{"allow":["GET"]}}],"collection":[{"href":"https:\/\/www.edinventa.com\/de\/wp-json\/wp\/v2\/pages"}],"about":[{"href":"https:\/\/www.edinventa.com\/de\/wp-json\/wp\/v2\/types\/page"}],"author":[{"embeddable":true,"href":"https:\/\/www.edinventa.com\/de\/wp-json\/wp\/v2\/users\/47"}],"replies":[{"embeddable":true,"href":"https:\/\/www.edinventa.com\/de\/wp-json\/wp\/v2\/comments?post=9320"}],"version-history":[{"count":0,"href":"https:\/\/www.edinventa.com\/de\/wp-json\/wp\/v2\/pages\/9320\/revisions"}],"wp:attachment":[{"href":"https:\/\/www.edinventa.com\/de\/wp-json\/wp\/v2\/media?parent=9320"}],"curies":[{"name":"wp","href":"https:\/\/api.w.org\/{rel}","templated":true}]}}