{"id":9356,"date":"2020-12-17T13:29:00","date_gmt":"2020-12-17T13:29:00","guid":{"rendered":"https:\/\/www.edinventa.com\/rechtsberatung\/"},"modified":"2025-04-29T14:50:29","modified_gmt":"2025-04-29T14:50:29","slug":"rechtsberatung","status":"publish","type":"page","link":"https:\/\/www.edinventa.com\/de\/rechtsberatung\/","title":{"rendered":"Rechtsberatung"},"content":{"rendered":"<h3>1. IDENTIFIZIERUNGSDATEN<\/h3>\n<p>.<br \/>\nSie besuchen die Website www.edinventa.com, die Eigentum von CM GAME RULES LTD. (im Folgenden DAS UNTERNEHMEN) ist.<\/p>\n<p>Hauptsitz: Lordou Vyronos 61, Lumiel Building, 4th floor, 6023, Larnaca, Cyprus.<\/p>\n<p>E-Mail: <a href=\"mailto:hello@edinventa.com\">hello@edinventa.com<\/a><\/p>\n<p>Handelsdaten: CM Game Rules LTD, with company registration number HE417229, has been incorporated in the District Court of Nicosia as a Company limited by Shares before the affiant Marina Charalambous, under Companies Law (Cap. 113).<\/p>\n<h3>2. NUTZERZUSTIMMUNG<\/h3>\n<p>.<br \/>\nDieser rechtliche Hinweis regelt den Zugang und die Nutzung der Website www.edinventa.com (im Folgenden die &#8222;Website&#8220;), die DAS UNTERNEHMEN den Internetnutzern zur Verf\u00fcgung stellt. Es wird davon ausgegangen, dass sich der Begriff &#8222;Nutzer&#8220; auf jede Person bezieht, die auf die Dienste und Aktivit\u00e4ten des Webs zugreift, surft, sie nutzt oder an ihnen teilnimmt. Der Zugang und die Navigation eines Nutzers durch dieses Web impliziert die uneingeschr\u00e4nkte Annahme dieses rechtlichen Hinweises.<\/p>\n<h3>3. Nutzung des Webs<\/h3>\n<p>3.1 Der Nutzer verpflichtet sich, die Website, die Inhalte und die Dienstleistungen in \u00dcbereinstimmung mit dem Gesetz, diesem rechtlichen Hinweis, den moralischen Konventionen und der \u00f6ffentlichen Ordnung zu nutzen. Ebenso verpflichtet sich der Nutzer, die Website oder die \u00fcber sie erbrachten Dienstleistungen nicht f\u00fcr Zwecke oder Wirkungen zu nutzen, die rechtswidrig sind oder im Widerspruch zum Inhalt dieses rechtlichen Hinweises stehen, die den Interessen oder Rechten Dritter schaden oder in jedem Fall die Website oder ihre Dienstleistungen besch\u00e4digen, unbrauchbar machen oder erschweren oder die normale Nutzung der Website durch andere Nutzer verhindern k\u00f6nnen.<\/p>\n<p>3.2 Der Nutzer verpflichtet sich ausdr\u00fccklich, die elektronischen und sonstigen Daten, Programme und Dokumente im Web nicht zu zerst\u00f6ren, zu ver\u00e4ndern, zu deaktivieren oder in sonstiger Weise zu besch\u00e4digen.<\/p>\n<p>3.3 Der Nutzer verpflichtet sich, keine Programme, Viren, Makros, Applets, ActiveX-Controls oder andere logische Vorrichtungen oder Zeichenfolgen einzuf\u00fchren, die irgendeine Art von Ver\u00e4nderung in den Computersystemen der FIRMA oder Dritter verursachen oder verursachen k\u00f6nnen.<\/p>\n<p>3.4 Es wird davon ausgegangen, dass der Zugriff auf das Web oder dessen Nutzung durch den Nutzer die Annahme dieses rechtlichen Hinweises impliziert, den DIE FIRMA zum Zeitpunkt des Zugriffs ver\u00f6ffentlicht hat und der den Nutzern immer zur Verf\u00fcgung stehen wird.<\/p>\n<p>3.5 Der Nutzer verpflichtet sich, die Inhalte und Dienste, die DIE FIRMA auf ihrer Website anbietet, angemessen zu nutzen und sie nicht f\u00fcr illegale Aktivit\u00e4ten oder gegen Treu und Glauben oder das Gesetz zu verwenden.<\/p>\n<h3>4. ZUGANG ZUR WEBSITE UND PASSW\u00d6RTER<\/h3>\n<p>4.1 Der Zugriff der Nutzer auf Wednesday ist v\u00f6llig kostenlos. Einige der von DER FIRMA angebotenen Dienste und Inhalte k\u00f6nnen von einem vorherigen Abonnement des Dienstes und der Zahlung eines Geldbetrages in der in den Allgemeinen Vertragsbedingungen festgelegten Art und Weise abh\u00e4ngig sein; in diesem Fall werden sie Ihnen auf eindeutige Weise zug\u00e4nglich gemacht.<\/p>\n<p>4.2 Wenn es f\u00fcr den Nutzer notwendig ist, sich zu registrieren oder personenbezogene Daten anzugeben, um Zugang zu einem bestimmten Service zu erhalten, wird die Erfassung und Verarbeitung der personenbezogenen Daten der Nutzer gem\u00e4\u00df den Bestimmungen von Artikel 9 dieses rechtlichen Hinweises angewendet.<\/p>\n<p>4.3 Minderj\u00e4hrigen ist der Abschluss von Vertr\u00e4gen \u00fcber Produkte oder Dienstleistungen \u00fcber das Web untersagt, und sie m\u00fcssen die vorherige Zustimmung ihrer Eltern, Erziehungsberechtigten oder gesetzlichen Vertreter einholen, die f\u00fcr die von dem Minderj\u00e4hrigen unter ihrer Aufsicht vorgenommenen Handlungen als verantwortlich angesehen werden.<\/p>\n<p>4.4 Wenn der Benutzer sich registrieren muss, um einen Service im Web zu nutzen, ist er f\u00fcr die Bereitstellung wahrheitsgem\u00e4\u00dfer und rechtm\u00e4\u00dfiger Informationen verantwortlich. Erh\u00e4lt der Nutzer nach der Registrierung ein Passwort, ist er verpflichtet, dieses sorgf\u00e4ltig zu verwenden und das Passwort geheim zu halten, um auf diese Dienste zugreifen zu k\u00f6nnen. Der Nutzer ist f\u00fcr die sichere Verwahrung und Geheimhaltung der von DER FIRMA zur Verf\u00fcgung gestellten Benutzerkennung und\/oder des Passwortes verantwortlich und verpflichtet sich, diese Informationen weder vor\u00fcbergehend noch dauerhaft an Dritte weiterzugeben oder Dritten den Zugang zu erm\u00f6glichen. Der Nutzer haftet f\u00fcr jede Nutzung der Dienste durch einen unberechtigten Dritten unter Verwendung eines Passwortes, die auf Fahrl\u00e4ssigkeit oder Verlust des Passwortes durch den Nutzer zur\u00fcckzuf\u00fchren ist.<\/p>\n<h3>5. \u00c4NDERUNG DER GESETZLICHEN BEDINGUNGEN <\/h3>\n<p>DAS UNTERNEHMEN beh\u00e4lt sich ausdr\u00fccklich das Recht vor, diese rechtlichen Hinweise zu \u00e4ndern. Der Nutzer erkennt an und akzeptiert, dass es in seiner Verantwortung liegt, das Web und diesen rechtlichen Hinweis zu konsultieren.<\/p>\n<h3>6. BESCHR\u00c4NKUNG DER GARANTIEN UND HAFTUNG<\/h3>\n<p>.<br \/>\n6.1 DAS UNTERNEHMEN verpflichtet sich, sich nach besten Kr\u00e4ften zu bem\u00fchen, Fehler in den Inhalten, die auf dem Web erscheinen k\u00f6nnen, zu vermeiden. In jedem Fall ist die FIRMA von jeglicher Haftung f\u00fcr m\u00f6gliche Fehler in den Inhalten, die auf der Webseite erscheinen k\u00f6nnen, befreit, sofern sie ihr nicht zuzuschreiben sind.<\/p>\n<p><span style=\"font-weight: 400;\">6.2. DIE FIRMA garantiert nicht, dass die Website und der Server frei von Viren sind und ist nicht verantwortlich f\u00fcr Sch\u00e4den oder Beeintr\u00e4chtigungen, die durch St\u00f6rungen, Auslassungen, Unterbrechungen, Computerviren, Telefonausf\u00e4lle oder Unterbrechungen im Betrieb dieses elektronischen Systems entstehen k\u00f6nnen, die durch Ursachen au\u00dferhalb der Kontrolle der FIRMA verursacht werden, Verz\u00f6gerungen oder Blockaden in der Nutzung dieses elektronischen Systems, die durch M\u00e4ngel in den Telefonleitungen oder \u00dcberlastungen des Internetsystems oder anderer elektronischer Systeme verursacht werden, sowie Sch\u00e4den, die durch Dritte durch unrechtm\u00e4\u00dfige Eingriffe au\u00dferhalb der Kontrolle der FIRMA verursacht werden k\u00f6nnen. <\/de><\/p>\n<h4>7. GEISTIGES UND GEWERBLICHES EIGENTUM. ALLE RECHTE VORBEHALTEN.<\/h4>\n<style=\"font-weight: 400;\">7.1. Alle gewerblichen und intellektuellen Eigentumsrechte an der Website www.edinventa.com und ihrem Inhalt (Texte, Bilder, T\u00f6ne, Audio, Video, Zeichnungen, Kreationen, Software) geh\u00f6ren, als Urheber eines kollektiven Werkes oder als Rechtsnachfolger, DER FIRMA oder gegebenenfalls Dritten.<\/de><\/p>\n<p><span style=\"font-weight: 400;\">7.2 Es ist ausdr\u00fccklich verboten, den Inhalt dieser Website ganz oder teilweise zu vervielf\u00e4ltigen, zu verbreiten und \u00f6ffentlich zu kommunizieren, einschlie\u00dflich der Zurverf\u00fcgungstellung, zu welchem Zweck auch immer, auf welchem Medium und mit welchen technischen Mitteln auch immer, ohne die Genehmigung von DIE FIRMA. Der Nutzer verpflichtet sich, die gewerblichen und geistigen Eigentumsrechte zu respektieren, die von DER FIRMA und Dritten gehalten werden.<\/p>\n<h4>8. VERBINDUNGEN DREIER PARTEIEN<\/h4>\n<p>.<br \/>\n<span style=\"font-weight: 400;\">8.1. F\u00fcr den Fall, dass die Website Links oder Hyperlinks zu anderen Stellen im Internet enth\u00e4lt, \u00fcbt DIE FIRMA keine Art von Kontrolle \u00fcber diese Stellen und Inhalte aus. Unter keinen Umst\u00e4nden \u00fcbernimmt DIE FIRMA die Verantwortung f\u00fcr den Inhalt eines Links, der zu einer fremden Website geh\u00f6rt, noch garantiert sie die technische Verf\u00fcgbarkeit, die Qualit\u00e4t, die Zuverl\u00e4ssigkeit, die Genauigkeit, den Umfang, die Wahrhaftigkeit, die G\u00fcltigkeit und die Verfassungsm\u00e4\u00dfigkeit jeglicher Materialien oder Informationen, die oben auf den Hyperlinks oder anderen Websites enthalten sind.<\/p>\n<p><span style=\"font-weight: 400;\">8.2. Diese Links werden ausschlie\u00dflich zur Verf\u00fcgung gestellt, um den Nutzer \u00fcber die Existenz anderer Informationsquellen zu einem bestimmten Thema zu informieren, und die Aufnahme eines Links impliziert nicht die Billigung der verlinkten Website durch DIE FIRMA.<\/p>\n<p>8.3 Auf ausdr\u00fccklichen Wunsch von Amazon erkl\u00e4ren wir: &#8222;Als Amazon-Partner beziehe ich Einnahmen aus K\u00e4ufen von berechtigten Partnern&#8220;. F\u00fcr weitere Informationen lesen Sie bitte die Betriebsvereinbarung <a href=\"https:\/\/afiliados.amazon.es\/help\/operating\/agreement\" target=\"_blank\" rel=\"noopener noreferrer\">Betriebsvereinbarung<a> auf der Amazon-Seite<\/p>\n<h4>9. PERS\u00d6NLICHER DATENSCHUTZ<\/h4>\n<p>.<br \/>\n<\/span style=\"font-weight: 400;\">9.1. Das UNTERNEHMEN ergreift die notwendigen technischen und organisatorischen Ma\u00dfnahmen, um den Schutz der personenbezogenen Daten zu gew\u00e4hrleisten und ihre Ver\u00e4nderung, ihren Verlust, ihre Verarbeitung und\/oder ihren unbefugten Zugriff zu verhindern, wobei der Stand der Technik, die Art der gespeicherten Daten und die Risiken, denen sie ausgesetzt sind, ber\u00fccksichtigt werden, und zwar in \u00dcbereinstimmung mit den Bestimmungen der spanischen Gesetzgebung zum Schutz personenbezogener Daten.<\/span>.<\/p>\n<p><span style=\"font-weight: 400;\">9.2. Die Nutzer k\u00f6nnen DER FIRMA ihre pers\u00f6nlichen Daten \u00fcber die verschiedenen Formulare mitteilen, die zu diesem Zweck auf der Webseite erscheinen. Diese Formulare enthalten einen Rechtstext zum Schutz personenbezogener Daten, der die Anforderungen der VERORDNUNG (EU) 2016\/679 des Europ\u00e4ischen Parlaments und des Rates vom 27. April 2016 zum Schutz nat\u00fcrlicher Personen bei der Verarbeitung personenbezogener Daten und zum freien Datenverkehr (Allgemeine Datenschutzverordnung) erf\u00fcllt.<\/p>\n<p><\/english style=\"font-weight: 400;\">Auf die gleiche Art und Weise kann DAS UNTERNEHMEN personenbezogene Daten aus Ihrem Browsing und\/oder Ihrer Nutzung des Webs erhalten, in \u00dcbereinstimmung mit unserer Datenschutzrichtlinie.<\/english style=\"font-weight: 400;\">Auf die gleiche Art und Weise kann DAS UNTERNEHMEN personenbezogene Daten aus Ihrem Browsing und\/oder Ihrer Nutzung des Webs erhalten, in \u00dcbereinstimmung mit unserer Datenschutzrichtlinie.<\/p>\n<h4>Bitte lesen Sie die Rechtstexte, insbesondere unsere Datenschutzrichtlinie, sorgf\u00e4ltig durch, bevor Sie Ihre pers\u00f6nlichen Daten angeben.<\/p>\n<h4>10. RECHT UND GERICHTSURTEIL<\/h4>\n<p>.<br \/>\n<span style=\"font-weight: 400;\">Alle Fragen, die sich zwischen DER FIRMA und dem Nutzer in Bezug auf die Auslegung, Einhaltung und G\u00fcltigkeit dieses rechtlichen Hinweises ergeben, werden durch seine eigenen Klauseln geregelt und, soweit nicht in ihnen vorgesehen, unterwerfen sich die Parteien in \u00dcbereinstimmung mit der spanischen Gesetzgebung ausdr\u00fccklich der Gerichtsbarkeit der Gerichte und Tribunale des Sitzes DER FIRMA.<\/span>.<\/p>\n","protected":false},"excerpt":{"rendered":"<p>1. IDENTIFIZIERUNGSDATEN . Sie besuchen die Website www.edinventa.com, die Eigentum von CM GAME RULES LTD. (im Folgenden DAS UNTERNEHMEN) ist. Hauptsitz: Lordou Vyronos 61, Lumiel Building, 4th floor, 6023, Larnaca, Cyprus. E-Mail: hello@edinventa.com Handelsdaten: CM Game Rules LTD, with company registration number HE417229, has been incorporated in the District Court of Nicosia as a Company limited by Shares before the &#8230;<\/p>\n","protected":false},"author":47,"featured_media":0,"parent":0,"menu_order":0,"comment_status":"closed","ping_status":"closed","template":"","meta":{"rs_blank_template":"","rs_page_bg_color":"","slide_template_v7":"","_joinchat":[],"footnotes":""},"class_list":["post-9356","page","type-page","status-publish","hentry","no-post-thumbnail"],"yoast_head":"<!-- This site is optimized with the Yoast SEO plugin v27.3 - https:\/\/yoast.com\/product\/yoast-seo-wordpress\/ -->\n<title>Rechtsberatung &#187; HeroMask<\/title>\n<meta name=\"robots\" content=\"noindex, nofollow\" \/>\n<meta property=\"og:locale\" content=\"de_DE\" \/>\n<meta property=\"og:type\" content=\"article\" \/>\n<meta property=\"og:title\" content=\"Rechtsberatung &#187; HeroMask\" \/>\n<meta property=\"og:description\" content=\"1. IDENTIFIZIERUNGSDATEN . Sie besuchen die Website www.edinventa.com, die Eigentum von CM GAME RULES LTD. (im Folgenden DAS UNTERNEHMEN) ist. Hauptsitz: Lordou Vyronos 61, Lumiel Building, 4th floor, 6023, Larnaca, Cyprus. E-Mail: hello@edinventa.com Handelsdaten: CM Game Rules LTD, with company registration number HE417229, has been incorporated in the District Court of Nicosia as a Company limited by Shares before the ...\" \/>\n<meta property=\"og:url\" content=\"https:\/\/www.edinventa.com\/de\/rechtsberatung\/\" \/>\n<meta property=\"og:site_name\" content=\"HeroMask\" \/>\n<meta property=\"article:publisher\" content=\"https:\/\/www.facebook.com\/heromask.edu\/\" \/>\n<meta property=\"article:modified_time\" content=\"2025-04-29T14:50:29+00:00\" \/>\n<meta name=\"twitter:card\" content=\"summary_large_image\" \/>\n<meta name=\"twitter:site\" content=\"@heromask_\" \/>\n<meta name=\"twitter:label1\" content=\"Gesch\u00e4tzte Lesezeit\" \/>\n\t<meta name=\"twitter:data1\" content=\"6\u00a0Minuten\" \/>\n<script type=\"application\/ld+json\" class=\"yoast-schema-graph\">{\"@context\":\"https:\\\/\\\/schema.org\",\"@graph\":[{\"@type\":\"WebPage\",\"@id\":\"https:\\\/\\\/www.edinventa.com\\\/de\\\/rechtsberatung\\\/\",\"url\":\"https:\\\/\\\/www.edinventa.com\\\/de\\\/rechtsberatung\\\/\",\"name\":\"Rechtsberatung &#187; HeroMask\",\"isPartOf\":{\"@id\":\"https:\\\/\\\/www.edinventa.com\\\/de\\\/#website\"},\"datePublished\":\"2020-12-17T13:29:00+00:00\",\"dateModified\":\"2025-04-29T14:50:29+00:00\",\"breadcrumb\":{\"@id\":\"https:\\\/\\\/www.edinventa.com\\\/de\\\/rechtsberatung\\\/#breadcrumb\"},\"inLanguage\":\"de\",\"potentialAction\":[{\"@type\":\"ReadAction\",\"target\":[\"https:\\\/\\\/www.edinventa.com\\\/de\\\/rechtsberatung\\\/\"]}]},{\"@type\":\"BreadcrumbList\",\"@id\":\"https:\\\/\\\/www.edinventa.com\\\/de\\\/rechtsberatung\\\/#breadcrumb\",\"itemListElement\":[{\"@type\":\"ListItem\",\"position\":1,\"name\":\"Portada\",\"item\":\"https:\\\/\\\/www.edinventa.com\\\/de\\\/\"},{\"@type\":\"ListItem\",\"position\":2,\"name\":\"Rechtsberatung\"}]},{\"@type\":\"WebSite\",\"@id\":\"https:\\\/\\\/www.edinventa.com\\\/de\\\/#website\",\"url\":\"https:\\\/\\\/www.edinventa.com\\\/de\\\/\",\"name\":\"HeroMask\",\"description\":\"la m\u00e1scara de realidad virtual para aprender jugando\",\"publisher\":{\"@id\":\"https:\\\/\\\/www.edinventa.com\\\/de\\\/#organization\"},\"potentialAction\":[{\"@type\":\"SearchAction\",\"target\":{\"@type\":\"EntryPoint\",\"urlTemplate\":\"https:\\\/\\\/www.edinventa.com\\\/de\\\/?s={search_term_string}\"},\"query-input\":{\"@type\":\"PropertyValueSpecification\",\"valueRequired\":true,\"valueName\":\"search_term_string\"}}],\"inLanguage\":\"de\"},{\"@type\":\"Organization\",\"@id\":\"https:\\\/\\\/www.edinventa.com\\\/de\\\/#organization\",\"name\":\"Heromask\",\"url\":\"https:\\\/\\\/www.edinventa.com\\\/de\\\/\",\"logo\":{\"@type\":\"ImageObject\",\"inLanguage\":\"de\",\"@id\":\"https:\\\/\\\/www.edinventa.com\\\/de\\\/#\\\/schema\\\/logo\\\/image\\\/\",\"url\":\"https:\\\/\\\/www.edinventa.com\\\/wp-content\\\/uploads\\\/2018\\\/08\\\/logo-Heromask-suavizado-01.png\",\"contentUrl\":\"https:\\\/\\\/www.edinventa.com\\\/wp-content\\\/uploads\\\/2018\\\/08\\\/logo-Heromask-suavizado-01.png\",\"width\":519,\"height\":106,\"caption\":\"Heromask\"},\"image\":{\"@id\":\"https:\\\/\\\/www.edinventa.com\\\/de\\\/#\\\/schema\\\/logo\\\/image\\\/\"},\"sameAs\":[\"https:\\\/\\\/www.facebook.com\\\/heromask.edu\\\/\",\"https:\\\/\\\/x.com\\\/heromask_\",\"https:\\\/\\\/www.instagram.com\\\/heromask.ed\\\/\",\"https:\\\/\\\/www.linkedin.com\\\/company\\\/heromask\\\/\"]}]}<\/script>\n<!-- \/ Yoast SEO plugin. -->","yoast_head_json":{"title":"Rechtsberatung &#187; HeroMask","robots":{"index":"noindex","follow":"nofollow"},"og_locale":"de_DE","og_type":"article","og_title":"Rechtsberatung &#187; HeroMask","og_description":"1. IDENTIFIZIERUNGSDATEN . Sie besuchen die Website www.edinventa.com, die Eigentum von CM GAME RULES LTD. (im Folgenden DAS UNTERNEHMEN) ist. Hauptsitz: Lordou Vyronos 61, Lumiel Building, 4th floor, 6023, Larnaca, Cyprus. E-Mail: hello@edinventa.com Handelsdaten: CM Game Rules LTD, with company registration number HE417229, has been incorporated in the District Court of Nicosia as a Company limited by Shares before the ...","og_url":"https:\/\/www.edinventa.com\/de\/rechtsberatung\/","og_site_name":"HeroMask","article_publisher":"https:\/\/www.facebook.com\/heromask.edu\/","article_modified_time":"2025-04-29T14:50:29+00:00","twitter_card":"summary_large_image","twitter_site":"@heromask_","twitter_misc":{"Gesch\u00e4tzte Lesezeit":"6\u00a0Minuten"},"schema":{"@context":"https:\/\/schema.org","@graph":[{"@type":"WebPage","@id":"https:\/\/www.edinventa.com\/de\/rechtsberatung\/","url":"https:\/\/www.edinventa.com\/de\/rechtsberatung\/","name":"Rechtsberatung &#187; HeroMask","isPartOf":{"@id":"https:\/\/www.edinventa.com\/de\/#website"},"datePublished":"2020-12-17T13:29:00+00:00","dateModified":"2025-04-29T14:50:29+00:00","breadcrumb":{"@id":"https:\/\/www.edinventa.com\/de\/rechtsberatung\/#breadcrumb"},"inLanguage":"de","potentialAction":[{"@type":"ReadAction","target":["https:\/\/www.edinventa.com\/de\/rechtsberatung\/"]}]},{"@type":"BreadcrumbList","@id":"https:\/\/www.edinventa.com\/de\/rechtsberatung\/#breadcrumb","itemListElement":[{"@type":"ListItem","position":1,"name":"Portada","item":"https:\/\/www.edinventa.com\/de\/"},{"@type":"ListItem","position":2,"name":"Rechtsberatung"}]},{"@type":"WebSite","@id":"https:\/\/www.edinventa.com\/de\/#website","url":"https:\/\/www.edinventa.com\/de\/","name":"HeroMask","description":"la m\u00e1scara de realidad virtual para aprender jugando","publisher":{"@id":"https:\/\/www.edinventa.com\/de\/#organization"},"potentialAction":[{"@type":"SearchAction","target":{"@type":"EntryPoint","urlTemplate":"https:\/\/www.edinventa.com\/de\/?s={search_term_string}"},"query-input":{"@type":"PropertyValueSpecification","valueRequired":true,"valueName":"search_term_string"}}],"inLanguage":"de"},{"@type":"Organization","@id":"https:\/\/www.edinventa.com\/de\/#organization","name":"Heromask","url":"https:\/\/www.edinventa.com\/de\/","logo":{"@type":"ImageObject","inLanguage":"de","@id":"https:\/\/www.edinventa.com\/de\/#\/schema\/logo\/image\/","url":"https:\/\/www.edinventa.com\/wp-content\/uploads\/2018\/08\/logo-Heromask-suavizado-01.png","contentUrl":"https:\/\/www.edinventa.com\/wp-content\/uploads\/2018\/08\/logo-Heromask-suavizado-01.png","width":519,"height":106,"caption":"Heromask"},"image":{"@id":"https:\/\/www.edinventa.com\/de\/#\/schema\/logo\/image\/"},"sameAs":["https:\/\/www.facebook.com\/heromask.edu\/","https:\/\/x.com\/heromask_","https:\/\/www.instagram.com\/heromask.ed\/","https:\/\/www.linkedin.com\/company\/heromask\/"]}]}},"_links":{"self":[{"href":"https:\/\/www.edinventa.com\/de\/wp-json\/wp\/v2\/pages\/9356","targetHints":{"allow":["GET"]}}],"collection":[{"href":"https:\/\/www.edinventa.com\/de\/wp-json\/wp\/v2\/pages"}],"about":[{"href":"https:\/\/www.edinventa.com\/de\/wp-json\/wp\/v2\/types\/page"}],"author":[{"embeddable":true,"href":"https:\/\/www.edinventa.com\/de\/wp-json\/wp\/v2\/users\/47"}],"replies":[{"embeddable":true,"href":"https:\/\/www.edinventa.com\/de\/wp-json\/wp\/v2\/comments?post=9356"}],"version-history":[{"count":0,"href":"https:\/\/www.edinventa.com\/de\/wp-json\/wp\/v2\/pages\/9356\/revisions"}],"wp:attachment":[{"href":"https:\/\/www.edinventa.com\/de\/wp-json\/wp\/v2\/media?parent=9356"}],"curies":[{"name":"wp","href":"https:\/\/api.w.org\/{rel}","templated":true}]}}