{"id":9714,"date":"2021-02-08T12:51:27","date_gmt":"2021-02-08T12:51:27","guid":{"rendered":"https:\/\/www.edinventa.com\/cookies-richtlinie\/"},"modified":"2021-02-08T12:51:27","modified_gmt":"2021-02-08T12:51:27","slug":"cookies-richtlinie","status":"publish","type":"page","link":"https:\/\/www.edinventa.com\/de\/cookies-richtlinie\/","title":{"rendered":"Cookies-Richtlinie"},"content":{"rendered":"<p>Ein Cookie ist eine kleine Textdatei, die in Ihrem Browser gespeichert wird, wenn Sie fast jede Webseite besuchen. Sein Nutzen besteht darin, dass sich das Web an Ihren Besuch erinnern kann, wenn Sie diese Seite wieder besuchen. Cookies speichern in der Regel Informationen technischer Art, pers\u00f6nliche Pr\u00e4ferenzen, Personalisierung von Inhalten, Nutzungsstatistiken, Links zu sozialen Netzwerken, Zugang zu Benutzerkonten usw. Der Zweck des Cookies ist es, den Inhalt des Webs an Ihr Profil und Ihre Bed\u00fcrfnisse anzupassen, ohne Cookies w\u00e4ren die von einer Seite angebotenen Dienstleistungen deutlich reduziert. Wenn Sie mehr Informationen dar\u00fcber erhalten m\u00f6chten, was Cookies sind, was sie speichern, wie man sie beseitigt, deaktiviert usw., gehen Sie bitte zu <a href=\"https:\/\/www.edinventa.com\/de\/extended-information-about-cookies\/\">diesem Link<\/a>.<\/p>\n<h3>Cookies, die auf dieser Website verwendet werden<\/h3>\n<p>Wir folgen den Richtlinien der spanischen Agentur f\u00fcr Datenschutz, die die Verwendung von Cookies auf dieser Website detailliert beschreibt, um Sie mit der gr\u00f6\u00dftm\u00f6glichen Genauigkeit zu informieren.<br \/>\nDiese Website verwendet die folgenden <strong>eigenen Cookies<\/strong>:<\/p>\n<ul>\n<li>Session-Cookies, um sicherzustellen, dass Benutzer, die Kommentare auf dem Blog schreiben, menschlich sind und keine automatisierte App. Auf diese Weise wird Spam bek\u00e4mpft.<\/li>\n<\/ul>\n<p>Diese Website verwendet die folgenden <strong>Drittanbieter-Cookies<\/strong>:<\/p>\n<ul>\n<li>Google Analytics: Speichert Cookies, um Statistiken \u00fcber den Verkehr und das Volumen der Besuche auf dieser Website erstellen zu k\u00f6nnen. Durch die Nutzung dieser Website erkl\u00e4ren Sie sich mit der Bearbeitung der \u00fcber Sie erhobenen Daten durch Google einverstanden. Daher muss die Aus\u00fcbung jeglicher Rechte in diesem Sinne in direkter Kommunikation mit Google erfolgen.<\/li>\n<li>Hotjar: Aufgezeichnete Videositzungen, um zu \u00fcberpr\u00fcfen, ob das Web wie erwartet genutzt wird und um die Benutzerfreundlichkeit des Webs zu verbessern.<\/li>\n<li>Facebook Pixel: f\u00fcr FacebookAds-Statistiken und um Facebook-Nutzer im Web neu ansprechen zu k\u00f6nnen.<\/li>\n<li>Google Adwords: f\u00fcr Google Adwords-Statistiken und f\u00fcr das Retargeting der Nutzer, die die Dienste von Google und seinen Partnern nutzen.<\/li>\n<li>Soziale Netzwerke: Jedes soziale Netzwerk verwendet eigene Cookies, damit Sie auf Like- oder Share-Buttons klicken k\u00f6nnen.<\/li>\n<\/ul>\n<h3>Deaktivieren oder L\u00f6schen von Cookies<\/h3>\n<p>Sie k\u00f6nnen jederzeit von Ihrem Recht Gebrauch machen, Cookies auf dieser Webseite zu deaktivieren oder zu l\u00f6schen. Diese Aktionen werden je nach verwendetem Browser unterschiedlich durchgef\u00fchrt. Hier hinterlassen wir Ihnen eine <a href=\"https:\/\/www.edinventa.com\/de\/extended-information-about-cookies\/#browsers\" target=\"_blank\" rel=\"noopener noreferrer\">Kurzanleitung zu den g\u00e4ngigsten Browsern<\/a>.<\/p>\n<h3>Zus\u00e4tzliche Hinweise<\/h3>\n<ul>\n<li>Weder diese Website noch ihre gesetzlichen Vertreter sind verantwortlich f\u00fcr den Inhalt oder den Wahrheitsgehalt der Datenschutzrichtlinien, die Dritte in dieser Cookie-Richtlinie erw\u00e4hnt haben.<\/li>\n<li>Webbrowser sind die Werkzeuge, die f\u00fcr die Speicherung von Cookies verantwortlich sind, und von dieser Stelle aus m\u00fcssen Sie von Ihrem Recht Gebrauch machen, diese zu deaktivieren oder zu l\u00f6schen. Weder diese Website noch ihre gesetzlichen Vertreter k\u00f6nnen die korrekte oder falsche Manipulation von Cookies durch die genannten Browser garantieren.<\/li>\n<li>In einigen F\u00e4llen ist es notwendig, Cookies zu installieren, um dem Browser zu helfen, sich an Ihre Entscheidung zu erinnern, sie nicht zu akzeptieren.<\/li>\n<li>Im Falle von Google Analytics-Cookies speichert dieses Unternehmen Cookies auf Servern, die sich in den USA befinden, und verpflichtet sich, sie nicht an Dritte weiterzugeben, au\u00dfer in F\u00e4llen, in denen dies f\u00fcr den Betrieb des Systems erforderlich ist oder wenn das Gesetz eine solche Wirkung verlangt. Nach Angaben von Google wird Ihre IP-Adresse nicht gespeichert. Google Inc. Es ist ein Unternehmen, das der Vereinbarung von Safe Harbor beigetreten ist, um sicherzustellen, dass alle \u00fcbertragenen Daten mit einem Schutzniveau behandelt werden, das den europ\u00e4ischen Vorschriften entspricht.<\/li>\n<li>Detaillierte Informationen finden Sie hier unter diesem Link. Wenn Sie sich \u00fcber die Verwendung von Cookies durch Google informieren m\u00f6chten, f\u00fcgen wir diesen weiteren Link an.<\/li>\n<li>Bei Fragen oder Unklarheiten zu den Cookies dieser Richtlinie k\u00f6nnen Sie uns gerne \u00fcber den Kontaktbereich kontaktieren.<\/li>\n<\/ul>\n<p>Cookies Advisor ist ein Plugin f\u00fcr WordPress, das von Carlos Doral (webartesanal.com) erstellt wurde.<\/p>\n","protected":false},"excerpt":{"rendered":"<p>Ein Cookie ist eine kleine Textdatei, die in Ihrem Browser gespeichert wird, wenn Sie fast jede Webseite besuchen. Sein Nutzen besteht darin, dass sich das Web an Ihren Besuch erinnern kann, wenn Sie diese Seite wieder besuchen. Cookies speichern in der Regel Informationen technischer Art, pers\u00f6nliche Pr\u00e4ferenzen, Personalisierung von Inhalten, Nutzungsstatistiken, Links zu sozialen Netzwerken, Zugang zu Benutzerkonten usw. Der &#8230;<\/p>\n","protected":false},"author":47,"featured_media":0,"parent":0,"menu_order":0,"comment_status":"closed","ping_status":"closed","template":"","meta":{"rs_blank_template":"","rs_page_bg_color":"","slide_template_v7":"","_joinchat":[],"footnotes":""},"class_list":["post-9714","page","type-page","status-publish","hentry","no-post-thumbnail"],"yoast_head":"<!-- This site is optimized with the Yoast SEO plugin v27.3 - https:\/\/yoast.com\/product\/yoast-seo-wordpress\/ -->\n<title>Cookies-Richtlinie &#187; HeroMask<\/title>\n<meta name=\"robots\" content=\"noindex, nofollow\" \/>\n<meta property=\"og:locale\" content=\"de_DE\" \/>\n<meta property=\"og:type\" content=\"article\" \/>\n<meta property=\"og:title\" content=\"Cookies-Richtlinie &#187; HeroMask\" \/>\n<meta property=\"og:description\" content=\"Ein Cookie ist eine kleine Textdatei, die in Ihrem Browser gespeichert wird, wenn Sie fast jede Webseite besuchen. Sein Nutzen besteht darin, dass sich das Web an Ihren Besuch erinnern kann, wenn Sie diese Seite wieder besuchen. Cookies speichern in der Regel Informationen technischer Art, pers\u00f6nliche Pr\u00e4ferenzen, Personalisierung von Inhalten, Nutzungsstatistiken, Links zu sozialen Netzwerken, Zugang zu Benutzerkonten usw. Der ...\" \/>\n<meta property=\"og:url\" content=\"https:\/\/www.edinventa.com\/de\/cookies-richtlinie\/\" \/>\n<meta property=\"og:site_name\" content=\"HeroMask\" \/>\n<meta property=\"article:publisher\" content=\"https:\/\/www.facebook.com\/heromask.edu\/\" \/>\n<meta name=\"twitter:card\" content=\"summary_large_image\" \/>\n<meta name=\"twitter:site\" content=\"@heromask_\" \/>\n<meta name=\"twitter:label1\" content=\"Gesch\u00e4tzte Lesezeit\" \/>\n\t<meta name=\"twitter:data1\" content=\"3\u00a0Minuten\" \/>\n<script type=\"application\/ld+json\" class=\"yoast-schema-graph\">{\"@context\":\"https:\\\/\\\/schema.org\",\"@graph\":[{\"@type\":\"WebPage\",\"@id\":\"https:\\\/\\\/www.edinventa.com\\\/de\\\/cookies-richtlinie\\\/\",\"url\":\"https:\\\/\\\/www.edinventa.com\\\/de\\\/cookies-richtlinie\\\/\",\"name\":\"Cookies-Richtlinie &#187; HeroMask\",\"isPartOf\":{\"@id\":\"https:\\\/\\\/www.edinventa.com\\\/de\\\/#website\"},\"datePublished\":\"2021-02-08T12:51:27+00:00\",\"breadcrumb\":{\"@id\":\"https:\\\/\\\/www.edinventa.com\\\/de\\\/cookies-richtlinie\\\/#breadcrumb\"},\"inLanguage\":\"de\",\"potentialAction\":[{\"@type\":\"ReadAction\",\"target\":[\"https:\\\/\\\/www.edinventa.com\\\/de\\\/cookies-richtlinie\\\/\"]}]},{\"@type\":\"BreadcrumbList\",\"@id\":\"https:\\\/\\\/www.edinventa.com\\\/de\\\/cookies-richtlinie\\\/#breadcrumb\",\"itemListElement\":[{\"@type\":\"ListItem\",\"position\":1,\"name\":\"Portada\",\"item\":\"https:\\\/\\\/www.edinventa.com\\\/de\\\/\"},{\"@type\":\"ListItem\",\"position\":2,\"name\":\"Cookies-Richtlinie\"}]},{\"@type\":\"WebSite\",\"@id\":\"https:\\\/\\\/www.edinventa.com\\\/de\\\/#website\",\"url\":\"https:\\\/\\\/www.edinventa.com\\\/de\\\/\",\"name\":\"HeroMask\",\"description\":\"la m\u00e1scara de realidad virtual para aprender jugando\",\"publisher\":{\"@id\":\"https:\\\/\\\/www.edinventa.com\\\/de\\\/#organization\"},\"potentialAction\":[{\"@type\":\"SearchAction\",\"target\":{\"@type\":\"EntryPoint\",\"urlTemplate\":\"https:\\\/\\\/www.edinventa.com\\\/de\\\/?s={search_term_string}\"},\"query-input\":{\"@type\":\"PropertyValueSpecification\",\"valueRequired\":true,\"valueName\":\"search_term_string\"}}],\"inLanguage\":\"de\"},{\"@type\":\"Organization\",\"@id\":\"https:\\\/\\\/www.edinventa.com\\\/de\\\/#organization\",\"name\":\"Heromask\",\"url\":\"https:\\\/\\\/www.edinventa.com\\\/de\\\/\",\"logo\":{\"@type\":\"ImageObject\",\"inLanguage\":\"de\",\"@id\":\"https:\\\/\\\/www.edinventa.com\\\/de\\\/#\\\/schema\\\/logo\\\/image\\\/\",\"url\":\"https:\\\/\\\/www.edinventa.com\\\/wp-content\\\/uploads\\\/2018\\\/08\\\/logo-Heromask-suavizado-01.png\",\"contentUrl\":\"https:\\\/\\\/www.edinventa.com\\\/wp-content\\\/uploads\\\/2018\\\/08\\\/logo-Heromask-suavizado-01.png\",\"width\":519,\"height\":106,\"caption\":\"Heromask\"},\"image\":{\"@id\":\"https:\\\/\\\/www.edinventa.com\\\/de\\\/#\\\/schema\\\/logo\\\/image\\\/\"},\"sameAs\":[\"https:\\\/\\\/www.facebook.com\\\/heromask.edu\\\/\",\"https:\\\/\\\/x.com\\\/heromask_\",\"https:\\\/\\\/www.instagram.com\\\/heromask.ed\\\/\",\"https:\\\/\\\/www.linkedin.com\\\/company\\\/heromask\\\/\"]}]}<\/script>\n<!-- \/ Yoast SEO plugin. -->","yoast_head_json":{"title":"Cookies-Richtlinie &#187; HeroMask","robots":{"index":"noindex","follow":"nofollow"},"og_locale":"de_DE","og_type":"article","og_title":"Cookies-Richtlinie &#187; HeroMask","og_description":"Ein Cookie ist eine kleine Textdatei, die in Ihrem Browser gespeichert wird, wenn Sie fast jede Webseite besuchen. Sein Nutzen besteht darin, dass sich das Web an Ihren Besuch erinnern kann, wenn Sie diese Seite wieder besuchen. Cookies speichern in der Regel Informationen technischer Art, pers\u00f6nliche Pr\u00e4ferenzen, Personalisierung von Inhalten, Nutzungsstatistiken, Links zu sozialen Netzwerken, Zugang zu Benutzerkonten usw. Der ...","og_url":"https:\/\/www.edinventa.com\/de\/cookies-richtlinie\/","og_site_name":"HeroMask","article_publisher":"https:\/\/www.facebook.com\/heromask.edu\/","twitter_card":"summary_large_image","twitter_site":"@heromask_","twitter_misc":{"Gesch\u00e4tzte Lesezeit":"3\u00a0Minuten"},"schema":{"@context":"https:\/\/schema.org","@graph":[{"@type":"WebPage","@id":"https:\/\/www.edinventa.com\/de\/cookies-richtlinie\/","url":"https:\/\/www.edinventa.com\/de\/cookies-richtlinie\/","name":"Cookies-Richtlinie &#187; HeroMask","isPartOf":{"@id":"https:\/\/www.edinventa.com\/de\/#website"},"datePublished":"2021-02-08T12:51:27+00:00","breadcrumb":{"@id":"https:\/\/www.edinventa.com\/de\/cookies-richtlinie\/#breadcrumb"},"inLanguage":"de","potentialAction":[{"@type":"ReadAction","target":["https:\/\/www.edinventa.com\/de\/cookies-richtlinie\/"]}]},{"@type":"BreadcrumbList","@id":"https:\/\/www.edinventa.com\/de\/cookies-richtlinie\/#breadcrumb","itemListElement":[{"@type":"ListItem","position":1,"name":"Portada","item":"https:\/\/www.edinventa.com\/de\/"},{"@type":"ListItem","position":2,"name":"Cookies-Richtlinie"}]},{"@type":"WebSite","@id":"https:\/\/www.edinventa.com\/de\/#website","url":"https:\/\/www.edinventa.com\/de\/","name":"HeroMask","description":"la m\u00e1scara de realidad virtual para aprender jugando","publisher":{"@id":"https:\/\/www.edinventa.com\/de\/#organization"},"potentialAction":[{"@type":"SearchAction","target":{"@type":"EntryPoint","urlTemplate":"https:\/\/www.edinventa.com\/de\/?s={search_term_string}"},"query-input":{"@type":"PropertyValueSpecification","valueRequired":true,"valueName":"search_term_string"}}],"inLanguage":"de"},{"@type":"Organization","@id":"https:\/\/www.edinventa.com\/de\/#organization","name":"Heromask","url":"https:\/\/www.edinventa.com\/de\/","logo":{"@type":"ImageObject","inLanguage":"de","@id":"https:\/\/www.edinventa.com\/de\/#\/schema\/logo\/image\/","url":"https:\/\/www.edinventa.com\/wp-content\/uploads\/2018\/08\/logo-Heromask-suavizado-01.png","contentUrl":"https:\/\/www.edinventa.com\/wp-content\/uploads\/2018\/08\/logo-Heromask-suavizado-01.png","width":519,"height":106,"caption":"Heromask"},"image":{"@id":"https:\/\/www.edinventa.com\/de\/#\/schema\/logo\/image\/"},"sameAs":["https:\/\/www.facebook.com\/heromask.edu\/","https:\/\/x.com\/heromask_","https:\/\/www.instagram.com\/heromask.ed\/","https:\/\/www.linkedin.com\/company\/heromask\/"]}]}},"_links":{"self":[{"href":"https:\/\/www.edinventa.com\/de\/wp-json\/wp\/v2\/pages\/9714","targetHints":{"allow":["GET"]}}],"collection":[{"href":"https:\/\/www.edinventa.com\/de\/wp-json\/wp\/v2\/pages"}],"about":[{"href":"https:\/\/www.edinventa.com\/de\/wp-json\/wp\/v2\/types\/page"}],"author":[{"embeddable":true,"href":"https:\/\/www.edinventa.com\/de\/wp-json\/wp\/v2\/users\/47"}],"replies":[{"embeddable":true,"href":"https:\/\/www.edinventa.com\/de\/wp-json\/wp\/v2\/comments?post=9714"}],"version-history":[{"count":0,"href":"https:\/\/www.edinventa.com\/de\/wp-json\/wp\/v2\/pages\/9714\/revisions"}],"wp:attachment":[{"href":"https:\/\/www.edinventa.com\/de\/wp-json\/wp\/v2\/media?parent=9714"}],"curies":[{"name":"wp","href":"https:\/\/api.w.org\/{rel}","templated":true}]}}