{"id":31846,"date":"2024-07-29T10:05:03","date_gmt":"2024-07-29T10:05:03","guid":{"rendered":"https:\/\/www.edinventa.com\/?page_id=31846"},"modified":"2024-10-09T15:20:35","modified_gmt":"2024-10-09T15:20:35","slug":"warranty","status":"publish","type":"page","link":"https:\/\/www.edinventa.com\/en-GB\/warranty\/","title":{"rendered":"Activate your Extended Warranty"},"content":{"rendered":"<div id=\"cs-content\" class=\"cs-content\"><\/div>\n","protected":false},"excerpt":{"rendered":"<p>Espa\u00f1ol English Fran\u00e7ais Deutsch Italiano US polski \u010ce\u0161tina UK Nederlands \u0420\u0443\u0441\u0441\u043a\u0438\u0439 Portugu\u00eas English (Canada) Mex Espa\u00f1ol * Extended warranty is a limited time promotion, applicable to all Heromask VR products during the promotion period.How to claim my Heromask Extended Warranty Select your favourite contact method below. Follow the instructions of our support team to activate it. Select your contact method&nbsp;WhatsAppFacebookEmailTelegram&nbsp;InstagramWhat &#8230;<\/p>\n","protected":false},"author":23,"featured_media":0,"parent":0,"menu_order":0,"comment_status":"closed","ping_status":"closed","template":"","meta":{"rs_blank_template":"","rs_page_bg_color":"","slide_template_v7":"","_joinchat":[],"footnotes":""},"class_list":["post-31846","page","type-page","status-publish","hentry","no-post-thumbnail"],"yoast_head":"<!-- This site is optimized with the Yoast SEO plugin v27.3 - https:\/\/yoast.com\/product\/yoast-seo-wordpress\/ -->\n<title>Activate your Extended Warranty &#187; HeroMask<\/title>\n<meta name=\"robots\" content=\"index, follow, max-snippet:-1, max-image-preview:large, max-video-preview:-1\" \/>\n<link rel=\"canonical\" href=\"https:\/\/www.edinventa.com\/en-GB\/warranty\/\" \/>\n<meta property=\"og:locale\" content=\"en_GB\" \/>\n<meta property=\"og:type\" content=\"article\" \/>\n<meta property=\"og:title\" content=\"Activate your Extended Warranty &#187; HeroMask\" \/>\n<meta property=\"og:description\" content=\"Espa\u00f1ol English Fran\u00e7ais Deutsch Italiano US polski \u010ce\u0161tina UK Nederlands \u0420\u0443\u0441\u0441\u043a\u0438\u0439 Portugu\u00eas English (Canada) Mex Espa\u00f1ol * Extended warranty is a limited time promotion, applicable to all Heromask VR products during the promotion period.How to claim my Heromask Extended Warranty Select your favourite contact method below. Follow the instructions of our support team to activate it. Select your contact method&nbsp;WhatsAppFacebookEmailTelegram&nbsp;InstagramWhat ...\" \/>\n<meta property=\"og:url\" content=\"https:\/\/www.edinventa.com\/en-GB\/warranty\/\" \/>\n<meta property=\"og:site_name\" content=\"HeroMask\" \/>\n<meta property=\"article:publisher\" content=\"https:\/\/www.facebook.com\/heromask.edu\/\" \/>\n<meta property=\"article:modified_time\" content=\"2024-10-09T15:20:35+00:00\" \/>\n<meta name=\"twitter:card\" content=\"summary_large_image\" \/>\n<meta name=\"twitter:site\" content=\"@heromask_\" \/>\n<meta name=\"twitter:label1\" content=\"Estimated reading time\" \/>\n\t<meta name=\"twitter:data1\" content=\"7 minutes\" \/>\n<script type=\"application\/ld+json\" class=\"yoast-schema-graph\">{\"@context\":\"https:\\\/\\\/schema.org\",\"@graph\":[{\"@type\":\"WebPage\",\"@id\":\"https:\\\/\\\/www.edinventa.com\\\/en-GB\\\/warranty\\\/\",\"url\":\"https:\\\/\\\/www.edinventa.com\\\/en-GB\\\/warranty\\\/\",\"name\":\"Activate your Extended Warranty &#187; HeroMask\",\"isPartOf\":{\"@id\":\"https:\\\/\\\/www.edinventa.com\\\/en-GB\\\/#website\"},\"datePublished\":\"2024-07-29T10:05:03+00:00\",\"dateModified\":\"2024-10-09T15:20:35+00:00\",\"breadcrumb\":{\"@id\":\"https:\\\/\\\/www.edinventa.com\\\/en-GB\\\/warranty\\\/#breadcrumb\"},\"inLanguage\":\"en-GB\",\"potentialAction\":[{\"@type\":\"ReadAction\",\"target\":[\"https:\\\/\\\/www.edinventa.com\\\/en-GB\\\/warranty\\\/\"]}]},{\"@type\":\"BreadcrumbList\",\"@id\":\"https:\\\/\\\/www.edinventa.com\\\/en-GB\\\/warranty\\\/#breadcrumb\",\"itemListElement\":[{\"@type\":\"ListItem\",\"position\":1,\"name\":\"Portada\",\"item\":\"https:\\\/\\\/www.edinventa.com\\\/en-GB\\\/\"},{\"@type\":\"ListItem\",\"position\":2,\"name\":\"Activate your Extended Warranty\"}]},{\"@type\":\"WebSite\",\"@id\":\"https:\\\/\\\/www.edinventa.com\\\/en-GB\\\/#website\",\"url\":\"https:\\\/\\\/www.edinventa.com\\\/en-GB\\\/\",\"name\":\"HeroMask\",\"description\":\"la m\u00e1scara de realidad virtual para aprender jugando\",\"publisher\":{\"@id\":\"https:\\\/\\\/www.edinventa.com\\\/en-GB\\\/#organization\"},\"potentialAction\":[{\"@type\":\"SearchAction\",\"target\":{\"@type\":\"EntryPoint\",\"urlTemplate\":\"https:\\\/\\\/www.edinventa.com\\\/en-GB\\\/?s={search_term_string}\"},\"query-input\":{\"@type\":\"PropertyValueSpecification\",\"valueRequired\":true,\"valueName\":\"search_term_string\"}}],\"inLanguage\":\"en-GB\"},{\"@type\":\"Organization\",\"@id\":\"https:\\\/\\\/www.edinventa.com\\\/en-GB\\\/#organization\",\"name\":\"Heromask\",\"url\":\"https:\\\/\\\/www.edinventa.com\\\/en-GB\\\/\",\"logo\":{\"@type\":\"ImageObject\",\"inLanguage\":\"en-GB\",\"@id\":\"https:\\\/\\\/www.edinventa.com\\\/en-GB\\\/#\\\/schema\\\/logo\\\/image\\\/\",\"url\":\"https:\\\/\\\/www.edinventa.com\\\/wp-content\\\/uploads\\\/2018\\\/08\\\/logo-Heromask-suavizado-01.png\",\"contentUrl\":\"https:\\\/\\\/www.edinventa.com\\\/wp-content\\\/uploads\\\/2018\\\/08\\\/logo-Heromask-suavizado-01.png\",\"width\":519,\"height\":106,\"caption\":\"Heromask\"},\"image\":{\"@id\":\"https:\\\/\\\/www.edinventa.com\\\/en-GB\\\/#\\\/schema\\\/logo\\\/image\\\/\"},\"sameAs\":[\"https:\\\/\\\/www.facebook.com\\\/heromask.edu\\\/\",\"https:\\\/\\\/x.com\\\/heromask_\",\"https:\\\/\\\/www.instagram.com\\\/heromask.ed\\\/\",\"https:\\\/\\\/www.linkedin.com\\\/company\\\/heromask\\\/\"]}]}<\/script>\n<!-- \/ Yoast SEO plugin. -->","yoast_head_json":{"title":"Activate your Extended Warranty &#187; HeroMask","robots":{"index":"index","follow":"follow","max-snippet":"max-snippet:-1","max-image-preview":"max-image-preview:large","max-video-preview":"max-video-preview:-1"},"canonical":"https:\/\/www.edinventa.com\/en-GB\/warranty\/","og_locale":"en_GB","og_type":"article","og_title":"Activate your Extended Warranty &#187; HeroMask","og_description":"Espa\u00f1ol English Fran\u00e7ais Deutsch Italiano US polski \u010ce\u0161tina UK Nederlands \u0420\u0443\u0441\u0441\u043a\u0438\u0439 Portugu\u00eas English (Canada) Mex Espa\u00f1ol * Extended warranty is a limited time promotion, applicable to all Heromask VR products during the promotion period.How to claim my Heromask Extended Warranty Select your favourite contact method below. Follow the instructions of our support team to activate it. Select your contact method&nbsp;WhatsAppFacebookEmailTelegram&nbsp;InstagramWhat ...","og_url":"https:\/\/www.edinventa.com\/en-GB\/warranty\/","og_site_name":"HeroMask","article_publisher":"https:\/\/www.facebook.com\/heromask.edu\/","article_modified_time":"2024-10-09T15:20:35+00:00","twitter_card":"summary_large_image","twitter_site":"@heromask_","twitter_misc":{"Estimated reading time":"7 minutes"},"schema":{"@context":"https:\/\/schema.org","@graph":[{"@type":"WebPage","@id":"https:\/\/www.edinventa.com\/en-GB\/warranty\/","url":"https:\/\/www.edinventa.com\/en-GB\/warranty\/","name":"Activate your Extended Warranty &#187; HeroMask","isPartOf":{"@id":"https:\/\/www.edinventa.com\/en-GB\/#website"},"datePublished":"2024-07-29T10:05:03+00:00","dateModified":"2024-10-09T15:20:35+00:00","breadcrumb":{"@id":"https:\/\/www.edinventa.com\/en-GB\/warranty\/#breadcrumb"},"inLanguage":"en-GB","potentialAction":[{"@type":"ReadAction","target":["https:\/\/www.edinventa.com\/en-GB\/warranty\/"]}]},{"@type":"BreadcrumbList","@id":"https:\/\/www.edinventa.com\/en-GB\/warranty\/#breadcrumb","itemListElement":[{"@type":"ListItem","position":1,"name":"Portada","item":"https:\/\/www.edinventa.com\/en-GB\/"},{"@type":"ListItem","position":2,"name":"Activate your Extended Warranty"}]},{"@type":"WebSite","@id":"https:\/\/www.edinventa.com\/en-GB\/#website","url":"https:\/\/www.edinventa.com\/en-GB\/","name":"HeroMask","description":"la m\u00e1scara de realidad virtual para aprender jugando","publisher":{"@id":"https:\/\/www.edinventa.com\/en-GB\/#organization"},"potentialAction":[{"@type":"SearchAction","target":{"@type":"EntryPoint","urlTemplate":"https:\/\/www.edinventa.com\/en-GB\/?s={search_term_string}"},"query-input":{"@type":"PropertyValueSpecification","valueRequired":true,"valueName":"search_term_string"}}],"inLanguage":"en-GB"},{"@type":"Organization","@id":"https:\/\/www.edinventa.com\/en-GB\/#organization","name":"Heromask","url":"https:\/\/www.edinventa.com\/en-GB\/","logo":{"@type":"ImageObject","inLanguage":"en-GB","@id":"https:\/\/www.edinventa.com\/en-GB\/#\/schema\/logo\/image\/","url":"https:\/\/www.edinventa.com\/wp-content\/uploads\/2018\/08\/logo-Heromask-suavizado-01.png","contentUrl":"https:\/\/www.edinventa.com\/wp-content\/uploads\/2018\/08\/logo-Heromask-suavizado-01.png","width":519,"height":106,"caption":"Heromask"},"image":{"@id":"https:\/\/www.edinventa.com\/en-GB\/#\/schema\/logo\/image\/"},"sameAs":["https:\/\/www.facebook.com\/heromask.edu\/","https:\/\/x.com\/heromask_","https:\/\/www.instagram.com\/heromask.ed\/","https:\/\/www.linkedin.com\/company\/heromask\/"]}]}},"_links":{"self":[{"href":"https:\/\/www.edinventa.com\/en-GB\/wp-json\/wp\/v2\/pages\/31846","targetHints":{"allow":["GET"]}}],"collection":[{"href":"https:\/\/www.edinventa.com\/en-GB\/wp-json\/wp\/v2\/pages"}],"about":[{"href":"https:\/\/www.edinventa.com\/en-GB\/wp-json\/wp\/v2\/types\/page"}],"author":[{"embeddable":true,"href":"https:\/\/www.edinventa.com\/en-GB\/wp-json\/wp\/v2\/users\/23"}],"replies":[{"embeddable":true,"href":"https:\/\/www.edinventa.com\/en-GB\/wp-json\/wp\/v2\/comments?post=31846"}],"version-history":[{"count":0,"href":"https:\/\/www.edinventa.com\/en-GB\/wp-json\/wp\/v2\/pages\/31846\/revisions"}],"wp:attachment":[{"href":"https:\/\/www.edinventa.com\/en-GB\/wp-json\/wp\/v2\/media?parent=31846"}],"curies":[{"name":"wp","href":"https:\/\/api.w.org\/{rel}","templated":true}]}}