{"id":48045,"date":"2024-12-16T09:54:50","date_gmt":"2024-12-16T09:54:50","guid":{"rendered":"https:\/\/www.edinventa.com\/?page_id=48045"},"modified":"2025-04-30T10:05:53","modified_gmt":"2025-04-30T10:05:53","slug":"heromask-tales-not-available","status":"publish","type":"page","link":"https:\/\/www.edinventa.com\/en-GB\/heromask-tales-not-available\/","title":{"rendered":"Heromask Tales (Not Available)"},"content":{"rendered":"<div id=\"cs-content\" class=\"cs-content\"><\/div>\n","protected":false},"excerpt":{"rendered":"<p>Espa\u00f1ol English Fran\u00e7ais Deutsch Italiano US polski \u010ce\u0161tina UK Nederlands \u0420\u0443\u0441\u0441\u043a\u0438\u0439 Portugu\u00eas English (Canada) Mex Espa\u00f1ol Heromask Tales: Heromask&#8217;s educational holographic storytelling pyramid! Heromask Tales 74\u20ac 39\u20ac Manufacturer&#8217;s official website. Available only in Spain. Available only in Spain. Heromask Tales Holographic Pyramid Heromask Tales 3D App App updates and new stories free included Available only in Spain. Heromask Languages Double &#8230;<\/p>\n","protected":false},"author":47,"featured_media":0,"parent":0,"menu_order":0,"comment_status":"closed","ping_status":"closed","template":"","meta":{"rs_blank_template":"","rs_page_bg_color":"","slide_template_v7":"","_joinchat":[],"footnotes":""},"class_list":["post-48045","page","type-page","status-publish","hentry","no-post-thumbnail"],"yoast_head":"<!-- This site is optimized with the Yoast SEO plugin v27.3 - https:\/\/yoast.com\/product\/yoast-seo-wordpress\/ -->\n<title>Heromask Tales (Not Available) &#187; HeroMask<\/title>\n<meta name=\"robots\" content=\"index, follow, max-snippet:-1, max-image-preview:large, max-video-preview:-1\" \/>\n<link rel=\"canonical\" href=\"https:\/\/www.edinventa.com\/en-GB\/heromask-tales-not-available\/\" \/>\n<meta property=\"og:locale\" content=\"en_GB\" \/>\n<meta property=\"og:type\" content=\"article\" \/>\n<meta property=\"og:title\" content=\"Heromask Tales (Not Available) &#187; HeroMask\" \/>\n<meta property=\"og:description\" content=\"Espa\u00f1ol English Fran\u00e7ais Deutsch Italiano US polski \u010ce\u0161tina UK Nederlands \u0420\u0443\u0441\u0441\u043a\u0438\u0439 Portugu\u00eas English (Canada) Mex Espa\u00f1ol Heromask Tales: Heromask&#039;s educational holographic storytelling pyramid! Heromask Tales 74\u20ac 39\u20ac Manufacturer&#039;s official website. Available only in Spain. Available only in Spain. Heromask Tales Holographic Pyramid Heromask Tales 3D App App updates and new stories free included Available only in Spain. Heromask Languages Double ...\" \/>\n<meta property=\"og:url\" content=\"https:\/\/www.edinventa.com\/en-GB\/heromask-tales-not-available\/\" \/>\n<meta property=\"og:site_name\" content=\"HeroMask\" \/>\n<meta property=\"article:publisher\" content=\"https:\/\/www.facebook.com\/heromask.edu\/\" \/>\n<meta property=\"article:modified_time\" content=\"2025-04-30T10:05:53+00:00\" \/>\n<meta name=\"twitter:card\" content=\"summary_large_image\" \/>\n<meta name=\"twitter:site\" content=\"@heromask_\" \/>\n<script type=\"application\/ld+json\" class=\"yoast-schema-graph\">{\"@context\":\"https:\\\/\\\/schema.org\",\"@graph\":[{\"@type\":\"WebPage\",\"@id\":\"https:\\\/\\\/www.edinventa.com\\\/en-GB\\\/heromask-tales-not-available\\\/\",\"url\":\"https:\\\/\\\/www.edinventa.com\\\/en-GB\\\/heromask-tales-not-available\\\/\",\"name\":\"Heromask Tales (Not Available) &#187; HeroMask\",\"isPartOf\":{\"@id\":\"https:\\\/\\\/www.edinventa.com\\\/en-GB\\\/#website\"},\"datePublished\":\"2024-12-16T09:54:50+00:00\",\"dateModified\":\"2025-04-30T10:05:53+00:00\",\"breadcrumb\":{\"@id\":\"https:\\\/\\\/www.edinventa.com\\\/en-GB\\\/heromask-tales-not-available\\\/#breadcrumb\"},\"inLanguage\":\"en-GB\",\"potentialAction\":[{\"@type\":\"ReadAction\",\"target\":[\"https:\\\/\\\/www.edinventa.com\\\/en-GB\\\/heromask-tales-not-available\\\/\"]}]},{\"@type\":\"BreadcrumbList\",\"@id\":\"https:\\\/\\\/www.edinventa.com\\\/en-GB\\\/heromask-tales-not-available\\\/#breadcrumb\",\"itemListElement\":[{\"@type\":\"ListItem\",\"position\":1,\"name\":\"Portada\",\"item\":\"https:\\\/\\\/www.edinventa.com\\\/en-GB\\\/\"},{\"@type\":\"ListItem\",\"position\":2,\"name\":\"Heromask Tales (Not Available)\"}]},{\"@type\":\"WebSite\",\"@id\":\"https:\\\/\\\/www.edinventa.com\\\/en-GB\\\/#website\",\"url\":\"https:\\\/\\\/www.edinventa.com\\\/en-GB\\\/\",\"name\":\"HeroMask\",\"description\":\"la m\u00e1scara de realidad virtual para aprender jugando\",\"publisher\":{\"@id\":\"https:\\\/\\\/www.edinventa.com\\\/en-GB\\\/#organization\"},\"potentialAction\":[{\"@type\":\"SearchAction\",\"target\":{\"@type\":\"EntryPoint\",\"urlTemplate\":\"https:\\\/\\\/www.edinventa.com\\\/en-GB\\\/?s={search_term_string}\"},\"query-input\":{\"@type\":\"PropertyValueSpecification\",\"valueRequired\":true,\"valueName\":\"search_term_string\"}}],\"inLanguage\":\"en-GB\"},{\"@type\":\"Organization\",\"@id\":\"https:\\\/\\\/www.edinventa.com\\\/en-GB\\\/#organization\",\"name\":\"Heromask\",\"url\":\"https:\\\/\\\/www.edinventa.com\\\/en-GB\\\/\",\"logo\":{\"@type\":\"ImageObject\",\"inLanguage\":\"en-GB\",\"@id\":\"https:\\\/\\\/www.edinventa.com\\\/en-GB\\\/#\\\/schema\\\/logo\\\/image\\\/\",\"url\":\"https:\\\/\\\/www.edinventa.com\\\/wp-content\\\/uploads\\\/2018\\\/08\\\/logo-Heromask-suavizado-01.png\",\"contentUrl\":\"https:\\\/\\\/www.edinventa.com\\\/wp-content\\\/uploads\\\/2018\\\/08\\\/logo-Heromask-suavizado-01.png\",\"width\":519,\"height\":106,\"caption\":\"Heromask\"},\"image\":{\"@id\":\"https:\\\/\\\/www.edinventa.com\\\/en-GB\\\/#\\\/schema\\\/logo\\\/image\\\/\"},\"sameAs\":[\"https:\\\/\\\/www.facebook.com\\\/heromask.edu\\\/\",\"https:\\\/\\\/x.com\\\/heromask_\",\"https:\\\/\\\/www.instagram.com\\\/heromask.ed\\\/\",\"https:\\\/\\\/www.linkedin.com\\\/company\\\/heromask\\\/\"]}]}<\/script>\n<!-- \/ Yoast SEO plugin. -->","yoast_head_json":{"title":"Heromask Tales (Not Available) &#187; HeroMask","robots":{"index":"index","follow":"follow","max-snippet":"max-snippet:-1","max-image-preview":"max-image-preview:large","max-video-preview":"max-video-preview:-1"},"canonical":"https:\/\/www.edinventa.com\/en-GB\/heromask-tales-not-available\/","og_locale":"en_GB","og_type":"article","og_title":"Heromask Tales (Not Available) &#187; HeroMask","og_description":"Espa\u00f1ol English Fran\u00e7ais Deutsch Italiano US polski \u010ce\u0161tina UK Nederlands \u0420\u0443\u0441\u0441\u043a\u0438\u0439 Portugu\u00eas English (Canada) Mex Espa\u00f1ol Heromask Tales: Heromask's educational holographic storytelling pyramid! Heromask Tales 74\u20ac 39\u20ac Manufacturer's official website. Available only in Spain. Available only in Spain. Heromask Tales Holographic Pyramid Heromask Tales 3D App App updates and new stories free included Available only in Spain. Heromask Languages Double ...","og_url":"https:\/\/www.edinventa.com\/en-GB\/heromask-tales-not-available\/","og_site_name":"HeroMask","article_publisher":"https:\/\/www.facebook.com\/heromask.edu\/","article_modified_time":"2025-04-30T10:05:53+00:00","twitter_card":"summary_large_image","twitter_site":"@heromask_","schema":{"@context":"https:\/\/schema.org","@graph":[{"@type":"WebPage","@id":"https:\/\/www.edinventa.com\/en-GB\/heromask-tales-not-available\/","url":"https:\/\/www.edinventa.com\/en-GB\/heromask-tales-not-available\/","name":"Heromask Tales (Not Available) &#187; HeroMask","isPartOf":{"@id":"https:\/\/www.edinventa.com\/en-GB\/#website"},"datePublished":"2024-12-16T09:54:50+00:00","dateModified":"2025-04-30T10:05:53+00:00","breadcrumb":{"@id":"https:\/\/www.edinventa.com\/en-GB\/heromask-tales-not-available\/#breadcrumb"},"inLanguage":"en-GB","potentialAction":[{"@type":"ReadAction","target":["https:\/\/www.edinventa.com\/en-GB\/heromask-tales-not-available\/"]}]},{"@type":"BreadcrumbList","@id":"https:\/\/www.edinventa.com\/en-GB\/heromask-tales-not-available\/#breadcrumb","itemListElement":[{"@type":"ListItem","position":1,"name":"Portada","item":"https:\/\/www.edinventa.com\/en-GB\/"},{"@type":"ListItem","position":2,"name":"Heromask Tales (Not Available)"}]},{"@type":"WebSite","@id":"https:\/\/www.edinventa.com\/en-GB\/#website","url":"https:\/\/www.edinventa.com\/en-GB\/","name":"HeroMask","description":"la m\u00e1scara de realidad virtual para aprender jugando","publisher":{"@id":"https:\/\/www.edinventa.com\/en-GB\/#organization"},"potentialAction":[{"@type":"SearchAction","target":{"@type":"EntryPoint","urlTemplate":"https:\/\/www.edinventa.com\/en-GB\/?s={search_term_string}"},"query-input":{"@type":"PropertyValueSpecification","valueRequired":true,"valueName":"search_term_string"}}],"inLanguage":"en-GB"},{"@type":"Organization","@id":"https:\/\/www.edinventa.com\/en-GB\/#organization","name":"Heromask","url":"https:\/\/www.edinventa.com\/en-GB\/","logo":{"@type":"ImageObject","inLanguage":"en-GB","@id":"https:\/\/www.edinventa.com\/en-GB\/#\/schema\/logo\/image\/","url":"https:\/\/www.edinventa.com\/wp-content\/uploads\/2018\/08\/logo-Heromask-suavizado-01.png","contentUrl":"https:\/\/www.edinventa.com\/wp-content\/uploads\/2018\/08\/logo-Heromask-suavizado-01.png","width":519,"height":106,"caption":"Heromask"},"image":{"@id":"https:\/\/www.edinventa.com\/en-GB\/#\/schema\/logo\/image\/"},"sameAs":["https:\/\/www.facebook.com\/heromask.edu\/","https:\/\/x.com\/heromask_","https:\/\/www.instagram.com\/heromask.ed\/","https:\/\/www.linkedin.com\/company\/heromask\/"]}]}},"_links":{"self":[{"href":"https:\/\/www.edinventa.com\/en-GB\/wp-json\/wp\/v2\/pages\/48045","targetHints":{"allow":["GET"]}}],"collection":[{"href":"https:\/\/www.edinventa.com\/en-GB\/wp-json\/wp\/v2\/pages"}],"about":[{"href":"https:\/\/www.edinventa.com\/en-GB\/wp-json\/wp\/v2\/types\/page"}],"author":[{"embeddable":true,"href":"https:\/\/www.edinventa.com\/en-GB\/wp-json\/wp\/v2\/users\/47"}],"replies":[{"embeddable":true,"href":"https:\/\/www.edinventa.com\/en-GB\/wp-json\/wp\/v2\/comments?post=48045"}],"version-history":[{"count":0,"href":"https:\/\/www.edinventa.com\/en-GB\/wp-json\/wp\/v2\/pages\/48045\/revisions"}],"wp:attachment":[{"href":"https:\/\/www.edinventa.com\/en-GB\/wp-json\/wp\/v2\/media?parent=48045"}],"curies":[{"name":"wp","href":"https:\/\/api.w.org\/{rel}","templated":true}]}}