{"id":4226,"date":"2018-10-11T11:07:12","date_gmt":"2018-10-11T11:07:12","guid":{"rendered":"https:\/\/www.edinventa.com\/?page_id=4226"},"modified":"2025-12-05T11:30:59","modified_gmt":"2025-12-05T11:30:59","slug":"heromask-languages-mathematics","status":"publish","type":"page","link":"https:\/\/www.edinventa.com\/en-ca\/heromask-languages-mathematics\/","title":{"rendered":"Heromask Languages Mathematics"},"content":{"rendered":"<div id=\"cs-content\" class=\"cs-content\"><\/div>\n","protected":false},"excerpt":{"rendered":"<p>Espa\u00f1ol English Fran\u00e7ais Deutsch Italiano US polski \u010ce\u0161tina UK Nederlands \u0420\u0443\u0441\u0441\u043a\u0438\u0439 Portugu\u00eas English (Canada) Mex Espa\u00f1ol Amazing virtual reality games to learn languages and mathematics (VR headset included) Heromask Languages Double pack: Lang. + Math. (web only) 69&euro; 49&euro; 79&euro; 59&euro; In the meantime, please check our Amazon product page. Buy Stock: 18 Buy Stock: 20+ Heromask VR headset Heromask &#8230;<\/p>\n","protected":false},"author":47,"featured_media":6166,"parent":0,"menu_order":0,"comment_status":"open","ping_status":"closed","template":"template-layout-full-width.php","meta":{"rs_blank_template":"","rs_page_bg_color":"","slide_template_v7":"","_joinchat":[],"footnotes":""},"class_list":["post-4226","page","type-page","status-publish","has-post-thumbnail","hentry"],"yoast_head":"<!-- This site is optimized with the Yoast SEO plugin v27.3 - https:\/\/yoast.com\/product\/yoast-seo-wordpress\/ -->\n<title>Heromask Languages Mathematics &#187; The surprising Gift to learn with VR<\/title>\n<meta name=\"description\" content=\"Virtual reality games (VR headset included) to learn languages and mathematics for children aged 5, 6, 7, 8 ..., up to 12 years old\" \/>\n<meta name=\"robots\" content=\"index, follow, max-snippet:-1, max-image-preview:large, max-video-preview:-1\" \/>\n<link rel=\"canonical\" href=\"https:\/\/www.edinventa.com\/en-ca\/heromask-languages-mathematics\/\" \/>\n<meta property=\"og:locale\" content=\"en_US\" \/>\n<meta property=\"og:type\" content=\"article\" \/>\n<meta property=\"og:title\" content=\"Heromask Languages Mathematics &#187; The surprising Gift to learn with VR\" \/>\n<meta property=\"og:description\" content=\"Virtual reality games (VR headset included) to learn languages and mathematics for children aged 5, 6, 7, 8 ..., up to 12 years old\" \/>\n<meta property=\"og:url\" content=\"https:\/\/www.edinventa.com\/en-ca\/heromask-languages-mathematics\/\" \/>\n<meta property=\"og:site_name\" content=\"HeroMask\" \/>\n<meta property=\"article:publisher\" content=\"https:\/\/www.facebook.com\/heromask.edu\/\" \/>\n<meta property=\"article:modified_time\" content=\"2025-12-05T11:30:59+00:00\" \/>\n<meta property=\"og:image\" content=\"https:\/\/www.edinventa.com\/wp-content\/uploads\/2018\/08\/para-Amazon-heromask-packaging-2017-18.jpg\" \/>\n\t<meta property=\"og:image:width\" content=\"599\" \/>\n\t<meta property=\"og:image:height\" content=\"588\" \/>\n\t<meta property=\"og:image:type\" content=\"image\/jpeg\" \/>\n<meta name=\"twitter:card\" content=\"summary_large_image\" \/>\n<meta name=\"twitter:site\" content=\"@heromask_\" \/>\n<meta name=\"twitter:label1\" content=\"Est. reading time\" \/>\n\t<meta name=\"twitter:data1\" content=\"7 minutes\" \/>\n<script type=\"application\/ld+json\" class=\"yoast-schema-graph\">{\"@context\":\"https:\\\/\\\/schema.org\",\"@graph\":[{\"@type\":\"WebPage\",\"@id\":\"https:\\\/\\\/www.edinventa.com\\\/en-ca\\\/heromask-languages-mathematics\\\/\",\"url\":\"https:\\\/\\\/www.edinventa.com\\\/en-ca\\\/heromask-languages-mathematics\\\/\",\"name\":\"Heromask Languages Mathematics &#187; The surprising Gift to learn with VR\",\"isPartOf\":{\"@id\":\"https:\\\/\\\/www.edinventa.com\\\/en-ca\\\/#website\"},\"primaryImageOfPage\":{\"@id\":\"https:\\\/\\\/www.edinventa.com\\\/en-ca\\\/heromask-languages-mathematics\\\/#primaryimage\"},\"image\":{\"@id\":\"https:\\\/\\\/www.edinventa.com\\\/en-ca\\\/heromask-languages-mathematics\\\/#primaryimage\"},\"thumbnailUrl\":\"https:\\\/\\\/www.edinventa.com\\\/wp-content\\\/uploads\\\/2019\\\/11\\\/1-M-Math_V12_Nin\u0303oGrande_SinMargenes_-height-900-72p.jpg\",\"datePublished\":\"2018-10-11T11:07:12+00:00\",\"dateModified\":\"2025-12-05T11:30:59+00:00\",\"description\":\"Virtual reality games (VR headset included) to learn languages and mathematics for children aged 5, 6, 7, 8 ..., up to 12 years old\",\"breadcrumb\":{\"@id\":\"https:\\\/\\\/www.edinventa.com\\\/en-ca\\\/heromask-languages-mathematics\\\/#breadcrumb\"},\"inLanguage\":\"\\ten-CA\",\"potentialAction\":[{\"@type\":\"ReadAction\",\"target\":[\"https:\\\/\\\/www.edinventa.com\\\/en-ca\\\/heromask-languages-mathematics\\\/\"]}]},{\"@type\":\"ImageObject\",\"inLanguage\":\"\\ten-CA\",\"@id\":\"https:\\\/\\\/www.edinventa.com\\\/en-ca\\\/heromask-languages-mathematics\\\/#primaryimage\",\"url\":\"https:\\\/\\\/www.edinventa.com\\\/wp-content\\\/uploads\\\/2019\\\/11\\\/1-M-Math_V12_Nin\u0303oGrande_SinMargenes_-height-900-72p.jpg\",\"contentUrl\":\"https:\\\/\\\/www.edinventa.com\\\/wp-content\\\/uploads\\\/2019\\\/11\\\/1-M-Math_V12_Nin\u0303oGrande_SinMargenes_-height-900-72p.jpg\",\"width\":1092,\"height\":900},{\"@type\":\"BreadcrumbList\",\"@id\":\"https:\\\/\\\/www.edinventa.com\\\/en-ca\\\/heromask-languages-mathematics\\\/#breadcrumb\",\"itemListElement\":[{\"@type\":\"ListItem\",\"position\":1,\"name\":\"Portada\",\"item\":\"https:\\\/\\\/www.edinventa.com\\\/en-ca\\\/\"},{\"@type\":\"ListItem\",\"position\":2,\"name\":\"Heromask Languages Mathematics\"}]},{\"@type\":\"WebSite\",\"@id\":\"https:\\\/\\\/www.edinventa.com\\\/en-ca\\\/#website\",\"url\":\"https:\\\/\\\/www.edinventa.com\\\/en-ca\\\/\",\"name\":\"HeroMask\",\"description\":\"la m\u00e1scara de realidad virtual para aprender jugando\",\"publisher\":{\"@id\":\"https:\\\/\\\/www.edinventa.com\\\/en-ca\\\/#organization\"},\"potentialAction\":[{\"@type\":\"SearchAction\",\"target\":{\"@type\":\"EntryPoint\",\"urlTemplate\":\"https:\\\/\\\/www.edinventa.com\\\/en-ca\\\/?s={search_term_string}\"},\"query-input\":{\"@type\":\"PropertyValueSpecification\",\"valueRequired\":true,\"valueName\":\"search_term_string\"}}],\"inLanguage\":\"\\ten-CA\"},{\"@type\":\"Organization\",\"@id\":\"https:\\\/\\\/www.edinventa.com\\\/en-ca\\\/#organization\",\"name\":\"Heromask\",\"url\":\"https:\\\/\\\/www.edinventa.com\\\/en-ca\\\/\",\"logo\":{\"@type\":\"ImageObject\",\"inLanguage\":\"\\ten-CA\",\"@id\":\"https:\\\/\\\/www.edinventa.com\\\/en-ca\\\/#\\\/schema\\\/logo\\\/image\\\/\",\"url\":\"https:\\\/\\\/www.edinventa.com\\\/wp-content\\\/uploads\\\/2018\\\/08\\\/logo-Heromask-suavizado-01.png\",\"contentUrl\":\"https:\\\/\\\/www.edinventa.com\\\/wp-content\\\/uploads\\\/2018\\\/08\\\/logo-Heromask-suavizado-01.png\",\"width\":519,\"height\":106,\"caption\":\"Heromask\"},\"image\":{\"@id\":\"https:\\\/\\\/www.edinventa.com\\\/en-ca\\\/#\\\/schema\\\/logo\\\/image\\\/\"},\"sameAs\":[\"https:\\\/\\\/www.facebook.com\\\/heromask.edu\\\/\",\"https:\\\/\\\/x.com\\\/heromask_\",\"https:\\\/\\\/www.instagram.com\\\/heromask.ed\\\/\",\"https:\\\/\\\/www.linkedin.com\\\/company\\\/heromask\\\/\"]}]}<\/script>\n<!-- \/ Yoast SEO plugin. -->","yoast_head_json":{"title":"Heromask Languages Mathematics &#187; The surprising Gift to learn with VR","description":"Virtual reality games (VR headset included) to learn languages and mathematics for children aged 5, 6, 7, 8 ..., up to 12 years old","robots":{"index":"index","follow":"follow","max-snippet":"max-snippet:-1","max-image-preview":"max-image-preview:large","max-video-preview":"max-video-preview:-1"},"canonical":"https:\/\/www.edinventa.com\/en-ca\/heromask-languages-mathematics\/","og_locale":"en_US","og_type":"article","og_title":"Heromask Languages Mathematics &#187; The surprising Gift to learn with VR","og_description":"Virtual reality games (VR headset included) to learn languages and mathematics for children aged 5, 6, 7, 8 ..., up to 12 years old","og_url":"https:\/\/www.edinventa.com\/en-ca\/heromask-languages-mathematics\/","og_site_name":"HeroMask","article_publisher":"https:\/\/www.facebook.com\/heromask.edu\/","article_modified_time":"2025-12-05T11:30:59+00:00","og_image":[{"width":599,"height":588,"url":"https:\/\/www.edinventa.com\/wp-content\/uploads\/2018\/08\/para-Amazon-heromask-packaging-2017-18.jpg","type":"image\/jpeg"}],"twitter_card":"summary_large_image","twitter_site":"@heromask_","twitter_misc":{"Est. reading time":"7 minutes"},"schema":{"@context":"https:\/\/schema.org","@graph":[{"@type":"WebPage","@id":"https:\/\/www.edinventa.com\/en-ca\/heromask-languages-mathematics\/","url":"https:\/\/www.edinventa.com\/en-ca\/heromask-languages-mathematics\/","name":"Heromask Languages Mathematics &#187; The surprising Gift to learn with VR","isPartOf":{"@id":"https:\/\/www.edinventa.com\/en-ca\/#website"},"primaryImageOfPage":{"@id":"https:\/\/www.edinventa.com\/en-ca\/heromask-languages-mathematics\/#primaryimage"},"image":{"@id":"https:\/\/www.edinventa.com\/en-ca\/heromask-languages-mathematics\/#primaryimage"},"thumbnailUrl":"https:\/\/www.edinventa.com\/wp-content\/uploads\/2019\/11\/1-M-Math_V12_Nin\u0303oGrande_SinMargenes_-height-900-72p.jpg","datePublished":"2018-10-11T11:07:12+00:00","dateModified":"2025-12-05T11:30:59+00:00","description":"Virtual reality games (VR headset included) to learn languages and mathematics for children aged 5, 6, 7, 8 ..., up to 12 years old","breadcrumb":{"@id":"https:\/\/www.edinventa.com\/en-ca\/heromask-languages-mathematics\/#breadcrumb"},"inLanguage":"\ten-CA","potentialAction":[{"@type":"ReadAction","target":["https:\/\/www.edinventa.com\/en-ca\/heromask-languages-mathematics\/"]}]},{"@type":"ImageObject","inLanguage":"\ten-CA","@id":"https:\/\/www.edinventa.com\/en-ca\/heromask-languages-mathematics\/#primaryimage","url":"https:\/\/www.edinventa.com\/wp-content\/uploads\/2019\/11\/1-M-Math_V12_Nin\u0303oGrande_SinMargenes_-height-900-72p.jpg","contentUrl":"https:\/\/www.edinventa.com\/wp-content\/uploads\/2019\/11\/1-M-Math_V12_Nin\u0303oGrande_SinMargenes_-height-900-72p.jpg","width":1092,"height":900},{"@type":"BreadcrumbList","@id":"https:\/\/www.edinventa.com\/en-ca\/heromask-languages-mathematics\/#breadcrumb","itemListElement":[{"@type":"ListItem","position":1,"name":"Portada","item":"https:\/\/www.edinventa.com\/en-ca\/"},{"@type":"ListItem","position":2,"name":"Heromask Languages Mathematics"}]},{"@type":"WebSite","@id":"https:\/\/www.edinventa.com\/en-ca\/#website","url":"https:\/\/www.edinventa.com\/en-ca\/","name":"HeroMask","description":"la m\u00e1scara de realidad virtual para aprender jugando","publisher":{"@id":"https:\/\/www.edinventa.com\/en-ca\/#organization"},"potentialAction":[{"@type":"SearchAction","target":{"@type":"EntryPoint","urlTemplate":"https:\/\/www.edinventa.com\/en-ca\/?s={search_term_string}"},"query-input":{"@type":"PropertyValueSpecification","valueRequired":true,"valueName":"search_term_string"}}],"inLanguage":"\ten-CA"},{"@type":"Organization","@id":"https:\/\/www.edinventa.com\/en-ca\/#organization","name":"Heromask","url":"https:\/\/www.edinventa.com\/en-ca\/","logo":{"@type":"ImageObject","inLanguage":"\ten-CA","@id":"https:\/\/www.edinventa.com\/en-ca\/#\/schema\/logo\/image\/","url":"https:\/\/www.edinventa.com\/wp-content\/uploads\/2018\/08\/logo-Heromask-suavizado-01.png","contentUrl":"https:\/\/www.edinventa.com\/wp-content\/uploads\/2018\/08\/logo-Heromask-suavizado-01.png","width":519,"height":106,"caption":"Heromask"},"image":{"@id":"https:\/\/www.edinventa.com\/en-ca\/#\/schema\/logo\/image\/"},"sameAs":["https:\/\/www.facebook.com\/heromask.edu\/","https:\/\/x.com\/heromask_","https:\/\/www.instagram.com\/heromask.ed\/","https:\/\/www.linkedin.com\/company\/heromask\/"]}]}},"_links":{"self":[{"href":"https:\/\/www.edinventa.com\/en-ca\/wp-json\/wp\/v2\/pages\/4226","targetHints":{"allow":["GET"]}}],"collection":[{"href":"https:\/\/www.edinventa.com\/en-ca\/wp-json\/wp\/v2\/pages"}],"about":[{"href":"https:\/\/www.edinventa.com\/en-ca\/wp-json\/wp\/v2\/types\/page"}],"author":[{"embeddable":true,"href":"https:\/\/www.edinventa.com\/en-ca\/wp-json\/wp\/v2\/users\/47"}],"replies":[{"embeddable":true,"href":"https:\/\/www.edinventa.com\/en-ca\/wp-json\/wp\/v2\/comments?post=4226"}],"version-history":[{"count":1,"href":"https:\/\/www.edinventa.com\/en-ca\/wp-json\/wp\/v2\/pages\/4226\/revisions"}],"predecessor-version":[{"id":114876,"href":"https:\/\/www.edinventa.com\/en-ca\/wp-json\/wp\/v2\/pages\/4226\/revisions\/114876"}],"wp:featuredmedia":[{"embeddable":true,"href":"https:\/\/www.edinventa.com\/en-ca\/wp-json\/wp\/v2\/media\/6166"}],"wp:attachment":[{"href":"https:\/\/www.edinventa.com\/en-ca\/wp-json\/wp\/v2\/media?parent=4226"}],"curies":[{"name":"wp","href":"https:\/\/api.w.org\/{rel}","templated":true}]}}