{"id":3121,"date":"2018-05-24T19:48:54","date_gmt":"2018-05-24T19:48:54","guid":{"rendered":"https:\/\/www.edinventa.com\/?page_id=3121"},"modified":"2025-04-29T15:37:52","modified_gmt":"2025-04-29T15:37:52","slug":"general-terms-and-conditions","status":"publish","type":"page","link":"https:\/\/www.edinventa.com\/es\/general-terms-and-conditions\/","title":{"rendered":"Condiciones Generales de Contrataci\u00f3n"},"content":{"rendered":"\n<h4 class=\"wp-block-heading\"><span style=\"font-weight: 400;\">1. Introducci\u00f3n<\/span><\/h4>\n\n\n\n<p><span style=\"font-weight: 400;\">Las condiciones generales de venta descritas a continuaci\u00f3n (en adelante Condiciones Generales), rigen las relaciones contractuales entre todo usuario de la p\u00e1gina Web <\/span><a href=\"https:\/\/www.edinventa.com\"><span style=\"font-weight: 400;\">www.edinventa.com<\/span><\/a><span style=\"font-weight: 400;\"> &nbsp;(denominado en lo sucesivo \u00abUSUARIO\u00bb) y la entidad comercial CM GAME RULES LTD. (en adelante, La COMPA\u00d1\u00cdA). <\/span><\/p>\n\n\n\n<p><span style=\"font-weight: 400;\">Estas condiciones generales de venta son las \u00fanicas aplicables y reemplazan cualquier otra condici\u00f3n general, excepto en caso de anulaci\u00f3n previa, expresa y escrita. La COMPA\u00d1\u00cdA puede ocasionalmente modificar los art\u00edculos de sus condiciones generales, por lo que es aconsejable que \u00e9stas sean le\u00eddas en cada visita de la p\u00e1gina Web <\/span><a href=\"https:\/\/www.edinventa.com\"><span style=\"font-weight: 400;\">www.edinventa.com<\/span><\/a><span style=\"font-weight: 400;\"> (denominada en adelante \u00abLa WEB\u00bb).<\/span><\/p>\n\n\n\n<p><span style=\"font-weight: 400;\">Estas modificaciones son atribuibles a partir de su publicaci\u00f3n en Internet y no podr\u00e1n aplicarse a los contratos concluidos anteriormente. Cada compra en la WEB se rige por las condiciones generales aplicables en la fecha del pedido. Consideramos que una vez que haya hecho un pedido, habr\u00e1 aceptado sin reservas nuestras condiciones generales de venta tras haberlas le\u00eddo.<\/span><\/p>\n\n\n\n<p><span style=\"font-weight: 400;\">Accediendo a la WEB, usted se compromete a respetar las Condiciones Generales as\u00ed como las Condiciones de Utilizaci\u00f3n que figuran en las mismas.<\/span><\/p>\n\n\n\n<h4 class=\"wp-block-heading\"><span style=\"font-weight: 400;\">2. Realizaci\u00f3n de pedidos<\/span><\/h4>\n\n\n\n<p><span style=\"font-weight: 400;\">Ponemos a su disposici\u00f3n una (1) modalidad para hacer un pedido: Por Internet en nuestra p\u00e1gina web: (24h\/d\u00eda, 365 d\u00edas\/ a\u00f1o) <\/span><a href=\"https:\/\/www.edinventa.com\"><span style=\"font-weight: 400;\">www.edinventa.com<\/span><\/a><\/p>\n\n\n\n<h4 class=\"wp-block-heading\"><span style=\"font-weight: 400;\">3. Informaci\u00f3n sobre los productos<\/span><\/h4>\n\n\n\n<p><span style=\"font-weight: 400;\">Los productos comercializados en la WEB son exclusivos de las marcas registradas por La COMPA\u00d1\u00cdA, asimismo es posible que La COMPA\u00d1\u00cdA pueda vender art\u00edculos de fabricantes distintos al citado anteriormente.<\/span><\/p>\n\n\n\n<p>Se pone a disposici\u00f3n del cliente, en determinadas ocasiones, productos reacondicionados (tambi\u00e9n podemos referirnos a ellos como productos de segunda mano). La procedencia de estos productos son devoluciones por parte de los clientes que han decidido devolver el producto que han sido evaluados y reacondicionados por nuestro equipo. Dichos productos pueden presentar defectos est\u00e9ticos (m\u00e1s o menos visibles) sin que en ning\u00fan momento comprometan su funcionalidad.<\/p>\n\n\n\n<h4 class=\"wp-block-heading\"><span style=\"font-weight: 400;\">4. Precios<\/span><\/h4>\n\n\n\n<p><span style=\"font-weight: 400;\">Los precios de venta indicados en La WEB se muestran en euros y:<\/span><\/p>\n\n\n\n<ul class=\"wp-block-list\">\n<li>\n<ul class=\"wp-block-list\">\n<li><span style=\"font-weight: 400;\">En caso de encontrarse en la Pen\u00ednsula Ib\u00e9rica, incluir\u00e1n el IVA y el transporte hasta el domicilio del cliente.<\/span><\/li>\n\n\n\n<li>En caso de encontrarse en Baleares, <span style=\"font-weight: 400;\">incluir\u00e1n el IVA y el transporte conllevar\u00e1 un sobrecoste de 10 euros.<\/span><\/li>\n<\/ul>\n<\/li>\n\n\n\n<li>\n<ul class=\"wp-block-list\">\n<li><span style=\"font-weight: 400;\">En caso de encontrarse en Canarias, Ceuta, Melilla, no incluir\u00e1n IVA al tratarse de una operaci\u00f3n sujeta y exenta del IVA, seg\u00fan el Art\u00edculo 21.1 de la Ley 37\/1992. Estos env\u00edos conllevan un sobrecoste adicional de 16 euros.<\/span><\/li>\n<\/ul>\n<\/li>\n<\/ul>\n\n\n\n<h4 class=\"wp-block-heading\"><span style=\"font-weight: 400;\">5. Rebajas, promociones y descuentos en la web<\/span><\/h4>\n\n\n\n<p><span style=\"font-weight: 400;\">Los cupones vigentes en La WEB son los siguientes: <\/span><\/p>\n\n\n\n<figure class=\"wp-block-table\"><table class=\"has-fixed-layout\"><tbody><tr><td>\n<p style=\"text-align: center;\"><span style=\"font-size: 10pt;\"><strong>Promoci\u00f3n<\/strong><\/span><\/p>\n<\/td><td><span style=\"font-size: 10pt;\"><strong>Inicio<\/strong><\/span><\/td><td><span style=\"font-size: 10pt;\"><strong>Fin<\/strong><\/span><\/td><td><span style=\"font-size: 10pt;\"><strong>Descuento<\/strong><\/span><\/td><\/tr><tr><td>\n<p style=\"text-align: center;\"><span style=\"font-size: 13.3333px;\">Rebajas<\/span><\/p>\n<\/td><td>\n<p style=\"text-align: center;\"><span style=\"font-weight: 400; font-size: 10pt;\">07\/01\/2020<\/span><\/p>\n<\/td><td><span style=\"font-weight: 400; font-size: 10pt;\">31\/10\/2020<\/span><\/td><td>\n<p style=\"text-align: center;\"><span style=\"font-weight: 400; font-size: 10pt;\">15 \u20ac<\/span><\/p>\n<\/td><\/tr><tr><td>\n<p style=\"text-align: center;\"><span style=\"font-weight: 400; font-size: 10pt;\">Descuento Web<\/span><\/p>\n<\/td><td><span style=\"font-weight: 400; font-size: 10pt;\">01\/08\/2018<\/span><\/td><td><span style=\"font-weight: 400; font-size: 10pt;\">28\/02\/2021<\/span><\/td><td><span style=\"font-weight: 400; font-size: 10pt;\">10 \u20ac<\/span><\/td><\/tr><tr><td><span style=\"font-weight: 400; font-size: 10pt;\">Env\u00edo Gratis(*)<\/span><\/td><td><span style=\"font-weight: 400; font-size: 10pt;\">06\/01\/2019<\/span><\/td><td><span style=\"font-weight: 400; font-size: 10pt;\">28\/11\/2021<\/span><\/td><td>\n<p style=\"text-align: center;\"><span style=\"font-weight: 400; font-size: 10pt;\"> &#8212;<\/span><\/p>\n<\/td><\/tr><\/tbody><\/table><\/figure>\n\n\n\n<p><span style=\"font-weight: 400;\">De igual forma, La COMPA\u00d1\u00cdA podr\u00e1 realizar, en cualquier momento y sin previo aviso, modificaciones a las Condiciones aqu\u00ed previstas, as\u00ed como eliminar y\/o modificar la promoci\u00f3n en su caso, todo ello por razones legales, por motivos t\u00e9cnicos o por cambios en las mismas. Cualquier cambio ser\u00e1 objeto de actualizaci\u00f3n y publicaci\u00f3n en La WEB. <\/span><\/p>\n\n\n\n<h4 class=\"wp-block-heading\"><span style=\"font-weight: 400;\">6. Disponibilidad<\/span><\/h4>\n\n\n\n<p><span style=\"font-weight: 400;\">Debe tenerse en cuenta que los pedidos ser\u00e1n enviados dentro de los l\u00edmites de stock disponibles.<\/span><\/p>\n\n\n\n<p><span style=\"font-weight: 400;\">Si uno de los art\u00edculos pedidos no estuviera en stock, nos comprometemos a contactar con la mayor brevedad para proponer otras alternativas.<\/span><\/p>\n\n\n\n<h4 class=\"wp-block-heading\"><span style=\"font-weight: 400;\">7. Env\u00edos<\/span><\/h4>\n\n\n\n<p><span style=\"font-weight: 400;\">Los plazos de entrega de todos los pedidos son desde el momento que realiz\u00f3 el pedido, siempre y cuando este se realice antes de las 17.00 horas de lunes a viernes (GMT +1). En el caso de que se realicen despu\u00e9s de la hora indicada, el plazo comenzar\u00e1 a contar desde el d\u00eda h\u00e1bil siguiente. Estas condiciones se cumplen siempre y cuando en la fecha del pedido no se indique otra fecha de entrega diferente.<\/span><\/p>\n\n\n\n<p><span style=\"font-weight: 400;\">El importe del env\u00edo a Pen\u00ednsula est\u00e1 incluido en el precio y se realiza de forma regular con AMAZON LOGISTICS El plazo estimado de entrega es de 24 horas a la Pen\u00ednsula y Baleares. Para Canarias, el plazo estimado suele ser superior debido a la intervenci\u00f3n de las autoridades aduaneras. <\/span><\/p>\n\n\n\n<p><span style=\"font-weight: 400;\">Los productos comprados a La COMPA\u00d1\u00cdA ser\u00e1n enviados a Espa\u00f1a Peninsular e Islas Baleares y Canarias. El pedido ser\u00e1 enviado a la direcci\u00f3n que indic\u00f3 en el momento en el que hizo su compra.<\/span><\/p>\n\n\n\n<p><span style=\"font-weight: 400;\">La COMPA\u00d1\u00cdA hace todo lo posible para respetar los plazos de entrega mencionados en La WEB. Sin embargo, La COMPA\u00d1\u00cdA no se hace responsable de las consecuencias debidas a un retraso de env\u00edo o a una p\u00e9rdida del paquete por parte de personas ajenas al contrato de transporte, por usted mismo o por razones o causas imprevisibles o insalvables de una fuerza mayor.<\/span><\/p>\n\n\n\n<p><span style=\"font-weight: 400;\">Le aconsejamos que al recibir su paquete verifique que todo est\u00e1 conforme con su pedido y en perfecto estado. Si no estuviera de acuerdo con los art\u00edculos entregados, firme e indique a mano en el albar\u00e1n las anomal\u00edas que encontr\u00f3 al recibirlo.<\/span><\/p>\n\n\n\n<h4 class=\"wp-block-heading\"><span style=\"font-weight: 400;\">8. Pago protegido<\/span><\/h4>\n\n\n\n<p><span style=\"font-weight: 400;\">Disponemos de varios medios de pago, tarjeta de cr\u00e9dito, Paypal y\/o Contrareembolso. En el proceso de compra podr\u00e1 seleccionar el que m\u00e1s se ajuste a sus necesidades.<\/span><\/p>\n\n\n\n<p><span style=\"font-weight: 400;\">Toda la aplicaci\u00f3n web funciona a trav\u00e9s de SSL, lo que significa que los datos est\u00e1n encriptados, lo cual garantiza la seguridad de la informaci\u00f3n que circula entre el cliente y la tienda online. <\/span><\/p>\n\n\n\n<p><span style=\"font-weight: 400;\">Adicionalmente, todas las p\u00e1ginas de pago est\u00e1n alojadas y son procesadas en los servidores de CUBENODE SYSTEM S.L., lo que significa que no se almacena ninguna informaci\u00f3n de pago sensible en las bases de datos de La COMPA\u00d1\u00cdA. La \u00fanica informaci\u00f3n que se almacenar\u00e1 en La COMPA\u00d1\u00cdA es aquella relativa a la informaci\u00f3n de contacto para poder llevar a cabo un pedido de manera efectiva.<\/span><\/p>\n\n\n\n<p><span style=\"font-weight: 400;\">SiteGround Spain S.L. posee las certificaciones necesarias para garantizar al cliente que las transacciones se realizan de manera eficiente y segura. M\u00e1s informaci\u00f3n en <a href=\"https:\/\/cubenode.com\/\">www.cubenode.com<\/a><\/span><\/p>\n\n\n\n<h4 class=\"wp-block-heading\"><span style=\"font-weight: 400;\">9. Derecho legal de desisitimiento<\/span><\/h4>\n\n\n\n<p><span style=\"text-decoration: underline;\"><span style=\"font-weight: 400;\">En qu\u00e9 consiste:<\/span><\/span><span style=\"font-weight: 400;\"> En caso de ejercicio del derecho de desistimiento por parte del cliente, siguiendo la normativa vigente, el cliente tendr\u00e1 un plazo de desistimiento de 14 d\u00edas naturales desde el mismo d\u00eda que se recepcion\u00f3 el pedido, conforme a los datos de seguimiento suministrado por la compa\u00f1\u00eda de mensajer\u00eda. <\/span><\/p>\n\n\n\n<p><span style=\"text-decoration: underline;\"><span style=\"font-weight: 400;\">Condiciones del desistimiento:<\/span><\/span><span style=\"font-weight: 400;\"> Para devolver un art\u00edculo, aseg\u00farate de que est\u00e1 intacto y, en su caso, utiliza la caja o el envoltorio original en el que fue enviado. S\u00f3lo se aceptar\u00e1n las devoluciones de productos en su estado original, es decir, en su embalaje, con sus accesorios y manuales de instrucciones. Ten en cuenta que no podremos proceder con el reembolso si recibimos productos, da\u00f1ados o en un paquete diferente al original. <\/span><\/p>\n\n\n\n<p><span style=\"text-decoration: underline;\"><span style=\"font-weight: 400;\">Procedimiento:<\/span><\/span><span style=\"font-weight: 400;\"> Escribir un email a <\/span><a href=\"mailto:hello@edinveta.com\"><span style=\"font-weight: 400;\">hello@edinventa.com<\/span><\/a><span style=\"font-weight: 400;\"> indicando en el asunto \u201cDesistimiento\u201d con el n\u00famero de pedido. Dentro del mail ser\u00e1 necesario indicar los detalles del pedido realizado. <\/span><\/p>\n\n\n\n<p><span style=\"font-weight: 400;\">En un plazo no superior a 3 d\u00edas h\u00e1biles recibir\u00e1s un mail del equipo de GAME RULES confirmando el desistimiento y la direcci\u00f3n para remitir el art\u00edculo. Los costes directos derivados de la devoluci\u00f3n de los art\u00edculos de la web ser\u00e1n soportados por el Cliente. <\/span><\/p>\n\n\n\n<p><span style=\"font-weight: 400;\">Una vez recibido y revisado la integridad del producto del que se ha desistido, se efectuar\u00e1 el reembolso. <\/span><\/p>\n\n\n\n<h4 class=\"wp-block-heading\"><span style=\"font-weight: 400;\">10. Garant\u00edas y Servicio Postventa<\/span><\/h4>\n\n\n\n<p><span style=\"font-weight: 400;\">Todo material vendido en nuestra p\u00e1gina Web se beneficia de la garant\u00eda legal de conformidad con las legislaci\u00f3n nacional y supranacional. <\/span><\/p>\n\n\n\n<h4 class=\"wp-block-heading\"><span style=\"font-weight: 400;\">11. Litigios y responsabilidades <\/span><\/h4>\n\n\n\n<p><span style=\"font-weight: 400;\">La COMPA\u00d1\u00cdA no se hace responsable de la no ejecuci\u00f3n de las presentes condiciones en caso de fuerza mayor, como la definida por los tribunales espa\u00f1oles y en caso de falta del cliente o de un hecho imprevisible por parte de una persona ajena al contrato.<\/span><\/p>\n\n\n\n<p><span style=\"font-weight: 400;\">La COMPA\u00d1\u00cdA no se hace responsable de las consecuencias que pudieran resultar de una utilizaci\u00f3n inadecuada de los productos vendidos en La WEB.<\/span><\/p>\n","protected":false},"excerpt":{"rendered":"<p>1. Introducci\u00f3n Las condiciones generales de venta descritas a continuaci\u00f3n (en adelante Condiciones Generales), rigen las relaciones contractuales entre todo usuario de la p\u00e1gina Web www.edinventa.com &nbsp;(denominado en lo sucesivo \u00abUSUARIO\u00bb) y la entidad comercial CM GAME RULES LTD. (en adelante, La COMPA\u00d1\u00cdA). Estas condiciones generales de venta son las \u00fanicas aplicables y reemplazan cualquier otra condici\u00f3n general, excepto en &#8230;<\/p>\n","protected":false},"author":47,"featured_media":0,"parent":0,"menu_order":0,"comment_status":"closed","ping_status":"closed","template":"","meta":{"rs_blank_template":"","rs_page_bg_color":"","slide_template_v7":"","_joinchat":[],"footnotes":""},"class_list":["post-3121","page","type-page","status-publish","hentry","no-post-thumbnail"],"yoast_head":"<!-- This site is optimized with the Yoast SEO plugin v27.3 - https:\/\/yoast.com\/product\/yoast-seo-wordpress\/ -->\n<title>Condiciones Generales de Contrataci\u00f3n &#187; HeroMask<\/title>\n<meta name=\"robots\" content=\"noindex, nofollow\" \/>\n<meta property=\"og:locale\" content=\"es_ES\" \/>\n<meta property=\"og:type\" content=\"article\" \/>\n<meta property=\"og:title\" content=\"Condiciones Generales de Contrataci\u00f3n &#187; HeroMask\" \/>\n<meta property=\"og:description\" content=\"1. Introducci\u00f3n Las condiciones generales de venta descritas a continuaci\u00f3n (en adelante Condiciones Generales), rigen las relaciones contractuales entre todo usuario de la p\u00e1gina Web www.edinventa.com &nbsp;(denominado en lo sucesivo \u00abUSUARIO\u00bb) y la entidad comercial CM GAME RULES LTD. (en adelante, La COMPA\u00d1\u00cdA). Estas condiciones generales de venta son las \u00fanicas aplicables y reemplazan cualquier otra condici\u00f3n general, excepto en ...\" \/>\n<meta property=\"og:url\" content=\"https:\/\/www.edinventa.com\/es\/general-terms-and-conditions\/\" \/>\n<meta property=\"og:site_name\" content=\"HeroMask\" \/>\n<meta property=\"article:publisher\" content=\"https:\/\/www.facebook.com\/heromask.edu\/\" \/>\n<meta property=\"article:modified_time\" content=\"2025-04-29T15:37:52+00:00\" \/>\n<meta name=\"twitter:card\" content=\"summary_large_image\" \/>\n<meta name=\"twitter:site\" content=\"@heromask_\" \/>\n<meta name=\"twitter:label1\" content=\"Tiempo de lectura\" \/>\n\t<meta name=\"twitter:data1\" content=\"6 minutos\" \/>\n<script type=\"application\/ld+json\" class=\"yoast-schema-graph\">{\"@context\":\"https:\\\/\\\/schema.org\",\"@graph\":[{\"@type\":\"WebPage\",\"@id\":\"https:\\\/\\\/www.edinventa.com\\\/es\\\/general-terms-and-conditions\\\/\",\"url\":\"https:\\\/\\\/www.edinventa.com\\\/es\\\/general-terms-and-conditions\\\/\",\"name\":\"Condiciones Generales de Contrataci\u00f3n &#187; HeroMask\",\"isPartOf\":{\"@id\":\"https:\\\/\\\/www.edinventa.com\\\/es\\\/#website\"},\"datePublished\":\"2018-05-24T19:48:54+00:00\",\"dateModified\":\"2025-04-29T15:37:52+00:00\",\"breadcrumb\":{\"@id\":\"https:\\\/\\\/www.edinventa.com\\\/es\\\/general-terms-and-conditions\\\/#breadcrumb\"},\"inLanguage\":\"es\",\"potentialAction\":[{\"@type\":\"ReadAction\",\"target\":[\"https:\\\/\\\/www.edinventa.com\\\/es\\\/general-terms-and-conditions\\\/\"]}]},{\"@type\":\"BreadcrumbList\",\"@id\":\"https:\\\/\\\/www.edinventa.com\\\/es\\\/general-terms-and-conditions\\\/#breadcrumb\",\"itemListElement\":[{\"@type\":\"ListItem\",\"position\":1,\"name\":\"Portada\",\"item\":\"https:\\\/\\\/www.edinventa.com\\\/es\\\/\"},{\"@type\":\"ListItem\",\"position\":2,\"name\":\"Condiciones Generales de Contrataci\u00f3n\"}]},{\"@type\":\"WebSite\",\"@id\":\"https:\\\/\\\/www.edinventa.com\\\/es\\\/#website\",\"url\":\"https:\\\/\\\/www.edinventa.com\\\/es\\\/\",\"name\":\"HeroMask\",\"description\":\"la m\u00e1scara de realidad virtual para aprender jugando\",\"publisher\":{\"@id\":\"https:\\\/\\\/www.edinventa.com\\\/es\\\/#organization\"},\"potentialAction\":[{\"@type\":\"SearchAction\",\"target\":{\"@type\":\"EntryPoint\",\"urlTemplate\":\"https:\\\/\\\/www.edinventa.com\\\/es\\\/?s={search_term_string}\"},\"query-input\":{\"@type\":\"PropertyValueSpecification\",\"valueRequired\":true,\"valueName\":\"search_term_string\"}}],\"inLanguage\":\"es\"},{\"@type\":\"Organization\",\"@id\":\"https:\\\/\\\/www.edinventa.com\\\/es\\\/#organization\",\"name\":\"Heromask\",\"url\":\"https:\\\/\\\/www.edinventa.com\\\/es\\\/\",\"logo\":{\"@type\":\"ImageObject\",\"inLanguage\":\"es\",\"@id\":\"https:\\\/\\\/www.edinventa.com\\\/es\\\/#\\\/schema\\\/logo\\\/image\\\/\",\"url\":\"https:\\\/\\\/www.edinventa.com\\\/wp-content\\\/uploads\\\/2018\\\/08\\\/logo-Heromask-suavizado-01.png\",\"contentUrl\":\"https:\\\/\\\/www.edinventa.com\\\/wp-content\\\/uploads\\\/2018\\\/08\\\/logo-Heromask-suavizado-01.png\",\"width\":519,\"height\":106,\"caption\":\"Heromask\"},\"image\":{\"@id\":\"https:\\\/\\\/www.edinventa.com\\\/es\\\/#\\\/schema\\\/logo\\\/image\\\/\"},\"sameAs\":[\"https:\\\/\\\/www.facebook.com\\\/heromask.edu\\\/\",\"https:\\\/\\\/x.com\\\/heromask_\",\"https:\\\/\\\/www.instagram.com\\\/heromask.ed\\\/\",\"https:\\\/\\\/www.linkedin.com\\\/company\\\/heromask\\\/\"]}]}<\/script>\n<!-- \/ Yoast SEO plugin. -->","yoast_head_json":{"title":"Condiciones Generales de Contrataci\u00f3n &#187; HeroMask","robots":{"index":"noindex","follow":"nofollow"},"og_locale":"es_ES","og_type":"article","og_title":"Condiciones Generales de Contrataci\u00f3n &#187; HeroMask","og_description":"1. Introducci\u00f3n Las condiciones generales de venta descritas a continuaci\u00f3n (en adelante Condiciones Generales), rigen las relaciones contractuales entre todo usuario de la p\u00e1gina Web www.edinventa.com &nbsp;(denominado en lo sucesivo \u00abUSUARIO\u00bb) y la entidad comercial CM GAME RULES LTD. (en adelante, La COMPA\u00d1\u00cdA). Estas condiciones generales de venta son las \u00fanicas aplicables y reemplazan cualquier otra condici\u00f3n general, excepto en ...","og_url":"https:\/\/www.edinventa.com\/es\/general-terms-and-conditions\/","og_site_name":"HeroMask","article_publisher":"https:\/\/www.facebook.com\/heromask.edu\/","article_modified_time":"2025-04-29T15:37:52+00:00","twitter_card":"summary_large_image","twitter_site":"@heromask_","twitter_misc":{"Tiempo de lectura":"6 minutos"},"schema":{"@context":"https:\/\/schema.org","@graph":[{"@type":"WebPage","@id":"https:\/\/www.edinventa.com\/es\/general-terms-and-conditions\/","url":"https:\/\/www.edinventa.com\/es\/general-terms-and-conditions\/","name":"Condiciones Generales de Contrataci\u00f3n &#187; HeroMask","isPartOf":{"@id":"https:\/\/www.edinventa.com\/es\/#website"},"datePublished":"2018-05-24T19:48:54+00:00","dateModified":"2025-04-29T15:37:52+00:00","breadcrumb":{"@id":"https:\/\/www.edinventa.com\/es\/general-terms-and-conditions\/#breadcrumb"},"inLanguage":"es","potentialAction":[{"@type":"ReadAction","target":["https:\/\/www.edinventa.com\/es\/general-terms-and-conditions\/"]}]},{"@type":"BreadcrumbList","@id":"https:\/\/www.edinventa.com\/es\/general-terms-and-conditions\/#breadcrumb","itemListElement":[{"@type":"ListItem","position":1,"name":"Portada","item":"https:\/\/www.edinventa.com\/es\/"},{"@type":"ListItem","position":2,"name":"Condiciones Generales de Contrataci\u00f3n"}]},{"@type":"WebSite","@id":"https:\/\/www.edinventa.com\/es\/#website","url":"https:\/\/www.edinventa.com\/es\/","name":"HeroMask","description":"la m\u00e1scara de realidad virtual para aprender jugando","publisher":{"@id":"https:\/\/www.edinventa.com\/es\/#organization"},"potentialAction":[{"@type":"SearchAction","target":{"@type":"EntryPoint","urlTemplate":"https:\/\/www.edinventa.com\/es\/?s={search_term_string}"},"query-input":{"@type":"PropertyValueSpecification","valueRequired":true,"valueName":"search_term_string"}}],"inLanguage":"es"},{"@type":"Organization","@id":"https:\/\/www.edinventa.com\/es\/#organization","name":"Heromask","url":"https:\/\/www.edinventa.com\/es\/","logo":{"@type":"ImageObject","inLanguage":"es","@id":"https:\/\/www.edinventa.com\/es\/#\/schema\/logo\/image\/","url":"https:\/\/www.edinventa.com\/wp-content\/uploads\/2018\/08\/logo-Heromask-suavizado-01.png","contentUrl":"https:\/\/www.edinventa.com\/wp-content\/uploads\/2018\/08\/logo-Heromask-suavizado-01.png","width":519,"height":106,"caption":"Heromask"},"image":{"@id":"https:\/\/www.edinventa.com\/es\/#\/schema\/logo\/image\/"},"sameAs":["https:\/\/www.facebook.com\/heromask.edu\/","https:\/\/x.com\/heromask_","https:\/\/www.instagram.com\/heromask.ed\/","https:\/\/www.linkedin.com\/company\/heromask\/"]}]}},"_links":{"self":[{"href":"https:\/\/www.edinventa.com\/es\/wp-json\/wp\/v2\/pages\/3121","targetHints":{"allow":["GET"]}}],"collection":[{"href":"https:\/\/www.edinventa.com\/es\/wp-json\/wp\/v2\/pages"}],"about":[{"href":"https:\/\/www.edinventa.com\/es\/wp-json\/wp\/v2\/types\/page"}],"author":[{"embeddable":true,"href":"https:\/\/www.edinventa.com\/es\/wp-json\/wp\/v2\/users\/47"}],"replies":[{"embeddable":true,"href":"https:\/\/www.edinventa.com\/es\/wp-json\/wp\/v2\/comments?post=3121"}],"version-history":[{"count":0,"href":"https:\/\/www.edinventa.com\/es\/wp-json\/wp\/v2\/pages\/3121\/revisions"}],"wp:attachment":[{"href":"https:\/\/www.edinventa.com\/es\/wp-json\/wp\/v2\/media?parent=3121"}],"curies":[{"name":"wp","href":"https:\/\/api.w.org\/{rel}","templated":true}]}}