{"id":3150,"date":"2018-05-24T20:36:54","date_gmt":"2018-05-24T20:36:54","guid":{"rendered":"https:\/\/www.edinventa.com\/?page_id=3150"},"modified":"2025-04-29T14:43:58","modified_gmt":"2025-04-29T14:43:58","slug":"legal-notice","status":"publish","type":"page","link":"https:\/\/www.edinventa.com\/es\/legal-notice\/","title":{"rendered":"Aviso Legal"},"content":{"rendered":"\n<h4 class=\"wp-block-heading\"><span style=\"font-weight: 400;\">1. DATOS DE IDENTIFICACI\u00d3N<\/span><\/h4>\n\n\n\n<p><span style=\"font-weight: 400;\">Usted est\u00e1 visitando la p\u00e1gina Web www.edinventa.com titularidad de CM GAME RULES LTD. (en adelante LA COMPA\u00d1\u00cdA).<\/span><\/p>\n\n\n\n<p><span style=\"font-weight: 400;\">Domicilio Social: Lordou Vyronos 61, Lumiel Building, 4th floor, 6023, Larnaca, Cyprus.<\/span><\/p>\n\n\n\n<p><span style=\"font-weight: 400;\">E-mail: <\/span><a href=\"mailto:hello@edinventa.com\"><span style=\"font-weight: 400;\">hello@edinventa.com<\/span><\/a><\/p>\n\n\n\n<p>Commercial information: CM Game Rules LTD, with company registration number HE417229, has been incorporated in the District Court of Nicosia as a Company limited by Shares before the affiant Marina Charalambous, under Companies Law (Cap. 113).<\/p>\n\n\n\n<h4 class=\"wp-block-heading\">2. ACEPTACI\u00d3N DEL USUARIO<\/h4>\n\n\n\n<p><span style=\"font-weight: 400;\">Este Aviso Legal regula el acceso y utilizaci\u00f3n de la p\u00e1gina web <\/span><a href=\"https:\/\/www.edinventa.com\"><span style=\"font-weight: 400;\">www.edinventa.com<\/span><\/a><span style=\"font-weight: 400;\"> (en adelante la \u201cWeb\u201d) que LA COMPA\u00d1\u00cdA pone a disposici\u00f3n de los usuarios de Internet. Se entiende por usuario la persona que acceda, navegue, utilice o participe en los servicios y actividades de la Web.<\/span><\/p>\n\n\n\n<p><span style=\"font-weight: 400;\">El acceso y navegaci\u00f3n de un usuario por la Web implica la aceptaci\u00f3n sin reservas del presente Aviso Legal.<\/span><\/p>\n\n\n\n<h4 class=\"wp-block-heading\">3. UTILIZACI\u00d3N DE LA WEB<\/h4>\n\n\n\n<p><span style=\"font-weight: 400;\">3.1. El usuario se compromete a utilizar la Web, los contenidos y servicios de conformidad con la Ley, el presente Aviso Legal, las buenas costumbres y el orden p\u00fablico. Del mismo modo el Usuario se obliga a no utilizar la Web o los servicios que se presten a trav\u00e9s de \u00e9l con fines o efectos il\u00edcitos o contrarios al contenido del presente Aviso Legal, lesivos de los intereses o derechos de terceros, o que de cualquier forma pueda da\u00f1ar, inutilizar o deteriorar la Web o sus servicios o impedir un normal disfrute de la Web por otros Usuarios.<\/span><\/p>\n\n\n\n<p><span style=\"font-weight: 400;\">3.2. El usuario se compromete expresamente a no destruir, alterar, inutilizar o, de cualquier otra forma, da\u00f1ar los datos, programas o documentos electr\u00f3nicos y dem\u00e1s que se encuentren en la Web.<\/span><\/p>\n\n\n\n<p><span style=\"font-weight: 400;\">3.3 &nbsp;El usuario se compromete a no introducir programas, virus, macros, applets, controles ActiveX o cualquier otro dispositivo l\u00f3gico o secuencia de caracteres que causen o sean susceptibles de causar cualquier tipo de alteraci\u00f3n en los sistemas inform\u00e1ticos de LA COMPA\u00d1\u00cdA o de terceros.<\/span><\/p>\n\n\n\n<p><span style=\"font-weight: 400;\">3.4. Se entiende que el acceso o utilizaci\u00f3n de la Web por parte del usuario implica la aceptaci\u00f3n por \u00e9ste del Aviso Legal que LA COMPA\u00d1\u00cdA tenga publicadas en el momento del acceso, las cuales estar\u00e1n siempre disponibles para los usuarios.<\/span><\/p>\n\n\n\n<p><span style=\"font-weight: 400;\">3.5. El usuario se compromete a hacer un uso adecuado de los contenidos y servicios que LA COMPA\u00d1\u00cdA ofrece en su sede Web y a no emplearlos para incurrir en actividades il\u00edcitas o contrarias a la buena fe y al ordenamiento legal.<\/span><\/p>\n\n\n\n<h4 class=\"wp-block-heading\">4. ACCESO A LA WEB Y CONTRASE\u00d1AS<\/h4>\n\n\n\n<p><span style=\"font-weight: 400;\">4.1. El acceso a la Web por parte de los usuarios tiene car\u00e1cter libre y gratuito. Algunos de los servicios y contenidos ofrecidos por LA COMPA\u00d1\u00cdA pueden encontrarse sujetos a contrataci\u00f3n previa del servicio y al pago de una cantidad de dinero en la forma que se determine en las Condiciones Generales de Contrataci\u00f3n, en cuyo caso se pondr\u00e1n a su disposici\u00f3n de forma clara.<\/span><\/p>\n\n\n\n<p><span style=\"font-weight: 400;\">4.2. Cuando sea necesario que el usuario se registre o aporte datos personales para poder acceder a alguno de los servicios, la recogida y el tratamiento de los datos personales de los usuarios ser\u00e1 de aplicaci\u00f3n lo dispuesto en el apartado 9 de este Aviso Legal.<\/span><\/p>\n\n\n\n<p><span style=\"font-weight: 400;\">4.3. Queda prohibida la contrataci\u00f3n de productos o servicios a trav\u00e9s de la Web por parte de menores de edad, debiendo obtener debidamente y con anterioridad, el consentimiento de sus padres, tutores o representantes legales, los cuales ser\u00e1n considerados como responsables de los actos que lleven a cabo los menores a su cargo.<\/span><\/p>\n\n\n\n<p><span style=\"font-weight: 400;\">4.4. Si para la utilizaci\u00f3n de un servicio en la Web, el usuario debiera proceder a su registro, \u00e9ste ser\u00e1 responsable de aportar informaci\u00f3n veraz y l\u00edcita. Si como consecuencia del registro, se dotar\u00e1 al usuario de una contrase\u00f1a, \u00e9ste se compromete a hacer un uso diligente y a mantener en secreto la contrase\u00f1a para acceder a estos servicios. Los usuarios son responsables de la adecuada custodia y confidencialidad de cualesquiera identificadores y\/o contrase\u00f1as que le sean suministradas por LA COMPA\u00d1\u00cdA y se comprometen a no ceder su uso a terceros, ya sea temporal o permanente, ni a permitir su acceso a personas ajenas. Ser\u00e1 responsabilidad del usuario la utilizaci\u00f3n de los servicios por cualquier tercero ileg\u00edtimo que emplee a tal efecto una contrase\u00f1a a causa de una utilizaci\u00f3n no diligente o de la p\u00e9rdida de la misma por el usuario.<\/span><\/p>\n\n\n\n<h4 class=\"wp-block-heading\">5. MODIFICACI\u00d3N DE LAS CONDICIONES DEL AVISO LEGAL<\/h4>\n\n\n\n<p><span style=\"font-weight: 400;\">LA COMPA\u00d1\u00cdA se reserva expresamente el derecho a modificar el presente Aviso Legal. El usuario reconoce y acepta que es su responsabilidad revisar la Web y el presente Aviso Legal.<\/span><\/p>\n\n\n\n<h4 class=\"wp-block-heading\">6. LIMITACI\u00d3N DE GARANT\u00cdAS Y RESPONSABILIDADES<\/h4>\n\n\n\n<p><span style=\"font-weight: 400;\">6.1. LA COMPA\u00d1\u00cdA se compromete a realizar sus mejores esfuerzos para evitar cualquier error en los contenidos que pudieran aparecer en la Web. En cualquier caso, LA COMPA\u00d1\u00cdA estar\u00e1 exenta de cualquier responsabilidad derivada de eventuales errores en los contenidos que pudieran aparecer en la Web, siempre que no le sean imputables.<\/span><\/p>\n\n\n\n<p><span style=\"font-weight: 400;\">6.2. LA COMPA\u00d1\u00cdA no garantiza que la Web y el servidor est\u00e9n libres de virus y no se hace responsable de los posibles da\u00f1os o perjuicios que se puedan derivar de interferencias, omisiones, interrupciones, virus inform\u00e1ticos, aver\u00edas telef\u00f3nicas o desconexiones en el funcionamiento operativo de este sistema electr\u00f3nico, motivado por causas ajenas a LA COMPA\u00d1\u00cdA, de retrasos o bloqueos en el uso de este sistema electr\u00f3nico causados por deficiencias de l\u00edneas telef\u00f3nicas o sobrecargas en el sistema de Internet o en otros sistemas electr\u00f3nicos, as\u00ed como tambi\u00e9n de da\u00f1os que puedan ser causados por terceras personas mediante intromisiones ileg\u00edtimas fuera del control de LA COMPA\u00d1\u00cdA.<\/span><\/p>\n\n\n\n<h4 class=\"wp-block-heading\">7. PROPIEDAD INTELECTUAL E INDUSTRIAL. TODOS LOS DERECHOS RESERVADOS.<\/h4>\n\n\n\n<p><span style=\"font-weight: 400;\">7.1. Todos los derechos de Propiedad Industrial e Intelectual de la Web www.edinventa.com y de sus contenidos (textos, im\u00e1genes, sonidos, audio, v\u00eddeo, dise\u00f1os, creatividades, software) pertenecen, como autor de obra colectiva o como cesionaria, a LA COMPA\u00d1\u00cdA o, en su caso, a terceras personas.<\/span><\/p>\n\n\n\n<p><span style=\"font-weight: 400;\">7.2. Quedan expresamente prohibidas la reproducci\u00f3n, la distribuci\u00f3n y la comunicaci\u00f3n p\u00fablica, incluida su modalidad de puesta a disposici\u00f3n, de la totalidad o parte de los contenidos de esta p\u00e1gina Web, con cualquier fin, en cualquier soporte y por cualquier medio t\u00e9cnico, sin la autorizaci\u00f3n de LA COMPA\u00d1\u00cdA. El usuario se compromete a respetar los derechos de Propiedad Industrial e Intelectual titularidad de LA COMPA\u00d1\u00cdA y de terceros.<\/span><\/p>\n\n\n\n<h4 class=\"wp-block-heading\">8. ENLACES DE TERCEROS<\/h4>\n\n\n\n<p><span style=\"font-weight: 400;\">8.1. En el supuesto de que en la Web se dispusieran enlaces o hiperv\u00ednculos hacia otros lugares de Internet, LA COMPA\u00d1\u00cdA no ejercer\u00e1 ning\u00fan tipo de control sobre estos lugares y contenidos. En ning\u00fan caso LA COMPA\u00d1\u00cdA asumir\u00e1 responsabilidad alguna por los contenidos de alg\u00fan enlace perteneciente a un lugar Web ajeno, ni garantizar\u00e1 la disponibilidad t\u00e9cnica, calidad, fiabilidad, exactitud, amplitud, veracidad, validez y constitucionalidad de cualquier material o informaci\u00f3n contenida en cabeza de los hiperv\u00ednculos u otros lugares de Internet.<\/span><\/p>\n\n\n\n<p><span style=\"font-weight: 400;\">8.2. Estos enlaces se proporcionan \u00fanicamente para informar al Usuario sobre la existencia de otras fuentes de informaci\u00f3n sobre un tema concreto, y la inclusi\u00f3n de un enlace no implica la aprobaci\u00f3n de la p\u00e1gina web enlazada por parte de LA COMPA\u00d1\u00cdA.<\/span><\/p>\n\n\n\n<p>8.3. A petici\u00f3n expresa de Amazon declaramos que: \u00abEn calidad de Afiliado de Amazon, obtengo ingresos por las compras adscritas que cumplen los requisitos aplicables\u00bb. Para m\u00e1s informaci\u00f3n, lea el <a href=\"https:\/\/afiliados.amazon.es\/help\/operating\/agreement\" target=\"_blank\" rel=\"noopener noreferrer\">Acuerdo Operativo<\/a> en la propia p\u00e1gina de Amazon<\/p>\n\n\n\n<h4 class=\"wp-block-heading\">9. PROTECCI\u00d3N DE DATOS PERSONALES<\/h4>\n\n\n\n<p><span style=\"font-weight: 400;\">9.1. LA COMPA\u00d1\u00cdA adopta las medidas t\u00e9cnicas y organizativas necesarias para garantizar la protecci\u00f3n de los datos de car\u00e1cter personal y evitar su alteraci\u00f3n, p\u00e9rdida, tratamiento y\/o acceso no autorizado, habida cuenta del estado de la t\u00e9cnica, la naturaleza de los datos almacenados y los riesgos a que est\u00e1n expuestos, todo ello, conforme a lo establecido por la legislaci\u00f3n espa\u00f1ola de Protecci\u00f3n de Datos de Car\u00e1cter Personal.<\/span><\/p>\n\n\n\n<p><span style=\"font-weight: 400;\">9.2. El usuario podr\u00e1 proporcionar a LA COMPA\u00d1\u00cdA sus datos de car\u00e1cter personal a trav\u00e9s de los distintos formularios que a tal efecto aparecen en la Web. Dichos formularios incorporan un texto legal en materia de protecci\u00f3n de datos personales que da cumplimiento a las exigencias establecidas en el REGLAMENTO (UE) 2016\/679 del Parlamento Europeo y del Consejo de 27 de abril de 2016 relativo a la protecci\u00f3n de las personas f\u00edsicas en lo que respecta al tratamiento de datos personales y a la libre circulaci\u00f3n de estos datos (Reglamento General de Protecci\u00f3n de Datos).<\/span><\/p>\n\n\n\n<p><span style=\"font-weight: 400;\">Del mismo modo, LA COMPA\u00d1\u00cdA podr\u00e1 obtener datos de car\u00e1cter personal originados por su navegaci\u00f3n y\/o uso de la Web, de acuerdo con nuestra Pol\u00edtica de Privacidad.<\/span><\/p>\n\n\n\n<p><span style=\"font-weight: 400;\">9.3. Rogamos lea atentamente los textos legales, en particular nuestra Pol\u00edtica de Privacidad, antes de facilitar sus datos de car\u00e1cter personal.<\/span><\/p>\n\n\n\n<h4 class=\"wp-block-heading\">10. LEY Y JURISDICCI\u00d3N<\/h4>\n\n\n\n<p><span style=\"font-weight: 400;\">Todas las cuestiones que se susciten entre LA COMPA\u00d1\u00cdA y el usuario relativas a la interpretaci\u00f3n, cumplimiento y validez del presente Aviso Legal se regir\u00e1n por sus propias cl\u00e1usulas y, en lo que en ellas no estuviere previsto, de acuerdo con la legislaci\u00f3n espa\u00f1ola, someti\u00e9ndose expresamente las partes a la jurisdicci\u00f3n de los Juzgados y Tribunales del domicilio de LA COMPA\u00d1IA.<\/span><\/p>\n\n\n\n<p>&nbsp;<\/p>\n","protected":false},"excerpt":{"rendered":"<p>1. DATOS DE IDENTIFICACI\u00d3N Usted est\u00e1 visitando la p\u00e1gina Web www.edinventa.com titularidad de CM GAME RULES LTD. (en adelante LA COMPA\u00d1\u00cdA). Domicilio Social: Lordou Vyronos 61, Lumiel Building, 4th floor, 6023, Larnaca, Cyprus. E-mail: hello@edinventa.com Commercial information: CM Game Rules LTD, with company registration number HE417229, has been incorporated in the District Court of Nicosia as a Company limited by &#8230;<\/p>\n","protected":false},"author":47,"featured_media":0,"parent":0,"menu_order":0,"comment_status":"closed","ping_status":"closed","template":"","meta":{"rs_blank_template":"","rs_page_bg_color":"","slide_template_v7":"","_joinchat":[],"footnotes":""},"class_list":["post-3150","page","type-page","status-publish","hentry","no-post-thumbnail"],"yoast_head":"<!-- This site is optimized with the Yoast SEO plugin v27.3 - https:\/\/yoast.com\/product\/yoast-seo-wordpress\/ -->\n<title>Aviso Legal &#187; HeroMask<\/title>\n<meta name=\"robots\" content=\"noindex, nofollow\" \/>\n<meta property=\"og:locale\" content=\"es_ES\" \/>\n<meta property=\"og:type\" content=\"article\" \/>\n<meta property=\"og:title\" content=\"Aviso Legal &#187; HeroMask\" \/>\n<meta property=\"og:description\" content=\"1. DATOS DE IDENTIFICACI\u00d3N Usted est\u00e1 visitando la p\u00e1gina Web www.edinventa.com titularidad de CM GAME RULES LTD. (en adelante LA COMPA\u00d1\u00cdA). Domicilio Social: Lordou Vyronos 61, Lumiel Building, 4th floor, 6023, Larnaca, Cyprus. E-mail: hello@edinventa.com Commercial information: CM Game Rules LTD, with company registration number HE417229, has been incorporated in the District Court of Nicosia as a Company limited by ...\" \/>\n<meta property=\"og:url\" content=\"https:\/\/www.edinventa.com\/es\/legal-notice\/\" \/>\n<meta property=\"og:site_name\" content=\"HeroMask\" \/>\n<meta property=\"article:publisher\" content=\"https:\/\/www.facebook.com\/heromask.edu\/\" \/>\n<meta property=\"article:modified_time\" content=\"2025-04-29T14:43:58+00:00\" \/>\n<meta name=\"twitter:card\" content=\"summary_large_image\" \/>\n<meta name=\"twitter:site\" content=\"@heromask_\" \/>\n<meta name=\"twitter:label1\" content=\"Tiempo de lectura\" \/>\n\t<meta name=\"twitter:data1\" content=\"7 minutos\" \/>\n<script type=\"application\/ld+json\" class=\"yoast-schema-graph\">{\"@context\":\"https:\\\/\\\/schema.org\",\"@graph\":[{\"@type\":\"WebPage\",\"@id\":\"https:\\\/\\\/www.edinventa.com\\\/es\\\/legal-notice\\\/\",\"url\":\"https:\\\/\\\/www.edinventa.com\\\/es\\\/legal-notice\\\/\",\"name\":\"Aviso Legal &#187; HeroMask\",\"isPartOf\":{\"@id\":\"https:\\\/\\\/www.edinventa.com\\\/es\\\/#website\"},\"datePublished\":\"2018-05-24T20:36:54+00:00\",\"dateModified\":\"2025-04-29T14:43:58+00:00\",\"breadcrumb\":{\"@id\":\"https:\\\/\\\/www.edinventa.com\\\/es\\\/legal-notice\\\/#breadcrumb\"},\"inLanguage\":\"es\",\"potentialAction\":[{\"@type\":\"ReadAction\",\"target\":[\"https:\\\/\\\/www.edinventa.com\\\/es\\\/legal-notice\\\/\"]}]},{\"@type\":\"BreadcrumbList\",\"@id\":\"https:\\\/\\\/www.edinventa.com\\\/es\\\/legal-notice\\\/#breadcrumb\",\"itemListElement\":[{\"@type\":\"ListItem\",\"position\":1,\"name\":\"Portada\",\"item\":\"https:\\\/\\\/www.edinventa.com\\\/es\\\/\"},{\"@type\":\"ListItem\",\"position\":2,\"name\":\"Aviso Legal\"}]},{\"@type\":\"WebSite\",\"@id\":\"https:\\\/\\\/www.edinventa.com\\\/es\\\/#website\",\"url\":\"https:\\\/\\\/www.edinventa.com\\\/es\\\/\",\"name\":\"HeroMask\",\"description\":\"la m\u00e1scara de realidad virtual para aprender jugando\",\"publisher\":{\"@id\":\"https:\\\/\\\/www.edinventa.com\\\/es\\\/#organization\"},\"potentialAction\":[{\"@type\":\"SearchAction\",\"target\":{\"@type\":\"EntryPoint\",\"urlTemplate\":\"https:\\\/\\\/www.edinventa.com\\\/es\\\/?s={search_term_string}\"},\"query-input\":{\"@type\":\"PropertyValueSpecification\",\"valueRequired\":true,\"valueName\":\"search_term_string\"}}],\"inLanguage\":\"es\"},{\"@type\":\"Organization\",\"@id\":\"https:\\\/\\\/www.edinventa.com\\\/es\\\/#organization\",\"name\":\"Heromask\",\"url\":\"https:\\\/\\\/www.edinventa.com\\\/es\\\/\",\"logo\":{\"@type\":\"ImageObject\",\"inLanguage\":\"es\",\"@id\":\"https:\\\/\\\/www.edinventa.com\\\/es\\\/#\\\/schema\\\/logo\\\/image\\\/\",\"url\":\"https:\\\/\\\/www.edinventa.com\\\/wp-content\\\/uploads\\\/2018\\\/08\\\/logo-Heromask-suavizado-01.png\",\"contentUrl\":\"https:\\\/\\\/www.edinventa.com\\\/wp-content\\\/uploads\\\/2018\\\/08\\\/logo-Heromask-suavizado-01.png\",\"width\":519,\"height\":106,\"caption\":\"Heromask\"},\"image\":{\"@id\":\"https:\\\/\\\/www.edinventa.com\\\/es\\\/#\\\/schema\\\/logo\\\/image\\\/\"},\"sameAs\":[\"https:\\\/\\\/www.facebook.com\\\/heromask.edu\\\/\",\"https:\\\/\\\/x.com\\\/heromask_\",\"https:\\\/\\\/www.instagram.com\\\/heromask.ed\\\/\",\"https:\\\/\\\/www.linkedin.com\\\/company\\\/heromask\\\/\"]}]}<\/script>\n<!-- \/ Yoast SEO plugin. -->","yoast_head_json":{"title":"Aviso Legal &#187; HeroMask","robots":{"index":"noindex","follow":"nofollow"},"og_locale":"es_ES","og_type":"article","og_title":"Aviso Legal &#187; HeroMask","og_description":"1. DATOS DE IDENTIFICACI\u00d3N Usted est\u00e1 visitando la p\u00e1gina Web www.edinventa.com titularidad de CM GAME RULES LTD. (en adelante LA COMPA\u00d1\u00cdA). Domicilio Social: Lordou Vyronos 61, Lumiel Building, 4th floor, 6023, Larnaca, Cyprus. E-mail: hello@edinventa.com Commercial information: CM Game Rules LTD, with company registration number HE417229, has been incorporated in the District Court of Nicosia as a Company limited by ...","og_url":"https:\/\/www.edinventa.com\/es\/legal-notice\/","og_site_name":"HeroMask","article_publisher":"https:\/\/www.facebook.com\/heromask.edu\/","article_modified_time":"2025-04-29T14:43:58+00:00","twitter_card":"summary_large_image","twitter_site":"@heromask_","twitter_misc":{"Tiempo de lectura":"7 minutos"},"schema":{"@context":"https:\/\/schema.org","@graph":[{"@type":"WebPage","@id":"https:\/\/www.edinventa.com\/es\/legal-notice\/","url":"https:\/\/www.edinventa.com\/es\/legal-notice\/","name":"Aviso Legal &#187; HeroMask","isPartOf":{"@id":"https:\/\/www.edinventa.com\/es\/#website"},"datePublished":"2018-05-24T20:36:54+00:00","dateModified":"2025-04-29T14:43:58+00:00","breadcrumb":{"@id":"https:\/\/www.edinventa.com\/es\/legal-notice\/#breadcrumb"},"inLanguage":"es","potentialAction":[{"@type":"ReadAction","target":["https:\/\/www.edinventa.com\/es\/legal-notice\/"]}]},{"@type":"BreadcrumbList","@id":"https:\/\/www.edinventa.com\/es\/legal-notice\/#breadcrumb","itemListElement":[{"@type":"ListItem","position":1,"name":"Portada","item":"https:\/\/www.edinventa.com\/es\/"},{"@type":"ListItem","position":2,"name":"Aviso Legal"}]},{"@type":"WebSite","@id":"https:\/\/www.edinventa.com\/es\/#website","url":"https:\/\/www.edinventa.com\/es\/","name":"HeroMask","description":"la m\u00e1scara de realidad virtual para aprender jugando","publisher":{"@id":"https:\/\/www.edinventa.com\/es\/#organization"},"potentialAction":[{"@type":"SearchAction","target":{"@type":"EntryPoint","urlTemplate":"https:\/\/www.edinventa.com\/es\/?s={search_term_string}"},"query-input":{"@type":"PropertyValueSpecification","valueRequired":true,"valueName":"search_term_string"}}],"inLanguage":"es"},{"@type":"Organization","@id":"https:\/\/www.edinventa.com\/es\/#organization","name":"Heromask","url":"https:\/\/www.edinventa.com\/es\/","logo":{"@type":"ImageObject","inLanguage":"es","@id":"https:\/\/www.edinventa.com\/es\/#\/schema\/logo\/image\/","url":"https:\/\/www.edinventa.com\/wp-content\/uploads\/2018\/08\/logo-Heromask-suavizado-01.png","contentUrl":"https:\/\/www.edinventa.com\/wp-content\/uploads\/2018\/08\/logo-Heromask-suavizado-01.png","width":519,"height":106,"caption":"Heromask"},"image":{"@id":"https:\/\/www.edinventa.com\/es\/#\/schema\/logo\/image\/"},"sameAs":["https:\/\/www.facebook.com\/heromask.edu\/","https:\/\/x.com\/heromask_","https:\/\/www.instagram.com\/heromask.ed\/","https:\/\/www.linkedin.com\/company\/heromask\/"]}]}},"_links":{"self":[{"href":"https:\/\/www.edinventa.com\/es\/wp-json\/wp\/v2\/pages\/3150","targetHints":{"allow":["GET"]}}],"collection":[{"href":"https:\/\/www.edinventa.com\/es\/wp-json\/wp\/v2\/pages"}],"about":[{"href":"https:\/\/www.edinventa.com\/es\/wp-json\/wp\/v2\/types\/page"}],"author":[{"embeddable":true,"href":"https:\/\/www.edinventa.com\/es\/wp-json\/wp\/v2\/users\/47"}],"replies":[{"embeddable":true,"href":"https:\/\/www.edinventa.com\/es\/wp-json\/wp\/v2\/comments?post=3150"}],"version-history":[{"count":0,"href":"https:\/\/www.edinventa.com\/es\/wp-json\/wp\/v2\/pages\/3150\/revisions"}],"wp:attachment":[{"href":"https:\/\/www.edinventa.com\/es\/wp-json\/wp\/v2\/media?parent=3150"}],"curies":[{"name":"wp","href":"https:\/\/api.w.org\/{rel}","templated":true}]}}