{"id":3444,"date":"2018-07-17T10:11:31","date_gmt":"2018-07-17T10:11:31","guid":{"rendered":"https:\/\/www.edinventa.com\/?page_id=3444"},"modified":"2021-07-19T14:15:14","modified_gmt":"2021-07-19T14:15:14","slug":"realidad-virtual","status":"publish","type":"page","link":"https:\/\/www.edinventa.com\/es\/realidad-virtual\/","title":{"rendered":"Realidad Virtual"},"content":{"rendered":"<div id=\"cs-content\" class=\"cs-content\"><\/div>\n","protected":false},"excerpt":{"rendered":"<p>En este art\u00edculo queremos explicarte qu\u00e9 es la realidad virtual de forma clara y sencilla, lejos de explicaciones t\u00e9cnicas o complejas. Actualmente, la realidad virtual se logra con unas gafas 3D. Con ellas, puedes mirar en todas direcciones y lo ver\u00e1s en 3D. Tambi\u00e9n es muy habitual utilizar unos cascos de audio para que tambi\u00e9n el sonido venga de todas &#8230;<\/p>\n","protected":false},"author":47,"featured_media":0,"parent":0,"menu_order":0,"comment_status":"open","ping_status":"closed","template":"template-layout-full-width.php","meta":{"rs_blank_template":"","rs_page_bg_color":"","slide_template_v7":"","_joinchat":[],"footnotes":""},"class_list":["post-3444","page","type-page","status-publish","hentry","no-post-thumbnail"],"yoast_head":"<!-- This site is optimized with the Yoast SEO plugin v27.3 - https:\/\/yoast.com\/product\/yoast-seo-wordpress\/ -->\n<title>Realidad Virtual &#187; HeroMask<\/title>\n<meta name=\"description\" content=\"Gafas 3D de Heromask Nuestras gafas 3D ... en cualquier momento, puedes visitar nuestra web aqu\u00ed: https:\/\/www.edinventa.com\/es\/heromask-idiomas-matematicas\/\" \/>\n<meta name=\"robots\" content=\"index, follow, max-snippet:-1, max-image-preview:large, max-video-preview:-1\" \/>\n<link rel=\"canonical\" href=\"https:\/\/www.edinventa.com\/es\/realidad-virtual\/\" \/>\n<meta property=\"og:locale\" content=\"es_ES\" \/>\n<meta property=\"og:type\" content=\"article\" \/>\n<meta property=\"og:title\" content=\"Realidad Virtual &#187; HeroMask\" \/>\n<meta property=\"og:description\" content=\"Gafas 3D de Heromask Nuestras gafas 3D ... en cualquier momento, puedes visitar nuestra web aqu\u00ed: https:\/\/www.edinventa.com\/es\/heromask-idiomas-matematicas\/\" \/>\n<meta property=\"og:url\" content=\"https:\/\/www.edinventa.com\/es\/realidad-virtual\/\" \/>\n<meta property=\"og:site_name\" content=\"HeroMask\" \/>\n<meta property=\"article:publisher\" content=\"https:\/\/www.facebook.com\/heromask.edu\/\" \/>\n<meta property=\"article:modified_time\" content=\"2021-07-19T14:15:14+00:00\" \/>\n<meta name=\"twitter:card\" content=\"summary_large_image\" \/>\n<meta name=\"twitter:site\" content=\"@heromask_\" \/>\n<meta name=\"twitter:label1\" content=\"Tiempo de lectura\" \/>\n\t<meta name=\"twitter:data1\" content=\"4 minutos\" \/>\n<script type=\"application\/ld+json\" class=\"yoast-schema-graph\">{\"@context\":\"https:\\\/\\\/schema.org\",\"@graph\":[{\"@type\":\"WebPage\",\"@id\":\"https:\\\/\\\/www.edinventa.com\\\/es\\\/realidad-virtual\\\/\",\"url\":\"https:\\\/\\\/www.edinventa.com\\\/es\\\/realidad-virtual\\\/\",\"name\":\"Realidad Virtual &#187; HeroMask\",\"isPartOf\":{\"@id\":\"https:\\\/\\\/www.edinventa.com\\\/es\\\/#website\"},\"datePublished\":\"2018-07-17T10:11:31+00:00\",\"dateModified\":\"2021-07-19T14:15:14+00:00\",\"description\":\"Gafas 3D de Heromask Nuestras gafas 3D ... en cualquier momento, puedes visitar nuestra web aqu\u00ed: https:\\\/\\\/www.edinventa.com\\\/es\\\/heromask-idiomas-matematicas\\\/\",\"breadcrumb\":{\"@id\":\"https:\\\/\\\/www.edinventa.com\\\/es\\\/realidad-virtual\\\/#breadcrumb\"},\"inLanguage\":\"es\",\"potentialAction\":[{\"@type\":\"ReadAction\",\"target\":[\"https:\\\/\\\/www.edinventa.com\\\/es\\\/realidad-virtual\\\/\"]}]},{\"@type\":\"BreadcrumbList\",\"@id\":\"https:\\\/\\\/www.edinventa.com\\\/es\\\/realidad-virtual\\\/#breadcrumb\",\"itemListElement\":[{\"@type\":\"ListItem\",\"position\":1,\"name\":\"Portada\",\"item\":\"https:\\\/\\\/www.edinventa.com\\\/es\\\/\"},{\"@type\":\"ListItem\",\"position\":2,\"name\":\"Realidad Virtual\"}]},{\"@type\":\"WebSite\",\"@id\":\"https:\\\/\\\/www.edinventa.com\\\/es\\\/#website\",\"url\":\"https:\\\/\\\/www.edinventa.com\\\/es\\\/\",\"name\":\"HeroMask\",\"description\":\"la m\u00e1scara de realidad virtual para aprender jugando\",\"publisher\":{\"@id\":\"https:\\\/\\\/www.edinventa.com\\\/es\\\/#organization\"},\"potentialAction\":[{\"@type\":\"SearchAction\",\"target\":{\"@type\":\"EntryPoint\",\"urlTemplate\":\"https:\\\/\\\/www.edinventa.com\\\/es\\\/?s={search_term_string}\"},\"query-input\":{\"@type\":\"PropertyValueSpecification\",\"valueRequired\":true,\"valueName\":\"search_term_string\"}}],\"inLanguage\":\"es\"},{\"@type\":\"Organization\",\"@id\":\"https:\\\/\\\/www.edinventa.com\\\/es\\\/#organization\",\"name\":\"Heromask\",\"url\":\"https:\\\/\\\/www.edinventa.com\\\/es\\\/\",\"logo\":{\"@type\":\"ImageObject\",\"inLanguage\":\"es\",\"@id\":\"https:\\\/\\\/www.edinventa.com\\\/es\\\/#\\\/schema\\\/logo\\\/image\\\/\",\"url\":\"https:\\\/\\\/www.edinventa.com\\\/wp-content\\\/uploads\\\/2018\\\/08\\\/logo-Heromask-suavizado-01.png\",\"contentUrl\":\"https:\\\/\\\/www.edinventa.com\\\/wp-content\\\/uploads\\\/2018\\\/08\\\/logo-Heromask-suavizado-01.png\",\"width\":519,\"height\":106,\"caption\":\"Heromask\"},\"image\":{\"@id\":\"https:\\\/\\\/www.edinventa.com\\\/es\\\/#\\\/schema\\\/logo\\\/image\\\/\"},\"sameAs\":[\"https:\\\/\\\/www.facebook.com\\\/heromask.edu\\\/\",\"https:\\\/\\\/x.com\\\/heromask_\",\"https:\\\/\\\/www.instagram.com\\\/heromask.ed\\\/\",\"https:\\\/\\\/www.linkedin.com\\\/company\\\/heromask\\\/\"]}]}<\/script>\n<!-- \/ Yoast SEO plugin. -->","yoast_head_json":{"title":"Realidad Virtual &#187; HeroMask","description":"Gafas 3D de Heromask Nuestras gafas 3D ... en cualquier momento, puedes visitar nuestra web aqu\u00ed: https:\/\/www.edinventa.com\/es\/heromask-idiomas-matematicas\/","robots":{"index":"index","follow":"follow","max-snippet":"max-snippet:-1","max-image-preview":"max-image-preview:large","max-video-preview":"max-video-preview:-1"},"canonical":"https:\/\/www.edinventa.com\/es\/realidad-virtual\/","og_locale":"es_ES","og_type":"article","og_title":"Realidad Virtual &#187; HeroMask","og_description":"Gafas 3D de Heromask Nuestras gafas 3D ... en cualquier momento, puedes visitar nuestra web aqu\u00ed: https:\/\/www.edinventa.com\/es\/heromask-idiomas-matematicas\/","og_url":"https:\/\/www.edinventa.com\/es\/realidad-virtual\/","og_site_name":"HeroMask","article_publisher":"https:\/\/www.facebook.com\/heromask.edu\/","article_modified_time":"2021-07-19T14:15:14+00:00","twitter_card":"summary_large_image","twitter_site":"@heromask_","twitter_misc":{"Tiempo de lectura":"4 minutos"},"schema":{"@context":"https:\/\/schema.org","@graph":[{"@type":"WebPage","@id":"https:\/\/www.edinventa.com\/es\/realidad-virtual\/","url":"https:\/\/www.edinventa.com\/es\/realidad-virtual\/","name":"Realidad Virtual &#187; HeroMask","isPartOf":{"@id":"https:\/\/www.edinventa.com\/es\/#website"},"datePublished":"2018-07-17T10:11:31+00:00","dateModified":"2021-07-19T14:15:14+00:00","description":"Gafas 3D de Heromask Nuestras gafas 3D ... en cualquier momento, puedes visitar nuestra web aqu\u00ed: https:\/\/www.edinventa.com\/es\/heromask-idiomas-matematicas\/","breadcrumb":{"@id":"https:\/\/www.edinventa.com\/es\/realidad-virtual\/#breadcrumb"},"inLanguage":"es","potentialAction":[{"@type":"ReadAction","target":["https:\/\/www.edinventa.com\/es\/realidad-virtual\/"]}]},{"@type":"BreadcrumbList","@id":"https:\/\/www.edinventa.com\/es\/realidad-virtual\/#breadcrumb","itemListElement":[{"@type":"ListItem","position":1,"name":"Portada","item":"https:\/\/www.edinventa.com\/es\/"},{"@type":"ListItem","position":2,"name":"Realidad Virtual"}]},{"@type":"WebSite","@id":"https:\/\/www.edinventa.com\/es\/#website","url":"https:\/\/www.edinventa.com\/es\/","name":"HeroMask","description":"la m\u00e1scara de realidad virtual para aprender jugando","publisher":{"@id":"https:\/\/www.edinventa.com\/es\/#organization"},"potentialAction":[{"@type":"SearchAction","target":{"@type":"EntryPoint","urlTemplate":"https:\/\/www.edinventa.com\/es\/?s={search_term_string}"},"query-input":{"@type":"PropertyValueSpecification","valueRequired":true,"valueName":"search_term_string"}}],"inLanguage":"es"},{"@type":"Organization","@id":"https:\/\/www.edinventa.com\/es\/#organization","name":"Heromask","url":"https:\/\/www.edinventa.com\/es\/","logo":{"@type":"ImageObject","inLanguage":"es","@id":"https:\/\/www.edinventa.com\/es\/#\/schema\/logo\/image\/","url":"https:\/\/www.edinventa.com\/wp-content\/uploads\/2018\/08\/logo-Heromask-suavizado-01.png","contentUrl":"https:\/\/www.edinventa.com\/wp-content\/uploads\/2018\/08\/logo-Heromask-suavizado-01.png","width":519,"height":106,"caption":"Heromask"},"image":{"@id":"https:\/\/www.edinventa.com\/es\/#\/schema\/logo\/image\/"},"sameAs":["https:\/\/www.facebook.com\/heromask.edu\/","https:\/\/x.com\/heromask_","https:\/\/www.instagram.com\/heromask.ed\/","https:\/\/www.linkedin.com\/company\/heromask\/"]}]}},"_links":{"self":[{"href":"https:\/\/www.edinventa.com\/es\/wp-json\/wp\/v2\/pages\/3444","targetHints":{"allow":["GET"]}}],"collection":[{"href":"https:\/\/www.edinventa.com\/es\/wp-json\/wp\/v2\/pages"}],"about":[{"href":"https:\/\/www.edinventa.com\/es\/wp-json\/wp\/v2\/types\/page"}],"author":[{"embeddable":true,"href":"https:\/\/www.edinventa.com\/es\/wp-json\/wp\/v2\/users\/47"}],"replies":[{"embeddable":true,"href":"https:\/\/www.edinventa.com\/es\/wp-json\/wp\/v2\/comments?post=3444"}],"version-history":[{"count":0,"href":"https:\/\/www.edinventa.com\/es\/wp-json\/wp\/v2\/pages\/3444\/revisions"}],"wp:attachment":[{"href":"https:\/\/www.edinventa.com\/es\/wp-json\/wp\/v2\/media?parent=3444"}],"curies":[{"name":"wp","href":"https:\/\/api.w.org\/{rel}","templated":true}]}}