{"id":3634,"date":"2018-08-11T00:08:26","date_gmt":"2018-08-11T00:08:26","guid":{"rendered":"https:\/\/www.edinventa.com\/?page_id=3634"},"modified":"2025-12-05T11:29:18","modified_gmt":"2025-12-05T11:29:18","slug":"heromask-idiomas-matematicas","status":"publish","type":"page","link":"https:\/\/www.edinventa.com\/es\/heromask-idiomas-matematicas\/","title":{"rendered":"Heromask Idiomas Matem\u00e1ticas"},"content":{"rendered":"<div id=\"cs-content\" class=\"cs-content\"><\/div>\n","protected":false},"excerpt":{"rendered":"<p>Espa\u00f1ol English Fran\u00e7ais Deutsch Italiano US polski \u010ce\u0161tina UK Nederlands \u0420\u0443\u0441\u0441\u043a\u0438\u0439 Portugu\u00eas English (Canada) Mex Espa\u00f1ol El juego de realidad virtual para aprender idiomas y matem&aacute;ticas [Gafas 3D incluidas] Heromask Idiomas Pack doble: Idiomas + Mates (exclusivo web) 69&euro; 49&euro; 79&euro; 59&euro; Web oficial del fabricante. Mejor precio garantizado: si lo encuentras m\u00e1s bajo te lo igualamos. Comprar Stock:\u00a013 Comprar &#8230;<\/p>\n","protected":false},"author":47,"featured_media":6225,"parent":0,"menu_order":0,"comment_status":"open","ping_status":"closed","template":"template-layout-full-width.php","meta":{"rs_blank_template":"","rs_page_bg_color":"","slide_template_v7":"","_joinchat":{"view":"yes"},"footnotes":""},"class_list":["post-3634","page","type-page","status-publish","has-post-thumbnail","hentry"],"yoast_head":"<!-- This site is optimized with the Yoast SEO plugin v27.3 - https:\/\/yoast.com\/product\/yoast-seo-wordpress\/ -->\n<title>Heromask Idiomas Matem\u00e1ticas: Regalo original para ni\u00f1os de 5 a 12 a\u00f1os<\/title>\n<meta name=\"description\" content=\"Pack de Realidad virtual para aprender idiomas o mates. Regalo educativo original para ni\u00f1os y ni\u00f1as de 5, 6, 7, 8\u2026, hasta 12 a\u00f1os. Env\u00edo 24h\" \/>\n<meta name=\"robots\" content=\"index, follow, max-snippet:-1, max-image-preview:large, max-video-preview:-1\" \/>\n<link rel=\"canonical\" href=\"https:\/\/www.edinventa.com\/es\/heromask-idiomas-matematicas\/\" \/>\n<meta property=\"og:locale\" content=\"es_ES\" \/>\n<meta property=\"og:type\" content=\"article\" \/>\n<meta property=\"og:title\" content=\"Heromask Idiomas Matem\u00e1ticas: Regalo original para ni\u00f1os de 5 a 12 a\u00f1os\" \/>\n<meta property=\"og:description\" content=\"Pack de Realidad virtual para aprender idiomas o mates. Regalo educativo original para ni\u00f1os y ni\u00f1as de 5, 6, 7, 8\u2026, hasta 12 a\u00f1os. Env\u00edo 24h\" \/>\n<meta property=\"og:url\" content=\"https:\/\/www.edinventa.com\/es\/heromask-idiomas-matematicas\/\" \/>\n<meta property=\"og:site_name\" content=\"HeroMask\" \/>\n<meta property=\"article:publisher\" content=\"https:\/\/www.facebook.com\/heromask.edu\/\" \/>\n<meta property=\"article:modified_time\" content=\"2025-12-05T11:29:18+00:00\" \/>\n<meta property=\"og:image\" content=\"https:\/\/www.edinventa.com\/wp-content\/uploads\/2018\/08\/para-Amazon-heromask-packaging-2017-18.jpg\" \/>\n\t<meta property=\"og:image:width\" content=\"599\" \/>\n\t<meta property=\"og:image:height\" content=\"588\" \/>\n\t<meta property=\"og:image:type\" content=\"image\/jpeg\" \/>\n<meta name=\"twitter:card\" content=\"summary_large_image\" \/>\n<meta name=\"twitter:site\" content=\"@heromask_\" \/>\n<meta name=\"twitter:label1\" content=\"Tiempo de lectura\" \/>\n\t<meta name=\"twitter:data1\" content=\"20 minutos\" \/>\n<script type=\"application\/ld+json\" class=\"yoast-schema-graph\">{\"@context\":\"https:\\\/\\\/schema.org\",\"@graph\":[{\"@type\":\"WebPage\",\"@id\":\"https:\\\/\\\/www.edinventa.com\\\/es\\\/heromask-idiomas-matematicas\\\/\",\"url\":\"https:\\\/\\\/www.edinventa.com\\\/es\\\/heromask-idiomas-matematicas\\\/\",\"name\":\"Heromask Idiomas Matem\u00e1ticas: Regalo original para ni\u00f1os de 5 a 12 a\u00f1os\",\"isPartOf\":{\"@id\":\"https:\\\/\\\/www.edinventa.com\\\/es\\\/#website\"},\"primaryImageOfPage\":{\"@id\":\"https:\\\/\\\/www.edinventa.com\\\/es\\\/heromask-idiomas-matematicas\\\/#primaryimage\"},\"image\":{\"@id\":\"https:\\\/\\\/www.edinventa.com\\\/es\\\/heromask-idiomas-matematicas\\\/#primaryimage\"},\"thumbnailUrl\":\"https:\\\/\\\/www.edinventa.com\\\/wp-content\\\/uploads\\\/2019\\\/11\\\/Heromask-Languages-b-500.jpg\",\"datePublished\":\"2018-08-11T00:08:26+00:00\",\"dateModified\":\"2025-12-05T11:29:18+00:00\",\"description\":\"Pack de Realidad virtual para aprender idiomas o mates. Regalo educativo original para ni\u00f1os y ni\u00f1as de 5, 6, 7, 8\u2026, hasta 12 a\u00f1os. Env\u00edo 24h\",\"breadcrumb\":{\"@id\":\"https:\\\/\\\/www.edinventa.com\\\/es\\\/heromask-idiomas-matematicas\\\/#breadcrumb\"},\"inLanguage\":\"es\",\"potentialAction\":[{\"@type\":\"ReadAction\",\"target\":[\"https:\\\/\\\/www.edinventa.com\\\/es\\\/heromask-idiomas-matematicas\\\/\"]}]},{\"@type\":\"ImageObject\",\"inLanguage\":\"es\",\"@id\":\"https:\\\/\\\/www.edinventa.com\\\/es\\\/heromask-idiomas-matematicas\\\/#primaryimage\",\"url\":\"https:\\\/\\\/www.edinventa.com\\\/wp-content\\\/uploads\\\/2019\\\/11\\\/Heromask-Languages-b-500.jpg\",\"contentUrl\":\"https:\\\/\\\/www.edinventa.com\\\/wp-content\\\/uploads\\\/2019\\\/11\\\/Heromask-Languages-b-500.jpg\",\"width\":500,\"height\":412},{\"@type\":\"BreadcrumbList\",\"@id\":\"https:\\\/\\\/www.edinventa.com\\\/es\\\/heromask-idiomas-matematicas\\\/#breadcrumb\",\"itemListElement\":[{\"@type\":\"ListItem\",\"position\":1,\"name\":\"Portada\",\"item\":\"https:\\\/\\\/www.edinventa.com\\\/es\\\/\"},{\"@type\":\"ListItem\",\"position\":2,\"name\":\"Heromask Idiomas Matem\u00e1ticas\"}]},{\"@type\":\"WebSite\",\"@id\":\"https:\\\/\\\/www.edinventa.com\\\/es\\\/#website\",\"url\":\"https:\\\/\\\/www.edinventa.com\\\/es\\\/\",\"name\":\"HeroMask\",\"description\":\"la m\u00e1scara de realidad virtual para aprender jugando\",\"publisher\":{\"@id\":\"https:\\\/\\\/www.edinventa.com\\\/es\\\/#organization\"},\"potentialAction\":[{\"@type\":\"SearchAction\",\"target\":{\"@type\":\"EntryPoint\",\"urlTemplate\":\"https:\\\/\\\/www.edinventa.com\\\/es\\\/?s={search_term_string}\"},\"query-input\":{\"@type\":\"PropertyValueSpecification\",\"valueRequired\":true,\"valueName\":\"search_term_string\"}}],\"inLanguage\":\"es\"},{\"@type\":\"Organization\",\"@id\":\"https:\\\/\\\/www.edinventa.com\\\/es\\\/#organization\",\"name\":\"Heromask\",\"url\":\"https:\\\/\\\/www.edinventa.com\\\/es\\\/\",\"logo\":{\"@type\":\"ImageObject\",\"inLanguage\":\"es\",\"@id\":\"https:\\\/\\\/www.edinventa.com\\\/es\\\/#\\\/schema\\\/logo\\\/image\\\/\",\"url\":\"https:\\\/\\\/www.edinventa.com\\\/wp-content\\\/uploads\\\/2018\\\/08\\\/logo-Heromask-suavizado-01.png\",\"contentUrl\":\"https:\\\/\\\/www.edinventa.com\\\/wp-content\\\/uploads\\\/2018\\\/08\\\/logo-Heromask-suavizado-01.png\",\"width\":519,\"height\":106,\"caption\":\"Heromask\"},\"image\":{\"@id\":\"https:\\\/\\\/www.edinventa.com\\\/es\\\/#\\\/schema\\\/logo\\\/image\\\/\"},\"sameAs\":[\"https:\\\/\\\/www.facebook.com\\\/heromask.edu\\\/\",\"https:\\\/\\\/x.com\\\/heromask_\",\"https:\\\/\\\/www.instagram.com\\\/heromask.ed\\\/\",\"https:\\\/\\\/www.linkedin.com\\\/company\\\/heromask\\\/\"]}]}<\/script>\n<!-- \/ Yoast SEO plugin. -->","yoast_head_json":{"title":"Heromask Idiomas Matem\u00e1ticas: Regalo original para ni\u00f1os de 5 a 12 a\u00f1os","description":"Pack de Realidad virtual para aprender idiomas o mates. Regalo educativo original para ni\u00f1os y ni\u00f1as de 5, 6, 7, 8\u2026, hasta 12 a\u00f1os. Env\u00edo 24h","robots":{"index":"index","follow":"follow","max-snippet":"max-snippet:-1","max-image-preview":"max-image-preview:large","max-video-preview":"max-video-preview:-1"},"canonical":"https:\/\/www.edinventa.com\/es\/heromask-idiomas-matematicas\/","og_locale":"es_ES","og_type":"article","og_title":"Heromask Idiomas Matem\u00e1ticas: Regalo original para ni\u00f1os de 5 a 12 a\u00f1os","og_description":"Pack de Realidad virtual para aprender idiomas o mates. Regalo educativo original para ni\u00f1os y ni\u00f1as de 5, 6, 7, 8\u2026, hasta 12 a\u00f1os. Env\u00edo 24h","og_url":"https:\/\/www.edinventa.com\/es\/heromask-idiomas-matematicas\/","og_site_name":"HeroMask","article_publisher":"https:\/\/www.facebook.com\/heromask.edu\/","article_modified_time":"2025-12-05T11:29:18+00:00","og_image":[{"width":599,"height":588,"url":"https:\/\/www.edinventa.com\/wp-content\/uploads\/2018\/08\/para-Amazon-heromask-packaging-2017-18.jpg","type":"image\/jpeg"}],"twitter_card":"summary_large_image","twitter_site":"@heromask_","twitter_misc":{"Tiempo de lectura":"20 minutos"},"schema":{"@context":"https:\/\/schema.org","@graph":[{"@type":"WebPage","@id":"https:\/\/www.edinventa.com\/es\/heromask-idiomas-matematicas\/","url":"https:\/\/www.edinventa.com\/es\/heromask-idiomas-matematicas\/","name":"Heromask Idiomas Matem\u00e1ticas: Regalo original para ni\u00f1os de 5 a 12 a\u00f1os","isPartOf":{"@id":"https:\/\/www.edinventa.com\/es\/#website"},"primaryImageOfPage":{"@id":"https:\/\/www.edinventa.com\/es\/heromask-idiomas-matematicas\/#primaryimage"},"image":{"@id":"https:\/\/www.edinventa.com\/es\/heromask-idiomas-matematicas\/#primaryimage"},"thumbnailUrl":"https:\/\/www.edinventa.com\/wp-content\/uploads\/2019\/11\/Heromask-Languages-b-500.jpg","datePublished":"2018-08-11T00:08:26+00:00","dateModified":"2025-12-05T11:29:18+00:00","description":"Pack de Realidad virtual para aprender idiomas o mates. Regalo educativo original para ni\u00f1os y ni\u00f1as de 5, 6, 7, 8\u2026, hasta 12 a\u00f1os. Env\u00edo 24h","breadcrumb":{"@id":"https:\/\/www.edinventa.com\/es\/heromask-idiomas-matematicas\/#breadcrumb"},"inLanguage":"es","potentialAction":[{"@type":"ReadAction","target":["https:\/\/www.edinventa.com\/es\/heromask-idiomas-matematicas\/"]}]},{"@type":"ImageObject","inLanguage":"es","@id":"https:\/\/www.edinventa.com\/es\/heromask-idiomas-matematicas\/#primaryimage","url":"https:\/\/www.edinventa.com\/wp-content\/uploads\/2019\/11\/Heromask-Languages-b-500.jpg","contentUrl":"https:\/\/www.edinventa.com\/wp-content\/uploads\/2019\/11\/Heromask-Languages-b-500.jpg","width":500,"height":412},{"@type":"BreadcrumbList","@id":"https:\/\/www.edinventa.com\/es\/heromask-idiomas-matematicas\/#breadcrumb","itemListElement":[{"@type":"ListItem","position":1,"name":"Portada","item":"https:\/\/www.edinventa.com\/es\/"},{"@type":"ListItem","position":2,"name":"Heromask Idiomas Matem\u00e1ticas"}]},{"@type":"WebSite","@id":"https:\/\/www.edinventa.com\/es\/#website","url":"https:\/\/www.edinventa.com\/es\/","name":"HeroMask","description":"la m\u00e1scara de realidad virtual para aprender jugando","publisher":{"@id":"https:\/\/www.edinventa.com\/es\/#organization"},"potentialAction":[{"@type":"SearchAction","target":{"@type":"EntryPoint","urlTemplate":"https:\/\/www.edinventa.com\/es\/?s={search_term_string}"},"query-input":{"@type":"PropertyValueSpecification","valueRequired":true,"valueName":"search_term_string"}}],"inLanguage":"es"},{"@type":"Organization","@id":"https:\/\/www.edinventa.com\/es\/#organization","name":"Heromask","url":"https:\/\/www.edinventa.com\/es\/","logo":{"@type":"ImageObject","inLanguage":"es","@id":"https:\/\/www.edinventa.com\/es\/#\/schema\/logo\/image\/","url":"https:\/\/www.edinventa.com\/wp-content\/uploads\/2018\/08\/logo-Heromask-suavizado-01.png","contentUrl":"https:\/\/www.edinventa.com\/wp-content\/uploads\/2018\/08\/logo-Heromask-suavizado-01.png","width":519,"height":106,"caption":"Heromask"},"image":{"@id":"https:\/\/www.edinventa.com\/es\/#\/schema\/logo\/image\/"},"sameAs":["https:\/\/www.facebook.com\/heromask.edu\/","https:\/\/x.com\/heromask_","https:\/\/www.instagram.com\/heromask.ed\/","https:\/\/www.linkedin.com\/company\/heromask\/"]}]}},"_links":{"self":[{"href":"https:\/\/www.edinventa.com\/es\/wp-json\/wp\/v2\/pages\/3634","targetHints":{"allow":["GET"]}}],"collection":[{"href":"https:\/\/www.edinventa.com\/es\/wp-json\/wp\/v2\/pages"}],"about":[{"href":"https:\/\/www.edinventa.com\/es\/wp-json\/wp\/v2\/types\/page"}],"author":[{"embeddable":true,"href":"https:\/\/www.edinventa.com\/es\/wp-json\/wp\/v2\/users\/47"}],"replies":[{"embeddable":true,"href":"https:\/\/www.edinventa.com\/es\/wp-json\/wp\/v2\/comments?post=3634"}],"version-history":[{"count":1,"href":"https:\/\/www.edinventa.com\/es\/wp-json\/wp\/v2\/pages\/3634\/revisions"}],"predecessor-version":[{"id":136317,"href":"https:\/\/www.edinventa.com\/es\/wp-json\/wp\/v2\/pages\/3634\/revisions\/136317"}],"wp:featuredmedia":[{"embeddable":true,"href":"https:\/\/www.edinventa.com\/es\/wp-json\/wp\/v2\/media\/6225"}],"wp:attachment":[{"href":"https:\/\/www.edinventa.com\/es\/wp-json\/wp\/v2\/media?parent=3634"}],"curies":[{"name":"wp","href":"https:\/\/api.w.org\/{rel}","templated":true}]}}