{"id":3776,"date":"2018-09-02T18:50:31","date_gmt":"2018-09-02T18:50:31","guid":{"rendered":"https:\/\/www.edinventa.com\/?page_id=3776"},"modified":"2018-10-20T13:55:50","modified_gmt":"2018-10-20T13:55:50","slug":"alternativas-a-magic-english","status":"publish","type":"page","link":"https:\/\/www.edinventa.com\/es\/alternativas-a-magic-english\/","title":{"rendered":"Alternativas a Magic English"},"content":{"rendered":"<p class=\"p1\"><span class=\"s1\">En este post queremos hablaros sobre las alternativas que tenemos a nuestros amigos de Disney cantando en situaciones muy divertidas para que los ni\u00f1os aprendan poco a poco y se familiaricen con el idioma a la vez que se divierten.<\/span><\/p>\n<h3>Magic English<\/h3>\n<p class=\"p1\"><span class=\"s1\">Magic English es un conjunto de videos y material did\u00e1ctico que incluye pegatinas con distintas formas y colores para diferenciar sustantivos, verbos, adjetivos&#8230; Cada video se centra en una tem\u00e1tica, por ejemplo, est\u00e1 Magic English Animals, Magic English Food, Magic English Numbers\u2026\u00a0<\/span><\/p>\n<p><a href=\"https:\/\/www.edinventa.com\/wp-content\/uploads\/2018\/09\/magic-english.jpg\"><img loading=\"lazy\" decoding=\"async\" class=\"size-medium wp-image-3782 aligncenter\" src=\"https:\/\/www.edinventa.com\/wp-content\/uploads\/2018\/09\/magic-english-300x300.jpg\" alt=\"\" width=\"300\" height=\"300\" srcset=\"\/\/www.edinventa.com\/wp-content\/uploads\/2018\/09\/magic-english-300x300.jpg 300w, \/\/www.edinventa.com\/wp-content\/uploads\/2018\/09\/magic-english-100x100.jpg 100w, \/\/www.edinventa.com\/wp-content\/uploads\/2018\/09\/magic-english-150x150.jpg 150w, \/\/www.edinventa.com\/wp-content\/uploads\/2018\/09\/magic-english.jpg 320w\" sizes=\"auto, (max-width: 300px) 100vw, 300px\" \/><\/a><\/p>\n<p class=\"p1\"><span class=\"s1\">Es un m\u00e9todo pasivo en el que los ni\u00f1os \u201cven la tele\u201d sin opci\u00f3n a interactuar, m\u00e1s all\u00e1 que por la aparici\u00f3n de nuestros personajes de Disney favoritos. Para poder sacarle partido, tendr\u00e1s que sentarte con ellos y hacer uso del material did\u00e1ctico que incorpora el pack de Magic English. Are you ready? \ud83d\ude42\u00a0<\/span><\/p>\n<h3 class=\"p1\">Muzzy<\/h3>\n<p class=\"p1\"><span class=\"s1\">Sin duda otro m\u00e9todo que conocer\u00e1s ser\u00e1 Muzzy, el m\u00e9todo de aprendizaje de animaci\u00f3n de la BBC. El gran Muzzy es un extraterrestre peludo y verde que come relojes (u otros objetos) que aterrizar\u00e1 en el reino de Gongoland. All\u00ed conocer\u00e1 a toda la familia real mientras el \u00fanico ser humano de toda la serie ir\u00e1 explicando vocabulario y gram\u00e1tica. Muy divertido sin duda, pero de nuevo un m\u00e9todo pasivo centrado en \u201cver la tele\u201d.\u00a0<\/span><\/p>\n<p><a href=\"https:\/\/www.edinventa.com\/wp-content\/uploads\/2018\/09\/muzzy.jpg\"><img loading=\"lazy\" decoding=\"async\" class=\"size-medium wp-image-3784 aligncenter\" src=\"https:\/\/www.edinventa.com\/wp-content\/uploads\/2018\/09\/muzzy-300x264.jpg\" alt=\"\" width=\"300\" height=\"264\" srcset=\"\/\/www.edinventa.com\/wp-content\/uploads\/2018\/09\/muzzy.jpg 300w, \/\/www.edinventa.com\/wp-content\/uploads\/2018\/09\/muzzy-100x88.jpg 100w\" sizes=\"auto, (max-width: 300px) 100vw, 300px\" \/><\/a><\/p>\n<h3>Heromask<\/h3>\n<p class=\"p1\"><span class=\"s1\">En Heromask despu\u00e9s de trabajar con muchos ni\u00f1os durante los \u00faltimos 4 a\u00f1os hemos desarrollado un m\u00e9todo de aprendizaje de idiomas (apoyado por la Editorial SM) muy divertido donde el protagonista tendr\u00e1 que acertar a las palabras que ver\u00e1 en el espacio para poder salvar la galaxia. Para ello tendr\u00e1 que vestir la m\u00e1scara de h\u00e9roe y adentrarse en una realidad paralela (es un juego de Realidad Virtual). Con esta inmersi\u00f3n es como aprender\u00e1 vocabulario y pronunciaci\u00f3n de hasta 5 idiomas. Todo ello en un m\u00e1gico entorno de 360 grados.\u00a0<\/span><span class=\"s1\">Incre\u00edble \u00bfverdad? Ya son m\u00e1s de 300 clientes satisfechos con Heromask. Si quieres las tuyas, puedes adquirirlas en la <a href=\"https:\/\/www.edinventa.com\/es\/heromask-idiomas-matematicas\/\">p\u00e1gina oficial de Heromask<\/a>.<\/span><\/p>\n<p><a href=\"https:\/\/www.edinventa.com\/wp-content\/uploads\/2018\/09\/heromask.jpeg\"><img loading=\"lazy\" decoding=\"async\" class=\"aligncenter wp-image-3786 size-medium\" src=\"https:\/\/www.edinventa.com\/wp-content\/uploads\/2018\/09\/heromask-300x245.jpeg\" alt=\"\" width=\"300\" height=\"245\" srcset=\"\/\/www.edinventa.com\/wp-content\/uploads\/2018\/09\/heromask-300x245.jpeg 300w, \/\/www.edinventa.com\/wp-content\/uploads\/2018\/09\/heromask-400x327.jpeg 400w, \/\/www.edinventa.com\/wp-content\/uploads\/2018\/09\/heromask-768x627.jpeg 768w, \/\/www.edinventa.com\/wp-content\/uploads\/2018\/09\/heromask-1024x836.jpeg 1024w, \/\/www.edinventa.com\/wp-content\/uploads\/2018\/09\/heromask-100x82.jpeg 100w, \/\/www.edinventa.com\/wp-content\/uploads\/2018\/09\/heromask.jpeg 1102w\" sizes=\"auto, (max-width: 300px) 100vw, 300px\" \/><\/a><\/p>\n<h3>Conclusi\u00f3n<\/h3>\n<p>Sin duda alguna Magic English o Muzzy son m\u00e9todos que incluso a d\u00eda de hoy se siguen utilizando en las escuelas y son recomendados por docentes. Los dibujos animados les encantan a los ni\u00f1os. El fallo que los ni\u00f1os suelen ponerle es que son m\u00e9todos muy pasivos y al final suelen distraerse, siendo poco efectivos si no le damos un adecuado seguimiento.<\/p>\n<p><a href=\"https:\/\/www.edinventa.com\/wp-content\/uploads\/2018\/07\/gafas-realidad-virtual-familia.jpeg\"><img loading=\"lazy\" decoding=\"async\" class=\"size-medium wp-image-3388 aligncenter\" src=\"https:\/\/www.edinventa.com\/wp-content\/uploads\/2018\/07\/gafas-realidad-virtual-familia-300x200.jpeg\" alt=\"\" width=\"300\" height=\"200\" srcset=\"\/\/www.edinventa.com\/wp-content\/uploads\/2018\/07\/gafas-realidad-virtual-familia-300x200.jpeg 300w, \/\/www.edinventa.com\/wp-content\/uploads\/2018\/07\/gafas-realidad-virtual-familia-400x267.jpeg 400w, \/\/www.edinventa.com\/wp-content\/uploads\/2018\/07\/gafas-realidad-virtual-familia-768x512.jpeg 768w, \/\/www.edinventa.com\/wp-content\/uploads\/2018\/07\/gafas-realidad-virtual-familia-100x67.jpeg 100w, \/\/www.edinventa.com\/wp-content\/uploads\/2018\/07\/gafas-realidad-virtual-familia.jpeg 800w\" sizes=\"auto, (max-width: 300px) 100vw, 300px\" \/><\/a><\/p>\n<p>Con la llegada de los videojuegos y la Realidad Virtual podemos proponer un escenario inmersivo donde el ni\u00f1o sea el protagonista de su propio aprendizaje en el espacio.\u00a0<span class=\"s1\">Tienes mucha m\u00e1s informaci\u00f3n en\u00a0<a href=\"https:\/\/www.edinventa.com\/es\/heromask-idiomas-matematicas\/\">edinventa.com\/heromask-idiomas<\/a><\/span><\/p>\n","protected":false},"excerpt":{"rendered":"<p>En este post queremos hablaros sobre las alternativas que tenemos a nuestros amigos de Disney cantando en situaciones muy divertidas para que los ni\u00f1os aprendan poco a poco y se familiaricen con el idioma a la vez que se divierten. Magic English Magic English es un conjunto de videos y material did\u00e1ctico que incluye pegatinas con distintas formas y colores &#8230;<\/p>\n","protected":false},"author":47,"featured_media":0,"parent":0,"menu_order":0,"comment_status":"closed","ping_status":"closed","template":"","meta":{"rs_blank_template":"","rs_page_bg_color":"","slide_template_v7":"","_joinchat":[],"footnotes":""},"class_list":["post-3776","page","type-page","status-publish","hentry","no-post-thumbnail"],"yoast_head":"<!-- This site is optimized with the Yoast SEO plugin v27.3 - https:\/\/yoast.com\/product\/yoast-seo-wordpress\/ -->\n<title>Alternativas a Magic English &#187; HeroMask<\/title>\n<meta name=\"robots\" content=\"index, follow, max-snippet:-1, max-image-preview:large, max-video-preview:-1\" \/>\n<link rel=\"canonical\" href=\"https:\/\/www.edinventa.com\/es\/alternativas-a-magic-english\/\" \/>\n<meta property=\"og:locale\" content=\"es_ES\" \/>\n<meta property=\"og:type\" content=\"article\" \/>\n<meta property=\"og:title\" content=\"Alternativas a Magic English &#187; HeroMask\" \/>\n<meta property=\"og:description\" content=\"En este post queremos hablaros sobre las alternativas que tenemos a nuestros amigos de Disney cantando en situaciones muy divertidas para que los ni\u00f1os aprendan poco a poco y se familiaricen con el idioma a la vez que se divierten. Magic English Magic English es un conjunto de videos y material did\u00e1ctico que incluye pegatinas con distintas formas y colores ...\" \/>\n<meta property=\"og:url\" content=\"https:\/\/www.edinventa.com\/es\/alternativas-a-magic-english\/\" \/>\n<meta property=\"og:site_name\" content=\"HeroMask\" \/>\n<meta property=\"article:publisher\" content=\"https:\/\/www.facebook.com\/heromask.edu\/\" \/>\n<meta property=\"article:modified_time\" content=\"2018-10-20T13:55:50+00:00\" \/>\n<meta property=\"og:image\" content=\"https:\/\/www.edinventa.com\/wp-content\/uploads\/2018\/09\/magic-english-300x300.jpg\" \/>\n<meta name=\"twitter:card\" content=\"summary_large_image\" \/>\n<meta name=\"twitter:site\" content=\"@heromask_\" \/>\n<meta name=\"twitter:label1\" content=\"Tiempo de lectura\" \/>\n\t<meta name=\"twitter:data1\" content=\"2 minutos\" \/>\n<script type=\"application\/ld+json\" class=\"yoast-schema-graph\">{\"@context\":\"https:\\\/\\\/schema.org\",\"@graph\":[{\"@type\":\"WebPage\",\"@id\":\"https:\\\/\\\/www.edinventa.com\\\/es\\\/alternativas-a-magic-english\\\/\",\"url\":\"https:\\\/\\\/www.edinventa.com\\\/es\\\/alternativas-a-magic-english\\\/\",\"name\":\"Alternativas a Magic English &#187; HeroMask\",\"isPartOf\":{\"@id\":\"https:\\\/\\\/www.edinventa.com\\\/es\\\/#website\"},\"primaryImageOfPage\":{\"@id\":\"https:\\\/\\\/www.edinventa.com\\\/es\\\/alternativas-a-magic-english\\\/#primaryimage\"},\"image\":{\"@id\":\"https:\\\/\\\/www.edinventa.com\\\/es\\\/alternativas-a-magic-english\\\/#primaryimage\"},\"thumbnailUrl\":\"https:\\\/\\\/www.edinventa.com\\\/wp-content\\\/uploads\\\/2018\\\/09\\\/magic-english-300x300.jpg\",\"datePublished\":\"2018-09-02T18:50:31+00:00\",\"dateModified\":\"2018-10-20T13:55:50+00:00\",\"breadcrumb\":{\"@id\":\"https:\\\/\\\/www.edinventa.com\\\/es\\\/alternativas-a-magic-english\\\/#breadcrumb\"},\"inLanguage\":\"es\",\"potentialAction\":[{\"@type\":\"ReadAction\",\"target\":[\"https:\\\/\\\/www.edinventa.com\\\/es\\\/alternativas-a-magic-english\\\/\"]}]},{\"@type\":\"ImageObject\",\"inLanguage\":\"es\",\"@id\":\"https:\\\/\\\/www.edinventa.com\\\/es\\\/alternativas-a-magic-english\\\/#primaryimage\",\"url\":\"https:\\\/\\\/www.edinventa.com\\\/wp-content\\\/uploads\\\/2018\\\/09\\\/magic-english-300x300.jpg\",\"contentUrl\":\"https:\\\/\\\/www.edinventa.com\\\/wp-content\\\/uploads\\\/2018\\\/09\\\/magic-english-300x300.jpg\"},{\"@type\":\"BreadcrumbList\",\"@id\":\"https:\\\/\\\/www.edinventa.com\\\/es\\\/alternativas-a-magic-english\\\/#breadcrumb\",\"itemListElement\":[{\"@type\":\"ListItem\",\"position\":1,\"name\":\"Portada\",\"item\":\"https:\\\/\\\/www.edinventa.com\\\/es\\\/\"},{\"@type\":\"ListItem\",\"position\":2,\"name\":\"Alternativas a Magic English\"}]},{\"@type\":\"WebSite\",\"@id\":\"https:\\\/\\\/www.edinventa.com\\\/es\\\/#website\",\"url\":\"https:\\\/\\\/www.edinventa.com\\\/es\\\/\",\"name\":\"HeroMask\",\"description\":\"la m\u00e1scara de realidad virtual para aprender jugando\",\"publisher\":{\"@id\":\"https:\\\/\\\/www.edinventa.com\\\/es\\\/#organization\"},\"potentialAction\":[{\"@type\":\"SearchAction\",\"target\":{\"@type\":\"EntryPoint\",\"urlTemplate\":\"https:\\\/\\\/www.edinventa.com\\\/es\\\/?s={search_term_string}\"},\"query-input\":{\"@type\":\"PropertyValueSpecification\",\"valueRequired\":true,\"valueName\":\"search_term_string\"}}],\"inLanguage\":\"es\"},{\"@type\":\"Organization\",\"@id\":\"https:\\\/\\\/www.edinventa.com\\\/es\\\/#organization\",\"name\":\"Heromask\",\"url\":\"https:\\\/\\\/www.edinventa.com\\\/es\\\/\",\"logo\":{\"@type\":\"ImageObject\",\"inLanguage\":\"es\",\"@id\":\"https:\\\/\\\/www.edinventa.com\\\/es\\\/#\\\/schema\\\/logo\\\/image\\\/\",\"url\":\"https:\\\/\\\/www.edinventa.com\\\/wp-content\\\/uploads\\\/2018\\\/08\\\/logo-Heromask-suavizado-01.png\",\"contentUrl\":\"https:\\\/\\\/www.edinventa.com\\\/wp-content\\\/uploads\\\/2018\\\/08\\\/logo-Heromask-suavizado-01.png\",\"width\":519,\"height\":106,\"caption\":\"Heromask\"},\"image\":{\"@id\":\"https:\\\/\\\/www.edinventa.com\\\/es\\\/#\\\/schema\\\/logo\\\/image\\\/\"},\"sameAs\":[\"https:\\\/\\\/www.facebook.com\\\/heromask.edu\\\/\",\"https:\\\/\\\/x.com\\\/heromask_\",\"https:\\\/\\\/www.instagram.com\\\/heromask.ed\\\/\",\"https:\\\/\\\/www.linkedin.com\\\/company\\\/heromask\\\/\"]}]}<\/script>\n<!-- \/ Yoast SEO plugin. -->","yoast_head_json":{"title":"Alternativas a Magic English &#187; HeroMask","robots":{"index":"index","follow":"follow","max-snippet":"max-snippet:-1","max-image-preview":"max-image-preview:large","max-video-preview":"max-video-preview:-1"},"canonical":"https:\/\/www.edinventa.com\/es\/alternativas-a-magic-english\/","og_locale":"es_ES","og_type":"article","og_title":"Alternativas a Magic English &#187; HeroMask","og_description":"En este post queremos hablaros sobre las alternativas que tenemos a nuestros amigos de Disney cantando en situaciones muy divertidas para que los ni\u00f1os aprendan poco a poco y se familiaricen con el idioma a la vez que se divierten. Magic English Magic English es un conjunto de videos y material did\u00e1ctico que incluye pegatinas con distintas formas y colores ...","og_url":"https:\/\/www.edinventa.com\/es\/alternativas-a-magic-english\/","og_site_name":"HeroMask","article_publisher":"https:\/\/www.facebook.com\/heromask.edu\/","article_modified_time":"2018-10-20T13:55:50+00:00","og_image":[{"url":"https:\/\/www.edinventa.com\/wp-content\/uploads\/2018\/09\/magic-english-300x300.jpg","type":"","width":"","height":""}],"twitter_card":"summary_large_image","twitter_site":"@heromask_","twitter_misc":{"Tiempo de lectura":"2 minutos"},"schema":{"@context":"https:\/\/schema.org","@graph":[{"@type":"WebPage","@id":"https:\/\/www.edinventa.com\/es\/alternativas-a-magic-english\/","url":"https:\/\/www.edinventa.com\/es\/alternativas-a-magic-english\/","name":"Alternativas a Magic English &#187; HeroMask","isPartOf":{"@id":"https:\/\/www.edinventa.com\/es\/#website"},"primaryImageOfPage":{"@id":"https:\/\/www.edinventa.com\/es\/alternativas-a-magic-english\/#primaryimage"},"image":{"@id":"https:\/\/www.edinventa.com\/es\/alternativas-a-magic-english\/#primaryimage"},"thumbnailUrl":"https:\/\/www.edinventa.com\/wp-content\/uploads\/2018\/09\/magic-english-300x300.jpg","datePublished":"2018-09-02T18:50:31+00:00","dateModified":"2018-10-20T13:55:50+00:00","breadcrumb":{"@id":"https:\/\/www.edinventa.com\/es\/alternativas-a-magic-english\/#breadcrumb"},"inLanguage":"es","potentialAction":[{"@type":"ReadAction","target":["https:\/\/www.edinventa.com\/es\/alternativas-a-magic-english\/"]}]},{"@type":"ImageObject","inLanguage":"es","@id":"https:\/\/www.edinventa.com\/es\/alternativas-a-magic-english\/#primaryimage","url":"https:\/\/www.edinventa.com\/wp-content\/uploads\/2018\/09\/magic-english-300x300.jpg","contentUrl":"https:\/\/www.edinventa.com\/wp-content\/uploads\/2018\/09\/magic-english-300x300.jpg"},{"@type":"BreadcrumbList","@id":"https:\/\/www.edinventa.com\/es\/alternativas-a-magic-english\/#breadcrumb","itemListElement":[{"@type":"ListItem","position":1,"name":"Portada","item":"https:\/\/www.edinventa.com\/es\/"},{"@type":"ListItem","position":2,"name":"Alternativas a Magic English"}]},{"@type":"WebSite","@id":"https:\/\/www.edinventa.com\/es\/#website","url":"https:\/\/www.edinventa.com\/es\/","name":"HeroMask","description":"la m\u00e1scara de realidad virtual para aprender jugando","publisher":{"@id":"https:\/\/www.edinventa.com\/es\/#organization"},"potentialAction":[{"@type":"SearchAction","target":{"@type":"EntryPoint","urlTemplate":"https:\/\/www.edinventa.com\/es\/?s={search_term_string}"},"query-input":{"@type":"PropertyValueSpecification","valueRequired":true,"valueName":"search_term_string"}}],"inLanguage":"es"},{"@type":"Organization","@id":"https:\/\/www.edinventa.com\/es\/#organization","name":"Heromask","url":"https:\/\/www.edinventa.com\/es\/","logo":{"@type":"ImageObject","inLanguage":"es","@id":"https:\/\/www.edinventa.com\/es\/#\/schema\/logo\/image\/","url":"https:\/\/www.edinventa.com\/wp-content\/uploads\/2018\/08\/logo-Heromask-suavizado-01.png","contentUrl":"https:\/\/www.edinventa.com\/wp-content\/uploads\/2018\/08\/logo-Heromask-suavizado-01.png","width":519,"height":106,"caption":"Heromask"},"image":{"@id":"https:\/\/www.edinventa.com\/es\/#\/schema\/logo\/image\/"},"sameAs":["https:\/\/www.facebook.com\/heromask.edu\/","https:\/\/x.com\/heromask_","https:\/\/www.instagram.com\/heromask.ed\/","https:\/\/www.linkedin.com\/company\/heromask\/"]}]}},"_links":{"self":[{"href":"https:\/\/www.edinventa.com\/es\/wp-json\/wp\/v2\/pages\/3776","targetHints":{"allow":["GET"]}}],"collection":[{"href":"https:\/\/www.edinventa.com\/es\/wp-json\/wp\/v2\/pages"}],"about":[{"href":"https:\/\/www.edinventa.com\/es\/wp-json\/wp\/v2\/types\/page"}],"author":[{"embeddable":true,"href":"https:\/\/www.edinventa.com\/es\/wp-json\/wp\/v2\/users\/47"}],"replies":[{"embeddable":true,"href":"https:\/\/www.edinventa.com\/es\/wp-json\/wp\/v2\/comments?post=3776"}],"version-history":[{"count":0,"href":"https:\/\/www.edinventa.com\/es\/wp-json\/wp\/v2\/pages\/3776\/revisions"}],"wp:attachment":[{"href":"https:\/\/www.edinventa.com\/es\/wp-json\/wp\/v2\/media?parent=3776"}],"curies":[{"name":"wp","href":"https:\/\/api.w.org\/{rel}","templated":true}]}}