{"id":7490,"date":"2020-04-27T14:16:25","date_gmt":"2020-04-27T14:16:25","guid":{"rendered":"https:\/\/www.edinventa.com\/?page_id=7490"},"modified":"2022-04-13T19:40:25","modified_gmt":"2022-04-13T19:40:25","slug":"automatizar-publicidad-amazon","status":"publish","type":"page","link":"https:\/\/www.edinventa.com\/es\/automatizar-publicidad-amazon\/","title":{"rendered":"Automatizar Publicidad Amazon"},"content":{"rendered":"\r\n<div class=\"wp-block-spacer\" style=\"height: 100px;\" aria-hidden=\"true\">\u00a0<\/div>\r\n\r\n\r\n\r\n<h2 class=\"wp-block-heading\">Comparativa personal de herramientas software<\/h2>\r\n\r\n\r\n\r\n<p>Mi software favorito para automatizar publicidad de Amazon es: Zon Tools:<\/p>\r\n\r\n\r\n\r\n<ol class=\"wp-block-list\">\r\n<li>Pru\u00e9balo aqu\u00ed: <a href=\"https:\/\/zontools.grsm.io\/gm18xjthiavk\" target=\"_blank\" rel=\"noreferrer noopener\" aria-label=\"zon.tools (opens in a new tab)\">Zon Tools<\/a><\/li>\r\n<li>Utiliza el c\u00f3digo de 15% de descuento: <strong>et2wg8<\/strong> (para tener un descuento de por vida cuando el trial acabe)<\/li>\r\n<\/ol>\r\n\r\n\r\n\r\n<p>He testado, una a una, casi todas las herramientas para automatizar los anuncios en Amazon para que t\u00fa no tengas que hacerlo tambi\u00e9n:<\/p>\r\n\r\n\r\n\r\n<ol class=\"wp-block-list\">\r\n<li>Visualiza la <a href=\"https:\/\/www.youtube.com\/playlist?list=PLAguwCfwQCltClto-toVwu9Q1igPFjTHj\" target=\"_blank\" rel=\"noreferrer noopener\" aria-label=\" (opens in a new tab)\">lista de reproducci\u00f3n de Youtube con la video review de cada PPC tool<\/a>.<\/li>\r\n<li><a href=\"https:\/\/www.youtube.com\/channel\/UC1WOaSGCaZhjaMZ2x4JIXTQ\/?sub_confirmation=1\" target=\"_blank\" rel=\"noreferrer noopener\" aria-label=\"Suscr\u00edbete a nuestro canal (opens in a new tab)\">Suscr\u00edbete a nuestro canal<\/a> para recibir un aviso cuando un nuevo video sea publicado.<\/li>\r\n<\/ol>\r\n\r\n\r\n\r\n<figure class=\"wp-block-image size-medium is-style-default\"><img loading=\"lazy\" decoding=\"async\" width=\"264\" height=\"300\" class=\"wp-image-7600\" src=\"https:\/\/www.edinventa.com\/wp-content\/uploads\/2020\/05\/burro-picture-guille-264x300.jpg\" alt=\"Dibujo de la comunidad de los burros\" srcset=\"\/\/www.edinventa.com\/wp-content\/uploads\/2020\/05\/burro-picture-guille-264x300.jpg 264w, \/\/www.edinventa.com\/wp-content\/uploads\/2020\/05\/burro-picture-guille-400x455.jpg 400w, \/\/www.edinventa.com\/wp-content\/uploads\/2020\/05\/burro-picture-guille-100x114.jpg 100w, \/\/www.edinventa.com\/wp-content\/uploads\/2020\/05\/burro-picture-guille.jpg 621w\" sizes=\"auto, (max-width: 264px) 100vw, 264px\" \/><\/figure>\r\n\r\n\r\n\r\n<p>Todas las <a href=\"https:\/\/www.youtube.com\/playlist?list=PLAguwCfwQCltClto-toVwu9Q1igPFjTHj\" target=\"_blank\" rel=\"noreferrer noopener\" aria-label=\"herramientas analizadas (opens in a new tab)\">herramientas analizadas<\/a> y cup\u00f3n descuento (si lo hay):<\/p>\r\n\r\n\r\n\r\n<ol class=\"wp-block-list\">\r\n<li><a href=\"https:\/\/my.sellozo.com\/?fpr=carlos36#\/signup\" target=\"_blank\" rel=\"noreferrer noopener\" aria-label=\"Sellozo (opens in a new tab)\">Sellozo<\/a>. 15% descuento el primer mes si os registr\u00e1is a trav\u00e9s del link.<\/li>\r\n<li><a href=\"https:\/\/prestozon.com\/\" target=\"_blank\" rel=\"noreferrer noopener\" aria-label=\"Prestozon (opens in a new tab)\">Prestozon<\/a>. No.<\/li>\r\n<li><a href=\"https:\/\/ppcentourage.com\/?rfsn=4144489.08a8a2\" target=\"_blank\" rel=\"noreferrer noopener\" aria-label=\"PPCEntourage (opens in a new tab)\">PPCEntourage<\/a>. 25% descuento el primer mes con el cup\u00f3n: ED25<\/li>\r\n<li><a href=\"https:\/\/managebystats.com\/?partner=GEIMTIURLMGW\" target=\"_blank\" rel=\"noreferrer noopener\" aria-label=\"ManageByStats (opens in a new tab)\">ManageByStats<\/a>. No.<\/li>\r\n<li><a href=\"https:\/\/sellics.com\/\" target=\"_blank\" rel=\"noreferrer noopener\" aria-label=\"Sellics (opens in a new tab)\">Sellics<\/a>. No.<\/li>\r\n<li><a href=\"https:\/\/www.bidx-tool.com\/\" target=\"_blank\" rel=\"noreferrer noopener\" aria-label=\"BidX (opens in a new tab)\">BidX<\/a>. No.<\/li>\r\n<li><a href=\"https:\/\/www.zon.tools\/ztr\/343\/?campaign=edinventa.com-es\" target=\"_blank\" rel=\"noreferrer noopener\" aria-label=\" Zon.Tools (opens in a new tab)\"> Zon.Tools<\/a>. Cup\u00f3n 15% descuento cada mes de por vida: et2wg8<\/li>\r\n<li><a href=\"https:\/\/www.myprofit.co\/\" target=\"_blank\" rel=\"noreferrer noopener\" aria-label=\"MyPROFIT (opens in a new tab)\">MyPROFIT<\/a>. No.<\/li>\r\n<li><a href=\"https:\/\/www.tool4seller.com\/\" target=\"_blank\" rel=\"noreferrer noopener\" aria-label=\"tool4seller (opens in a new tab)\">tool4seller<\/a>. No.<\/li>\r\n<li><a href=\"https:\/\/www.4kmiles.com\/register?inviteCode=EYHLKV\" target=\"_blank\" rel=\"noreferrer noopener\" aria-label=\"4kmiles (opens in a new tab)\">4kmiles<\/a>. No.<\/li>\r\n<li><a href=\"https:\/\/www.trendle.io\/?tap_a=21198-6e037a&amp;tap_s=914102-79f9d4\" target=\"_blank\" rel=\"noreferrer noopener\" aria-label=\" Trendle Analytics (opens in a new tab)\">Trendle Analytics<\/a>. No.<\/li>\r\n<li><a href=\"http:\/\/ppcninja.com?fpr=cvspecpromo\" target=\"_blank\" rel=\"noreferrer noopener\" aria-label=\" PPCNinja (opens in a new tab)\"> PPCNinja<\/a>. 15% descuento el primer mes escribi\u00e9ndoles email que incluya en el asunto: CVS15<\/li>\r\n<li><a href=\"https:\/\/profitwhales.com?ref=cvsdeal23\" target=\"_blank\" rel=\"noreferrer noopener\" aria-label=\"ProfitWhales (opens in a new tab)\">ProfitWhales<\/a>. 30% descuento tres primeros meses con cup\u00f3n: 30OFF3MONTHS<\/li>\r\n<li><a href=\"https:\/\/Sellerlabs.com?fp_ref=c202x\" target=\"_blank\" rel=\"noreferrer noopener\" aria-label=\" SellerLabs Ignite (opens in a new tab)\"> SellerLabs Ignite<\/a>. No.<\/li>\r\n<li>Tools descartadas sin ni siquiera haberlas probado: QMT, SellerBoard, WordTree, Advigator, PPCScope, SellerSEO, AdBadger, HelloProfit, CashCowPro, PPCWinner, SellerApp, Amachete, Viral Launch, Epinium, Bidmatik, Perpetua, Seller Tools, Teikametrics, SellerMotor, downstream, Helium10 ADS, Intentwise, Center PPC, ZonRush, Ad Advance, AMZBlitz, Indition SellerTools, Quartile, Feedvisor, amz pathfinder, kenshoo (mira este video si quieres saber el porqu\u00e9)<\/li>\r\n<\/ol>\r\n\r\n\r\n\r\n<p>Nota de <strong>transparencia<\/strong>: he preguntado a todos si nos daban un c\u00f3digo descuento a los miembros de nuestra comunidad. Desafortunadamente, son pocos los casos en los que as\u00ed ha sido. Eso s\u00ed, en casi todos los casos ofrecen una comisi\u00f3n de \u00abafiliado\u00bb para nosotros si os registr\u00e1is a trav\u00e9s de esos enlaces de arriba. En fin, si os registr\u00e1is a trav\u00e9s de los enlaces de arriba, pues para vosotros es lo mismo y a m\u00ed me har\u00e1 ilusi\u00f3n. Por otra parte, creo que en todos los casos hay un periodo de prueba de 14 o 30 d\u00edas, para que pod\u00e1is probar por vosotros mismos \ud83d\ude42<\/p>\r\n\r\n\r\n\r\n<p>Nota de <strong>honestidad<\/strong>: quien ofrece una comisi\u00f3n de \u00abafiliado\u00bb m\u00e1s alta para nosotros es ManageByStats, pero no es mi software favorito y, por tanto, no he tratado de \u00abvenderos la moto\u00bb. Pues se trata de crear una comunidad de amigos que se ayuden entre s\u00ed&#8230; \u00a1Y vaya mierda de amigo ser\u00eda si empiezo mintiendo! &#x1f602; ManageByStats tiene sus cosas buenas tambi\u00e9n en cualquier caso&#8230; Y no digo m\u00e1s pues para eso grab\u00e9 un mini video de la herramienta.<\/p>\r\n\r\n\r\n\r\n<p>\u00bfMe dejas un comentario aqu\u00ed o en <a href=\"https:\/\/www.youtube.com\/playlist?list=PLAguwCfwQCltClto-toVwu9Q1igPFjTHj\" target=\"_blank\" rel=\"noreferrer noopener\" aria-label=\"Youtube (opens in a new tab)\">Youtube<\/a>? Me har\u00eda ilusi\u00f3n ayudar en la creaci\u00f3n de la comunidad de los burros&#8230; Pero si nadie entra o escribe entender\u00e9 que hay poco inter\u00e9s y mejor me dedicar\u00e9 a las gallinas, que por lo menos dan huevos.<\/p>\r\n","protected":false},"excerpt":{"rendered":"<p>Comparativa personal de herramientas software Mi software favorito para automatizar publicidad de Amazon es: Zon Tools: Pru\u00e9balo aqu\u00ed: Zon Tools Utiliza el c\u00f3digo de 15% de descuento: et2wg8 (para tener un descuento de por vida cuando el trial acabe) He testado, una a una, casi todas las herramientas para automatizar los anuncios en Amazon para que t\u00fa no tengas que &#8230;<\/p>\n","protected":false},"author":47,"featured_media":7570,"parent":0,"menu_order":0,"comment_status":"open","ping_status":"closed","template":"","meta":{"rs_blank_template":"","rs_page_bg_color":"","slide_template_v7":"","_joinchat":[],"footnotes":""},"class_list":["post-7490","page","type-page","status-publish","has-post-thumbnail","hentry"],"yoast_head":"<!-- This site is optimized with the Yoast SEO plugin v27.3 - https:\/\/yoast.com\/product\/yoast-seo-wordpress\/ -->\n<title>Automatizar Publicidad Amazon &#187; HeroMask<\/title>\n<meta name=\"description\" content=\"Comparativa personal de herramientas software para automatizar publicidad de Amazon. He testado y grabado una video review de casi todas las herramientas para automatizar los anuncios en Amazon para que t\u00fa no tengas que hacerlo tambi\u00e9n!\" \/>\n<meta name=\"robots\" content=\"index, follow, max-snippet:-1, max-image-preview:large, max-video-preview:-1\" \/>\n<link rel=\"canonical\" href=\"https:\/\/www.edinventa.com\/es\/automatizar-publicidad-amazon\/\" \/>\n<meta property=\"og:locale\" content=\"es_ES\" \/>\n<meta property=\"og:type\" content=\"article\" \/>\n<meta property=\"og:title\" content=\"Automatizar Publicidad Amazon &#187; HeroMask\" \/>\n<meta property=\"og:description\" content=\"Comparativa personal de herramientas software para automatizar publicidad de Amazon. He testado y grabado una video review de casi todas las herramientas para automatizar los anuncios en Amazon para que t\u00fa no tengas que hacerlo tambi\u00e9n!\" \/>\n<meta property=\"og:url\" content=\"https:\/\/www.edinventa.com\/es\/automatizar-publicidad-amazon\/\" \/>\n<meta property=\"og:site_name\" content=\"HeroMask\" \/>\n<meta property=\"article:publisher\" content=\"https:\/\/www.facebook.com\/heromask.edu\/\" \/>\n<meta property=\"article:modified_time\" content=\"2022-04-13T19:40:25+00:00\" \/>\n<meta property=\"og:image\" content=\"https:\/\/www.edinventa.com\/wp-content\/uploads\/2020\/05\/automatizar-publicidad-amazon-comparativa-personal.png\" \/>\n\t<meta property=\"og:image:width\" content=\"711\" \/>\n\t<meta property=\"og:image:height\" content=\"400\" \/>\n\t<meta property=\"og:image:type\" content=\"image\/png\" \/>\n<meta name=\"twitter:card\" content=\"summary_large_image\" \/>\n<meta name=\"twitter:site\" content=\"@heromask_\" \/>\n<meta name=\"twitter:label1\" content=\"Tiempo de lectura\" \/>\n\t<meta name=\"twitter:data1\" content=\"3 minutos\" \/>\n<script type=\"application\/ld+json\" class=\"yoast-schema-graph\">{\"@context\":\"https:\\\/\\\/schema.org\",\"@graph\":[{\"@type\":\"WebPage\",\"@id\":\"https:\\\/\\\/www.edinventa.com\\\/es\\\/automatizar-publicidad-amazon\\\/\",\"url\":\"https:\\\/\\\/www.edinventa.com\\\/es\\\/automatizar-publicidad-amazon\\\/\",\"name\":\"Automatizar Publicidad Amazon &#187; HeroMask\",\"isPartOf\":{\"@id\":\"https:\\\/\\\/www.edinventa.com\\\/es\\\/#website\"},\"primaryImageOfPage\":{\"@id\":\"https:\\\/\\\/www.edinventa.com\\\/es\\\/automatizar-publicidad-amazon\\\/#primaryimage\"},\"image\":{\"@id\":\"https:\\\/\\\/www.edinventa.com\\\/es\\\/automatizar-publicidad-amazon\\\/#primaryimage\"},\"thumbnailUrl\":\"https:\\\/\\\/www.edinventa.com\\\/wp-content\\\/uploads\\\/2020\\\/05\\\/automatizar-publicidad-amazon-comparativa-personal.png\",\"datePublished\":\"2020-04-27T14:16:25+00:00\",\"dateModified\":\"2022-04-13T19:40:25+00:00\",\"description\":\"Comparativa personal de herramientas software para automatizar publicidad de Amazon. He testado y grabado una video review de casi todas las herramientas para automatizar los anuncios en Amazon para que t\u00fa no tengas que hacerlo tambi\u00e9n!\",\"breadcrumb\":{\"@id\":\"https:\\\/\\\/www.edinventa.com\\\/es\\\/automatizar-publicidad-amazon\\\/#breadcrumb\"},\"inLanguage\":\"es\",\"potentialAction\":[{\"@type\":\"ReadAction\",\"target\":[\"https:\\\/\\\/www.edinventa.com\\\/es\\\/automatizar-publicidad-amazon\\\/\"]}]},{\"@type\":\"ImageObject\",\"inLanguage\":\"es\",\"@id\":\"https:\\\/\\\/www.edinventa.com\\\/es\\\/automatizar-publicidad-amazon\\\/#primaryimage\",\"url\":\"https:\\\/\\\/www.edinventa.com\\\/wp-content\\\/uploads\\\/2020\\\/05\\\/automatizar-publicidad-amazon-comparativa-personal.png\",\"contentUrl\":\"https:\\\/\\\/www.edinventa.com\\\/wp-content\\\/uploads\\\/2020\\\/05\\\/automatizar-publicidad-amazon-comparativa-personal.png\",\"width\":711,\"height\":400,\"caption\":\"Miniatura de la lista de reproducci\u00f3n de Youtube sobre automatizar publicidad Amazon\"},{\"@type\":\"BreadcrumbList\",\"@id\":\"https:\\\/\\\/www.edinventa.com\\\/es\\\/automatizar-publicidad-amazon\\\/#breadcrumb\",\"itemListElement\":[{\"@type\":\"ListItem\",\"position\":1,\"name\":\"Portada\",\"item\":\"https:\\\/\\\/www.edinventa.com\\\/es\\\/\"},{\"@type\":\"ListItem\",\"position\":2,\"name\":\"Automatizar Publicidad Amazon\"}]},{\"@type\":\"WebSite\",\"@id\":\"https:\\\/\\\/www.edinventa.com\\\/es\\\/#website\",\"url\":\"https:\\\/\\\/www.edinventa.com\\\/es\\\/\",\"name\":\"HeroMask\",\"description\":\"la m\u00e1scara de realidad virtual para aprender jugando\",\"publisher\":{\"@id\":\"https:\\\/\\\/www.edinventa.com\\\/es\\\/#organization\"},\"potentialAction\":[{\"@type\":\"SearchAction\",\"target\":{\"@type\":\"EntryPoint\",\"urlTemplate\":\"https:\\\/\\\/www.edinventa.com\\\/es\\\/?s={search_term_string}\"},\"query-input\":{\"@type\":\"PropertyValueSpecification\",\"valueRequired\":true,\"valueName\":\"search_term_string\"}}],\"inLanguage\":\"es\"},{\"@type\":\"Organization\",\"@id\":\"https:\\\/\\\/www.edinventa.com\\\/es\\\/#organization\",\"name\":\"Heromask\",\"url\":\"https:\\\/\\\/www.edinventa.com\\\/es\\\/\",\"logo\":{\"@type\":\"ImageObject\",\"inLanguage\":\"es\",\"@id\":\"https:\\\/\\\/www.edinventa.com\\\/es\\\/#\\\/schema\\\/logo\\\/image\\\/\",\"url\":\"https:\\\/\\\/www.edinventa.com\\\/wp-content\\\/uploads\\\/2018\\\/08\\\/logo-Heromask-suavizado-01.png\",\"contentUrl\":\"https:\\\/\\\/www.edinventa.com\\\/wp-content\\\/uploads\\\/2018\\\/08\\\/logo-Heromask-suavizado-01.png\",\"width\":519,\"height\":106,\"caption\":\"Heromask\"},\"image\":{\"@id\":\"https:\\\/\\\/www.edinventa.com\\\/es\\\/#\\\/schema\\\/logo\\\/image\\\/\"},\"sameAs\":[\"https:\\\/\\\/www.facebook.com\\\/heromask.edu\\\/\",\"https:\\\/\\\/x.com\\\/heromask_\",\"https:\\\/\\\/www.instagram.com\\\/heromask.ed\\\/\",\"https:\\\/\\\/www.linkedin.com\\\/company\\\/heromask\\\/\"]}]}<\/script>\n<!-- \/ Yoast SEO plugin. -->","yoast_head_json":{"title":"Automatizar Publicidad Amazon &#187; HeroMask","description":"Comparativa personal de herramientas software para automatizar publicidad de Amazon. He testado y grabado una video review de casi todas las herramientas para automatizar los anuncios en Amazon para que t\u00fa no tengas que hacerlo tambi\u00e9n!","robots":{"index":"index","follow":"follow","max-snippet":"max-snippet:-1","max-image-preview":"max-image-preview:large","max-video-preview":"max-video-preview:-1"},"canonical":"https:\/\/www.edinventa.com\/es\/automatizar-publicidad-amazon\/","og_locale":"es_ES","og_type":"article","og_title":"Automatizar Publicidad Amazon &#187; HeroMask","og_description":"Comparativa personal de herramientas software para automatizar publicidad de Amazon. He testado y grabado una video review de casi todas las herramientas para automatizar los anuncios en Amazon para que t\u00fa no tengas que hacerlo tambi\u00e9n!","og_url":"https:\/\/www.edinventa.com\/es\/automatizar-publicidad-amazon\/","og_site_name":"HeroMask","article_publisher":"https:\/\/www.facebook.com\/heromask.edu\/","article_modified_time":"2022-04-13T19:40:25+00:00","og_image":[{"width":711,"height":400,"url":"https:\/\/www.edinventa.com\/wp-content\/uploads\/2020\/05\/automatizar-publicidad-amazon-comparativa-personal.png","type":"image\/png"}],"twitter_card":"summary_large_image","twitter_site":"@heromask_","twitter_misc":{"Tiempo de lectura":"3 minutos"},"schema":{"@context":"https:\/\/schema.org","@graph":[{"@type":"WebPage","@id":"https:\/\/www.edinventa.com\/es\/automatizar-publicidad-amazon\/","url":"https:\/\/www.edinventa.com\/es\/automatizar-publicidad-amazon\/","name":"Automatizar Publicidad Amazon &#187; HeroMask","isPartOf":{"@id":"https:\/\/www.edinventa.com\/es\/#website"},"primaryImageOfPage":{"@id":"https:\/\/www.edinventa.com\/es\/automatizar-publicidad-amazon\/#primaryimage"},"image":{"@id":"https:\/\/www.edinventa.com\/es\/automatizar-publicidad-amazon\/#primaryimage"},"thumbnailUrl":"https:\/\/www.edinventa.com\/wp-content\/uploads\/2020\/05\/automatizar-publicidad-amazon-comparativa-personal.png","datePublished":"2020-04-27T14:16:25+00:00","dateModified":"2022-04-13T19:40:25+00:00","description":"Comparativa personal de herramientas software para automatizar publicidad de Amazon. He testado y grabado una video review de casi todas las herramientas para automatizar los anuncios en Amazon para que t\u00fa no tengas que hacerlo tambi\u00e9n!","breadcrumb":{"@id":"https:\/\/www.edinventa.com\/es\/automatizar-publicidad-amazon\/#breadcrumb"},"inLanguage":"es","potentialAction":[{"@type":"ReadAction","target":["https:\/\/www.edinventa.com\/es\/automatizar-publicidad-amazon\/"]}]},{"@type":"ImageObject","inLanguage":"es","@id":"https:\/\/www.edinventa.com\/es\/automatizar-publicidad-amazon\/#primaryimage","url":"https:\/\/www.edinventa.com\/wp-content\/uploads\/2020\/05\/automatizar-publicidad-amazon-comparativa-personal.png","contentUrl":"https:\/\/www.edinventa.com\/wp-content\/uploads\/2020\/05\/automatizar-publicidad-amazon-comparativa-personal.png","width":711,"height":400,"caption":"Miniatura de la lista de reproducci\u00f3n de Youtube sobre automatizar publicidad Amazon"},{"@type":"BreadcrumbList","@id":"https:\/\/www.edinventa.com\/es\/automatizar-publicidad-amazon\/#breadcrumb","itemListElement":[{"@type":"ListItem","position":1,"name":"Portada","item":"https:\/\/www.edinventa.com\/es\/"},{"@type":"ListItem","position":2,"name":"Automatizar Publicidad Amazon"}]},{"@type":"WebSite","@id":"https:\/\/www.edinventa.com\/es\/#website","url":"https:\/\/www.edinventa.com\/es\/","name":"HeroMask","description":"la m\u00e1scara de realidad virtual para aprender jugando","publisher":{"@id":"https:\/\/www.edinventa.com\/es\/#organization"},"potentialAction":[{"@type":"SearchAction","target":{"@type":"EntryPoint","urlTemplate":"https:\/\/www.edinventa.com\/es\/?s={search_term_string}"},"query-input":{"@type":"PropertyValueSpecification","valueRequired":true,"valueName":"search_term_string"}}],"inLanguage":"es"},{"@type":"Organization","@id":"https:\/\/www.edinventa.com\/es\/#organization","name":"Heromask","url":"https:\/\/www.edinventa.com\/es\/","logo":{"@type":"ImageObject","inLanguage":"es","@id":"https:\/\/www.edinventa.com\/es\/#\/schema\/logo\/image\/","url":"https:\/\/www.edinventa.com\/wp-content\/uploads\/2018\/08\/logo-Heromask-suavizado-01.png","contentUrl":"https:\/\/www.edinventa.com\/wp-content\/uploads\/2018\/08\/logo-Heromask-suavizado-01.png","width":519,"height":106,"caption":"Heromask"},"image":{"@id":"https:\/\/www.edinventa.com\/es\/#\/schema\/logo\/image\/"},"sameAs":["https:\/\/www.facebook.com\/heromask.edu\/","https:\/\/x.com\/heromask_","https:\/\/www.instagram.com\/heromask.ed\/","https:\/\/www.linkedin.com\/company\/heromask\/"]}]}},"_links":{"self":[{"href":"https:\/\/www.edinventa.com\/es\/wp-json\/wp\/v2\/pages\/7490","targetHints":{"allow":["GET"]}}],"collection":[{"href":"https:\/\/www.edinventa.com\/es\/wp-json\/wp\/v2\/pages"}],"about":[{"href":"https:\/\/www.edinventa.com\/es\/wp-json\/wp\/v2\/types\/page"}],"author":[{"embeddable":true,"href":"https:\/\/www.edinventa.com\/es\/wp-json\/wp\/v2\/users\/47"}],"replies":[{"embeddable":true,"href":"https:\/\/www.edinventa.com\/es\/wp-json\/wp\/v2\/comments?post=7490"}],"version-history":[{"count":0,"href":"https:\/\/www.edinventa.com\/es\/wp-json\/wp\/v2\/pages\/7490\/revisions"}],"wp:featuredmedia":[{"embeddable":true,"href":"https:\/\/www.edinventa.com\/es\/wp-json\/wp\/v2\/media\/7570"}],"wp:attachment":[{"href":"https:\/\/www.edinventa.com\/es\/wp-json\/wp\/v2\/media?parent=7490"}],"curies":[{"name":"wp","href":"https:\/\/api.w.org\/{rel}","templated":true}]}}