{"id":1636,"date":"2017-11-29T12:23:35","date_gmt":"2017-11-29T12:23:35","guid":{"rendered":"https:\/\/www.edinventa.com\/?post_type=product&#038;p=1636"},"modified":"2018-05-01T22:00:20","modified_gmt":"2018-05-01T22:00:20","slug":"heromask-basic-pack","status":"publish","type":"product","link":"https:\/\/www.edinventa.com\/es\/product\/heromask-basic-pack\/","title":{"rendered":"Pack b\u00e1sico HeroMask"},"content":{"rendered":"<p>El pack b\u00e1sico est\u00e1 agotado.\u00a0Haz<strong> <a href=\"https:\/\/www.edinventa.com\/es\/checkout\/?fill_cart=491&#038;apply_coupon=descuentoweb,enviogratis\" target=\"_blank\" rel=\"noopener\">click aqu\u00ed para ver precios y comprar el\u00a0pack completo de HeroMask<\/a>.\u00a0<\/strong><\/p>\n<p><span style=\"font-size: 135%; font-family: deadjim; text-decoration: none; color: #ffdc43; text-shadow: 2px 2px 0 #333, -2px 2px 0 #333, 2px -2px 0 #333, -2px -2px 0 #333, 0px 2px 0 #333, 0px -2px 0 #333, -2px 0px 0 #333, 2px 0px 0 #333, 2px 2px 0 #333, -2px 2px 0 #333, 2px -2px 0 #333, -2px -2px 0 #333, 0px 2px 0 #333, 0px -2px 0 #333, -2px 0px 0 #333, 2px 0px 0 #333, 2px 2px 0 #333, -2px 2px 0 #333, 2px -2px 0 #333, -2px -2px 0 #333, 2px 2px 0 #333, -2px 2px 0 #333, 2px -2px 0 #333, -2px -2px 0 #333;\">HeroMask<\/span>\u00a0 y su versi\u00f3n b\u00e1sica incluye un \u00fanico idioma (a elegir). Puede ser una buena opci\u00f3n si se tiene muy claro que s\u00f3lo se utilizar\u00e1 para aprender un \u00fanico idioma.<\/p>\n<p>Pero puesto que has llegado hasta aqu\u00ed, no queremos perder la oportunidad de preguntarte: \u00bfqu\u00e9 idioma quer\u00edas elegir?<\/p>\n<p>&nbsp;<\/p>\n[socialpoll id=\u00bb2474758&#8243;]\n<p>\u00a1Gracias!<\/p>\n<p>&nbsp;<\/p>\n","protected":false},"excerpt":{"rendered":"<p>El pack b\u00e1sico est\u00e1 agotado.\u00a0Haz click aqu\u00ed para ver precios y comprar el\u00a0pack completo de HeroMask.\u00a0 HeroMask\u00a0 y su versi\u00f3n b\u00e1sica incluye un \u00fanico idioma (a elegir). Puede ser una buena opci\u00f3n si se tiene muy claro que s\u00f3lo se utilizar\u00e1 para aprender un \u00fanico idioma. Pero puesto que has llegado hasta aqu\u00ed, no queremos perder la oportunidad de preguntarte: &#8230;<\/p>\n","protected":false},"featured_media":409,"comment_status":"closed","ping_status":"closed","template":"","meta":{"rs_blank_template":"","rs_page_bg_color":"","slide_template_v7":"","_joinchat":[]},"product_brand":[],"product_cat":[636],"product_tag":[],"class_list":{"0":"post-1636","1":"product","2":"type-product","3":"status-publish","4":"has-post-thumbnail","6":"product_cat-uncategorized-es","9":"first","10":"outofstock","11":"taxable","12":"shipping-taxable","13":"purchasable","14":"product-type-simple"},"yoast_head":"<!-- This site is optimized with the Yoast SEO plugin v27.3 - https:\/\/yoast.com\/product\/yoast-seo-wordpress\/ -->\n<title>Pack b\u00e1sico HeroMask &#187; HeroMask<\/title>\n<meta name=\"robots\" content=\"noindex, follow\" \/>\n<meta property=\"og:locale\" content=\"es_ES\" \/>\n<meta property=\"og:type\" content=\"article\" \/>\n<meta property=\"og:title\" content=\"Pack b\u00e1sico HeroMask &#187; HeroMask\" \/>\n<meta property=\"og:description\" content=\"El pack b\u00e1sico est\u00e1 agotado.\u00a0Haz click aqu\u00ed para ver precios y comprar el\u00a0pack completo de HeroMask.\u00a0 HeroMask\u00a0 y su versi\u00f3n b\u00e1sica incluye un \u00fanico idioma (a elegir). Puede ser una buena opci\u00f3n si se tiene muy claro que s\u00f3lo se utilizar\u00e1 para aprender un \u00fanico idioma. Pero puesto que has llegado hasta aqu\u00ed, no queremos perder la oportunidad de preguntarte: ...\" \/>\n<meta property=\"og:url\" content=\"https:\/\/www.edinventa.com\/es\/product\/heromask-basic-pack\/\" \/>\n<meta property=\"og:site_name\" content=\"HeroMask\" \/>\n<meta property=\"article:publisher\" content=\"https:\/\/www.facebook.com\/heromask.edu\/\" \/>\n<meta property=\"article:modified_time\" content=\"2018-05-01T22:00:20+00:00\" \/>\n<meta property=\"og:image\" content=\"https:\/\/www.edinventa.com\/wp-content\/uploads\/2017\/02\/EducaInventions-VR-headset-and-HeroMask-package.png\" \/>\n\t<meta property=\"og:image:width\" content=\"400\" \/>\n\t<meta property=\"og:image:height\" content=\"483\" \/>\n\t<meta property=\"og:image:type\" content=\"image\/png\" \/>\n<meta name=\"twitter:card\" content=\"summary_large_image\" \/>\n<meta name=\"twitter:site\" content=\"@heromask_\" \/>\n<script type=\"application\/ld+json\" class=\"yoast-schema-graph\">{\"@context\":\"https:\\\/\\\/schema.org\",\"@graph\":[{\"@type\":\"WebPage\",\"@id\":\"https:\\\/\\\/www.edinventa.com\\\/es\\\/product\\\/heromask-basic-pack\\\/\",\"url\":\"https:\\\/\\\/www.edinventa.com\\\/es\\\/product\\\/heromask-basic-pack\\\/\",\"name\":\"Pack b\u00e1sico HeroMask &#187; HeroMask\",\"isPartOf\":{\"@id\":\"https:\\\/\\\/www.edinventa.com\\\/es\\\/#website\"},\"primaryImageOfPage\":{\"@id\":\"https:\\\/\\\/www.edinventa.com\\\/es\\\/product\\\/heromask-basic-pack\\\/#primaryimage\"},\"image\":{\"@id\":\"https:\\\/\\\/www.edinventa.com\\\/es\\\/product\\\/heromask-basic-pack\\\/#primaryimage\"},\"thumbnailUrl\":\"https:\\\/\\\/www.edinventa.com\\\/wp-content\\\/uploads\\\/2017\\\/02\\\/EducaInventions-VR-headset-and-HeroMask-package.png\",\"datePublished\":\"2017-11-29T12:23:35+00:00\",\"dateModified\":\"2018-05-01T22:00:20+00:00\",\"breadcrumb\":{\"@id\":\"https:\\\/\\\/www.edinventa.com\\\/es\\\/product\\\/heromask-basic-pack\\\/#breadcrumb\"},\"inLanguage\":\"es\",\"potentialAction\":[{\"@type\":\"ReadAction\",\"target\":[\"https:\\\/\\\/www.edinventa.com\\\/es\\\/product\\\/heromask-basic-pack\\\/\"]}]},{\"@type\":\"ImageObject\",\"inLanguage\":\"es\",\"@id\":\"https:\\\/\\\/www.edinventa.com\\\/es\\\/product\\\/heromask-basic-pack\\\/#primaryimage\",\"url\":\"https:\\\/\\\/www.edinventa.com\\\/wp-content\\\/uploads\\\/2017\\\/02\\\/EducaInventions-VR-headset-and-HeroMask-package.png\",\"contentUrl\":\"https:\\\/\\\/www.edinventa.com\\\/wp-content\\\/uploads\\\/2017\\\/02\\\/EducaInventions-VR-headset-and-HeroMask-package.png\",\"width\":400,\"height\":483},{\"@type\":\"BreadcrumbList\",\"@id\":\"https:\\\/\\\/www.edinventa.com\\\/es\\\/product\\\/heromask-basic-pack\\\/#breadcrumb\",\"itemListElement\":[{\"@type\":\"ListItem\",\"position\":1,\"name\":\"Portada\",\"item\":\"https:\\\/\\\/www.edinventa.com\\\/es\\\/\"},{\"@type\":\"ListItem\",\"position\":2,\"name\":\"Private: Shop\",\"item\":\"https:\\\/\\\/www.edinventa.com\\\/?page_id=8220\"},{\"@type\":\"ListItem\",\"position\":3,\"name\":\"Pack b\u00e1sico HeroMask\"}]},{\"@type\":\"WebSite\",\"@id\":\"https:\\\/\\\/www.edinventa.com\\\/es\\\/#website\",\"url\":\"https:\\\/\\\/www.edinventa.com\\\/es\\\/\",\"name\":\"HeroMask\",\"description\":\"la m\u00e1scara de realidad virtual para aprender jugando\",\"publisher\":{\"@id\":\"https:\\\/\\\/www.edinventa.com\\\/es\\\/#organization\"},\"potentialAction\":[{\"@type\":\"SearchAction\",\"target\":{\"@type\":\"EntryPoint\",\"urlTemplate\":\"https:\\\/\\\/www.edinventa.com\\\/es\\\/?s={search_term_string}\"},\"query-input\":{\"@type\":\"PropertyValueSpecification\",\"valueRequired\":true,\"valueName\":\"search_term_string\"}}],\"inLanguage\":\"es\"},{\"@type\":\"Organization\",\"@id\":\"https:\\\/\\\/www.edinventa.com\\\/es\\\/#organization\",\"name\":\"Heromask\",\"url\":\"https:\\\/\\\/www.edinventa.com\\\/es\\\/\",\"logo\":{\"@type\":\"ImageObject\",\"inLanguage\":\"es\",\"@id\":\"https:\\\/\\\/www.edinventa.com\\\/es\\\/#\\\/schema\\\/logo\\\/image\\\/\",\"url\":\"https:\\\/\\\/www.edinventa.com\\\/wp-content\\\/uploads\\\/2018\\\/08\\\/logo-Heromask-suavizado-01.png\",\"contentUrl\":\"https:\\\/\\\/www.edinventa.com\\\/wp-content\\\/uploads\\\/2018\\\/08\\\/logo-Heromask-suavizado-01.png\",\"width\":519,\"height\":106,\"caption\":\"Heromask\"},\"image\":{\"@id\":\"https:\\\/\\\/www.edinventa.com\\\/es\\\/#\\\/schema\\\/logo\\\/image\\\/\"},\"sameAs\":[\"https:\\\/\\\/www.facebook.com\\\/heromask.edu\\\/\",\"https:\\\/\\\/x.com\\\/heromask_\",\"https:\\\/\\\/www.instagram.com\\\/heromask.ed\\\/\",\"https:\\\/\\\/www.linkedin.com\\\/company\\\/heromask\\\/\"]}]}<\/script>\n<!-- \/ Yoast SEO plugin. -->","yoast_head_json":{"title":"Pack b\u00e1sico HeroMask &#187; HeroMask","robots":{"index":"noindex","follow":"follow"},"og_locale":"es_ES","og_type":"article","og_title":"Pack b\u00e1sico HeroMask &#187; HeroMask","og_description":"El pack b\u00e1sico est\u00e1 agotado.\u00a0Haz click aqu\u00ed para ver precios y comprar el\u00a0pack completo de HeroMask.\u00a0 HeroMask\u00a0 y su versi\u00f3n b\u00e1sica incluye un \u00fanico idioma (a elegir). Puede ser una buena opci\u00f3n si se tiene muy claro que s\u00f3lo se utilizar\u00e1 para aprender un \u00fanico idioma. Pero puesto que has llegado hasta aqu\u00ed, no queremos perder la oportunidad de preguntarte: ...","og_url":"https:\/\/www.edinventa.com\/es\/product\/heromask-basic-pack\/","og_site_name":"HeroMask","article_publisher":"https:\/\/www.facebook.com\/heromask.edu\/","article_modified_time":"2018-05-01T22:00:20+00:00","og_image":[{"width":400,"height":483,"url":"https:\/\/www.edinventa.com\/wp-content\/uploads\/2017\/02\/EducaInventions-VR-headset-and-HeroMask-package.png","type":"image\/png"}],"twitter_card":"summary_large_image","twitter_site":"@heromask_","schema":{"@context":"https:\/\/schema.org","@graph":[{"@type":"WebPage","@id":"https:\/\/www.edinventa.com\/es\/product\/heromask-basic-pack\/","url":"https:\/\/www.edinventa.com\/es\/product\/heromask-basic-pack\/","name":"Pack b\u00e1sico HeroMask &#187; HeroMask","isPartOf":{"@id":"https:\/\/www.edinventa.com\/es\/#website"},"primaryImageOfPage":{"@id":"https:\/\/www.edinventa.com\/es\/product\/heromask-basic-pack\/#primaryimage"},"image":{"@id":"https:\/\/www.edinventa.com\/es\/product\/heromask-basic-pack\/#primaryimage"},"thumbnailUrl":"https:\/\/www.edinventa.com\/wp-content\/uploads\/2017\/02\/EducaInventions-VR-headset-and-HeroMask-package.png","datePublished":"2017-11-29T12:23:35+00:00","dateModified":"2018-05-01T22:00:20+00:00","breadcrumb":{"@id":"https:\/\/www.edinventa.com\/es\/product\/heromask-basic-pack\/#breadcrumb"},"inLanguage":"es","potentialAction":[{"@type":"ReadAction","target":["https:\/\/www.edinventa.com\/es\/product\/heromask-basic-pack\/"]}]},{"@type":"ImageObject","inLanguage":"es","@id":"https:\/\/www.edinventa.com\/es\/product\/heromask-basic-pack\/#primaryimage","url":"https:\/\/www.edinventa.com\/wp-content\/uploads\/2017\/02\/EducaInventions-VR-headset-and-HeroMask-package.png","contentUrl":"https:\/\/www.edinventa.com\/wp-content\/uploads\/2017\/02\/EducaInventions-VR-headset-and-HeroMask-package.png","width":400,"height":483},{"@type":"BreadcrumbList","@id":"https:\/\/www.edinventa.com\/es\/product\/heromask-basic-pack\/#breadcrumb","itemListElement":[{"@type":"ListItem","position":1,"name":"Portada","item":"https:\/\/www.edinventa.com\/es\/"},{"@type":"ListItem","position":2,"name":"Private: Shop","item":"https:\/\/www.edinventa.com\/?page_id=8220"},{"@type":"ListItem","position":3,"name":"Pack b\u00e1sico HeroMask"}]},{"@type":"WebSite","@id":"https:\/\/www.edinventa.com\/es\/#website","url":"https:\/\/www.edinventa.com\/es\/","name":"HeroMask","description":"la m\u00e1scara de realidad virtual para aprender jugando","publisher":{"@id":"https:\/\/www.edinventa.com\/es\/#organization"},"potentialAction":[{"@type":"SearchAction","target":{"@type":"EntryPoint","urlTemplate":"https:\/\/www.edinventa.com\/es\/?s={search_term_string}"},"query-input":{"@type":"PropertyValueSpecification","valueRequired":true,"valueName":"search_term_string"}}],"inLanguage":"es"},{"@type":"Organization","@id":"https:\/\/www.edinventa.com\/es\/#organization","name":"Heromask","url":"https:\/\/www.edinventa.com\/es\/","logo":{"@type":"ImageObject","inLanguage":"es","@id":"https:\/\/www.edinventa.com\/es\/#\/schema\/logo\/image\/","url":"https:\/\/www.edinventa.com\/wp-content\/uploads\/2018\/08\/logo-Heromask-suavizado-01.png","contentUrl":"https:\/\/www.edinventa.com\/wp-content\/uploads\/2018\/08\/logo-Heromask-suavizado-01.png","width":519,"height":106,"caption":"Heromask"},"image":{"@id":"https:\/\/www.edinventa.com\/es\/#\/schema\/logo\/image\/"},"sameAs":["https:\/\/www.facebook.com\/heromask.edu\/","https:\/\/x.com\/heromask_","https:\/\/www.instagram.com\/heromask.ed\/","https:\/\/www.linkedin.com\/company\/heromask\/"]}]}},"_links":{"self":[{"href":"https:\/\/www.edinventa.com\/es\/wp-json\/wp\/v2\/product\/1636","targetHints":{"allow":["GET"]}}],"collection":[{"href":"https:\/\/www.edinventa.com\/es\/wp-json\/wp\/v2\/product"}],"about":[{"href":"https:\/\/www.edinventa.com\/es\/wp-json\/wp\/v2\/types\/product"}],"replies":[{"embeddable":true,"href":"https:\/\/www.edinventa.com\/es\/wp-json\/wp\/v2\/comments?post=1636"}],"wp:featuredmedia":[{"embeddable":true,"href":"https:\/\/www.edinventa.com\/es\/wp-json\/wp\/v2\/media\/409"}],"wp:attachment":[{"href":"https:\/\/www.edinventa.com\/es\/wp-json\/wp\/v2\/media?parent=1636"}],"wp:term":[{"taxonomy":"product_brand","embeddable":true,"href":"https:\/\/www.edinventa.com\/es\/wp-json\/wp\/v2\/product_brand?post=1636"},{"taxonomy":"product_cat","embeddable":true,"href":"https:\/\/www.edinventa.com\/es\/wp-json\/wp\/v2\/product_cat?post=1636"},{"taxonomy":"product_tag","embeddable":true,"href":"https:\/\/www.edinventa.com\/es\/wp-json\/wp\/v2\/product_tag?post=1636"}],"curies":[{"name":"wp","href":"https:\/\/api.w.org\/{rel}","templated":true}]}}