{"id":2841,"date":"2018-04-19T06:57:17","date_gmt":"2018-04-19T06:57:17","guid":{"rendered":"https:\/\/www.edinventa.com\/?post_type=product&#038;p=2841"},"modified":"2019-09-09T07:37:42","modified_gmt":"2019-09-09T07:37:42","slug":"edicion-especial-sm-heromask","status":"publish","type":"product","link":"https:\/\/www.edinventa.com\/es\/product\/edicion-especial-sm-heromask\/","title":{"rendered":"Edici\u00f3n especial SM HeroMask"},"content":{"rendered":"<p>Si tu cole tiene como distribuidor a SM, ahora puedes disfrutar de una edici\u00f3n muy especial. Se trata de una versi\u00f3n con los dos idiomas m\u00e1s aprendidos en Espa\u00f1a (ingl\u00e9s y franc\u00e9s) a un precio menor que el pack b\u00e1sico con un s\u00f3lo idioma.<\/p>\n<p><span style=\"font-size: 135%; font-family: deadjim; text-decoration: none; color: #ffdc43;\">HeroMask<\/span>\u00a0 en incluye un audio con la pronunciaci\u00f3n de cada palabra y el vocabulario habitual de los libros de textos ordenado por tem\u00e1ticas: animales, cuerpo humano, ciudad, comidas y bebidas, colores, n\u00fameros, horas, meteorolog\u00eda, profesiones, casa, escuela, deportes, ropa, banderas&#8230;<\/p>\n<ul>\n<li><strong>Importante<\/strong>: recuerda\u00a0<a href=\"https:\/\/www.edinventa.com\/es\/compatible-smartphones\/\" target=\"_blank\" rel=\"noopener noreferrer\">comprobar que tu tel\u00e9fono es compatible<\/a>.<\/li>\n<\/ul>\n","protected":false},"excerpt":{"rendered":"<p>Si tu cole tiene como distribuidor a SM, ahora puedes disfrutar de una edici\u00f3n muy especial. Se trata de una versi\u00f3n con los dos idiomas m\u00e1s aprendidos en Espa\u00f1a (ingl\u00e9s y franc\u00e9s) a un precio menor que el pack b\u00e1sico con un s\u00f3lo idioma. HeroMask\u00a0 en incluye un audio con la pronunciaci\u00f3n de cada palabra y el vocabulario habitual de &#8230;<\/p>\n","protected":false},"featured_media":1825,"comment_status":"closed","ping_status":"closed","template":"","meta":{"rs_blank_template":"","rs_page_bg_color":"","slide_template_v7":"","_joinchat":[]},"product_brand":[],"product_cat":[636],"product_tag":[],"class_list":{"0":"post-2841","1":"product","2":"type-product","3":"status-publish","4":"has-post-thumbnail","6":"product_cat-uncategorized-es","9":"first","10":"outofstock","11":"taxable","12":"shipping-taxable","13":"purchasable","14":"product-type-simple"},"yoast_head":"<!-- This site is optimized with the Yoast SEO plugin v27.3 - https:\/\/yoast.com\/product\/yoast-seo-wordpress\/ -->\n<title>Edici\u00f3n especial SM HeroMask &#187; HeroMask<\/title>\n<meta name=\"robots\" content=\"noindex, nofollow\" \/>\n<meta property=\"og:locale\" content=\"es_ES\" \/>\n<meta property=\"og:type\" content=\"article\" \/>\n<meta property=\"og:title\" content=\"Edici\u00f3n especial SM HeroMask &#187; HeroMask\" \/>\n<meta property=\"og:description\" content=\"Si tu cole tiene como distribuidor a SM, ahora puedes disfrutar de una edici\u00f3n muy especial. Se trata de una versi\u00f3n con los dos idiomas m\u00e1s aprendidos en Espa\u00f1a (ingl\u00e9s y franc\u00e9s) a un precio menor que el pack b\u00e1sico con un s\u00f3lo idioma. HeroMask\u00a0 en incluye un audio con la pronunciaci\u00f3n de cada palabra y el vocabulario habitual de ...\" \/>\n<meta property=\"og:url\" content=\"https:\/\/www.edinventa.com\/es\/product\/edicion-especial-sm-heromask\/\" \/>\n<meta property=\"og:site_name\" content=\"HeroMask\" \/>\n<meta property=\"article:publisher\" content=\"https:\/\/www.facebook.com\/heromask.edu\/\" \/>\n<meta property=\"article:modified_time\" content=\"2019-09-09T07:37:42+00:00\" \/>\n<meta property=\"og:image\" content=\"https:\/\/www.edinventa.com\/wp-content\/uploads\/2017\/12\/heromask-packaging-2017-18.png\" \/>\n\t<meta property=\"og:image:width\" content=\"599\" \/>\n\t<meta property=\"og:image:height\" content=\"588\" \/>\n\t<meta property=\"og:image:type\" content=\"image\/png\" \/>\n<meta name=\"twitter:card\" content=\"summary_large_image\" \/>\n<meta name=\"twitter:site\" content=\"@heromask_\" \/>\n<meta name=\"twitter:label1\" content=\"Tiempo de lectura\" \/>\n\t<meta name=\"twitter:data1\" content=\"1 minuto\" \/>\n<script type=\"application\/ld+json\" class=\"yoast-schema-graph\">{\"@context\":\"https:\\\/\\\/schema.org\",\"@graph\":[{\"@type\":\"WebPage\",\"@id\":\"https:\\\/\\\/www.edinventa.com\\\/es\\\/product\\\/edicion-especial-sm-heromask\\\/\",\"url\":\"https:\\\/\\\/www.edinventa.com\\\/es\\\/product\\\/edicion-especial-sm-heromask\\\/\",\"name\":\"Edici\u00f3n especial SM HeroMask &#187; HeroMask\",\"isPartOf\":{\"@id\":\"https:\\\/\\\/www.edinventa.com\\\/es\\\/#website\"},\"primaryImageOfPage\":{\"@id\":\"https:\\\/\\\/www.edinventa.com\\\/es\\\/product\\\/edicion-especial-sm-heromask\\\/#primaryimage\"},\"image\":{\"@id\":\"https:\\\/\\\/www.edinventa.com\\\/es\\\/product\\\/edicion-especial-sm-heromask\\\/#primaryimage\"},\"thumbnailUrl\":\"https:\\\/\\\/www.edinventa.com\\\/wp-content\\\/uploads\\\/2017\\\/12\\\/heromask-packaging-2017-18.png\",\"datePublished\":\"2018-04-19T06:57:17+00:00\",\"dateModified\":\"2019-09-09T07:37:42+00:00\",\"breadcrumb\":{\"@id\":\"https:\\\/\\\/www.edinventa.com\\\/es\\\/product\\\/edicion-especial-sm-heromask\\\/#breadcrumb\"},\"inLanguage\":\"es\",\"potentialAction\":[{\"@type\":\"ReadAction\",\"target\":[\"https:\\\/\\\/www.edinventa.com\\\/es\\\/product\\\/edicion-especial-sm-heromask\\\/\"]}]},{\"@type\":\"ImageObject\",\"inLanguage\":\"es\",\"@id\":\"https:\\\/\\\/www.edinventa.com\\\/es\\\/product\\\/edicion-especial-sm-heromask\\\/#primaryimage\",\"url\":\"https:\\\/\\\/www.edinventa.com\\\/wp-content\\\/uploads\\\/2017\\\/12\\\/heromask-packaging-2017-18.png\",\"contentUrl\":\"https:\\\/\\\/www.edinventa.com\\\/wp-content\\\/uploads\\\/2017\\\/12\\\/heromask-packaging-2017-18.png\",\"width\":599,\"height\":588},{\"@type\":\"BreadcrumbList\",\"@id\":\"https:\\\/\\\/www.edinventa.com\\\/es\\\/product\\\/edicion-especial-sm-heromask\\\/#breadcrumb\",\"itemListElement\":[{\"@type\":\"ListItem\",\"position\":1,\"name\":\"Portada\",\"item\":\"https:\\\/\\\/www.edinventa.com\\\/es\\\/\"},{\"@type\":\"ListItem\",\"position\":2,\"name\":\"Private: Shop\",\"item\":\"https:\\\/\\\/www.edinventa.com\\\/?page_id=8220\"},{\"@type\":\"ListItem\",\"position\":3,\"name\":\"Edici\u00f3n especial SM HeroMask\"}]},{\"@type\":\"WebSite\",\"@id\":\"https:\\\/\\\/www.edinventa.com\\\/es\\\/#website\",\"url\":\"https:\\\/\\\/www.edinventa.com\\\/es\\\/\",\"name\":\"HeroMask\",\"description\":\"la m\u00e1scara de realidad virtual para aprender jugando\",\"publisher\":{\"@id\":\"https:\\\/\\\/www.edinventa.com\\\/es\\\/#organization\"},\"potentialAction\":[{\"@type\":\"SearchAction\",\"target\":{\"@type\":\"EntryPoint\",\"urlTemplate\":\"https:\\\/\\\/www.edinventa.com\\\/es\\\/?s={search_term_string}\"},\"query-input\":{\"@type\":\"PropertyValueSpecification\",\"valueRequired\":true,\"valueName\":\"search_term_string\"}}],\"inLanguage\":\"es\"},{\"@type\":\"Organization\",\"@id\":\"https:\\\/\\\/www.edinventa.com\\\/es\\\/#organization\",\"name\":\"Heromask\",\"url\":\"https:\\\/\\\/www.edinventa.com\\\/es\\\/\",\"logo\":{\"@type\":\"ImageObject\",\"inLanguage\":\"es\",\"@id\":\"https:\\\/\\\/www.edinventa.com\\\/es\\\/#\\\/schema\\\/logo\\\/image\\\/\",\"url\":\"https:\\\/\\\/www.edinventa.com\\\/wp-content\\\/uploads\\\/2018\\\/08\\\/logo-Heromask-suavizado-01.png\",\"contentUrl\":\"https:\\\/\\\/www.edinventa.com\\\/wp-content\\\/uploads\\\/2018\\\/08\\\/logo-Heromask-suavizado-01.png\",\"width\":519,\"height\":106,\"caption\":\"Heromask\"},\"image\":{\"@id\":\"https:\\\/\\\/www.edinventa.com\\\/es\\\/#\\\/schema\\\/logo\\\/image\\\/\"},\"sameAs\":[\"https:\\\/\\\/www.facebook.com\\\/heromask.edu\\\/\",\"https:\\\/\\\/x.com\\\/heromask_\",\"https:\\\/\\\/www.instagram.com\\\/heromask.ed\\\/\",\"https:\\\/\\\/www.linkedin.com\\\/company\\\/heromask\\\/\"]}]}<\/script>\n<!-- \/ Yoast SEO plugin. -->","yoast_head_json":{"title":"Edici\u00f3n especial SM HeroMask &#187; HeroMask","robots":{"index":"noindex","follow":"nofollow"},"og_locale":"es_ES","og_type":"article","og_title":"Edici\u00f3n especial SM HeroMask &#187; HeroMask","og_description":"Si tu cole tiene como distribuidor a SM, ahora puedes disfrutar de una edici\u00f3n muy especial. Se trata de una versi\u00f3n con los dos idiomas m\u00e1s aprendidos en Espa\u00f1a (ingl\u00e9s y franc\u00e9s) a un precio menor que el pack b\u00e1sico con un s\u00f3lo idioma. HeroMask\u00a0 en incluye un audio con la pronunciaci\u00f3n de cada palabra y el vocabulario habitual de ...","og_url":"https:\/\/www.edinventa.com\/es\/product\/edicion-especial-sm-heromask\/","og_site_name":"HeroMask","article_publisher":"https:\/\/www.facebook.com\/heromask.edu\/","article_modified_time":"2019-09-09T07:37:42+00:00","og_image":[{"width":599,"height":588,"url":"https:\/\/www.edinventa.com\/wp-content\/uploads\/2017\/12\/heromask-packaging-2017-18.png","type":"image\/png"}],"twitter_card":"summary_large_image","twitter_site":"@heromask_","twitter_misc":{"Tiempo de lectura":"1 minuto"},"schema":{"@context":"https:\/\/schema.org","@graph":[{"@type":"WebPage","@id":"https:\/\/www.edinventa.com\/es\/product\/edicion-especial-sm-heromask\/","url":"https:\/\/www.edinventa.com\/es\/product\/edicion-especial-sm-heromask\/","name":"Edici\u00f3n especial SM HeroMask &#187; HeroMask","isPartOf":{"@id":"https:\/\/www.edinventa.com\/es\/#website"},"primaryImageOfPage":{"@id":"https:\/\/www.edinventa.com\/es\/product\/edicion-especial-sm-heromask\/#primaryimage"},"image":{"@id":"https:\/\/www.edinventa.com\/es\/product\/edicion-especial-sm-heromask\/#primaryimage"},"thumbnailUrl":"https:\/\/www.edinventa.com\/wp-content\/uploads\/2017\/12\/heromask-packaging-2017-18.png","datePublished":"2018-04-19T06:57:17+00:00","dateModified":"2019-09-09T07:37:42+00:00","breadcrumb":{"@id":"https:\/\/www.edinventa.com\/es\/product\/edicion-especial-sm-heromask\/#breadcrumb"},"inLanguage":"es","potentialAction":[{"@type":"ReadAction","target":["https:\/\/www.edinventa.com\/es\/product\/edicion-especial-sm-heromask\/"]}]},{"@type":"ImageObject","inLanguage":"es","@id":"https:\/\/www.edinventa.com\/es\/product\/edicion-especial-sm-heromask\/#primaryimage","url":"https:\/\/www.edinventa.com\/wp-content\/uploads\/2017\/12\/heromask-packaging-2017-18.png","contentUrl":"https:\/\/www.edinventa.com\/wp-content\/uploads\/2017\/12\/heromask-packaging-2017-18.png","width":599,"height":588},{"@type":"BreadcrumbList","@id":"https:\/\/www.edinventa.com\/es\/product\/edicion-especial-sm-heromask\/#breadcrumb","itemListElement":[{"@type":"ListItem","position":1,"name":"Portada","item":"https:\/\/www.edinventa.com\/es\/"},{"@type":"ListItem","position":2,"name":"Private: Shop","item":"https:\/\/www.edinventa.com\/?page_id=8220"},{"@type":"ListItem","position":3,"name":"Edici\u00f3n especial SM HeroMask"}]},{"@type":"WebSite","@id":"https:\/\/www.edinventa.com\/es\/#website","url":"https:\/\/www.edinventa.com\/es\/","name":"HeroMask","description":"la m\u00e1scara de realidad virtual para aprender jugando","publisher":{"@id":"https:\/\/www.edinventa.com\/es\/#organization"},"potentialAction":[{"@type":"SearchAction","target":{"@type":"EntryPoint","urlTemplate":"https:\/\/www.edinventa.com\/es\/?s={search_term_string}"},"query-input":{"@type":"PropertyValueSpecification","valueRequired":true,"valueName":"search_term_string"}}],"inLanguage":"es"},{"@type":"Organization","@id":"https:\/\/www.edinventa.com\/es\/#organization","name":"Heromask","url":"https:\/\/www.edinventa.com\/es\/","logo":{"@type":"ImageObject","inLanguage":"es","@id":"https:\/\/www.edinventa.com\/es\/#\/schema\/logo\/image\/","url":"https:\/\/www.edinventa.com\/wp-content\/uploads\/2018\/08\/logo-Heromask-suavizado-01.png","contentUrl":"https:\/\/www.edinventa.com\/wp-content\/uploads\/2018\/08\/logo-Heromask-suavizado-01.png","width":519,"height":106,"caption":"Heromask"},"image":{"@id":"https:\/\/www.edinventa.com\/es\/#\/schema\/logo\/image\/"},"sameAs":["https:\/\/www.facebook.com\/heromask.edu\/","https:\/\/x.com\/heromask_","https:\/\/www.instagram.com\/heromask.ed\/","https:\/\/www.linkedin.com\/company\/heromask\/"]}]}},"_links":{"self":[{"href":"https:\/\/www.edinventa.com\/es\/wp-json\/wp\/v2\/product\/2841","targetHints":{"allow":["GET"]}}],"collection":[{"href":"https:\/\/www.edinventa.com\/es\/wp-json\/wp\/v2\/product"}],"about":[{"href":"https:\/\/www.edinventa.com\/es\/wp-json\/wp\/v2\/types\/product"}],"replies":[{"embeddable":true,"href":"https:\/\/www.edinventa.com\/es\/wp-json\/wp\/v2\/comments?post=2841"}],"wp:featuredmedia":[{"embeddable":true,"href":"https:\/\/www.edinventa.com\/es\/wp-json\/wp\/v2\/media\/1825"}],"wp:attachment":[{"href":"https:\/\/www.edinventa.com\/es\/wp-json\/wp\/v2\/media?parent=2841"}],"wp:term":[{"taxonomy":"product_brand","embeddable":true,"href":"https:\/\/www.edinventa.com\/es\/wp-json\/wp\/v2\/product_brand?post=2841"},{"taxonomy":"product_cat","embeddable":true,"href":"https:\/\/www.edinventa.com\/es\/wp-json\/wp\/v2\/product_cat?post=2841"},{"taxonomy":"product_tag","embeddable":true,"href":"https:\/\/www.edinventa.com\/es\/wp-json\/wp\/v2\/product_tag?post=2841"}],"curies":[{"name":"wp","href":"https:\/\/api.w.org\/{rel}","templated":true}]}}