{"id":7884,"date":"2020-07-07T11:16:57","date_gmt":"2020-07-07T11:16:57","guid":{"rendered":"https:\/\/www.edinventa.com\/?post_type=product&#038;p=7884"},"modified":"2026-04-27T14:28:04","modified_gmt":"2026-04-27T14:28:04","slug":"pack-doble-idiomas-matematicas","status":"publish","type":"product","link":"https:\/\/www.edinventa.com\/es\/product\/pack-doble-idiomas-matematicas\/","title":{"rendered":"Pack doble: Idiomas + Matem\u00e1ticas"},"content":{"rendered":"<p>Pack exclusivo de la web.<\/p>\n<p>Ahora, si quieres, puedes llevarte a casa tanto los juegos para aprender idiomas (ingl\u00e9s, franc\u00e9s, alem\u00e1n, chino, espa\u00f1ol e italiano) como los juegos para practicar matem\u00e1ticas (sumas, restas, multiplicaciones y divisiones).<\/p>\n<p>Te enviaremos a casa el pack completo Heromask Idiomas, que incluye tanto las gafas de realidad virtual Heromask como tu c\u00f3digo secreto para poder desbloquear los juegos para aprender idiomas. Adem\u00e1s, te enviaremos por email un c\u00f3digo secreto para que tambi\u00e9n puedes descargar y desbloquear los juegos para aprender matem\u00e1ticas.<\/p>\n<p>\u00bfO s\u00f3lo quieres Heromask Matem\u00e1ticas? Ese pack s\u00f3lo est\u00e1 disponible en Amazon. Si es lo que deseas, visita <a href=\"https:\/\/www.amazon.es\/stores\/page\/F597099C-7ACC-4D4A-B1A5-A6DAA95551F7?channel=web-edinventa-heromask-idiomas\" target=\"_blank\" rel=\"noopener noreferrer\">amazon.es\/heromask<\/a> para llev\u00e1rtelo a casa.<\/p>\n<p>\u00a1Os encantar\u00e1, ya lo ver\u00e1s!<\/p>\n","protected":false},"excerpt":{"rendered":"<p>Pack exclusivo de la web. Ahora, si quieres, puedes llevarte a casa tanto los juegos para aprender idiomas (ingl\u00e9s, franc\u00e9s, alem\u00e1n, chino, espa\u00f1ol e italiano) como los juegos para practicar matem\u00e1ticas (sumas, restas, multiplicaciones y divisiones). Te enviaremos a casa el pack completo Heromask Idiomas, que incluye tanto las gafas de realidad virtual Heromask como tu c\u00f3digo secreto para poder &#8230;<\/p>\n","protected":false},"featured_media":6155,"comment_status":"closed","ping_status":"closed","template":"","meta":{"rs_blank_template":"","rs_page_bg_color":"","slide_template_v7":"","_joinchat":[]},"product_brand":[],"product_cat":[636],"product_tag":[],"class_list":{"0":"post-7884","1":"product","2":"type-product","3":"status-publish","4":"has-post-thumbnail","6":"product_cat-uncategorized-es","9":"first","10":"onbackorder","11":"sale","12":"taxable","13":"shipping-taxable","14":"purchasable","15":"product-type-simple"},"yoast_head":"<!-- This site is optimized with the Yoast SEO plugin v27.3 - https:\/\/yoast.com\/product\/yoast-seo-wordpress\/ -->\n<title>Pack doble: Idiomas + Matem\u00e1ticas &#187; HeroMask<\/title>\n<meta name=\"robots\" content=\"noindex, nofollow\" \/>\n<meta property=\"og:locale\" content=\"es_ES\" \/>\n<meta property=\"og:type\" content=\"article\" \/>\n<meta property=\"og:title\" content=\"Pack doble: Idiomas + Matem\u00e1ticas &#187; HeroMask\" \/>\n<meta property=\"og:description\" content=\"Pack exclusivo de la web. Ahora, si quieres, puedes llevarte a casa tanto los juegos para aprender idiomas (ingl\u00e9s, franc\u00e9s, alem\u00e1n, chino, espa\u00f1ol e italiano) como los juegos para practicar matem\u00e1ticas (sumas, restas, multiplicaciones y divisiones). Te enviaremos a casa el pack completo Heromask Idiomas, que incluye tanto las gafas de realidad virtual Heromask como tu c\u00f3digo secreto para poder ...\" \/>\n<meta property=\"og:url\" content=\"https:\/\/www.edinventa.com\/es\/product\/pack-doble-idiomas-matematicas\/\" \/>\n<meta property=\"og:site_name\" content=\"HeroMask\" \/>\n<meta property=\"article:publisher\" content=\"https:\/\/www.facebook.com\/heromask.edu\/\" \/>\n<meta property=\"article:modified_time\" content=\"2026-04-27T14:28:04+00:00\" \/>\n<meta property=\"og:image\" content=\"http:\/\/www.edinventa.com\/wp-content\/uploads\/2019\/11\/new-double-pack-languagesmathematics.jpg\" \/>\n\t<meta property=\"og:image:width\" content=\"800\" \/>\n\t<meta property=\"og:image:height\" content=\"800\" \/>\n\t<meta property=\"og:image:type\" content=\"image\/jpeg\" \/>\n<meta name=\"twitter:card\" content=\"summary_large_image\" \/>\n<meta name=\"twitter:site\" content=\"@heromask_\" \/>\n<meta name=\"twitter:label1\" content=\"Tiempo de lectura\" \/>\n\t<meta name=\"twitter:data1\" content=\"1 minuto\" \/>\n<script type=\"application\/ld+json\" class=\"yoast-schema-graph\">{\"@context\":\"https:\\\/\\\/schema.org\",\"@graph\":[{\"@type\":\"WebPage\",\"@id\":\"https:\\\/\\\/www.edinventa.com\\\/es\\\/product\\\/pack-doble-idiomas-matematicas\\\/\",\"url\":\"https:\\\/\\\/www.edinventa.com\\\/es\\\/product\\\/pack-doble-idiomas-matematicas\\\/\",\"name\":\"Pack doble: Idiomas + Matem\u00e1ticas &#187; HeroMask\",\"isPartOf\":{\"@id\":\"https:\\\/\\\/www.edinventa.com\\\/es\\\/#website\"},\"primaryImageOfPage\":{\"@id\":\"https:\\\/\\\/www.edinventa.com\\\/es\\\/product\\\/pack-doble-idiomas-matematicas\\\/#primaryimage\"},\"image\":{\"@id\":\"https:\\\/\\\/www.edinventa.com\\\/es\\\/product\\\/pack-doble-idiomas-matematicas\\\/#primaryimage\"},\"thumbnailUrl\":\"https:\\\/\\\/www.edinventa.com\\\/wp-content\\\/uploads\\\/2019\\\/11\\\/new-double-pack-languagesmathematics.jpg\",\"datePublished\":\"2020-07-07T11:16:57+00:00\",\"dateModified\":\"2026-04-27T14:28:04+00:00\",\"breadcrumb\":{\"@id\":\"https:\\\/\\\/www.edinventa.com\\\/es\\\/product\\\/pack-doble-idiomas-matematicas\\\/#breadcrumb\"},\"inLanguage\":\"es\",\"potentialAction\":[{\"@type\":\"ReadAction\",\"target\":[\"https:\\\/\\\/www.edinventa.com\\\/es\\\/product\\\/pack-doble-idiomas-matematicas\\\/\"]}]},{\"@type\":\"ImageObject\",\"inLanguage\":\"es\",\"@id\":\"https:\\\/\\\/www.edinventa.com\\\/es\\\/product\\\/pack-doble-idiomas-matematicas\\\/#primaryimage\",\"url\":\"https:\\\/\\\/www.edinventa.com\\\/wp-content\\\/uploads\\\/2019\\\/11\\\/new-double-pack-languagesmathematics.jpg\",\"contentUrl\":\"https:\\\/\\\/www.edinventa.com\\\/wp-content\\\/uploads\\\/2019\\\/11\\\/new-double-pack-languagesmathematics.jpg\",\"width\":800,\"height\":800},{\"@type\":\"BreadcrumbList\",\"@id\":\"https:\\\/\\\/www.edinventa.com\\\/es\\\/product\\\/pack-doble-idiomas-matematicas\\\/#breadcrumb\",\"itemListElement\":[{\"@type\":\"ListItem\",\"position\":1,\"name\":\"Portada\",\"item\":\"https:\\\/\\\/www.edinventa.com\\\/es\\\/\"},{\"@type\":\"ListItem\",\"position\":2,\"name\":\"Private: Shop\",\"item\":\"https:\\\/\\\/www.edinventa.com\\\/?page_id=8220\"},{\"@type\":\"ListItem\",\"position\":3,\"name\":\"Pack doble: Idiomas + Matem\u00e1ticas\"}]},{\"@type\":\"WebSite\",\"@id\":\"https:\\\/\\\/www.edinventa.com\\\/es\\\/#website\",\"url\":\"https:\\\/\\\/www.edinventa.com\\\/es\\\/\",\"name\":\"HeroMask\",\"description\":\"la m\u00e1scara de realidad virtual para aprender jugando\",\"publisher\":{\"@id\":\"https:\\\/\\\/www.edinventa.com\\\/es\\\/#organization\"},\"potentialAction\":[{\"@type\":\"SearchAction\",\"target\":{\"@type\":\"EntryPoint\",\"urlTemplate\":\"https:\\\/\\\/www.edinventa.com\\\/es\\\/?s={search_term_string}\"},\"query-input\":{\"@type\":\"PropertyValueSpecification\",\"valueRequired\":true,\"valueName\":\"search_term_string\"}}],\"inLanguage\":\"es\"},{\"@type\":\"Organization\",\"@id\":\"https:\\\/\\\/www.edinventa.com\\\/es\\\/#organization\",\"name\":\"Heromask\",\"url\":\"https:\\\/\\\/www.edinventa.com\\\/es\\\/\",\"logo\":{\"@type\":\"ImageObject\",\"inLanguage\":\"es\",\"@id\":\"https:\\\/\\\/www.edinventa.com\\\/es\\\/#\\\/schema\\\/logo\\\/image\\\/\",\"url\":\"https:\\\/\\\/www.edinventa.com\\\/wp-content\\\/uploads\\\/2018\\\/08\\\/logo-Heromask-suavizado-01.png\",\"contentUrl\":\"https:\\\/\\\/www.edinventa.com\\\/wp-content\\\/uploads\\\/2018\\\/08\\\/logo-Heromask-suavizado-01.png\",\"width\":519,\"height\":106,\"caption\":\"Heromask\"},\"image\":{\"@id\":\"https:\\\/\\\/www.edinventa.com\\\/es\\\/#\\\/schema\\\/logo\\\/image\\\/\"},\"sameAs\":[\"https:\\\/\\\/www.facebook.com\\\/heromask.edu\\\/\",\"https:\\\/\\\/x.com\\\/heromask_\",\"https:\\\/\\\/www.instagram.com\\\/heromask.ed\\\/\",\"https:\\\/\\\/www.linkedin.com\\\/company\\\/heromask\\\/\"]}]}<\/script>\n<!-- \/ Yoast SEO plugin. -->","yoast_head_json":{"title":"Pack doble: Idiomas + Matem\u00e1ticas &#187; HeroMask","robots":{"index":"noindex","follow":"nofollow"},"og_locale":"es_ES","og_type":"article","og_title":"Pack doble: Idiomas + Matem\u00e1ticas &#187; HeroMask","og_description":"Pack exclusivo de la web. Ahora, si quieres, puedes llevarte a casa tanto los juegos para aprender idiomas (ingl\u00e9s, franc\u00e9s, alem\u00e1n, chino, espa\u00f1ol e italiano) como los juegos para practicar matem\u00e1ticas (sumas, restas, multiplicaciones y divisiones). Te enviaremos a casa el pack completo Heromask Idiomas, que incluye tanto las gafas de realidad virtual Heromask como tu c\u00f3digo secreto para poder ...","og_url":"https:\/\/www.edinventa.com\/es\/product\/pack-doble-idiomas-matematicas\/","og_site_name":"HeroMask","article_publisher":"https:\/\/www.facebook.com\/heromask.edu\/","article_modified_time":"2026-04-27T14:28:04+00:00","og_image":[{"width":800,"height":800,"url":"http:\/\/www.edinventa.com\/wp-content\/uploads\/2019\/11\/new-double-pack-languagesmathematics.jpg","type":"image\/jpeg"}],"twitter_card":"summary_large_image","twitter_site":"@heromask_","twitter_misc":{"Tiempo de lectura":"1 minuto"},"schema":{"@context":"https:\/\/schema.org","@graph":[{"@type":"WebPage","@id":"https:\/\/www.edinventa.com\/es\/product\/pack-doble-idiomas-matematicas\/","url":"https:\/\/www.edinventa.com\/es\/product\/pack-doble-idiomas-matematicas\/","name":"Pack doble: Idiomas + Matem\u00e1ticas &#187; HeroMask","isPartOf":{"@id":"https:\/\/www.edinventa.com\/es\/#website"},"primaryImageOfPage":{"@id":"https:\/\/www.edinventa.com\/es\/product\/pack-doble-idiomas-matematicas\/#primaryimage"},"image":{"@id":"https:\/\/www.edinventa.com\/es\/product\/pack-doble-idiomas-matematicas\/#primaryimage"},"thumbnailUrl":"https:\/\/www.edinventa.com\/wp-content\/uploads\/2019\/11\/new-double-pack-languagesmathematics.jpg","datePublished":"2020-07-07T11:16:57+00:00","dateModified":"2026-04-27T14:28:04+00:00","breadcrumb":{"@id":"https:\/\/www.edinventa.com\/es\/product\/pack-doble-idiomas-matematicas\/#breadcrumb"},"inLanguage":"es","potentialAction":[{"@type":"ReadAction","target":["https:\/\/www.edinventa.com\/es\/product\/pack-doble-idiomas-matematicas\/"]}]},{"@type":"ImageObject","inLanguage":"es","@id":"https:\/\/www.edinventa.com\/es\/product\/pack-doble-idiomas-matematicas\/#primaryimage","url":"https:\/\/www.edinventa.com\/wp-content\/uploads\/2019\/11\/new-double-pack-languagesmathematics.jpg","contentUrl":"https:\/\/www.edinventa.com\/wp-content\/uploads\/2019\/11\/new-double-pack-languagesmathematics.jpg","width":800,"height":800},{"@type":"BreadcrumbList","@id":"https:\/\/www.edinventa.com\/es\/product\/pack-doble-idiomas-matematicas\/#breadcrumb","itemListElement":[{"@type":"ListItem","position":1,"name":"Portada","item":"https:\/\/www.edinventa.com\/es\/"},{"@type":"ListItem","position":2,"name":"Private: Shop","item":"https:\/\/www.edinventa.com\/?page_id=8220"},{"@type":"ListItem","position":3,"name":"Pack doble: Idiomas + Matem\u00e1ticas"}]},{"@type":"WebSite","@id":"https:\/\/www.edinventa.com\/es\/#website","url":"https:\/\/www.edinventa.com\/es\/","name":"HeroMask","description":"la m\u00e1scara de realidad virtual para aprender jugando","publisher":{"@id":"https:\/\/www.edinventa.com\/es\/#organization"},"potentialAction":[{"@type":"SearchAction","target":{"@type":"EntryPoint","urlTemplate":"https:\/\/www.edinventa.com\/es\/?s={search_term_string}"},"query-input":{"@type":"PropertyValueSpecification","valueRequired":true,"valueName":"search_term_string"}}],"inLanguage":"es"},{"@type":"Organization","@id":"https:\/\/www.edinventa.com\/es\/#organization","name":"Heromask","url":"https:\/\/www.edinventa.com\/es\/","logo":{"@type":"ImageObject","inLanguage":"es","@id":"https:\/\/www.edinventa.com\/es\/#\/schema\/logo\/image\/","url":"https:\/\/www.edinventa.com\/wp-content\/uploads\/2018\/08\/logo-Heromask-suavizado-01.png","contentUrl":"https:\/\/www.edinventa.com\/wp-content\/uploads\/2018\/08\/logo-Heromask-suavizado-01.png","width":519,"height":106,"caption":"Heromask"},"image":{"@id":"https:\/\/www.edinventa.com\/es\/#\/schema\/logo\/image\/"},"sameAs":["https:\/\/www.facebook.com\/heromask.edu\/","https:\/\/x.com\/heromask_","https:\/\/www.instagram.com\/heromask.ed\/","https:\/\/www.linkedin.com\/company\/heromask\/"]}]}},"_links":{"self":[{"href":"https:\/\/www.edinventa.com\/es\/wp-json\/wp\/v2\/product\/7884","targetHints":{"allow":["GET"]}}],"collection":[{"href":"https:\/\/www.edinventa.com\/es\/wp-json\/wp\/v2\/product"}],"about":[{"href":"https:\/\/www.edinventa.com\/es\/wp-json\/wp\/v2\/types\/product"}],"replies":[{"embeddable":true,"href":"https:\/\/www.edinventa.com\/es\/wp-json\/wp\/v2\/comments?post=7884"}],"wp:featuredmedia":[{"embeddable":true,"href":"https:\/\/www.edinventa.com\/es\/wp-json\/wp\/v2\/media\/6155"}],"wp:attachment":[{"href":"https:\/\/www.edinventa.com\/es\/wp-json\/wp\/v2\/media?parent=7884"}],"wp:term":[{"taxonomy":"product_brand","embeddable":true,"href":"https:\/\/www.edinventa.com\/es\/wp-json\/wp\/v2\/product_brand?post=7884"},{"taxonomy":"product_cat","embeddable":true,"href":"https:\/\/www.edinventa.com\/es\/wp-json\/wp\/v2\/product_cat?post=7884"},{"taxonomy":"product_tag","embeddable":true,"href":"https:\/\/www.edinventa.com\/es\/wp-json\/wp\/v2\/product_tag?post=7884"}],"curies":[{"name":"wp","href":"https:\/\/api.w.org\/{rel}","templated":true}]}}