{"id":31921,"date":"2024-07-29T12:06:35","date_gmt":"2024-07-29T12:06:35","guid":{"rendered":"https:\/\/www.edinventa.com\/activate-your-extended-warranty-spanish-french\/"},"modified":"2024-07-29T15:18:44","modified_gmt":"2024-07-29T15:18:44","slug":"warranty","status":"publish","type":"page","link":"https:\/\/www.edinventa.com\/fr\/warranty\/","title":{"rendered":"Activez votre garantie prolong\u00e9e"},"content":{"rendered":"<div id=\"cs-content\" class=\"cs-content\"><\/div>\n","protected":false},"excerpt":{"rendered":"<p>Espa\u00f1ol English Fran\u00e7ais Deutsch Italiano US polski \u010ce\u0161tina UK Nederlands \u0420\u0443\u0441\u0441\u043a\u0438\u0439 Portugu\u00eas English (Canada) Mex Espa\u00f1ol * La garantie prolong&eacute;e est une promotion &agrave; dur&eacute;e limit&eacute;e, applicable &agrave; tous les produits Heromask VR pendant la p&eacute;riode de promotion.Comment faire valoir ma garantie prolong&eacute;e Heromask S&eacute;lectionnez votre m&eacute;thode de contact pr&eacute;f&eacute;r&eacute;e ci-dessous. Suivez les instructions de notre &eacute;quipe d&rsquo;assistance pour l&rsquo;activer. &#8230;<\/p>\n","protected":false},"author":23,"featured_media":0,"parent":0,"menu_order":0,"comment_status":"closed","ping_status":"closed","template":"","meta":{"rs_blank_template":"","rs_page_bg_color":"","slide_template_v7":"","_joinchat":[],"footnotes":""},"class_list":["post-31921","page","type-page","status-publish","hentry","no-post-thumbnail"],"yoast_head":"<!-- This site is optimized with the Yoast SEO plugin v27.3 - https:\/\/yoast.com\/product\/yoast-seo-wordpress\/ -->\n<title>Activez votre garantie prolong\u00e9e &#187; HeroMask<\/title>\n<meta name=\"robots\" content=\"index, follow, max-snippet:-1, max-image-preview:large, max-video-preview:-1\" \/>\n<link rel=\"canonical\" href=\"https:\/\/www.edinventa.com\/fr\/warranty\/\" \/>\n<meta property=\"og:locale\" content=\"fr_FR\" \/>\n<meta property=\"og:type\" content=\"article\" \/>\n<meta property=\"og:title\" content=\"Activez votre garantie prolong\u00e9e &#187; HeroMask\" \/>\n<meta property=\"og:description\" content=\"Espa\u00f1ol English Fran\u00e7ais Deutsch Italiano US polski \u010ce\u0161tina UK Nederlands \u0420\u0443\u0441\u0441\u043a\u0438\u0439 Portugu\u00eas English (Canada) Mex Espa\u00f1ol * La garantie prolong&eacute;e est une promotion &agrave; dur&eacute;e limit&eacute;e, applicable &agrave; tous les produits Heromask VR pendant la p&eacute;riode de promotion.Comment faire valoir ma garantie prolong&eacute;e Heromask S&eacute;lectionnez votre m&eacute;thode de contact pr&eacute;f&eacute;r&eacute;e ci-dessous. Suivez les instructions de notre &eacute;quipe d&#039;assistance pour l&#039;activer. ...\" \/>\n<meta property=\"og:url\" content=\"https:\/\/www.edinventa.com\/fr\/warranty\/\" \/>\n<meta property=\"og:site_name\" content=\"HeroMask\" \/>\n<meta property=\"article:publisher\" content=\"https:\/\/www.facebook.com\/heromask.edu\/\" \/>\n<meta property=\"article:modified_time\" content=\"2024-07-29T15:18:44+00:00\" \/>\n<meta name=\"twitter:card\" content=\"summary_large_image\" \/>\n<meta name=\"twitter:site\" content=\"@heromask_\" \/>\n<meta name=\"twitter:label1\" content=\"Dur\u00e9e de lecture estim\u00e9e\" \/>\n\t<meta name=\"twitter:data1\" content=\"4 minutes\" \/>\n<script type=\"application\/ld+json\" class=\"yoast-schema-graph\">{\"@context\":\"https:\\\/\\\/schema.org\",\"@graph\":[{\"@type\":\"WebPage\",\"@id\":\"https:\\\/\\\/www.edinventa.com\\\/fr\\\/warranty\\\/\",\"url\":\"https:\\\/\\\/www.edinventa.com\\\/fr\\\/warranty\\\/\",\"name\":\"Activez votre garantie prolong\u00e9e &#187; HeroMask\",\"isPartOf\":{\"@id\":\"https:\\\/\\\/www.edinventa.com\\\/fr\\\/#website\"},\"datePublished\":\"2024-07-29T12:06:35+00:00\",\"dateModified\":\"2024-07-29T15:18:44+00:00\",\"breadcrumb\":{\"@id\":\"https:\\\/\\\/www.edinventa.com\\\/fr\\\/warranty\\\/#breadcrumb\"},\"inLanguage\":\"fr-FR\",\"potentialAction\":[{\"@type\":\"ReadAction\",\"target\":[\"https:\\\/\\\/www.edinventa.com\\\/fr\\\/warranty\\\/\"]}]},{\"@type\":\"BreadcrumbList\",\"@id\":\"https:\\\/\\\/www.edinventa.com\\\/fr\\\/warranty\\\/#breadcrumb\",\"itemListElement\":[{\"@type\":\"ListItem\",\"position\":1,\"name\":\"Portada\",\"item\":\"https:\\\/\\\/www.edinventa.com\\\/fr\\\/\"},{\"@type\":\"ListItem\",\"position\":2,\"name\":\"Activez votre garantie prolong\u00e9e\"}]},{\"@type\":\"WebSite\",\"@id\":\"https:\\\/\\\/www.edinventa.com\\\/fr\\\/#website\",\"url\":\"https:\\\/\\\/www.edinventa.com\\\/fr\\\/\",\"name\":\"HeroMask\",\"description\":\"la m\u00e1scara de realidad virtual para aprender jugando\",\"publisher\":{\"@id\":\"https:\\\/\\\/www.edinventa.com\\\/fr\\\/#organization\"},\"potentialAction\":[{\"@type\":\"SearchAction\",\"target\":{\"@type\":\"EntryPoint\",\"urlTemplate\":\"https:\\\/\\\/www.edinventa.com\\\/fr\\\/?s={search_term_string}\"},\"query-input\":{\"@type\":\"PropertyValueSpecification\",\"valueRequired\":true,\"valueName\":\"search_term_string\"}}],\"inLanguage\":\"fr-FR\"},{\"@type\":\"Organization\",\"@id\":\"https:\\\/\\\/www.edinventa.com\\\/fr\\\/#organization\",\"name\":\"Heromask\",\"url\":\"https:\\\/\\\/www.edinventa.com\\\/fr\\\/\",\"logo\":{\"@type\":\"ImageObject\",\"inLanguage\":\"fr-FR\",\"@id\":\"https:\\\/\\\/www.edinventa.com\\\/fr\\\/#\\\/schema\\\/logo\\\/image\\\/\",\"url\":\"https:\\\/\\\/www.edinventa.com\\\/wp-content\\\/uploads\\\/2018\\\/08\\\/logo-Heromask-suavizado-01.png\",\"contentUrl\":\"https:\\\/\\\/www.edinventa.com\\\/wp-content\\\/uploads\\\/2018\\\/08\\\/logo-Heromask-suavizado-01.png\",\"width\":519,\"height\":106,\"caption\":\"Heromask\"},\"image\":{\"@id\":\"https:\\\/\\\/www.edinventa.com\\\/fr\\\/#\\\/schema\\\/logo\\\/image\\\/\"},\"sameAs\":[\"https:\\\/\\\/www.facebook.com\\\/heromask.edu\\\/\",\"https:\\\/\\\/x.com\\\/heromask_\",\"https:\\\/\\\/www.instagram.com\\\/heromask.ed\\\/\",\"https:\\\/\\\/www.linkedin.com\\\/company\\\/heromask\\\/\"]}]}<\/script>\n<!-- \/ Yoast SEO plugin. -->","yoast_head_json":{"title":"Activez votre garantie prolong\u00e9e &#187; HeroMask","robots":{"index":"index","follow":"follow","max-snippet":"max-snippet:-1","max-image-preview":"max-image-preview:large","max-video-preview":"max-video-preview:-1"},"canonical":"https:\/\/www.edinventa.com\/fr\/warranty\/","og_locale":"fr_FR","og_type":"article","og_title":"Activez votre garantie prolong\u00e9e &#187; HeroMask","og_description":"Espa\u00f1ol English Fran\u00e7ais Deutsch Italiano US polski \u010ce\u0161tina UK Nederlands \u0420\u0443\u0441\u0441\u043a\u0438\u0439 Portugu\u00eas English (Canada) Mex Espa\u00f1ol * La garantie prolong&eacute;e est une promotion &agrave; dur&eacute;e limit&eacute;e, applicable &agrave; tous les produits Heromask VR pendant la p&eacute;riode de promotion.Comment faire valoir ma garantie prolong&eacute;e Heromask S&eacute;lectionnez votre m&eacute;thode de contact pr&eacute;f&eacute;r&eacute;e ci-dessous. Suivez les instructions de notre &eacute;quipe d'assistance pour l'activer. ...","og_url":"https:\/\/www.edinventa.com\/fr\/warranty\/","og_site_name":"HeroMask","article_publisher":"https:\/\/www.facebook.com\/heromask.edu\/","article_modified_time":"2024-07-29T15:18:44+00:00","twitter_card":"summary_large_image","twitter_site":"@heromask_","twitter_misc":{"Dur\u00e9e de lecture estim\u00e9e":"4 minutes"},"schema":{"@context":"https:\/\/schema.org","@graph":[{"@type":"WebPage","@id":"https:\/\/www.edinventa.com\/fr\/warranty\/","url":"https:\/\/www.edinventa.com\/fr\/warranty\/","name":"Activez votre garantie prolong\u00e9e &#187; HeroMask","isPartOf":{"@id":"https:\/\/www.edinventa.com\/fr\/#website"},"datePublished":"2024-07-29T12:06:35+00:00","dateModified":"2024-07-29T15:18:44+00:00","breadcrumb":{"@id":"https:\/\/www.edinventa.com\/fr\/warranty\/#breadcrumb"},"inLanguage":"fr-FR","potentialAction":[{"@type":"ReadAction","target":["https:\/\/www.edinventa.com\/fr\/warranty\/"]}]},{"@type":"BreadcrumbList","@id":"https:\/\/www.edinventa.com\/fr\/warranty\/#breadcrumb","itemListElement":[{"@type":"ListItem","position":1,"name":"Portada","item":"https:\/\/www.edinventa.com\/fr\/"},{"@type":"ListItem","position":2,"name":"Activez votre garantie prolong\u00e9e"}]},{"@type":"WebSite","@id":"https:\/\/www.edinventa.com\/fr\/#website","url":"https:\/\/www.edinventa.com\/fr\/","name":"HeroMask","description":"la m\u00e1scara de realidad virtual para aprender jugando","publisher":{"@id":"https:\/\/www.edinventa.com\/fr\/#organization"},"potentialAction":[{"@type":"SearchAction","target":{"@type":"EntryPoint","urlTemplate":"https:\/\/www.edinventa.com\/fr\/?s={search_term_string}"},"query-input":{"@type":"PropertyValueSpecification","valueRequired":true,"valueName":"search_term_string"}}],"inLanguage":"fr-FR"},{"@type":"Organization","@id":"https:\/\/www.edinventa.com\/fr\/#organization","name":"Heromask","url":"https:\/\/www.edinventa.com\/fr\/","logo":{"@type":"ImageObject","inLanguage":"fr-FR","@id":"https:\/\/www.edinventa.com\/fr\/#\/schema\/logo\/image\/","url":"https:\/\/www.edinventa.com\/wp-content\/uploads\/2018\/08\/logo-Heromask-suavizado-01.png","contentUrl":"https:\/\/www.edinventa.com\/wp-content\/uploads\/2018\/08\/logo-Heromask-suavizado-01.png","width":519,"height":106,"caption":"Heromask"},"image":{"@id":"https:\/\/www.edinventa.com\/fr\/#\/schema\/logo\/image\/"},"sameAs":["https:\/\/www.facebook.com\/heromask.edu\/","https:\/\/x.com\/heromask_","https:\/\/www.instagram.com\/heromask.ed\/","https:\/\/www.linkedin.com\/company\/heromask\/"]}]}},"_links":{"self":[{"href":"https:\/\/www.edinventa.com\/fr\/wp-json\/wp\/v2\/pages\/31921","targetHints":{"allow":["GET"]}}],"collection":[{"href":"https:\/\/www.edinventa.com\/fr\/wp-json\/wp\/v2\/pages"}],"about":[{"href":"https:\/\/www.edinventa.com\/fr\/wp-json\/wp\/v2\/types\/page"}],"author":[{"embeddable":true,"href":"https:\/\/www.edinventa.com\/fr\/wp-json\/wp\/v2\/users\/23"}],"replies":[{"embeddable":true,"href":"https:\/\/www.edinventa.com\/fr\/wp-json\/wp\/v2\/comments?post=31921"}],"version-history":[{"count":0,"href":"https:\/\/www.edinventa.com\/fr\/wp-json\/wp\/v2\/pages\/31921\/revisions"}],"wp:attachment":[{"href":"https:\/\/www.edinventa.com\/fr\/wp-json\/wp\/v2\/media?parent=31921"}],"curies":[{"name":"wp","href":"https:\/\/api.w.org\/{rel}","templated":true}]}}