{"id":4937,"date":"2018-10-11T11:07:12","date_gmt":"2018-10-11T11:07:12","guid":{"rendered":"https:\/\/www.edinventa.com\/heromask-sprachen-lernen\/"},"modified":"2025-12-05T11:27:31","modified_gmt":"2025-12-05T11:27:31","slug":"heromask-langues-mathematiques","status":"publish","type":"page","link":"https:\/\/www.edinventa.com\/fr\/heromask-langues-mathematiques\/","title":{"rendered":"Heromask Langues Math\u00e9matiques"},"content":{"rendered":"<div id=\"cs-content\" class=\"cs-content\"><\/div>\n","protected":false},"excerpt":{"rendered":"<p>Espa\u00f1ol English Fran\u00e7ais Deutsch Italiano US polski \u010ce\u0161tina UK Nederlands \u0420\u0443\u0441\u0441\u043a\u0438\u0439 Portugu\u00eas English (Canada) Mex Espa\u00f1ol Heromask: le jeu de r&eacute;alit&eacute; virtuelle pour apprendre les langues et les math&eacute;matiques [lunettes 3D incluses] Heromask Langues Double pack: Langues + Math\u00e9matique (Site Web uniquement) 69&euro; 49&euro; 79&euro; 59&euro; Site officiel du fabricant. Meilleur prix garanti: Si vous le trouvez moins cher, nous &#8230;<\/p>\n","protected":false},"author":47,"featured_media":5700,"parent":0,"menu_order":0,"comment_status":"open","ping_status":"closed","template":"template-layout-full-width.php","meta":{"rs_blank_template":"","rs_page_bg_color":"#ffffff","slide_template_v7":"","_joinchat":[],"footnotes":""},"class_list":["post-4937","page","type-page","status-publish","has-post-thumbnail","hentry"],"yoast_head":"<!-- This site is optimized with the Yoast SEO plugin v27.3 - https:\/\/yoast.com\/product\/yoast-seo-wordpress\/ -->\n<title>Heromask Langues Math\u00e9matiques &#187; Le jeu de r\u00e9alit\u00e9 virtuelle<\/title>\n<meta name=\"description\" content=\"Enfants de 5, 6, 7, 8\u2026 jusqu&#039;\u00e0 12 ans. Pour apprendre les langues et les math\u00e9matiques [lunettes 3D incluses]\" \/>\n<meta name=\"robots\" content=\"index, follow, max-snippet:-1, max-image-preview:large, max-video-preview:-1\" \/>\n<link rel=\"canonical\" href=\"https:\/\/www.edinventa.com\/fr\/heromask-langues-mathematiques\/\" \/>\n<meta property=\"og:locale\" content=\"fr_FR\" \/>\n<meta property=\"og:type\" content=\"article\" \/>\n<meta property=\"og:title\" content=\"Heromask Langues Math\u00e9matiques &#187; Le jeu de r\u00e9alit\u00e9 virtuelle\" \/>\n<meta property=\"og:description\" content=\"Enfants de 5, 6, 7, 8\u2026 jusqu&#039;\u00e0 12 ans. Pour apprendre les langues et les math\u00e9matiques [lunettes 3D incluses]\" \/>\n<meta property=\"og:url\" content=\"https:\/\/www.edinventa.com\/fr\/heromask-langues-mathematiques\/\" \/>\n<meta property=\"og:site_name\" content=\"HeroMask\" \/>\n<meta property=\"article:publisher\" content=\"https:\/\/www.facebook.com\/heromask.edu\/\" \/>\n<meta property=\"article:modified_time\" content=\"2025-12-05T11:27:31+00:00\" \/>\n<meta property=\"og:image\" content=\"https:\/\/www.edinventa.com\/wp-content\/uploads\/2018\/08\/para-Amazon-heromask-packaging-2017-18.jpg\" \/>\n\t<meta property=\"og:image:width\" content=\"599\" \/>\n\t<meta property=\"og:image:height\" content=\"588\" \/>\n\t<meta property=\"og:image:type\" content=\"image\/jpeg\" \/>\n<meta name=\"twitter:card\" content=\"summary_large_image\" \/>\n<meta name=\"twitter:site\" content=\"@heromask_\" \/>\n<meta name=\"twitter:label1\" content=\"Dur\u00e9e de lecture estim\u00e9e\" \/>\n\t<meta name=\"twitter:data1\" content=\"8 minutes\" \/>\n<script type=\"application\/ld+json\" class=\"yoast-schema-graph\">{\"@context\":\"https:\\\/\\\/schema.org\",\"@graph\":[{\"@type\":\"WebPage\",\"@id\":\"https:\\\/\\\/www.edinventa.com\\\/fr\\\/heromask-langues-mathematiques\\\/\",\"url\":\"https:\\\/\\\/www.edinventa.com\\\/fr\\\/heromask-langues-mathematiques\\\/\",\"name\":\"Heromask Langues Math\u00e9matiques &#187; Le jeu de r\u00e9alit\u00e9 virtuelle\",\"isPartOf\":{\"@id\":\"https:\\\/\\\/www.edinventa.com\\\/fr\\\/#website\"},\"primaryImageOfPage\":{\"@id\":\"https:\\\/\\\/www.edinventa.com\\\/fr\\\/heromask-langues-mathematiques\\\/#primaryimage\"},\"image\":{\"@id\":\"https:\\\/\\\/www.edinventa.com\\\/fr\\\/heromask-langues-mathematiques\\\/#primaryimage\"},\"thumbnailUrl\":\"https:\\\/\\\/www.edinventa.com\\\/wp-content\\\/uploads\\\/2019\\\/08\\\/Heromask-Languages-600.png\",\"datePublished\":\"2018-10-11T11:07:12+00:00\",\"dateModified\":\"2025-12-05T11:27:31+00:00\",\"description\":\"Enfants de 5, 6, 7, 8\u2026 jusqu'\u00e0 12 ans. Pour apprendre les langues et les math\u00e9matiques [lunettes 3D incluses]\",\"breadcrumb\":{\"@id\":\"https:\\\/\\\/www.edinventa.com\\\/fr\\\/heromask-langues-mathematiques\\\/#breadcrumb\"},\"inLanguage\":\"fr-FR\",\"potentialAction\":[{\"@type\":\"ReadAction\",\"target\":[\"https:\\\/\\\/www.edinventa.com\\\/fr\\\/heromask-langues-mathematiques\\\/\"]}]},{\"@type\":\"ImageObject\",\"inLanguage\":\"fr-FR\",\"@id\":\"https:\\\/\\\/www.edinventa.com\\\/fr\\\/heromask-langues-mathematiques\\\/#primaryimage\",\"url\":\"https:\\\/\\\/www.edinventa.com\\\/wp-content\\\/uploads\\\/2019\\\/08\\\/Heromask-Languages-600.png\",\"contentUrl\":\"https:\\\/\\\/www.edinventa.com\\\/wp-content\\\/uploads\\\/2019\\\/08\\\/Heromask-Languages-600.png\",\"width\":600,\"height\":484},{\"@type\":\"BreadcrumbList\",\"@id\":\"https:\\\/\\\/www.edinventa.com\\\/fr\\\/heromask-langues-mathematiques\\\/#breadcrumb\",\"itemListElement\":[{\"@type\":\"ListItem\",\"position\":1,\"name\":\"Portada\",\"item\":\"https:\\\/\\\/www.edinventa.com\\\/fr\\\/\"},{\"@type\":\"ListItem\",\"position\":2,\"name\":\"Heromask Langues Math\u00e9matiques\"}]},{\"@type\":\"WebSite\",\"@id\":\"https:\\\/\\\/www.edinventa.com\\\/fr\\\/#website\",\"url\":\"https:\\\/\\\/www.edinventa.com\\\/fr\\\/\",\"name\":\"HeroMask\",\"description\":\"la m\u00e1scara de realidad virtual para aprender jugando\",\"publisher\":{\"@id\":\"https:\\\/\\\/www.edinventa.com\\\/fr\\\/#organization\"},\"potentialAction\":[{\"@type\":\"SearchAction\",\"target\":{\"@type\":\"EntryPoint\",\"urlTemplate\":\"https:\\\/\\\/www.edinventa.com\\\/fr\\\/?s={search_term_string}\"},\"query-input\":{\"@type\":\"PropertyValueSpecification\",\"valueRequired\":true,\"valueName\":\"search_term_string\"}}],\"inLanguage\":\"fr-FR\"},{\"@type\":\"Organization\",\"@id\":\"https:\\\/\\\/www.edinventa.com\\\/fr\\\/#organization\",\"name\":\"Heromask\",\"url\":\"https:\\\/\\\/www.edinventa.com\\\/fr\\\/\",\"logo\":{\"@type\":\"ImageObject\",\"inLanguage\":\"fr-FR\",\"@id\":\"https:\\\/\\\/www.edinventa.com\\\/fr\\\/#\\\/schema\\\/logo\\\/image\\\/\",\"url\":\"https:\\\/\\\/www.edinventa.com\\\/wp-content\\\/uploads\\\/2018\\\/08\\\/logo-Heromask-suavizado-01.png\",\"contentUrl\":\"https:\\\/\\\/www.edinventa.com\\\/wp-content\\\/uploads\\\/2018\\\/08\\\/logo-Heromask-suavizado-01.png\",\"width\":519,\"height\":106,\"caption\":\"Heromask\"},\"image\":{\"@id\":\"https:\\\/\\\/www.edinventa.com\\\/fr\\\/#\\\/schema\\\/logo\\\/image\\\/\"},\"sameAs\":[\"https:\\\/\\\/www.facebook.com\\\/heromask.edu\\\/\",\"https:\\\/\\\/x.com\\\/heromask_\",\"https:\\\/\\\/www.instagram.com\\\/heromask.ed\\\/\",\"https:\\\/\\\/www.linkedin.com\\\/company\\\/heromask\\\/\"]}]}<\/script>\n<!-- \/ Yoast SEO plugin. -->","yoast_head_json":{"title":"Heromask Langues Math\u00e9matiques &#187; Le jeu de r\u00e9alit\u00e9 virtuelle","description":"Enfants de 5, 6, 7, 8\u2026 jusqu'\u00e0 12 ans. Pour apprendre les langues et les math\u00e9matiques [lunettes 3D incluses]","robots":{"index":"index","follow":"follow","max-snippet":"max-snippet:-1","max-image-preview":"max-image-preview:large","max-video-preview":"max-video-preview:-1"},"canonical":"https:\/\/www.edinventa.com\/fr\/heromask-langues-mathematiques\/","og_locale":"fr_FR","og_type":"article","og_title":"Heromask Langues Math\u00e9matiques &#187; Le jeu de r\u00e9alit\u00e9 virtuelle","og_description":"Enfants de 5, 6, 7, 8\u2026 jusqu'\u00e0 12 ans. Pour apprendre les langues et les math\u00e9matiques [lunettes 3D incluses]","og_url":"https:\/\/www.edinventa.com\/fr\/heromask-langues-mathematiques\/","og_site_name":"HeroMask","article_publisher":"https:\/\/www.facebook.com\/heromask.edu\/","article_modified_time":"2025-12-05T11:27:31+00:00","og_image":[{"width":599,"height":588,"url":"https:\/\/www.edinventa.com\/wp-content\/uploads\/2018\/08\/para-Amazon-heromask-packaging-2017-18.jpg","type":"image\/jpeg"}],"twitter_card":"summary_large_image","twitter_site":"@heromask_","twitter_misc":{"Dur\u00e9e de lecture estim\u00e9e":"8 minutes"},"schema":{"@context":"https:\/\/schema.org","@graph":[{"@type":"WebPage","@id":"https:\/\/www.edinventa.com\/fr\/heromask-langues-mathematiques\/","url":"https:\/\/www.edinventa.com\/fr\/heromask-langues-mathematiques\/","name":"Heromask Langues Math\u00e9matiques &#187; Le jeu de r\u00e9alit\u00e9 virtuelle","isPartOf":{"@id":"https:\/\/www.edinventa.com\/fr\/#website"},"primaryImageOfPage":{"@id":"https:\/\/www.edinventa.com\/fr\/heromask-langues-mathematiques\/#primaryimage"},"image":{"@id":"https:\/\/www.edinventa.com\/fr\/heromask-langues-mathematiques\/#primaryimage"},"thumbnailUrl":"https:\/\/www.edinventa.com\/wp-content\/uploads\/2019\/08\/Heromask-Languages-600.png","datePublished":"2018-10-11T11:07:12+00:00","dateModified":"2025-12-05T11:27:31+00:00","description":"Enfants de 5, 6, 7, 8\u2026 jusqu'\u00e0 12 ans. Pour apprendre les langues et les math\u00e9matiques [lunettes 3D incluses]","breadcrumb":{"@id":"https:\/\/www.edinventa.com\/fr\/heromask-langues-mathematiques\/#breadcrumb"},"inLanguage":"fr-FR","potentialAction":[{"@type":"ReadAction","target":["https:\/\/www.edinventa.com\/fr\/heromask-langues-mathematiques\/"]}]},{"@type":"ImageObject","inLanguage":"fr-FR","@id":"https:\/\/www.edinventa.com\/fr\/heromask-langues-mathematiques\/#primaryimage","url":"https:\/\/www.edinventa.com\/wp-content\/uploads\/2019\/08\/Heromask-Languages-600.png","contentUrl":"https:\/\/www.edinventa.com\/wp-content\/uploads\/2019\/08\/Heromask-Languages-600.png","width":600,"height":484},{"@type":"BreadcrumbList","@id":"https:\/\/www.edinventa.com\/fr\/heromask-langues-mathematiques\/#breadcrumb","itemListElement":[{"@type":"ListItem","position":1,"name":"Portada","item":"https:\/\/www.edinventa.com\/fr\/"},{"@type":"ListItem","position":2,"name":"Heromask Langues Math\u00e9matiques"}]},{"@type":"WebSite","@id":"https:\/\/www.edinventa.com\/fr\/#website","url":"https:\/\/www.edinventa.com\/fr\/","name":"HeroMask","description":"la m\u00e1scara de realidad virtual para aprender jugando","publisher":{"@id":"https:\/\/www.edinventa.com\/fr\/#organization"},"potentialAction":[{"@type":"SearchAction","target":{"@type":"EntryPoint","urlTemplate":"https:\/\/www.edinventa.com\/fr\/?s={search_term_string}"},"query-input":{"@type":"PropertyValueSpecification","valueRequired":true,"valueName":"search_term_string"}}],"inLanguage":"fr-FR"},{"@type":"Organization","@id":"https:\/\/www.edinventa.com\/fr\/#organization","name":"Heromask","url":"https:\/\/www.edinventa.com\/fr\/","logo":{"@type":"ImageObject","inLanguage":"fr-FR","@id":"https:\/\/www.edinventa.com\/fr\/#\/schema\/logo\/image\/","url":"https:\/\/www.edinventa.com\/wp-content\/uploads\/2018\/08\/logo-Heromask-suavizado-01.png","contentUrl":"https:\/\/www.edinventa.com\/wp-content\/uploads\/2018\/08\/logo-Heromask-suavizado-01.png","width":519,"height":106,"caption":"Heromask"},"image":{"@id":"https:\/\/www.edinventa.com\/fr\/#\/schema\/logo\/image\/"},"sameAs":["https:\/\/www.facebook.com\/heromask.edu\/","https:\/\/x.com\/heromask_","https:\/\/www.instagram.com\/heromask.ed\/","https:\/\/www.linkedin.com\/company\/heromask\/"]}]}},"_links":{"self":[{"href":"https:\/\/www.edinventa.com\/fr\/wp-json\/wp\/v2\/pages\/4937","targetHints":{"allow":["GET"]}}],"collection":[{"href":"https:\/\/www.edinventa.com\/fr\/wp-json\/wp\/v2\/pages"}],"about":[{"href":"https:\/\/www.edinventa.com\/fr\/wp-json\/wp\/v2\/types\/page"}],"author":[{"embeddable":true,"href":"https:\/\/www.edinventa.com\/fr\/wp-json\/wp\/v2\/users\/47"}],"replies":[{"embeddable":true,"href":"https:\/\/www.edinventa.com\/fr\/wp-json\/wp\/v2\/comments?post=4937"}],"version-history":[{"count":1,"href":"https:\/\/www.edinventa.com\/fr\/wp-json\/wp\/v2\/pages\/4937\/revisions"}],"predecessor-version":[{"id":138876,"href":"https:\/\/www.edinventa.com\/fr\/wp-json\/wp\/v2\/pages\/4937\/revisions\/138876"}],"wp:featuredmedia":[{"embeddable":true,"href":"https:\/\/www.edinventa.com\/fr\/wp-json\/wp\/v2\/media\/5700"}],"wp:attachment":[{"href":"https:\/\/www.edinventa.com\/fr\/wp-json\/wp\/v2\/media?parent=4937"}],"curies":[{"name":"wp","href":"https:\/\/api.w.org\/{rel}","templated":true}]}}