{"id":5827,"date":"2019-06-24T07:44:11","date_gmt":"2019-06-24T07:44:11","guid":{"rendered":"https:\/\/www.edinventa.com\/games\/"},"modified":"2025-12-29T10:26:27","modified_gmt":"2025-12-29T10:26:27","slug":"vr-form","status":"publish","type":"page","link":"https:\/\/www.edinventa.com\/fr\/vr-form\/","title":{"rendered":"Registre"},"content":{"rendered":"<div id=\"cs-content\" class=\"cs-content\"><\/div>\n","protected":false},"excerpt":{"rendered":"<p>Registre (France) Email Unlock code J&rsquo;accepte le politique de confidentialit\u00e9 et mention l\u00e9gale Voulez-vous recevoir un email lorsque nous lan\u00e7ons un nouveau produit, des offres, etc.? Nous envoyons tr\u00e8s peu d&#8217;emails par manque de temps (nous sommes en train de cr\u00e9er le prochain produit pour vous ! \u2764\ufe0f) Oui, s&#039;il vous pla\u00eet ! (Donnez-nous une chance, vous pouvez vous d\u00e9sinscrire &#8230;<\/p>\n","protected":false},"author":47,"featured_media":0,"parent":0,"menu_order":0,"comment_status":"open","ping_status":"closed","template":"","meta":{"rs_blank_template":"","rs_page_bg_color":"#ffffff","slide_template_v7":"","_joinchat":[],"footnotes":""},"class_list":["post-5827","page","type-page","status-publish","hentry","no-post-thumbnail"],"yoast_head":"<!-- This site is optimized with the Yoast SEO plugin v27.3 - https:\/\/yoast.com\/product\/yoast-seo-wordpress\/ -->\n<title>Registre &#187; HeroMask<\/title>\n<meta name=\"robots\" content=\"noindex, follow\" \/>\n<meta property=\"og:locale\" content=\"fr_FR\" \/>\n<meta property=\"og:type\" content=\"article\" \/>\n<meta property=\"og:title\" content=\"Registre &#187; HeroMask\" \/>\n<meta property=\"og:description\" content=\"Registre (France) Email Unlock code J&#039;accepte le politique de confidentialit\u00e9 et mention l\u00e9gale Voulez-vous recevoir un email lorsque nous lan\u00e7ons un nouveau produit, des offres, etc.? Nous envoyons tr\u00e8s peu d&#039;emails par manque de temps (nous sommes en train de cr\u00e9er le prochain produit pour vous ! \u2764\ufe0f) Oui, s&#039;il vous pla\u00eet ! (Donnez-nous une chance, vous pouvez vous d\u00e9sinscrire ...\" \/>\n<meta property=\"og:url\" content=\"https:\/\/www.edinventa.com\/fr\/vr-form\/\" \/>\n<meta property=\"og:site_name\" content=\"HeroMask\" \/>\n<meta property=\"article:publisher\" content=\"https:\/\/www.facebook.com\/heromask.edu\/\" \/>\n<meta property=\"article:modified_time\" content=\"2025-12-29T10:26:27+00:00\" \/>\n<meta name=\"twitter:card\" content=\"summary_large_image\" \/>\n<meta name=\"twitter:site\" content=\"@heromask_\" \/>\n<meta name=\"twitter:label1\" content=\"Dur\u00e9e de lecture estim\u00e9e\" \/>\n\t<meta name=\"twitter:data1\" content=\"1 minute\" \/>\n<script type=\"application\/ld+json\" class=\"yoast-schema-graph\">{\"@context\":\"https:\\\/\\\/schema.org\",\"@graph\":[{\"@type\":\"WebPage\",\"@id\":\"https:\\\/\\\/www.edinventa.com\\\/fr\\\/vr-form\\\/\",\"url\":\"https:\\\/\\\/www.edinventa.com\\\/fr\\\/vr-form\\\/\",\"name\":\"Registre &#187; HeroMask\",\"isPartOf\":{\"@id\":\"https:\\\/\\\/www.edinventa.com\\\/fr\\\/#website\"},\"datePublished\":\"2019-06-24T07:44:11+00:00\",\"dateModified\":\"2025-12-29T10:26:27+00:00\",\"breadcrumb\":{\"@id\":\"https:\\\/\\\/www.edinventa.com\\\/fr\\\/vr-form\\\/#breadcrumb\"},\"inLanguage\":\"fr-FR\",\"potentialAction\":[{\"@type\":\"ReadAction\",\"target\":[\"https:\\\/\\\/www.edinventa.com\\\/fr\\\/vr-form\\\/\"]}]},{\"@type\":\"BreadcrumbList\",\"@id\":\"https:\\\/\\\/www.edinventa.com\\\/fr\\\/vr-form\\\/#breadcrumb\",\"itemListElement\":[{\"@type\":\"ListItem\",\"position\":1,\"name\":\"Portada\",\"item\":\"https:\\\/\\\/www.edinventa.com\\\/fr\\\/\"},{\"@type\":\"ListItem\",\"position\":2,\"name\":\"Registre\"}]},{\"@type\":\"WebSite\",\"@id\":\"https:\\\/\\\/www.edinventa.com\\\/fr\\\/#website\",\"url\":\"https:\\\/\\\/www.edinventa.com\\\/fr\\\/\",\"name\":\"HeroMask\",\"description\":\"la m\u00e1scara de realidad virtual para aprender jugando\",\"publisher\":{\"@id\":\"https:\\\/\\\/www.edinventa.com\\\/fr\\\/#organization\"},\"potentialAction\":[{\"@type\":\"SearchAction\",\"target\":{\"@type\":\"EntryPoint\",\"urlTemplate\":\"https:\\\/\\\/www.edinventa.com\\\/fr\\\/?s={search_term_string}\"},\"query-input\":{\"@type\":\"PropertyValueSpecification\",\"valueRequired\":true,\"valueName\":\"search_term_string\"}}],\"inLanguage\":\"fr-FR\"},{\"@type\":\"Organization\",\"@id\":\"https:\\\/\\\/www.edinventa.com\\\/fr\\\/#organization\",\"name\":\"Heromask\",\"url\":\"https:\\\/\\\/www.edinventa.com\\\/fr\\\/\",\"logo\":{\"@type\":\"ImageObject\",\"inLanguage\":\"fr-FR\",\"@id\":\"https:\\\/\\\/www.edinventa.com\\\/fr\\\/#\\\/schema\\\/logo\\\/image\\\/\",\"url\":\"https:\\\/\\\/www.edinventa.com\\\/wp-content\\\/uploads\\\/2018\\\/08\\\/logo-Heromask-suavizado-01.png\",\"contentUrl\":\"https:\\\/\\\/www.edinventa.com\\\/wp-content\\\/uploads\\\/2018\\\/08\\\/logo-Heromask-suavizado-01.png\",\"width\":519,\"height\":106,\"caption\":\"Heromask\"},\"image\":{\"@id\":\"https:\\\/\\\/www.edinventa.com\\\/fr\\\/#\\\/schema\\\/logo\\\/image\\\/\"},\"sameAs\":[\"https:\\\/\\\/www.facebook.com\\\/heromask.edu\\\/\",\"https:\\\/\\\/x.com\\\/heromask_\",\"https:\\\/\\\/www.instagram.com\\\/heromask.ed\\\/\",\"https:\\\/\\\/www.linkedin.com\\\/company\\\/heromask\\\/\"]}]}<\/script>\n<!-- \/ Yoast SEO plugin. -->","yoast_head_json":{"title":"Registre &#187; HeroMask","robots":{"index":"noindex","follow":"follow"},"og_locale":"fr_FR","og_type":"article","og_title":"Registre &#187; HeroMask","og_description":"Registre (France) Email Unlock code J'accepte le politique de confidentialit\u00e9 et mention l\u00e9gale Voulez-vous recevoir un email lorsque nous lan\u00e7ons un nouveau produit, des offres, etc.? Nous envoyons tr\u00e8s peu d'emails par manque de temps (nous sommes en train de cr\u00e9er le prochain produit pour vous ! \u2764\ufe0f) Oui, s&#039;il vous pla\u00eet ! (Donnez-nous une chance, vous pouvez vous d\u00e9sinscrire ...","og_url":"https:\/\/www.edinventa.com\/fr\/vr-form\/","og_site_name":"HeroMask","article_publisher":"https:\/\/www.facebook.com\/heromask.edu\/","article_modified_time":"2025-12-29T10:26:27+00:00","twitter_card":"summary_large_image","twitter_site":"@heromask_","twitter_misc":{"Dur\u00e9e de lecture estim\u00e9e":"1 minute"},"schema":{"@context":"https:\/\/schema.org","@graph":[{"@type":"WebPage","@id":"https:\/\/www.edinventa.com\/fr\/vr-form\/","url":"https:\/\/www.edinventa.com\/fr\/vr-form\/","name":"Registre &#187; HeroMask","isPartOf":{"@id":"https:\/\/www.edinventa.com\/fr\/#website"},"datePublished":"2019-06-24T07:44:11+00:00","dateModified":"2025-12-29T10:26:27+00:00","breadcrumb":{"@id":"https:\/\/www.edinventa.com\/fr\/vr-form\/#breadcrumb"},"inLanguage":"fr-FR","potentialAction":[{"@type":"ReadAction","target":["https:\/\/www.edinventa.com\/fr\/vr-form\/"]}]},{"@type":"BreadcrumbList","@id":"https:\/\/www.edinventa.com\/fr\/vr-form\/#breadcrumb","itemListElement":[{"@type":"ListItem","position":1,"name":"Portada","item":"https:\/\/www.edinventa.com\/fr\/"},{"@type":"ListItem","position":2,"name":"Registre"}]},{"@type":"WebSite","@id":"https:\/\/www.edinventa.com\/fr\/#website","url":"https:\/\/www.edinventa.com\/fr\/","name":"HeroMask","description":"la m\u00e1scara de realidad virtual para aprender jugando","publisher":{"@id":"https:\/\/www.edinventa.com\/fr\/#organization"},"potentialAction":[{"@type":"SearchAction","target":{"@type":"EntryPoint","urlTemplate":"https:\/\/www.edinventa.com\/fr\/?s={search_term_string}"},"query-input":{"@type":"PropertyValueSpecification","valueRequired":true,"valueName":"search_term_string"}}],"inLanguage":"fr-FR"},{"@type":"Organization","@id":"https:\/\/www.edinventa.com\/fr\/#organization","name":"Heromask","url":"https:\/\/www.edinventa.com\/fr\/","logo":{"@type":"ImageObject","inLanguage":"fr-FR","@id":"https:\/\/www.edinventa.com\/fr\/#\/schema\/logo\/image\/","url":"https:\/\/www.edinventa.com\/wp-content\/uploads\/2018\/08\/logo-Heromask-suavizado-01.png","contentUrl":"https:\/\/www.edinventa.com\/wp-content\/uploads\/2018\/08\/logo-Heromask-suavizado-01.png","width":519,"height":106,"caption":"Heromask"},"image":{"@id":"https:\/\/www.edinventa.com\/fr\/#\/schema\/logo\/image\/"},"sameAs":["https:\/\/www.facebook.com\/heromask.edu\/","https:\/\/x.com\/heromask_","https:\/\/www.instagram.com\/heromask.ed\/","https:\/\/www.linkedin.com\/company\/heromask\/"]}]}},"_links":{"self":[{"href":"https:\/\/www.edinventa.com\/fr\/wp-json\/wp\/v2\/pages\/5827","targetHints":{"allow":["GET"]}}],"collection":[{"href":"https:\/\/www.edinventa.com\/fr\/wp-json\/wp\/v2\/pages"}],"about":[{"href":"https:\/\/www.edinventa.com\/fr\/wp-json\/wp\/v2\/types\/page"}],"author":[{"embeddable":true,"href":"https:\/\/www.edinventa.com\/fr\/wp-json\/wp\/v2\/users\/47"}],"replies":[{"embeddable":true,"href":"https:\/\/www.edinventa.com\/fr\/wp-json\/wp\/v2\/comments?post=5827"}],"version-history":[{"count":3,"href":"https:\/\/www.edinventa.com\/fr\/wp-json\/wp\/v2\/pages\/5827\/revisions"}],"predecessor-version":[{"id":178454,"href":"https:\/\/www.edinventa.com\/fr\/wp-json\/wp\/v2\/pages\/5827\/revisions\/178454"}],"wp:attachment":[{"href":"https:\/\/www.edinventa.com\/fr\/wp-json\/wp\/v2\/media?parent=5827"}],"curies":[{"name":"wp","href":"https:\/\/api.w.org\/{rel}","templated":true}]}}