{"id":7214,"date":"2020-03-18T16:04:40","date_gmt":"2020-03-18T16:04:40","guid":{"rendered":"https:\/\/www.edinventa.com\/?page_id=7214"},"modified":"2020-03-18T16:06:40","modified_gmt":"2020-03-18T16:06:40","slug":"voxel-fly","status":"publish","type":"page","link":"https:\/\/www.edinventa.com\/fr\/voxel-fly\/","title":{"rendered":"Voxel Fly"},"content":{"rendered":"<div id=\"cs-content\" class=\"cs-content\"><\/div>\n","protected":false},"excerpt":{"rendered":"<p>GRATUITAndroidT\u00e9l\u00e9chargerAppleT\u00e9l\u00e9chargerJeux VREnglish4.0Placez votre appareil dans le Heromask et devenez pilote avec Voxel Fly! Cenek StrichelGRATUIT AndroidT\u00e9l\u00e9charger AppleT\u00e9l\u00e9charger Jeux VR English 4.0 Placez votre appareil dans le Heromask et devenez pilote avec Voxel Fly! Cenek Strichel<\/p>\n","protected":false},"author":23,"featured_media":0,"parent":0,"menu_order":0,"comment_status":"closed","ping_status":"closed","template":"","meta":{"rs_blank_template":"","rs_page_bg_color":"#ffffff","slide_template_v7":"","_joinchat":[],"footnotes":""},"class_list":["post-7214","page","type-page","status-publish","hentry","no-post-thumbnail"],"yoast_head":"<!-- This site is optimized with the Yoast SEO plugin v27.3 - https:\/\/yoast.com\/product\/yoast-seo-wordpress\/ -->\n<title>Voxel Fly &#187; HeroMask<\/title>\n<meta name=\"robots\" content=\"index, follow, max-snippet:-1, max-image-preview:large, max-video-preview:-1\" \/>\n<link rel=\"canonical\" href=\"https:\/\/www.edinventa.com\/fr\/voxel-fly\/\" \/>\n<meta property=\"og:locale\" content=\"fr_FR\" \/>\n<meta property=\"og:type\" content=\"article\" \/>\n<meta property=\"og:title\" content=\"Voxel Fly &#187; HeroMask\" \/>\n<meta property=\"og:description\" content=\"GRATUITAndroidT\u00e9l\u00e9chargerAppleT\u00e9l\u00e9chargerJeux VREnglish4.0Placez votre appareil dans le Heromask et devenez pilote avec Voxel Fly! Cenek StrichelGRATUIT AndroidT\u00e9l\u00e9charger AppleT\u00e9l\u00e9charger Jeux VR English 4.0 Placez votre appareil dans le Heromask et devenez pilote avec Voxel Fly! Cenek Strichel\" \/>\n<meta property=\"og:url\" content=\"https:\/\/www.edinventa.com\/fr\/voxel-fly\/\" \/>\n<meta property=\"og:site_name\" content=\"HeroMask\" \/>\n<meta property=\"article:publisher\" content=\"https:\/\/www.facebook.com\/heromask.edu\/\" \/>\n<meta property=\"article:modified_time\" content=\"2020-03-18T16:06:40+00:00\" \/>\n<meta property=\"og:image\" content=\"https:\/\/www.edinventa.com\/wp-content\/uploads\/2020\/03\/VoxelFly.jpg\" \/>\n<meta name=\"twitter:card\" content=\"summary_large_image\" \/>\n<meta name=\"twitter:site\" content=\"@heromask_\" \/>\n<meta name=\"twitter:label1\" content=\"Dur\u00e9e de lecture estim\u00e9e\" \/>\n\t<meta name=\"twitter:data1\" content=\"1 minute\" \/>\n<script type=\"application\/ld+json\" class=\"yoast-schema-graph\">{\"@context\":\"https:\\\/\\\/schema.org\",\"@graph\":[{\"@type\":\"WebPage\",\"@id\":\"https:\\\/\\\/www.edinventa.com\\\/fr\\\/voxel-fly\\\/\",\"url\":\"https:\\\/\\\/www.edinventa.com\\\/fr\\\/voxel-fly\\\/\",\"name\":\"Voxel Fly &#187; HeroMask\",\"isPartOf\":{\"@id\":\"https:\\\/\\\/www.edinventa.com\\\/fr\\\/#website\"},\"primaryImageOfPage\":{\"@id\":\"https:\\\/\\\/www.edinventa.com\\\/fr\\\/voxel-fly\\\/#primaryimage\"},\"image\":{\"@id\":\"https:\\\/\\\/www.edinventa.com\\\/fr\\\/voxel-fly\\\/#primaryimage\"},\"thumbnailUrl\":\"https:\\\/\\\/www.edinventa.com\\\/wp-content\\\/uploads\\\/2020\\\/03\\\/VoxelFly.jpg\",\"datePublished\":\"2020-03-18T16:04:40+00:00\",\"dateModified\":\"2020-03-18T16:06:40+00:00\",\"breadcrumb\":{\"@id\":\"https:\\\/\\\/www.edinventa.com\\\/fr\\\/voxel-fly\\\/#breadcrumb\"},\"inLanguage\":\"fr-FR\",\"potentialAction\":[{\"@type\":\"ReadAction\",\"target\":[\"https:\\\/\\\/www.edinventa.com\\\/fr\\\/voxel-fly\\\/\"]}]},{\"@type\":\"ImageObject\",\"inLanguage\":\"fr-FR\",\"@id\":\"https:\\\/\\\/www.edinventa.com\\\/fr\\\/voxel-fly\\\/#primaryimage\",\"url\":\"https:\\\/\\\/www.edinventa.com\\\/wp-content\\\/uploads\\\/2020\\\/03\\\/VoxelFly.jpg\",\"contentUrl\":\"https:\\\/\\\/www.edinventa.com\\\/wp-content\\\/uploads\\\/2020\\\/03\\\/VoxelFly.jpg\"},{\"@type\":\"BreadcrumbList\",\"@id\":\"https:\\\/\\\/www.edinventa.com\\\/fr\\\/voxel-fly\\\/#breadcrumb\",\"itemListElement\":[{\"@type\":\"ListItem\",\"position\":1,\"name\":\"Portada\",\"item\":\"https:\\\/\\\/www.edinventa.com\\\/fr\\\/\"},{\"@type\":\"ListItem\",\"position\":2,\"name\":\"Voxel Fly\"}]},{\"@type\":\"WebSite\",\"@id\":\"https:\\\/\\\/www.edinventa.com\\\/fr\\\/#website\",\"url\":\"https:\\\/\\\/www.edinventa.com\\\/fr\\\/\",\"name\":\"HeroMask\",\"description\":\"la m\u00e1scara de realidad virtual para aprender jugando\",\"publisher\":{\"@id\":\"https:\\\/\\\/www.edinventa.com\\\/fr\\\/#organization\"},\"potentialAction\":[{\"@type\":\"SearchAction\",\"target\":{\"@type\":\"EntryPoint\",\"urlTemplate\":\"https:\\\/\\\/www.edinventa.com\\\/fr\\\/?s={search_term_string}\"},\"query-input\":{\"@type\":\"PropertyValueSpecification\",\"valueRequired\":true,\"valueName\":\"search_term_string\"}}],\"inLanguage\":\"fr-FR\"},{\"@type\":\"Organization\",\"@id\":\"https:\\\/\\\/www.edinventa.com\\\/fr\\\/#organization\",\"name\":\"Heromask\",\"url\":\"https:\\\/\\\/www.edinventa.com\\\/fr\\\/\",\"logo\":{\"@type\":\"ImageObject\",\"inLanguage\":\"fr-FR\",\"@id\":\"https:\\\/\\\/www.edinventa.com\\\/fr\\\/#\\\/schema\\\/logo\\\/image\\\/\",\"url\":\"https:\\\/\\\/www.edinventa.com\\\/wp-content\\\/uploads\\\/2018\\\/08\\\/logo-Heromask-suavizado-01.png\",\"contentUrl\":\"https:\\\/\\\/www.edinventa.com\\\/wp-content\\\/uploads\\\/2018\\\/08\\\/logo-Heromask-suavizado-01.png\",\"width\":519,\"height\":106,\"caption\":\"Heromask\"},\"image\":{\"@id\":\"https:\\\/\\\/www.edinventa.com\\\/fr\\\/#\\\/schema\\\/logo\\\/image\\\/\"},\"sameAs\":[\"https:\\\/\\\/www.facebook.com\\\/heromask.edu\\\/\",\"https:\\\/\\\/x.com\\\/heromask_\",\"https:\\\/\\\/www.instagram.com\\\/heromask.ed\\\/\",\"https:\\\/\\\/www.linkedin.com\\\/company\\\/heromask\\\/\"]}]}<\/script>\n<!-- \/ Yoast SEO plugin. -->","yoast_head_json":{"title":"Voxel Fly &#187; HeroMask","robots":{"index":"index","follow":"follow","max-snippet":"max-snippet:-1","max-image-preview":"max-image-preview:large","max-video-preview":"max-video-preview:-1"},"canonical":"https:\/\/www.edinventa.com\/fr\/voxel-fly\/","og_locale":"fr_FR","og_type":"article","og_title":"Voxel Fly &#187; HeroMask","og_description":"GRATUITAndroidT\u00e9l\u00e9chargerAppleT\u00e9l\u00e9chargerJeux VREnglish4.0Placez votre appareil dans le Heromask et devenez pilote avec Voxel Fly! Cenek StrichelGRATUIT AndroidT\u00e9l\u00e9charger AppleT\u00e9l\u00e9charger Jeux VR English 4.0 Placez votre appareil dans le Heromask et devenez pilote avec Voxel Fly! Cenek Strichel","og_url":"https:\/\/www.edinventa.com\/fr\/voxel-fly\/","og_site_name":"HeroMask","article_publisher":"https:\/\/www.facebook.com\/heromask.edu\/","article_modified_time":"2020-03-18T16:06:40+00:00","og_image":[{"url":"https:\/\/www.edinventa.com\/wp-content\/uploads\/2020\/03\/VoxelFly.jpg","type":"","width":"","height":""}],"twitter_card":"summary_large_image","twitter_site":"@heromask_","twitter_misc":{"Dur\u00e9e de lecture estim\u00e9e":"1 minute"},"schema":{"@context":"https:\/\/schema.org","@graph":[{"@type":"WebPage","@id":"https:\/\/www.edinventa.com\/fr\/voxel-fly\/","url":"https:\/\/www.edinventa.com\/fr\/voxel-fly\/","name":"Voxel Fly &#187; HeroMask","isPartOf":{"@id":"https:\/\/www.edinventa.com\/fr\/#website"},"primaryImageOfPage":{"@id":"https:\/\/www.edinventa.com\/fr\/voxel-fly\/#primaryimage"},"image":{"@id":"https:\/\/www.edinventa.com\/fr\/voxel-fly\/#primaryimage"},"thumbnailUrl":"https:\/\/www.edinventa.com\/wp-content\/uploads\/2020\/03\/VoxelFly.jpg","datePublished":"2020-03-18T16:04:40+00:00","dateModified":"2020-03-18T16:06:40+00:00","breadcrumb":{"@id":"https:\/\/www.edinventa.com\/fr\/voxel-fly\/#breadcrumb"},"inLanguage":"fr-FR","potentialAction":[{"@type":"ReadAction","target":["https:\/\/www.edinventa.com\/fr\/voxel-fly\/"]}]},{"@type":"ImageObject","inLanguage":"fr-FR","@id":"https:\/\/www.edinventa.com\/fr\/voxel-fly\/#primaryimage","url":"https:\/\/www.edinventa.com\/wp-content\/uploads\/2020\/03\/VoxelFly.jpg","contentUrl":"https:\/\/www.edinventa.com\/wp-content\/uploads\/2020\/03\/VoxelFly.jpg"},{"@type":"BreadcrumbList","@id":"https:\/\/www.edinventa.com\/fr\/voxel-fly\/#breadcrumb","itemListElement":[{"@type":"ListItem","position":1,"name":"Portada","item":"https:\/\/www.edinventa.com\/fr\/"},{"@type":"ListItem","position":2,"name":"Voxel Fly"}]},{"@type":"WebSite","@id":"https:\/\/www.edinventa.com\/fr\/#website","url":"https:\/\/www.edinventa.com\/fr\/","name":"HeroMask","description":"la m\u00e1scara de realidad virtual para aprender jugando","publisher":{"@id":"https:\/\/www.edinventa.com\/fr\/#organization"},"potentialAction":[{"@type":"SearchAction","target":{"@type":"EntryPoint","urlTemplate":"https:\/\/www.edinventa.com\/fr\/?s={search_term_string}"},"query-input":{"@type":"PropertyValueSpecification","valueRequired":true,"valueName":"search_term_string"}}],"inLanguage":"fr-FR"},{"@type":"Organization","@id":"https:\/\/www.edinventa.com\/fr\/#organization","name":"Heromask","url":"https:\/\/www.edinventa.com\/fr\/","logo":{"@type":"ImageObject","inLanguage":"fr-FR","@id":"https:\/\/www.edinventa.com\/fr\/#\/schema\/logo\/image\/","url":"https:\/\/www.edinventa.com\/wp-content\/uploads\/2018\/08\/logo-Heromask-suavizado-01.png","contentUrl":"https:\/\/www.edinventa.com\/wp-content\/uploads\/2018\/08\/logo-Heromask-suavizado-01.png","width":519,"height":106,"caption":"Heromask"},"image":{"@id":"https:\/\/www.edinventa.com\/fr\/#\/schema\/logo\/image\/"},"sameAs":["https:\/\/www.facebook.com\/heromask.edu\/","https:\/\/x.com\/heromask_","https:\/\/www.instagram.com\/heromask.ed\/","https:\/\/www.linkedin.com\/company\/heromask\/"]}]}},"_links":{"self":[{"href":"https:\/\/www.edinventa.com\/fr\/wp-json\/wp\/v2\/pages\/7214","targetHints":{"allow":["GET"]}}],"collection":[{"href":"https:\/\/www.edinventa.com\/fr\/wp-json\/wp\/v2\/pages"}],"about":[{"href":"https:\/\/www.edinventa.com\/fr\/wp-json\/wp\/v2\/types\/page"}],"author":[{"embeddable":true,"href":"https:\/\/www.edinventa.com\/fr\/wp-json\/wp\/v2\/users\/23"}],"replies":[{"embeddable":true,"href":"https:\/\/www.edinventa.com\/fr\/wp-json\/wp\/v2\/comments?post=7214"}],"version-history":[{"count":0,"href":"https:\/\/www.edinventa.com\/fr\/wp-json\/wp\/v2\/pages\/7214\/revisions"}],"wp:attachment":[{"href":"https:\/\/www.edinventa.com\/fr\/wp-json\/wp\/v2\/media?parent=7214"}],"curies":[{"name":"wp","href":"https:\/\/api.w.org\/{rel}","templated":true}]}}