{"id":9319,"date":"2020-12-17T11:51:53","date_gmt":"2020-12-17T11:51:53","guid":{"rendered":"https:\/\/www.edinventa.com\/conditions-generales\/"},"modified":"2025-04-29T15:03:32","modified_gmt":"2025-04-29T15:03:32","slug":"conditions-generales","status":"publish","type":"page","link":"https:\/\/www.edinventa.com\/fr\/conditions-generales\/","title":{"rendered":"Conditions g\u00e9n\u00e9rales"},"content":{"rendered":"<h3>1. Introduction<\/h3>\n<p>Les conditions g\u00e9n\u00e9rales de vente d\u00e9crites ci-dessous (ci-apr\u00e8s d\u00e9nomm\u00e9es les \u00ab\u00a0Conditions G\u00e9n\u00e9rales\u00a0\u00bb), r\u00e9gissent la relation contractuelle entre tous les utilisateurs du site web <a href=\"https:\/\/www.edinventa.com\">www.edinventa.com<\/a> (ci-apr\u00e8s d\u00e9nomm\u00e9 \u00ab\u00a0UTILISATEUR\u00a0\u00bb) et l&rsquo;entit\u00e9 commerciale CM GAME RULES LTD. (ci-apr\u00e8s d\u00e9nomm\u00e9e \u00ab\u00a0L&rsquo;ENTREPRISE\u00a0\u00bb).<\/p>\n<p>Les pr\u00e9sentes conditions g\u00e9n\u00e9rales de vente sont les seules applicables et remplacent toutes les autres conditions g\u00e9n\u00e9rales, sauf d\u00e9nonciation pr\u00e9alable, expresse et \u00e9crite. La SOCIETE peut occasionnellement modifier les articles de ses conditions g\u00e9n\u00e9rales, il est donc conseill\u00e9 de les lire \u00e0 chaque visite du site <a href=\"https:\/\/www.edinventa.com\">www.edinventa.com<\/a> (ci-apr\u00e8s d\u00e9nomm\u00e9 \u00ab\u00a0le SITE\u00a0\u00bb).<\/p>\n<p>Ces modifications sont dues \u00e0 leur publication sur Internet et ne peuvent s&rsquo;appliquer aux contrats conclus ant\u00e9rieurement. Chaque achat sur le WEB est r\u00e9gi par les conditions g\u00e9n\u00e9rales applicables \u00e0 la date de la commande. Nous consid\u00e9rons qu&rsquo;apr\u00e8s avoir pass\u00e9 une commande, vous aurez accept\u00e9 sans r\u00e9serve nos conditions g\u00e9n\u00e9rales apr\u00e8s les avoir lues.<\/p>\n<p>En acc\u00e9dant au SITE, vous vous engagez \u00e0 respecter les conditions g\u00e9n\u00e9rales et les conditions d&rsquo;utilisation qui y sont contenues.<\/p>\n<h3>2. passer une commande<\/h3>\n<p>Nous mettons \u00e0 votre disposition une (1) modalit\u00e9 pour passer une commande : Par Internet dans notre page web : (24h\/jour, 365 jours\/an) <a href=\"https:\/\/www.edinventa.com\">www.edinventa.com<\/a><\/p>\n<h3>3. informations sur les produits<\/h3>\n<p>Les produits commercialis\u00e9s sur le WEB sont exclusifs des marques d\u00e9pos\u00e9es par la SOCIETE, il est \u00e9galement possible que LA SOCIETE vende des articles de fabricants diff\u00e9rents de celui mentionn\u00e9 pr\u00e9c\u00e9demment.<\/p>\n<h3>4. prix<\/h3>\n<p>Les prix de vente indiqu\u00e9s sur le WEB sont indiqu\u00e9s en euros et :<\/p>\n<ul>\n<li> En cas de s\u00e9jour dans la p\u00e9ninsule ib\u00e9rique, ils incluent la TVA et le transport \u00e0 l&rsquo;adresse du client.\n<li>Si vous \u00eates dans les \u00eeles Canaries ou les Bal\u00e9ares, la TVA sera incluse. Ces envois entra\u00eenent un co\u00fbt suppl\u00e9mentaire de 16 euros.<\/li>\n<\/ul>\n<h3>5. Disponibilit\u00e9 <\/h3>\n<p>Il faut tenir compte du fait que les commandes seront exp\u00e9di\u00e9es dans la limite des stocks disponibles.<\/p>\n<p>Si l&rsquo;un des articles command\u00e9s n&rsquo;est pas en stock, nous nous engageons \u00e0 vous contacter dans les plus brefs d\u00e9lais pour vous proposer des alternatives.<\/p>\n<h3>6. exp\u00e9ditions<\/h3>\n<p>Les d\u00e9lais pour toutes les commandes sont \u00e0 partir du moment o\u00f9 vous avez pass\u00e9 la commande, pour autant qu&rsquo;elle soit effectu\u00e9e avant 12h00 du lundi au vendredi (GMT +1). Si elles sont effectu\u00e9es apr\u00e8s l&rsquo;heure indiqu\u00e9e, le d\u00e9lai commence \u00e0 courir \u00e0 partir du jour ouvrable suivant. Ces conditions sont remplies tant que la date de la commande n&rsquo;envoie pas une autre date de livraison diff\u00e9rente.<\/p>\n<p>Les frais d&rsquo;envoi \u00e0 la P\u00e9ninsule sont inclus dans le prix et se font r\u00e9guli\u00e8rement avec TOURLINE EXPRESS MENSAJER\u00cdA S.L.U. Le d\u00e9lai estim\u00e9 est de 72 heures pour la P\u00e9ninsule et les Bal\u00e9ares. Pour les \u00eeles Canaries, le d\u00e9lai estim\u00e9 est g\u00e9n\u00e9ralement plus long en raison de l&rsquo;intervention des autorit\u00e9s douani\u00e8res.<\/p>\n<p>Les produits achet\u00e9s aupr\u00e8s de la SOCI\u00c9T\u00c9 seront envoy\u00e9s dans la p\u00e9ninsule espagnole et dans les \u00eeles Bal\u00e9ares et Canaries. La commande sera envoy\u00e9e \u00e0 l&rsquo;adresse que vous avez indiqu\u00e9e au moment de votre achat.<\/p>\n<p>L&rsquo;ENTREPRISE fait tout son possible pour respecter les d\u00e9lais de livraison mentionn\u00e9s sur le WEB. Cependant, la SOCIETE n&rsquo;est pas responsable des cons\u00e9quences dues \u00e0 un retard d&rsquo;exp\u00e9dition ou \u00e0 une perte du colis par des personnes ext\u00e9rieures au contrat de transport, par vous-m\u00eame ou pour des raisons ou causes de Force Majeure impr\u00e9visibles ou insurmontables.<br \/>\nNous vous conseillons de v\u00e9rifier \u00e0 la r\u00e9ception de votre colis que tout est conforme \u00e0 votre commande et en parfait \u00e9tat. Si vous n&rsquo;\u00eates pas d&rsquo;accord avec les articles livr\u00e9s, signez et indiquez en main propre sur le bon de livraison les anomalies que vous avez constat\u00e9es \u00e0 la r\u00e9ception de celui-ci.<\/p>\n<h3>7. paiement s\u00e9curis\u00e9<\/h3>\n<p>Nous disposons de diff\u00e9rents moyens de paiement, carte de cr\u00e9dit, Paypal et\/ou contre remboursement. Au cours du processus d&rsquo;achat, vous pourrez s\u00e9lectionner celui qui vous convient le mieux.<br \/>\nL&rsquo;ensemble de l&rsquo;application web fonctionne via SSL, ce qui signifie que les donn\u00e9es sont crypt\u00e9es, ce qui garantit la s\u00e9curit\u00e9 des informations qui circulent entre le client et le magasin en ligne.<\/p>\n<p>En outre, toutes les pages de paiement sont h\u00e9berg\u00e9es et trait\u00e9es sur les serveurs de SiteGround Spain S.L., ce qui signifie qu&rsquo;aucune information sensible de paiement n&rsquo;est stock\u00e9e dans les bases de donn\u00e9es de l&rsquo;entreprise. La seule information qui sera stock\u00e9e dans la SOCIETE est celle relative aux coordonn\u00e9es pour pouvoir ex\u00e9cuter efficacement une commande.<\/p>\n<p>SiteGround Spain S.L. dispose des certifications n\u00e9cessaires pour garantir au client que les transactions sont effectu\u00e9es de mani\u00e8re efficace et s\u00fbre. Plus d&rsquo;informations sur <a href=\"http:\/\/www.siteground.es\">www.siteground.es<\/a><\/p>\n<h3>8. mod\u00e8le de formulaire de retrait<\/h3>\n<p>(Ne remplissez et ne renvoyez ce formulaire que si vous souhaitez r\u00e9silier le contrat)<br \/>\nA l&rsquo;attention de CM GAME RULES LTD. Lordou Vyronos 61, Lumiel Building, 4th floor, 6023, Larnaca, Cyprus ; ou en \u00e9crivant un courriel \u00e0 l&rsquo;adresse <a href=\"mailto:hello@edinventa.com\">hello@edinventa.com<\/a><\/p>\n<ul>\n<li>Je notifie par la pr\u00e9sente que je souhaite r\u00e9voquer le contrat de vente du prochain produit (*)<\/li>\n<li>Commande\/re\u00e7u (*)<\/li>\n<li>Nom et utilisateur du consommateur ou consommateurs et utilisateurs<\/li>\n<li>Adresse du consommateur et de l&rsquo;utilisateur ou consommateurs et utilisateurs<\/li>\n<li>Date<\/li>\n<\/ul>\n<p>Nous vous recommandons de nous \u00e9crire un e-mail car c&rsquo;est plus rapide et plus facile, mais bien s\u00fbr, si vous pr\u00e9f\u00e9rez, vous pouvez nous envoyer une lettre certifi\u00e9e.<\/p>\n<h3>9. Retours<\/h3>\n<p>Notre politique de retour est la suivante : s&rsquo;il s&rsquo;agit d&rsquo;un d\u00e9faut de fabrication, nous retournons le montant total et, dans le cas contraire, nous retournons le montant moins les frais de retour (nous partageons les frais, car nous payons les frais d&rsquo;exp\u00e9dition)<\/p>\n<p>Nous n&rsquo;accepterons que les produits retourn\u00e9s dans leur \u00e9tat d&rsquo;origine, c&rsquo;est-\u00e0-dire dans leur emballage, avec leurs accessoires et manuels d&rsquo;instructions.<\/p>\n<p>La proc\u00e9dure de retour est la suivante :<\/p>\n<ol>\n<li>Ecrivez un courrier \u00e0 <a href=\"mailto:hello@edinventa.com\">hello@edinventa.com<\/a> en indiquant dans l&rsquo;objet \u00ab\u00a0Return\u00a0\u00bb<\/li>\n<li>Dans le corps du courriel, indiquez\n<ol>\n<li>Identification de la commande et date<\/li>\n<li>Raison du retour<\/li>\n<li>Lieu et heure de collecte<\/li>\n<\/ol>\n<\/li>\n<li>Dans les 10 jours suivant la r\u00e9ception de la marchandise, vous recevrez le retour. <\/li>\n<\/ol>\n<h3>10. Garanties et service apr\u00e8s-vente<\/h3>\n<p>Tout le mat\u00e9riel vendu sur notre site web en b\u00e9n\u00e9ficie :<\/p>\n<ul>\n<li>La garantie l\u00e9gale de conformit\u00e9<\/li>\n<li>La garantie juridique des vices cach\u00e9s<\/li>\n<li>Garanties des fabricants, dont la dur\u00e9e et le d\u00e9lai diff\u00e8rent selon les produits et les marques<\/li>\n<\/ul>\n<p>(Directive 1999\/44\/CE du Parlement europ\u00e9en et du Conseil du 25 mai 1999 sur certains aspects de la vente et des garanties des biens de consommation)<\/p>\n<p>Incidents de qualit\u00e9 : En cas de produit d\u00e9fectueux, il ne sera remplac\u00e9 que dans le cas qui correspond \u00e0 un incident de qualit\u00e9. Cette \u00e9valuation sera effectu\u00e9e par un sp\u00e9cialiste de la qualit\u00e9 de l&rsquo;entreprise.<\/p>\n<h3>11. Litiges et responsabilit\u00e9s<\/h3>\n<p>La SOCIETE n&rsquo;est pas responsable de la non-ex\u00e9cution des pr\u00e9sentes conditions en cas de force majeure. Tel que d\u00e9fini par les tribunaux espagnols et en cas de faute du client ou d&rsquo;un fait impr\u00e9visible imputable \u00e0 une personne ext\u00e9rieure au contrat.<\/p>\n<p>La SOCIETE n&rsquo;est pas responsable des cons\u00e9quences pouvant r\u00e9sulter d&rsquo;une mauvaise utilisation des produits vendus sur le WEB.<\/p>\n","protected":false},"excerpt":{"rendered":"<p>1. Introduction Les conditions g\u00e9n\u00e9rales de vente d\u00e9crites ci-dessous (ci-apr\u00e8s d\u00e9nomm\u00e9es les \u00ab\u00a0Conditions G\u00e9n\u00e9rales\u00a0\u00bb), r\u00e9gissent la relation contractuelle entre tous les utilisateurs du site web www.edinventa.com (ci-apr\u00e8s d\u00e9nomm\u00e9 \u00ab\u00a0UTILISATEUR\u00a0\u00bb) et l&rsquo;entit\u00e9 commerciale CM GAME RULES LTD. (ci-apr\u00e8s d\u00e9nomm\u00e9e \u00ab\u00a0L&rsquo;ENTREPRISE\u00a0\u00bb). Les pr\u00e9sentes conditions g\u00e9n\u00e9rales de vente sont les seules applicables et remplacent toutes les autres conditions g\u00e9n\u00e9rales, sauf d\u00e9nonciation pr\u00e9alable, expresse &#8230;<\/p>\n","protected":false},"author":47,"featured_media":0,"parent":0,"menu_order":0,"comment_status":"closed","ping_status":"closed","template":"","meta":{"rs_blank_template":"","rs_page_bg_color":"","slide_template_v7":"","_joinchat":[],"footnotes":""},"class_list":["post-9319","page","type-page","status-publish","hentry","no-post-thumbnail"],"yoast_head":"<!-- This site is optimized with the Yoast SEO plugin v27.3 - https:\/\/yoast.com\/product\/yoast-seo-wordpress\/ -->\n<title>Conditions g\u00e9n\u00e9rales &#187; HeroMask<\/title>\n<meta name=\"robots\" content=\"noindex, nofollow\" \/>\n<meta property=\"og:locale\" content=\"fr_FR\" \/>\n<meta property=\"og:type\" content=\"article\" \/>\n<meta property=\"og:title\" content=\"Conditions g\u00e9n\u00e9rales &#187; HeroMask\" \/>\n<meta property=\"og:description\" content=\"1. Introduction Les conditions g\u00e9n\u00e9rales de vente d\u00e9crites ci-dessous (ci-apr\u00e8s d\u00e9nomm\u00e9es les \u00ab\u00a0Conditions G\u00e9n\u00e9rales\u00a0\u00bb), r\u00e9gissent la relation contractuelle entre tous les utilisateurs du site web www.edinventa.com (ci-apr\u00e8s d\u00e9nomm\u00e9 \u00ab\u00a0UTILISATEUR\u00a0\u00bb) et l&rsquo;entit\u00e9 commerciale CM GAME RULES LTD. (ci-apr\u00e8s d\u00e9nomm\u00e9e \u00ab\u00a0L&rsquo;ENTREPRISE\u00a0\u00bb). Les pr\u00e9sentes conditions g\u00e9n\u00e9rales de vente sont les seules applicables et remplacent toutes les autres conditions g\u00e9n\u00e9rales, sauf d\u00e9nonciation pr\u00e9alable, expresse ...\" \/>\n<meta property=\"og:url\" content=\"https:\/\/www.edinventa.com\/fr\/conditions-generales\/\" \/>\n<meta property=\"og:site_name\" content=\"HeroMask\" \/>\n<meta property=\"article:publisher\" content=\"https:\/\/www.facebook.com\/heromask.edu\/\" \/>\n<meta property=\"article:modified_time\" content=\"2025-04-29T15:03:32+00:00\" \/>\n<meta name=\"twitter:card\" content=\"summary_large_image\" \/>\n<meta name=\"twitter:site\" content=\"@heromask_\" \/>\n<meta name=\"twitter:label1\" content=\"Dur\u00e9e de lecture estim\u00e9e\" \/>\n\t<meta name=\"twitter:data1\" content=\"5 minutes\" \/>\n<script type=\"application\/ld+json\" class=\"yoast-schema-graph\">{\"@context\":\"https:\\\/\\\/schema.org\",\"@graph\":[{\"@type\":\"WebPage\",\"@id\":\"https:\\\/\\\/www.edinventa.com\\\/fr\\\/conditions-generales\\\/\",\"url\":\"https:\\\/\\\/www.edinventa.com\\\/fr\\\/conditions-generales\\\/\",\"name\":\"Conditions g\u00e9n\u00e9rales &#187; HeroMask\",\"isPartOf\":{\"@id\":\"https:\\\/\\\/www.edinventa.com\\\/fr\\\/#website\"},\"datePublished\":\"2020-12-17T11:51:53+00:00\",\"dateModified\":\"2025-04-29T15:03:32+00:00\",\"breadcrumb\":{\"@id\":\"https:\\\/\\\/www.edinventa.com\\\/fr\\\/conditions-generales\\\/#breadcrumb\"},\"inLanguage\":\"fr-FR\",\"potentialAction\":[{\"@type\":\"ReadAction\",\"target\":[\"https:\\\/\\\/www.edinventa.com\\\/fr\\\/conditions-generales\\\/\"]}]},{\"@type\":\"BreadcrumbList\",\"@id\":\"https:\\\/\\\/www.edinventa.com\\\/fr\\\/conditions-generales\\\/#breadcrumb\",\"itemListElement\":[{\"@type\":\"ListItem\",\"position\":1,\"name\":\"Portada\",\"item\":\"https:\\\/\\\/www.edinventa.com\\\/fr\\\/\"},{\"@type\":\"ListItem\",\"position\":2,\"name\":\"Conditions g\u00e9n\u00e9rales\"}]},{\"@type\":\"WebSite\",\"@id\":\"https:\\\/\\\/www.edinventa.com\\\/fr\\\/#website\",\"url\":\"https:\\\/\\\/www.edinventa.com\\\/fr\\\/\",\"name\":\"HeroMask\",\"description\":\"la m\u00e1scara de realidad virtual para aprender jugando\",\"publisher\":{\"@id\":\"https:\\\/\\\/www.edinventa.com\\\/fr\\\/#organization\"},\"potentialAction\":[{\"@type\":\"SearchAction\",\"target\":{\"@type\":\"EntryPoint\",\"urlTemplate\":\"https:\\\/\\\/www.edinventa.com\\\/fr\\\/?s={search_term_string}\"},\"query-input\":{\"@type\":\"PropertyValueSpecification\",\"valueRequired\":true,\"valueName\":\"search_term_string\"}}],\"inLanguage\":\"fr-FR\"},{\"@type\":\"Organization\",\"@id\":\"https:\\\/\\\/www.edinventa.com\\\/fr\\\/#organization\",\"name\":\"Heromask\",\"url\":\"https:\\\/\\\/www.edinventa.com\\\/fr\\\/\",\"logo\":{\"@type\":\"ImageObject\",\"inLanguage\":\"fr-FR\",\"@id\":\"https:\\\/\\\/www.edinventa.com\\\/fr\\\/#\\\/schema\\\/logo\\\/image\\\/\",\"url\":\"https:\\\/\\\/www.edinventa.com\\\/wp-content\\\/uploads\\\/2018\\\/08\\\/logo-Heromask-suavizado-01.png\",\"contentUrl\":\"https:\\\/\\\/www.edinventa.com\\\/wp-content\\\/uploads\\\/2018\\\/08\\\/logo-Heromask-suavizado-01.png\",\"width\":519,\"height\":106,\"caption\":\"Heromask\"},\"image\":{\"@id\":\"https:\\\/\\\/www.edinventa.com\\\/fr\\\/#\\\/schema\\\/logo\\\/image\\\/\"},\"sameAs\":[\"https:\\\/\\\/www.facebook.com\\\/heromask.edu\\\/\",\"https:\\\/\\\/x.com\\\/heromask_\",\"https:\\\/\\\/www.instagram.com\\\/heromask.ed\\\/\",\"https:\\\/\\\/www.linkedin.com\\\/company\\\/heromask\\\/\"]}]}<\/script>\n<!-- \/ Yoast SEO plugin. -->","yoast_head_json":{"title":"Conditions g\u00e9n\u00e9rales &#187; HeroMask","robots":{"index":"noindex","follow":"nofollow"},"og_locale":"fr_FR","og_type":"article","og_title":"Conditions g\u00e9n\u00e9rales &#187; HeroMask","og_description":"1. Introduction Les conditions g\u00e9n\u00e9rales de vente d\u00e9crites ci-dessous (ci-apr\u00e8s d\u00e9nomm\u00e9es les \u00ab\u00a0Conditions G\u00e9n\u00e9rales\u00a0\u00bb), r\u00e9gissent la relation contractuelle entre tous les utilisateurs du site web www.edinventa.com (ci-apr\u00e8s d\u00e9nomm\u00e9 \u00ab\u00a0UTILISATEUR\u00a0\u00bb) et l&rsquo;entit\u00e9 commerciale CM GAME RULES LTD. (ci-apr\u00e8s d\u00e9nomm\u00e9e \u00ab\u00a0L&rsquo;ENTREPRISE\u00a0\u00bb). Les pr\u00e9sentes conditions g\u00e9n\u00e9rales de vente sont les seules applicables et remplacent toutes les autres conditions g\u00e9n\u00e9rales, sauf d\u00e9nonciation pr\u00e9alable, expresse ...","og_url":"https:\/\/www.edinventa.com\/fr\/conditions-generales\/","og_site_name":"HeroMask","article_publisher":"https:\/\/www.facebook.com\/heromask.edu\/","article_modified_time":"2025-04-29T15:03:32+00:00","twitter_card":"summary_large_image","twitter_site":"@heromask_","twitter_misc":{"Dur\u00e9e de lecture estim\u00e9e":"5 minutes"},"schema":{"@context":"https:\/\/schema.org","@graph":[{"@type":"WebPage","@id":"https:\/\/www.edinventa.com\/fr\/conditions-generales\/","url":"https:\/\/www.edinventa.com\/fr\/conditions-generales\/","name":"Conditions g\u00e9n\u00e9rales &#187; HeroMask","isPartOf":{"@id":"https:\/\/www.edinventa.com\/fr\/#website"},"datePublished":"2020-12-17T11:51:53+00:00","dateModified":"2025-04-29T15:03:32+00:00","breadcrumb":{"@id":"https:\/\/www.edinventa.com\/fr\/conditions-generales\/#breadcrumb"},"inLanguage":"fr-FR","potentialAction":[{"@type":"ReadAction","target":["https:\/\/www.edinventa.com\/fr\/conditions-generales\/"]}]},{"@type":"BreadcrumbList","@id":"https:\/\/www.edinventa.com\/fr\/conditions-generales\/#breadcrumb","itemListElement":[{"@type":"ListItem","position":1,"name":"Portada","item":"https:\/\/www.edinventa.com\/fr\/"},{"@type":"ListItem","position":2,"name":"Conditions g\u00e9n\u00e9rales"}]},{"@type":"WebSite","@id":"https:\/\/www.edinventa.com\/fr\/#website","url":"https:\/\/www.edinventa.com\/fr\/","name":"HeroMask","description":"la m\u00e1scara de realidad virtual para aprender jugando","publisher":{"@id":"https:\/\/www.edinventa.com\/fr\/#organization"},"potentialAction":[{"@type":"SearchAction","target":{"@type":"EntryPoint","urlTemplate":"https:\/\/www.edinventa.com\/fr\/?s={search_term_string}"},"query-input":{"@type":"PropertyValueSpecification","valueRequired":true,"valueName":"search_term_string"}}],"inLanguage":"fr-FR"},{"@type":"Organization","@id":"https:\/\/www.edinventa.com\/fr\/#organization","name":"Heromask","url":"https:\/\/www.edinventa.com\/fr\/","logo":{"@type":"ImageObject","inLanguage":"fr-FR","@id":"https:\/\/www.edinventa.com\/fr\/#\/schema\/logo\/image\/","url":"https:\/\/www.edinventa.com\/wp-content\/uploads\/2018\/08\/logo-Heromask-suavizado-01.png","contentUrl":"https:\/\/www.edinventa.com\/wp-content\/uploads\/2018\/08\/logo-Heromask-suavizado-01.png","width":519,"height":106,"caption":"Heromask"},"image":{"@id":"https:\/\/www.edinventa.com\/fr\/#\/schema\/logo\/image\/"},"sameAs":["https:\/\/www.facebook.com\/heromask.edu\/","https:\/\/x.com\/heromask_","https:\/\/www.instagram.com\/heromask.ed\/","https:\/\/www.linkedin.com\/company\/heromask\/"]}]}},"_links":{"self":[{"href":"https:\/\/www.edinventa.com\/fr\/wp-json\/wp\/v2\/pages\/9319","targetHints":{"allow":["GET"]}}],"collection":[{"href":"https:\/\/www.edinventa.com\/fr\/wp-json\/wp\/v2\/pages"}],"about":[{"href":"https:\/\/www.edinventa.com\/fr\/wp-json\/wp\/v2\/types\/page"}],"author":[{"embeddable":true,"href":"https:\/\/www.edinventa.com\/fr\/wp-json\/wp\/v2\/users\/47"}],"replies":[{"embeddable":true,"href":"https:\/\/www.edinventa.com\/fr\/wp-json\/wp\/v2\/comments?post=9319"}],"version-history":[{"count":0,"href":"https:\/\/www.edinventa.com\/fr\/wp-json\/wp\/v2\/pages\/9319\/revisions"}],"wp:attachment":[{"href":"https:\/\/www.edinventa.com\/fr\/wp-json\/wp\/v2\/media?parent=9319"}],"curies":[{"name":"wp","href":"https:\/\/api.w.org\/{rel}","templated":true}]}}