{"id":9352,"date":"2020-12-17T13:20:36","date_gmt":"2020-12-17T13:20:36","guid":{"rendered":"https:\/\/www.edinventa.com\/avis-juridique\/"},"modified":"2025-04-29T14:48:54","modified_gmt":"2025-04-29T14:48:54","slug":"avis-juridique","status":"publish","type":"page","link":"https:\/\/www.edinventa.com\/fr\/avis-juridique\/","title":{"rendered":"Avis juridique"},"content":{"rendered":"<h3>1. DONNEES D&rsquo;IDENTIFICATION<\/h3>\n<p>Vous visitez le site web www.edinventa.com appartenant \u00e0 CM GAME RULES LTD. (ci-apr\u00e8s, L&rsquo;ENTREPRISE).<\/p>\n<p>Si\u00e8ge social : Lordou Vyronos 61, Lumiel Building, 4th floor, 6023, Larnaca, Cyprus.<\/p>\n<p>Courrier \u00e9lectronique : <a href=\"mailto:hello@edinventa.com\">hello@edinventa.com<\/a><\/p>\n<p>Donn\u00e9es commerciales : CM Game Rules LTD, with company registration number HE417229, has been incorporated in the District Court of Nicosia as a Company limited by Shares before the affiant Marina Charalambous, under Companies Law (Cap. 113).<\/p>\n<h3>2. ACCEPTATION DE L&rsquo;UTILISATEUR<\/h3>\n<p>Le pr\u00e9sent avis juridique r\u00e9git l&rsquo;acc\u00e8s et l&rsquo;utilisation du site Internet www.edinventa.com (ci-apr\u00e8s, le \u00ab\u00a0Site Internet\u00a0\u00bb) que L&rsquo;ENTREPRISE met \u00e0 la disposition des utilisateurs d&rsquo;Internet. Il est entendu que le terme \u00ab\u00a0utilisateur\u00a0\u00bb d\u00e9signe toute personne qui acc\u00e8de, surfe, utilise ou participe aux services et activit\u00e9s du Web. L&rsquo;acc\u00e8s et la navigation d&rsquo;un utilisateur \u00e0 travers ce Web implique l&rsquo;acceptation sans r\u00e9serve du pr\u00e9sent Avis L\u00e9gal.<\/p>\n<h3>3. utilisation du web<\/h3>\n<p>3.1 L&rsquo;utilisateur s&rsquo;engage \u00e0 utiliser le site web, les contenus et les services conform\u00e9ment \u00e0 la loi, au pr\u00e9sent avis juridique, \u00e0 la convention morale et \u00e0 l&rsquo;ordre public. De m\u00eame, l&rsquo;utilisateur est oblig\u00e9 de ne pas utiliser le web ou les services fournis \u00e0 travers celui-ci \u00e0 des fins ou effets illicites ou contraires au contenu du pr\u00e9sent Avis L\u00e9gal, pr\u00e9judiciables aux int\u00e9r\u00eats ou droits de tiers, ou qui de toute fa\u00e7on peuvent endommager, rendre inutilisable ou aggraver le web ou ses services ou emp\u00eacher une jouissance normale du web par d&rsquo;autres utilisateurs.<\/p>\n<p>3.2 L&rsquo;Utilisateur s&rsquo;engage express\u00e9ment \u00e0 ne pas d\u00e9truire, alt\u00e9rer, d\u00e9sactiver ou, de toute autre mani\u00e8re, endommager les donn\u00e9es, programmes ou documents \u00e9lectroniques et autres qui se trouvent sur le Web.<\/p>\n<p>3.3 L&rsquo;utilisateur s&rsquo;engage \u00e0 ne pas introduire de programmes, virus, macros, applets, contr\u00f4les ActiveX ou tout autre dispositif logique ou s\u00e9quence de caract\u00e8res qui causent ou peuvent causer toute sorte d&rsquo;alt\u00e9ration aux syst\u00e8mes informatiques de L&rsquo;ENTREPRISE ou de tiers.<\/p>\n<p>3.4 Il est entendu que l&rsquo;acc\u00e8s ou l&rsquo;utilisation du Web par l&rsquo;utilisateur implique l&rsquo;acceptation par le pr\u00e9sent Avis L\u00e9gal que L&rsquo;ENTREPRISE a publi\u00e9 au moment de l&rsquo;acc\u00e8s, qui sera toujours disponible pour les utilisateurs.<\/p>\n<p>3.5 L&rsquo;Utilisateur s&rsquo;engage \u00e0 faire un usage ad\u00e9quat des contenus et services que L&rsquo;ENTREPRISE offre sur son site web et \u00e0 ne pas les utiliser pour des activit\u00e9s ill\u00e9gales ou contre la bonne foi ou la loi.<\/p>\n<h3>4. ACC\u00c8S AUX WEB ET MOTS DE PASSE<\/h3>\n<p>4.1 L&rsquo;acc\u00e8s au Mercredi par les utilisateurs est totalement gratuit. Certains des services et contenus offerts par L&rsquo;ENTREPRISE peuvent \u00eatre soumis \u00e0 une souscription pr\u00e9alable du service et au paiement d&rsquo;une somme d&rsquo;argent de la mani\u00e8re d\u00e9termin\u00e9e dans les Conditions g\u00e9n\u00e9rales de contrat, auquel cas ils seront mis \u00e0 votre disposition de mani\u00e8re claire.<\/p>\n<p>4.2 Lorsqu&rsquo;il est n\u00e9cessaire pour l&rsquo;utilisateur de s&rsquo;enregistrer ou de fournir des donn\u00e9es personnelles pour acc\u00e9der \u00e0 un service sp\u00e9cifique, la collecte et le traitement des donn\u00e9es personnelles des utilisateurs seront appliqu\u00e9s conform\u00e9ment aux dispositions de l&rsquo;article 9 du pr\u00e9sent avis juridique.<\/p>\n<p>4.3 Il est interdit aux mineurs de contracter des produits ou des services par le biais du Web, et ils doivent obtenir le consentement pr\u00e9alable de leurs parents, tuteurs ou repr\u00e9sentants l\u00e9gaux, qui seront consid\u00e9r\u00e9s comme responsables des actes qui sont r\u00e9alis\u00e9s par le mineur \u00e0 sa charge.<\/p>\n<p>4.4 Si l&rsquo;Utilisateur doit s&rsquo;inscrire pour utiliser un service sur le Web, il sera responsable de fournir des informations v\u00e9ridiques et l\u00e9gales. Si, \u00e0 la suite de l&rsquo;inscription, l&rsquo;utilisateur re\u00e7oit un mot de passe, il est tenu de l&rsquo;utiliser avec pr\u00e9caution et de garder le mot de passe secret pour acc\u00e9der \u00e0 ces services. Les utilisateurs sont responsables de la bonne garde et de la confidentialit\u00e9 de tout identifiant et\/ou mot de passe fourni par L&rsquo;ENTREPRISE et ils s&rsquo;engagent \u00e0 ne pas donner ces informations \u00e0 un tiers, que ce soit de mani\u00e8re temporaire ou permanente, ou \u00e0 permettre leur acc\u00e8s \u00e0 des tiers. L&rsquo;utilisateur sera responsable de toute utilisation des services par un tiers ill\u00e9gitime utilisant un mot de passe \u00e0 la suite d&rsquo;une n\u00e9gligence ou de la perte de celui-ci par l&rsquo;utilisateur.<\/p>\n<h3>5. MODIFICATION DES CONDITIONS DE L&rsquo;AVIS JURIDIQUE<\/h3>\n<p>L&rsquo;ENTREPRISE se r\u00e9serve express\u00e9ment le droit de modifier la pr\u00e9sente notice l\u00e9gale. L&rsquo;utilisateur reconna\u00eet et accepte qu&rsquo;il est de sa responsabilit\u00e9 de consulter le Web et le pr\u00e9sent avis juridique.<\/p>\n<h3>6. LIMITATION DES GARANTIES ET DES RESPONSABILIT\u00c9S<\/h3>\n<p>6.1 L&rsquo;ENTREPRISE s&rsquo;engage \u00e0 faire ses meilleurs efforts pour \u00e9viter toute erreur dans les contenus qui pourraient appara\u00eetre sur le Web. Dans tous les cas, L&rsquo;ENTREPRISE sera exon\u00e9r\u00e9e de toute responsabilit\u00e9 d\u00e9coulant d&rsquo;\u00e9ventuelles erreurs dans les contenus qui pourraient appara\u00eetre sur le site web, \u00e0 condition qu&rsquo;elles ne lui soient pas imputables.<\/p>\n<p><span style=\"font-weight : 400 ;\">6.2. L&rsquo;ENTREPRISE ne garantit pas que le Site Internet et le serveur soient exempts de virus et n&rsquo;est pas responsable des \u00e9ventuels dommages ou pr\u00e9judices pouvant d\u00e9couler d&rsquo;interf\u00e9rences, d&rsquo;omissions, d&rsquo;interruptions, de virus informatiques, de pannes t\u00e9l\u00e9phoniques ou de d\u00e9connexions dans le fonctionnement de ce syst\u00e8me \u00e9lectronique, caus\u00e9s par des causes \u00e9chappant au contr\u00f4le de L&rsquo;ENTREPRISE, des retards ou blocages dans l&rsquo;utilisation de ce syst\u00e8me \u00e9lectronique caus\u00e9s par des d\u00e9ficiences des lignes t\u00e9l\u00e9phoniques ou des surcharges du syst\u00e8me Internet ou d&rsquo;autres syst\u00e8mes \u00e9lectroniques, ainsi que des dommages pouvant \u00eatre caus\u00e9s par des tiers par des intrusions ill\u00e9gitimes \u00e9chappant au contr\u00f4le de L&rsquo;ENTREPRISE. <\/fr><\/p>\n<h4>7. LA PROPRI\u00c9T\u00c9 INTELLECTUELLE ET INDUSTRIELLE. TOUS DROITS R\u00c9SERV\u00c9S.<\/h4>\n<p><fr style=\"font-weight : 400 ;\">7.1. Tous les droits de propri\u00e9t\u00e9 industrielle et intellectuelle du site www.edinventa.com et de son contenu (textes, images, sons, audio, vid\u00e9o, dessins, cr\u00e9ations, logiciels) appartiennent, en tant qu&rsquo;auteur d&rsquo;une \u0153uvre collective ou en tant que cessionnaire, \u00e0 L&rsquo;ENTREPRISE ou, le cas \u00e9ch\u00e9ant, \u00e0 des tiers.<\/fr><\/p>\n<p><span style=\"font-weight : 400 ;\">7.2 Il est express\u00e9ment interdit de reproduire, distribuer et communiquer publiquement, y compris de mettre \u00e0 disposition, tout ou partie du contenu de ce site web, \u00e0 quelque fin que ce soit, sur quelque support et par quelque moyen technique que ce soit, sans l&rsquo;autorisation de L&rsquo;ENTREPRISE. L&rsquo;utilisateur s&rsquo;engage \u00e0 respecter les droits de Propri\u00e9t\u00e9 Industrielle et Intellectuelle d\u00e9tenus par L&rsquo;ENTREPRISE et les tiers.<\/p>\n<h4>8. LIENS TROIS PARTIES<\/h4>\n<p><span style=\"font-weight : 400 ;\">8.1. Dans le cas o\u00f9 le Site Internet contient des liens ou des hyperliens vers d&rsquo;autres endroits sur Internet, L&rsquo;ENTREPRISE n&rsquo;exercera aucun type de contr\u00f4le sur ces endroits et contenus. En aucun cas, L&rsquo;ENTREPRISE n&rsquo;assumera la responsabilit\u00e9 du contenu d&rsquo;un lien appartenant \u00e0 un site web \u00e9tranger, ni ne garantira la disponibilit\u00e9 technique, la qualit\u00e9, la fiabilit\u00e9, l&rsquo;exactitude, la port\u00e9e, la v\u00e9racit\u00e9, la validit\u00e9 et la constitutionnalit\u00e9 de tout mat\u00e9riel ou information contenu en t\u00eate des hyperliens ou d&rsquo;autres sites web.<\/p>\n<p><span style=\"font-weight : 400 ;\">8.2. Ces liens sont fournis uniquement pour informer l&rsquo;Utilisateur de l&rsquo;existence d&rsquo;autres sources d&rsquo;information sur un sujet particulier, et l&rsquo;inclusion d&rsquo;un lien n&rsquo;implique pas l&rsquo;approbation du site web li\u00e9 par L&rsquo;ENTREPRISE.<\/p>\n<p>8.3 \u00c0 la demande expresse d&rsquo;Amazon, nous d\u00e9clarons que : \u00ab\u00a0En tant qu&rsquo;affili\u00e9 d&rsquo;Amazon, je tire des revenus des achats d&rsquo;affili\u00e9s admissibles\u00a0\u00bb. Pour plus d&rsquo;informations, veuillez lire l&rsquo;accord op\u00e9rationnel <a href=\"https:\/\/afiliados.amazon.es\/help\/operating\/agreement\" target=\"_blank\" rel=\"noopener noreferrer\">Operational Agreement<a> sur le site Amazon<\/p>\n<h4>9. PROTECTION DES DONN\u00c9ES PERSONNELLES<\/h4>\n<p><\/span style=\"font-weight : 400 ;\">9.1. L&rsquo;ENTREPRISE adopte les mesures techniques et organisationnelles n\u00e9cessaires pour garantir la protection des donn\u00e9es \u00e0 caract\u00e8re personnel et pour \u00e9viter leur alt\u00e9ration, perte, traitement et\/ou acc\u00e8s non autoris\u00e9, en tenant compte de l&rsquo;\u00e9tat de la technique, de la nature des donn\u00e9es stock\u00e9es et des risques auxquels elles sont expos\u00e9es, le tout conform\u00e9ment aux dispositions de la l\u00e9gislation espagnole sur la protection des donn\u00e9es \u00e0 caract\u00e8re personnel.<\/span>.<\/p>\n<p><span style=\"font-weight : 400 ;\">9.2. L&rsquo;utilisateur peut fournir \u00e0 L&rsquo;ENTREPRISE ses donn\u00e9es personnelles \u00e0 travers les diff\u00e9rents formulaires qui apparaissent sur le Web \u00e0 cet effet. Ces formulaires int\u00e8grent un texte juridique sur la protection des donn\u00e9es \u00e0 caract\u00e8re personnel qui respecte les exigences \u00e9tablies dans le R\u00c8GLEMENT (UE) 2016\/679 du Parlement europ\u00e9en et du Conseil du 27 avril 2016 relatif \u00e0 la protection des personnes physiques \u00e0 l&rsquo;\u00e9gard du traitement des donn\u00e9es \u00e0 caract\u00e8re personnel et \u00e0 la libre circulation de ces donn\u00e9es (r\u00e8glement g\u00e9n\u00e9ral sur la protection des donn\u00e9es).<\/p>\n<p><\/french style=\"font-weight : 400 ;\">De la m\u00eame mani\u00e8re, L&rsquo;ENTREPRISE peut obtenir des donn\u00e9es personnelles provenant de votre navigation et\/ou utilisation du Web, conform\u00e9ment \u00e0 notre Politique de confidentialit\u00e9.<\/french><\/p>\n<p><Veuillez lire attentivement les textes juridiques, en particulier notre politique de confidentialit\u00e9, avant de fournir vos donn\u00e9es personnelles.\n\n\n<h4>10. DROIT ET JURIDICTION<\/h4>\n<p><span style=\"font-weight : 400 ;\">Toutes les questions survenant entre L&rsquo;ENTREPRISE et l&rsquo;utilisateur concernant l&rsquo;interpr\u00e9tation, le respect et la validit\u00e9 du pr\u00e9sent avis juridique seront r\u00e9gies par ses propres clauses et, dans la mesure o\u00f9 elles ne sont pas pr\u00e9vues par celles-ci, conform\u00e9ment \u00e0 la l\u00e9gislation espagnole, les parties se soumettent express\u00e9ment \u00e0 la juridiction des Cours et Tribunaux du domicile de L&rsquo;ENTREPRISE.<\/span><\/p>\n<p>&#038;nbsp ;<\/p>\n","protected":false},"excerpt":{"rendered":"<p>1. DONNEES D&rsquo;IDENTIFICATION Vous visitez le site web www.edinventa.com appartenant \u00e0 CM GAME RULES LTD. (ci-apr\u00e8s, L&rsquo;ENTREPRISE). Si\u00e8ge social : Lordou Vyronos 61, Lumiel Building, 4th floor, 6023, Larnaca, Cyprus. Courrier \u00e9lectronique : hello@edinventa.com Donn\u00e9es commerciales : CM Game Rules LTD, with company registration number HE417229, has been incorporated in the District Court of Nicosia as a Company limited by &#8230;<\/p>\n","protected":false},"author":47,"featured_media":0,"parent":0,"menu_order":0,"comment_status":"closed","ping_status":"closed","template":"","meta":{"rs_blank_template":"","rs_page_bg_color":"","slide_template_v7":"","_joinchat":[],"footnotes":""},"class_list":["post-9352","page","type-page","status-publish","hentry","no-post-thumbnail"],"yoast_head":"<!-- This site is optimized with the Yoast SEO plugin v27.3 - https:\/\/yoast.com\/product\/yoast-seo-wordpress\/ -->\n<title>Avis juridique &#187; HeroMask<\/title>\n<meta name=\"robots\" content=\"noindex, nofollow\" \/>\n<meta property=\"og:locale\" content=\"fr_FR\" \/>\n<meta property=\"og:type\" content=\"article\" \/>\n<meta property=\"og:title\" content=\"Avis juridique &#187; HeroMask\" \/>\n<meta property=\"og:description\" content=\"1. DONNEES D&rsquo;IDENTIFICATION Vous visitez le site web www.edinventa.com appartenant \u00e0 CM GAME RULES LTD. (ci-apr\u00e8s, L&rsquo;ENTREPRISE). Si\u00e8ge social : Lordou Vyronos 61, Lumiel Building, 4th floor, 6023, Larnaca, Cyprus. Courrier \u00e9lectronique : hello@edinventa.com Donn\u00e9es commerciales : CM Game Rules LTD, with company registration number HE417229, has been incorporated in the District Court of Nicosia as a Company limited by ...\" \/>\n<meta property=\"og:url\" content=\"https:\/\/www.edinventa.com\/fr\/avis-juridique\/\" \/>\n<meta property=\"og:site_name\" content=\"HeroMask\" \/>\n<meta property=\"article:publisher\" content=\"https:\/\/www.facebook.com\/heromask.edu\/\" \/>\n<meta property=\"article:modified_time\" content=\"2025-04-29T14:48:54+00:00\" \/>\n<meta name=\"twitter:card\" content=\"summary_large_image\" \/>\n<meta name=\"twitter:site\" content=\"@heromask_\" \/>\n<meta name=\"twitter:label1\" content=\"Dur\u00e9e de lecture estim\u00e9e\" \/>\n\t<meta name=\"twitter:data1\" content=\"7 minutes\" \/>\n<script type=\"application\/ld+json\" class=\"yoast-schema-graph\">{\"@context\":\"https:\\\/\\\/schema.org\",\"@graph\":[{\"@type\":\"WebPage\",\"@id\":\"https:\\\/\\\/www.edinventa.com\\\/fr\\\/avis-juridique\\\/\",\"url\":\"https:\\\/\\\/www.edinventa.com\\\/fr\\\/avis-juridique\\\/\",\"name\":\"Avis juridique &#187; HeroMask\",\"isPartOf\":{\"@id\":\"https:\\\/\\\/www.edinventa.com\\\/fr\\\/#website\"},\"datePublished\":\"2020-12-17T13:20:36+00:00\",\"dateModified\":\"2025-04-29T14:48:54+00:00\",\"breadcrumb\":{\"@id\":\"https:\\\/\\\/www.edinventa.com\\\/fr\\\/avis-juridique\\\/#breadcrumb\"},\"inLanguage\":\"fr-FR\",\"potentialAction\":[{\"@type\":\"ReadAction\",\"target\":[\"https:\\\/\\\/www.edinventa.com\\\/fr\\\/avis-juridique\\\/\"]}]},{\"@type\":\"BreadcrumbList\",\"@id\":\"https:\\\/\\\/www.edinventa.com\\\/fr\\\/avis-juridique\\\/#breadcrumb\",\"itemListElement\":[{\"@type\":\"ListItem\",\"position\":1,\"name\":\"Portada\",\"item\":\"https:\\\/\\\/www.edinventa.com\\\/fr\\\/\"},{\"@type\":\"ListItem\",\"position\":2,\"name\":\"Avis juridique\"}]},{\"@type\":\"WebSite\",\"@id\":\"https:\\\/\\\/www.edinventa.com\\\/fr\\\/#website\",\"url\":\"https:\\\/\\\/www.edinventa.com\\\/fr\\\/\",\"name\":\"HeroMask\",\"description\":\"la m\u00e1scara de realidad virtual para aprender jugando\",\"publisher\":{\"@id\":\"https:\\\/\\\/www.edinventa.com\\\/fr\\\/#organization\"},\"potentialAction\":[{\"@type\":\"SearchAction\",\"target\":{\"@type\":\"EntryPoint\",\"urlTemplate\":\"https:\\\/\\\/www.edinventa.com\\\/fr\\\/?s={search_term_string}\"},\"query-input\":{\"@type\":\"PropertyValueSpecification\",\"valueRequired\":true,\"valueName\":\"search_term_string\"}}],\"inLanguage\":\"fr-FR\"},{\"@type\":\"Organization\",\"@id\":\"https:\\\/\\\/www.edinventa.com\\\/fr\\\/#organization\",\"name\":\"Heromask\",\"url\":\"https:\\\/\\\/www.edinventa.com\\\/fr\\\/\",\"logo\":{\"@type\":\"ImageObject\",\"inLanguage\":\"fr-FR\",\"@id\":\"https:\\\/\\\/www.edinventa.com\\\/fr\\\/#\\\/schema\\\/logo\\\/image\\\/\",\"url\":\"https:\\\/\\\/www.edinventa.com\\\/wp-content\\\/uploads\\\/2018\\\/08\\\/logo-Heromask-suavizado-01.png\",\"contentUrl\":\"https:\\\/\\\/www.edinventa.com\\\/wp-content\\\/uploads\\\/2018\\\/08\\\/logo-Heromask-suavizado-01.png\",\"width\":519,\"height\":106,\"caption\":\"Heromask\"},\"image\":{\"@id\":\"https:\\\/\\\/www.edinventa.com\\\/fr\\\/#\\\/schema\\\/logo\\\/image\\\/\"},\"sameAs\":[\"https:\\\/\\\/www.facebook.com\\\/heromask.edu\\\/\",\"https:\\\/\\\/x.com\\\/heromask_\",\"https:\\\/\\\/www.instagram.com\\\/heromask.ed\\\/\",\"https:\\\/\\\/www.linkedin.com\\\/company\\\/heromask\\\/\"]}]}<\/script>\n<!-- \/ Yoast SEO plugin. -->","yoast_head_json":{"title":"Avis juridique &#187; HeroMask","robots":{"index":"noindex","follow":"nofollow"},"og_locale":"fr_FR","og_type":"article","og_title":"Avis juridique &#187; HeroMask","og_description":"1. DONNEES D&rsquo;IDENTIFICATION Vous visitez le site web www.edinventa.com appartenant \u00e0 CM GAME RULES LTD. (ci-apr\u00e8s, L&rsquo;ENTREPRISE). Si\u00e8ge social : Lordou Vyronos 61, Lumiel Building, 4th floor, 6023, Larnaca, Cyprus. Courrier \u00e9lectronique : hello@edinventa.com Donn\u00e9es commerciales : CM Game Rules LTD, with company registration number HE417229, has been incorporated in the District Court of Nicosia as a Company limited by ...","og_url":"https:\/\/www.edinventa.com\/fr\/avis-juridique\/","og_site_name":"HeroMask","article_publisher":"https:\/\/www.facebook.com\/heromask.edu\/","article_modified_time":"2025-04-29T14:48:54+00:00","twitter_card":"summary_large_image","twitter_site":"@heromask_","twitter_misc":{"Dur\u00e9e de lecture estim\u00e9e":"7 minutes"},"schema":{"@context":"https:\/\/schema.org","@graph":[{"@type":"WebPage","@id":"https:\/\/www.edinventa.com\/fr\/avis-juridique\/","url":"https:\/\/www.edinventa.com\/fr\/avis-juridique\/","name":"Avis juridique &#187; HeroMask","isPartOf":{"@id":"https:\/\/www.edinventa.com\/fr\/#website"},"datePublished":"2020-12-17T13:20:36+00:00","dateModified":"2025-04-29T14:48:54+00:00","breadcrumb":{"@id":"https:\/\/www.edinventa.com\/fr\/avis-juridique\/#breadcrumb"},"inLanguage":"fr-FR","potentialAction":[{"@type":"ReadAction","target":["https:\/\/www.edinventa.com\/fr\/avis-juridique\/"]}]},{"@type":"BreadcrumbList","@id":"https:\/\/www.edinventa.com\/fr\/avis-juridique\/#breadcrumb","itemListElement":[{"@type":"ListItem","position":1,"name":"Portada","item":"https:\/\/www.edinventa.com\/fr\/"},{"@type":"ListItem","position":2,"name":"Avis juridique"}]},{"@type":"WebSite","@id":"https:\/\/www.edinventa.com\/fr\/#website","url":"https:\/\/www.edinventa.com\/fr\/","name":"HeroMask","description":"la m\u00e1scara de realidad virtual para aprender jugando","publisher":{"@id":"https:\/\/www.edinventa.com\/fr\/#organization"},"potentialAction":[{"@type":"SearchAction","target":{"@type":"EntryPoint","urlTemplate":"https:\/\/www.edinventa.com\/fr\/?s={search_term_string}"},"query-input":{"@type":"PropertyValueSpecification","valueRequired":true,"valueName":"search_term_string"}}],"inLanguage":"fr-FR"},{"@type":"Organization","@id":"https:\/\/www.edinventa.com\/fr\/#organization","name":"Heromask","url":"https:\/\/www.edinventa.com\/fr\/","logo":{"@type":"ImageObject","inLanguage":"fr-FR","@id":"https:\/\/www.edinventa.com\/fr\/#\/schema\/logo\/image\/","url":"https:\/\/www.edinventa.com\/wp-content\/uploads\/2018\/08\/logo-Heromask-suavizado-01.png","contentUrl":"https:\/\/www.edinventa.com\/wp-content\/uploads\/2018\/08\/logo-Heromask-suavizado-01.png","width":519,"height":106,"caption":"Heromask"},"image":{"@id":"https:\/\/www.edinventa.com\/fr\/#\/schema\/logo\/image\/"},"sameAs":["https:\/\/www.facebook.com\/heromask.edu\/","https:\/\/x.com\/heromask_","https:\/\/www.instagram.com\/heromask.ed\/","https:\/\/www.linkedin.com\/company\/heromask\/"]}]}},"_links":{"self":[{"href":"https:\/\/www.edinventa.com\/fr\/wp-json\/wp\/v2\/pages\/9352","targetHints":{"allow":["GET"]}}],"collection":[{"href":"https:\/\/www.edinventa.com\/fr\/wp-json\/wp\/v2\/pages"}],"about":[{"href":"https:\/\/www.edinventa.com\/fr\/wp-json\/wp\/v2\/types\/page"}],"author":[{"embeddable":true,"href":"https:\/\/www.edinventa.com\/fr\/wp-json\/wp\/v2\/users\/47"}],"replies":[{"embeddable":true,"href":"https:\/\/www.edinventa.com\/fr\/wp-json\/wp\/v2\/comments?post=9352"}],"version-history":[{"count":0,"href":"https:\/\/www.edinventa.com\/fr\/wp-json\/wp\/v2\/pages\/9352\/revisions"}],"wp:attachment":[{"href":"https:\/\/www.edinventa.com\/fr\/wp-json\/wp\/v2\/media?parent=9352"}],"curies":[{"name":"wp","href":"https:\/\/api.w.org\/{rel}","templated":true}]}}