{"id":9704,"date":"2021-01-29T09:50:24","date_gmt":"2021-01-29T09:50:24","guid":{"rendered":"https:\/\/www.edinventa.com\/politique-en-matiere-de-cookies\/"},"modified":"2021-01-29T09:50:24","modified_gmt":"2021-01-29T09:50:24","slug":"politique-en-matiere-de-cookies","status":"publish","type":"page","link":"https:\/\/www.edinventa.com\/fr\/politique-en-matiere-de-cookies\/","title":{"rendered":"Politique en mati\u00e8re de cookies"},"content":{"rendered":"<p>Un cookie est un petit fichier texte qui est stock\u00e9 dans votre navigateur lorsque vous visitez presque toutes les pages web. Son utilit\u00e9 est que le web est capable de se souvenir de votre visite lorsque vous revenez sur cette page. Les cookies stockent g\u00e9n\u00e9ralement des informations de nature technique, les pr\u00e9f\u00e9rences personnelles, la personnalisation du contenu, les statistiques d&rsquo;utilisation, les liens vers les r\u00e9seaux sociaux, l&rsquo;acc\u00e8s aux comptes d&rsquo;utilisateurs, etc. Le but du cookie est d&rsquo;adapter le contenu du web \u00e0 votre profil et \u00e0 vos besoins. Sans cookies, les services offerts par n&rsquo;importe quelle page seraient consid\u00e9rablement r\u00e9duits. Si vous souhaitez consulter plus d&rsquo;informations sur ce que sont les cookies, ce qu&rsquo;ils stockent, comment les \u00e9liminer, les d\u00e9sactiver, etc, veuillez aller \u00e0 <a href=\"https:\/\/www.edinventa.com\/fr\/extended-information-about-cookies\/\">ce lien<\/a>.<\/p>\n<h3>Cookies utilis\u00e9s sur ce site<\/h3>\n<p>En suivant les directives de l&rsquo;Agence espagnole de protection des donn\u00e9es qui d\u00e9taillent l&rsquo;utilisation des cookies faite par ce site web afin de vous informer avec la plus grande pr\u00e9cision possible.<\/p>\n<p>Ce site web utilise les <strong>propres cookies<\/strong> suivants:<\/p>\n<ul>\n<li>Les cookies de session pour s&rsquo;assurer que les utilisateurs qui \u00e9crivent des commentaires sur le blog sont des applications humaines et non pas automatis\u00e9es. De cette fa\u00e7on, il lutte contre le spam.<\/li>\n<\/ul>\n<p> Ce site web utilise les <strong>cookies tiers<\/strong> suivants:<\/p>\n<ul>\n<li>Google Analytics : Stocke les cookies pour pouvoir \u00e9tablir des statistiques sur le trafic et le volume des visites sur ce site web. En utilisant ce site web, vous consentez au traitement des informations vous concernant par Google. Par cons\u00e9quent, l&rsquo;exercice de tout droit en ce sens doit se faire en communiquant directement avec Google.<\/li>\n<li>Hotjar : sessions vid\u00e9o enregistr\u00e9es pour v\u00e9rifier si le web est utilis\u00e9 comme pr\u00e9vu et am\u00e9liorer la convivialit\u00e9 du web.<\/li>\n<li>Pixel Facebook : pour les statistiques de FacebookAds et pour pouvoir recibler les utilisateurs de Facebook sur le web.<\/li>\n<li>Google Adwords : pour les statistiques Google Adwords et pour pouvoir recibler les utilisateurs qui utilisent les services de Google et de ses partenaires.<\/li>\n<li>Les r\u00e9seaux sociaux : Chaque r\u00e9seau social utilise ses propres cookies afin que vous puissiez cliquer sur les boutons J&rsquo;aime ou Partager.<\/li>\n<\/ul>\n<h3>D\u00e9sactivation ou suppression des cookies<\/h3>\n<p>\u00c0 tout moment, vous pouvez exercer votre droit de d\u00e9sactiver ou de supprimer les cookies de ce site web. Ces actions sont effectu\u00e9es diff\u00e9remment selon le navigateur que vous utilisez. Nous vous laissons ici un <a href=\"https:\/\/www.edinventa.com\/fr\/extended-information-about-cookies\/#browsers\" target=\"_blank\" rel=\"noopener noreferrer\">guide rapide des navigateurs les plus populaires<\/a>.<\/p>\n<h3>Notes compl\u00e9mentaires<\/h3>\n<ul>\n<li>Ni ce site web ni ses repr\u00e9sentants l\u00e9gaux ne sont responsables du contenu ou de la v\u00e9racit\u00e9 des politiques de protection de la vie priv\u00e9e qui peuvent avoir des tiers mentionn\u00e9s dans cette politique de cookies.<\/li>\n<li>Les navigateurs web sont les outils charg\u00e9s de stocker les cookies et \u00e0 partir de cet endroit, vous devez exercer votre droit de les d\u00e9sactiver ou de les supprimer. Ni ce site web ni ses repr\u00e9sentants l\u00e9gaux ne peuvent garantir la manipulation correcte ou incorrecte des cookies par les navigateurs mentionn\u00e9s.<\/li>\n<li>Dans certains cas, il est n\u00e9cessaire d&rsquo;installer des cookies pour aider le navigateur \u00e0 se souvenir de votre d\u00e9cision de ne pas les accepter.<\/li>\n<li>Dans le cas des cookies de Google Analytics, cette soci\u00e9t\u00e9 stocke les cookies sur des serveurs situ\u00e9s aux \u00c9tats-Unis et s&rsquo;engage \u00e0 ne pas les partager avec des tiers, sauf dans les cas o\u00f9 cela est n\u00e9cessaire pour le fonctionnement du syst\u00e8me ou lorsque la loi l&rsquo;exige. Selon Google, votre adresse IP n&rsquo;est pas enregistr\u00e9e. Google Inc. C&rsquo;est une soci\u00e9t\u00e9 rattach\u00e9e \u00e0 l&rsquo;accord de la sph\u00e8re de s\u00e9curit\u00e9 qui garantit que toutes les donn\u00e9es transf\u00e9r\u00e9es seront trait\u00e9es avec un niveau de protection conforme \u00e0 la r\u00e9glementation europ\u00e9enne.<\/li>\n<li>Vous pouvez trouver des informations d\u00e9taill\u00e9es ici sur ce lien. Si vous souhaitez obtenir des informations sur l&rsquo;utilisation que Google fait des cookies, nous joignons cet autre lien.<\/li>\n<li>Pour toute question ou requ\u00eate concernant les cookies de cette politique, n&rsquo;h\u00e9sitez pas \u00e0 nous contacter via la section contact.<\/li>\n<\/ul>\n<p>Cookies Advisor est un plugin pour WordPress cr\u00e9\u00e9 par Carlos Doral (webartesanal.com)<\/p>\n","protected":false},"excerpt":{"rendered":"<p>Un cookie est un petit fichier texte qui est stock\u00e9 dans votre navigateur lorsque vous visitez presque toutes les pages web. Son utilit\u00e9 est que le web est capable de se souvenir de votre visite lorsque vous revenez sur cette page. Les cookies stockent g\u00e9n\u00e9ralement des informations de nature technique, les pr\u00e9f\u00e9rences personnelles, la personnalisation du contenu, les statistiques d&rsquo;utilisation, &#8230;<\/p>\n","protected":false},"author":47,"featured_media":0,"parent":0,"menu_order":0,"comment_status":"closed","ping_status":"closed","template":"","meta":{"rs_blank_template":"","rs_page_bg_color":"","slide_template_v7":"","_joinchat":[],"footnotes":""},"class_list":["post-9704","page","type-page","status-publish","hentry","no-post-thumbnail"],"yoast_head":"<!-- This site is optimized with the Yoast SEO plugin v27.3 - https:\/\/yoast.com\/product\/yoast-seo-wordpress\/ -->\n<title>Politique en mati\u00e8re de cookies &#187; HeroMask<\/title>\n<meta name=\"robots\" content=\"noindex, nofollow\" \/>\n<meta property=\"og:locale\" content=\"fr_FR\" \/>\n<meta property=\"og:type\" content=\"article\" \/>\n<meta property=\"og:title\" content=\"Politique en mati\u00e8re de cookies &#187; HeroMask\" \/>\n<meta property=\"og:description\" content=\"Un cookie est un petit fichier texte qui est stock\u00e9 dans votre navigateur lorsque vous visitez presque toutes les pages web. Son utilit\u00e9 est que le web est capable de se souvenir de votre visite lorsque vous revenez sur cette page. Les cookies stockent g\u00e9n\u00e9ralement des informations de nature technique, les pr\u00e9f\u00e9rences personnelles, la personnalisation du contenu, les statistiques d&rsquo;utilisation, ...\" \/>\n<meta property=\"og:url\" content=\"https:\/\/www.edinventa.com\/fr\/politique-en-matiere-de-cookies\/\" \/>\n<meta property=\"og:site_name\" content=\"HeroMask\" \/>\n<meta property=\"article:publisher\" content=\"https:\/\/www.facebook.com\/heromask.edu\/\" \/>\n<meta name=\"twitter:card\" content=\"summary_large_image\" \/>\n<meta name=\"twitter:site\" content=\"@heromask_\" \/>\n<meta name=\"twitter:label1\" content=\"Dur\u00e9e de lecture estim\u00e9e\" \/>\n\t<meta name=\"twitter:data1\" content=\"4 minutes\" \/>\n<script type=\"application\/ld+json\" class=\"yoast-schema-graph\">{\"@context\":\"https:\\\/\\\/schema.org\",\"@graph\":[{\"@type\":\"WebPage\",\"@id\":\"https:\\\/\\\/www.edinventa.com\\\/fr\\\/politique-en-matiere-de-cookies\\\/\",\"url\":\"https:\\\/\\\/www.edinventa.com\\\/fr\\\/politique-en-matiere-de-cookies\\\/\",\"name\":\"Politique en mati\u00e8re de cookies &#187; HeroMask\",\"isPartOf\":{\"@id\":\"https:\\\/\\\/www.edinventa.com\\\/fr\\\/#website\"},\"datePublished\":\"2021-01-29T09:50:24+00:00\",\"breadcrumb\":{\"@id\":\"https:\\\/\\\/www.edinventa.com\\\/fr\\\/politique-en-matiere-de-cookies\\\/#breadcrumb\"},\"inLanguage\":\"fr-FR\",\"potentialAction\":[{\"@type\":\"ReadAction\",\"target\":[\"https:\\\/\\\/www.edinventa.com\\\/fr\\\/politique-en-matiere-de-cookies\\\/\"]}]},{\"@type\":\"BreadcrumbList\",\"@id\":\"https:\\\/\\\/www.edinventa.com\\\/fr\\\/politique-en-matiere-de-cookies\\\/#breadcrumb\",\"itemListElement\":[{\"@type\":\"ListItem\",\"position\":1,\"name\":\"Portada\",\"item\":\"https:\\\/\\\/www.edinventa.com\\\/fr\\\/\"},{\"@type\":\"ListItem\",\"position\":2,\"name\":\"Politique en mati\u00e8re de cookies\"}]},{\"@type\":\"WebSite\",\"@id\":\"https:\\\/\\\/www.edinventa.com\\\/fr\\\/#website\",\"url\":\"https:\\\/\\\/www.edinventa.com\\\/fr\\\/\",\"name\":\"HeroMask\",\"description\":\"la m\u00e1scara de realidad virtual para aprender jugando\",\"publisher\":{\"@id\":\"https:\\\/\\\/www.edinventa.com\\\/fr\\\/#organization\"},\"potentialAction\":[{\"@type\":\"SearchAction\",\"target\":{\"@type\":\"EntryPoint\",\"urlTemplate\":\"https:\\\/\\\/www.edinventa.com\\\/fr\\\/?s={search_term_string}\"},\"query-input\":{\"@type\":\"PropertyValueSpecification\",\"valueRequired\":true,\"valueName\":\"search_term_string\"}}],\"inLanguage\":\"fr-FR\"},{\"@type\":\"Organization\",\"@id\":\"https:\\\/\\\/www.edinventa.com\\\/fr\\\/#organization\",\"name\":\"Heromask\",\"url\":\"https:\\\/\\\/www.edinventa.com\\\/fr\\\/\",\"logo\":{\"@type\":\"ImageObject\",\"inLanguage\":\"fr-FR\",\"@id\":\"https:\\\/\\\/www.edinventa.com\\\/fr\\\/#\\\/schema\\\/logo\\\/image\\\/\",\"url\":\"https:\\\/\\\/www.edinventa.com\\\/wp-content\\\/uploads\\\/2018\\\/08\\\/logo-Heromask-suavizado-01.png\",\"contentUrl\":\"https:\\\/\\\/www.edinventa.com\\\/wp-content\\\/uploads\\\/2018\\\/08\\\/logo-Heromask-suavizado-01.png\",\"width\":519,\"height\":106,\"caption\":\"Heromask\"},\"image\":{\"@id\":\"https:\\\/\\\/www.edinventa.com\\\/fr\\\/#\\\/schema\\\/logo\\\/image\\\/\"},\"sameAs\":[\"https:\\\/\\\/www.facebook.com\\\/heromask.edu\\\/\",\"https:\\\/\\\/x.com\\\/heromask_\",\"https:\\\/\\\/www.instagram.com\\\/heromask.ed\\\/\",\"https:\\\/\\\/www.linkedin.com\\\/company\\\/heromask\\\/\"]}]}<\/script>\n<!-- \/ Yoast SEO plugin. -->","yoast_head_json":{"title":"Politique en mati\u00e8re de cookies &#187; HeroMask","robots":{"index":"noindex","follow":"nofollow"},"og_locale":"fr_FR","og_type":"article","og_title":"Politique en mati\u00e8re de cookies &#187; HeroMask","og_description":"Un cookie est un petit fichier texte qui est stock\u00e9 dans votre navigateur lorsque vous visitez presque toutes les pages web. Son utilit\u00e9 est que le web est capable de se souvenir de votre visite lorsque vous revenez sur cette page. Les cookies stockent g\u00e9n\u00e9ralement des informations de nature technique, les pr\u00e9f\u00e9rences personnelles, la personnalisation du contenu, les statistiques d&rsquo;utilisation, ...","og_url":"https:\/\/www.edinventa.com\/fr\/politique-en-matiere-de-cookies\/","og_site_name":"HeroMask","article_publisher":"https:\/\/www.facebook.com\/heromask.edu\/","twitter_card":"summary_large_image","twitter_site":"@heromask_","twitter_misc":{"Dur\u00e9e de lecture estim\u00e9e":"4 minutes"},"schema":{"@context":"https:\/\/schema.org","@graph":[{"@type":"WebPage","@id":"https:\/\/www.edinventa.com\/fr\/politique-en-matiere-de-cookies\/","url":"https:\/\/www.edinventa.com\/fr\/politique-en-matiere-de-cookies\/","name":"Politique en mati\u00e8re de cookies &#187; HeroMask","isPartOf":{"@id":"https:\/\/www.edinventa.com\/fr\/#website"},"datePublished":"2021-01-29T09:50:24+00:00","breadcrumb":{"@id":"https:\/\/www.edinventa.com\/fr\/politique-en-matiere-de-cookies\/#breadcrumb"},"inLanguage":"fr-FR","potentialAction":[{"@type":"ReadAction","target":["https:\/\/www.edinventa.com\/fr\/politique-en-matiere-de-cookies\/"]}]},{"@type":"BreadcrumbList","@id":"https:\/\/www.edinventa.com\/fr\/politique-en-matiere-de-cookies\/#breadcrumb","itemListElement":[{"@type":"ListItem","position":1,"name":"Portada","item":"https:\/\/www.edinventa.com\/fr\/"},{"@type":"ListItem","position":2,"name":"Politique en mati\u00e8re de cookies"}]},{"@type":"WebSite","@id":"https:\/\/www.edinventa.com\/fr\/#website","url":"https:\/\/www.edinventa.com\/fr\/","name":"HeroMask","description":"la m\u00e1scara de realidad virtual para aprender jugando","publisher":{"@id":"https:\/\/www.edinventa.com\/fr\/#organization"},"potentialAction":[{"@type":"SearchAction","target":{"@type":"EntryPoint","urlTemplate":"https:\/\/www.edinventa.com\/fr\/?s={search_term_string}"},"query-input":{"@type":"PropertyValueSpecification","valueRequired":true,"valueName":"search_term_string"}}],"inLanguage":"fr-FR"},{"@type":"Organization","@id":"https:\/\/www.edinventa.com\/fr\/#organization","name":"Heromask","url":"https:\/\/www.edinventa.com\/fr\/","logo":{"@type":"ImageObject","inLanguage":"fr-FR","@id":"https:\/\/www.edinventa.com\/fr\/#\/schema\/logo\/image\/","url":"https:\/\/www.edinventa.com\/wp-content\/uploads\/2018\/08\/logo-Heromask-suavizado-01.png","contentUrl":"https:\/\/www.edinventa.com\/wp-content\/uploads\/2018\/08\/logo-Heromask-suavizado-01.png","width":519,"height":106,"caption":"Heromask"},"image":{"@id":"https:\/\/www.edinventa.com\/fr\/#\/schema\/logo\/image\/"},"sameAs":["https:\/\/www.facebook.com\/heromask.edu\/","https:\/\/x.com\/heromask_","https:\/\/www.instagram.com\/heromask.ed\/","https:\/\/www.linkedin.com\/company\/heromask\/"]}]}},"_links":{"self":[{"href":"https:\/\/www.edinventa.com\/fr\/wp-json\/wp\/v2\/pages\/9704","targetHints":{"allow":["GET"]}}],"collection":[{"href":"https:\/\/www.edinventa.com\/fr\/wp-json\/wp\/v2\/pages"}],"about":[{"href":"https:\/\/www.edinventa.com\/fr\/wp-json\/wp\/v2\/types\/page"}],"author":[{"embeddable":true,"href":"https:\/\/www.edinventa.com\/fr\/wp-json\/wp\/v2\/users\/47"}],"replies":[{"embeddable":true,"href":"https:\/\/www.edinventa.com\/fr\/wp-json\/wp\/v2\/comments?post=9704"}],"version-history":[{"count":0,"href":"https:\/\/www.edinventa.com\/fr\/wp-json\/wp\/v2\/pages\/9704\/revisions"}],"wp:attachment":[{"href":"https:\/\/www.edinventa.com\/fr\/wp-json\/wp\/v2\/media?parent=9704"}],"curies":[{"name":"wp","href":"https:\/\/api.w.org\/{rel}","templated":true}]}}