{"id":106851,"date":"2025-06-02T16:00:51","date_gmt":"2025-06-02T16:00:51","guid":{"rendered":"https:\/\/www.edinventa.com\/heromask-tales-anmeldung-italian\/"},"modified":"2025-12-05T12:49:48","modified_gmt":"2025-12-05T12:49:48","slug":"hol-form","status":"publish","type":"page","link":"https:\/\/www.edinventa.com\/it\/hol-form\/","title":{"rendered":"Registrazione a Heromask Tales"},"content":{"rendered":"<div id=\"cs-content\" class=\"cs-content\"><\/div>\n","protected":false},"excerpt":{"rendered":"<p>&nbsp;Registrati (Italy) Email Codice di sblocco Accetto la privacy policy e le note legali. Vuoi ricevere un&#8217;email quando lanciamo un nuovo prodotto, offerte, ecc.? Inviamo pochissime email per mancanza di tempo (stiamo costruendo il prossimo prodotto per te! \u2764\ufe0f) S\u00ec, per favore! (Dagli una possibilit\u00e0, puoi cancellarti quando vuoi)Non voglio mai ricevere email: n\u00e9 offerte esclusive, n\u00e9 regali gratuiti, n\u00e9 &#8230;<\/p>\n","protected":false},"author":47,"featured_media":0,"parent":0,"menu_order":0,"comment_status":"closed","ping_status":"closed","template":"template-layout-full-width.php","meta":{"rs_blank_template":"","rs_page_bg_color":"","slide_template_v7":"","_joinchat":[],"footnotes":""},"class_list":["post-106851","page","type-page","status-publish","hentry","no-post-thumbnail"],"yoast_head":"<!-- This site is optimized with the Yoast SEO plugin v27.3 - https:\/\/yoast.com\/product\/yoast-seo-wordpress\/ -->\n<title>Registrazione a Heromask Tales &#187; HeroMask<\/title>\n<meta name=\"robots\" content=\"noindex, follow\" \/>\n<meta property=\"og:locale\" content=\"it_IT\" \/>\n<meta property=\"og:type\" content=\"article\" \/>\n<meta property=\"og:title\" content=\"Registrazione a Heromask Tales &#187; HeroMask\" \/>\n<meta property=\"og:description\" content=\"&nbsp;Registrati (Italy) Email Codice di sblocco Accetto la privacy policy e le note legali. Vuoi ricevere un&#039;email quando lanciamo un nuovo prodotto, offerte, ecc.? Inviamo pochissime email per mancanza di tempo (stiamo costruendo il prossimo prodotto per te! \u2764\ufe0f) S\u00ec, per favore! (Dagli una possibilit\u00e0, puoi cancellarti quando vuoi)Non voglio mai ricevere email: n\u00e9 offerte esclusive, n\u00e9 regali gratuiti, n\u00e9 ...\" \/>\n<meta property=\"og:url\" content=\"https:\/\/www.edinventa.com\/it\/hol-form\/\" \/>\n<meta property=\"og:site_name\" content=\"HeroMask\" \/>\n<meta property=\"article:publisher\" content=\"https:\/\/www.facebook.com\/heromask.edu\/\" \/>\n<meta property=\"article:modified_time\" content=\"2025-12-05T12:49:48+00:00\" \/>\n<meta name=\"twitter:card\" content=\"summary_large_image\" \/>\n<meta name=\"twitter:site\" content=\"@heromask_\" \/>\n<meta name=\"twitter:label1\" content=\"Tempo di lettura stimato\" \/>\n\t<meta name=\"twitter:data1\" content=\"1 minuto\" \/>\n<script type=\"application\/ld+json\" class=\"yoast-schema-graph\">{\"@context\":\"https:\\\/\\\/schema.org\",\"@graph\":[{\"@type\":\"WebPage\",\"@id\":\"https:\\\/\\\/www.edinventa.com\\\/it\\\/hol-form\\\/\",\"url\":\"https:\\\/\\\/www.edinventa.com\\\/it\\\/hol-form\\\/\",\"name\":\"Registrazione a Heromask Tales &#187; HeroMask\",\"isPartOf\":{\"@id\":\"https:\\\/\\\/www.edinventa.com\\\/it\\\/#website\"},\"datePublished\":\"2025-06-02T16:00:51+00:00\",\"dateModified\":\"2025-12-05T12:49:48+00:00\",\"breadcrumb\":{\"@id\":\"https:\\\/\\\/www.edinventa.com\\\/it\\\/hol-form\\\/#breadcrumb\"},\"inLanguage\":\"it-IT\",\"potentialAction\":[{\"@type\":\"ReadAction\",\"target\":[\"https:\\\/\\\/www.edinventa.com\\\/it\\\/hol-form\\\/\"]}]},{\"@type\":\"BreadcrumbList\",\"@id\":\"https:\\\/\\\/www.edinventa.com\\\/it\\\/hol-form\\\/#breadcrumb\",\"itemListElement\":[{\"@type\":\"ListItem\",\"position\":1,\"name\":\"Portada\",\"item\":\"https:\\\/\\\/www.edinventa.com\\\/it\\\/\"},{\"@type\":\"ListItem\",\"position\":2,\"name\":\"Registrazione a Heromask Tales\"}]},{\"@type\":\"WebSite\",\"@id\":\"https:\\\/\\\/www.edinventa.com\\\/it\\\/#website\",\"url\":\"https:\\\/\\\/www.edinventa.com\\\/it\\\/\",\"name\":\"HeroMask\",\"description\":\"la m\u00e1scara de realidad virtual para aprender jugando\",\"publisher\":{\"@id\":\"https:\\\/\\\/www.edinventa.com\\\/it\\\/#organization\"},\"potentialAction\":[{\"@type\":\"SearchAction\",\"target\":{\"@type\":\"EntryPoint\",\"urlTemplate\":\"https:\\\/\\\/www.edinventa.com\\\/it\\\/?s={search_term_string}\"},\"query-input\":{\"@type\":\"PropertyValueSpecification\",\"valueRequired\":true,\"valueName\":\"search_term_string\"}}],\"inLanguage\":\"it-IT\"},{\"@type\":\"Organization\",\"@id\":\"https:\\\/\\\/www.edinventa.com\\\/it\\\/#organization\",\"name\":\"Heromask\",\"url\":\"https:\\\/\\\/www.edinventa.com\\\/it\\\/\",\"logo\":{\"@type\":\"ImageObject\",\"inLanguage\":\"it-IT\",\"@id\":\"https:\\\/\\\/www.edinventa.com\\\/it\\\/#\\\/schema\\\/logo\\\/image\\\/\",\"url\":\"https:\\\/\\\/www.edinventa.com\\\/wp-content\\\/uploads\\\/2018\\\/08\\\/logo-Heromask-suavizado-01.png\",\"contentUrl\":\"https:\\\/\\\/www.edinventa.com\\\/wp-content\\\/uploads\\\/2018\\\/08\\\/logo-Heromask-suavizado-01.png\",\"width\":519,\"height\":106,\"caption\":\"Heromask\"},\"image\":{\"@id\":\"https:\\\/\\\/www.edinventa.com\\\/it\\\/#\\\/schema\\\/logo\\\/image\\\/\"},\"sameAs\":[\"https:\\\/\\\/www.facebook.com\\\/heromask.edu\\\/\",\"https:\\\/\\\/x.com\\\/heromask_\",\"https:\\\/\\\/www.instagram.com\\\/heromask.ed\\\/\",\"https:\\\/\\\/www.linkedin.com\\\/company\\\/heromask\\\/\"]}]}<\/script>\n<!-- \/ Yoast SEO plugin. -->","yoast_head_json":{"title":"Registrazione a Heromask Tales &#187; HeroMask","robots":{"index":"noindex","follow":"follow"},"og_locale":"it_IT","og_type":"article","og_title":"Registrazione a Heromask Tales &#187; HeroMask","og_description":"&nbsp;Registrati (Italy) Email Codice di sblocco Accetto la privacy policy e le note legali. Vuoi ricevere un'email quando lanciamo un nuovo prodotto, offerte, ecc.? Inviamo pochissime email per mancanza di tempo (stiamo costruendo il prossimo prodotto per te! \u2764\ufe0f) S\u00ec, per favore! (Dagli una possibilit\u00e0, puoi cancellarti quando vuoi)Non voglio mai ricevere email: n\u00e9 offerte esclusive, n\u00e9 regali gratuiti, n\u00e9 ...","og_url":"https:\/\/www.edinventa.com\/it\/hol-form\/","og_site_name":"HeroMask","article_publisher":"https:\/\/www.facebook.com\/heromask.edu\/","article_modified_time":"2025-12-05T12:49:48+00:00","twitter_card":"summary_large_image","twitter_site":"@heromask_","twitter_misc":{"Tempo di lettura stimato":"1 minuto"},"schema":{"@context":"https:\/\/schema.org","@graph":[{"@type":"WebPage","@id":"https:\/\/www.edinventa.com\/it\/hol-form\/","url":"https:\/\/www.edinventa.com\/it\/hol-form\/","name":"Registrazione a Heromask Tales &#187; HeroMask","isPartOf":{"@id":"https:\/\/www.edinventa.com\/it\/#website"},"datePublished":"2025-06-02T16:00:51+00:00","dateModified":"2025-12-05T12:49:48+00:00","breadcrumb":{"@id":"https:\/\/www.edinventa.com\/it\/hol-form\/#breadcrumb"},"inLanguage":"it-IT","potentialAction":[{"@type":"ReadAction","target":["https:\/\/www.edinventa.com\/it\/hol-form\/"]}]},{"@type":"BreadcrumbList","@id":"https:\/\/www.edinventa.com\/it\/hol-form\/#breadcrumb","itemListElement":[{"@type":"ListItem","position":1,"name":"Portada","item":"https:\/\/www.edinventa.com\/it\/"},{"@type":"ListItem","position":2,"name":"Registrazione a Heromask Tales"}]},{"@type":"WebSite","@id":"https:\/\/www.edinventa.com\/it\/#website","url":"https:\/\/www.edinventa.com\/it\/","name":"HeroMask","description":"la m\u00e1scara de realidad virtual para aprender jugando","publisher":{"@id":"https:\/\/www.edinventa.com\/it\/#organization"},"potentialAction":[{"@type":"SearchAction","target":{"@type":"EntryPoint","urlTemplate":"https:\/\/www.edinventa.com\/it\/?s={search_term_string}"},"query-input":{"@type":"PropertyValueSpecification","valueRequired":true,"valueName":"search_term_string"}}],"inLanguage":"it-IT"},{"@type":"Organization","@id":"https:\/\/www.edinventa.com\/it\/#organization","name":"Heromask","url":"https:\/\/www.edinventa.com\/it\/","logo":{"@type":"ImageObject","inLanguage":"it-IT","@id":"https:\/\/www.edinventa.com\/it\/#\/schema\/logo\/image\/","url":"https:\/\/www.edinventa.com\/wp-content\/uploads\/2018\/08\/logo-Heromask-suavizado-01.png","contentUrl":"https:\/\/www.edinventa.com\/wp-content\/uploads\/2018\/08\/logo-Heromask-suavizado-01.png","width":519,"height":106,"caption":"Heromask"},"image":{"@id":"https:\/\/www.edinventa.com\/it\/#\/schema\/logo\/image\/"},"sameAs":["https:\/\/www.facebook.com\/heromask.edu\/","https:\/\/x.com\/heromask_","https:\/\/www.instagram.com\/heromask.ed\/","https:\/\/www.linkedin.com\/company\/heromask\/"]}]}},"_links":{"self":[{"href":"https:\/\/www.edinventa.com\/it\/wp-json\/wp\/v2\/pages\/106851","targetHints":{"allow":["GET"]}}],"collection":[{"href":"https:\/\/www.edinventa.com\/it\/wp-json\/wp\/v2\/pages"}],"about":[{"href":"https:\/\/www.edinventa.com\/it\/wp-json\/wp\/v2\/types\/page"}],"author":[{"embeddable":true,"href":"https:\/\/www.edinventa.com\/it\/wp-json\/wp\/v2\/users\/47"}],"replies":[{"embeddable":true,"href":"https:\/\/www.edinventa.com\/it\/wp-json\/wp\/v2\/comments?post=106851"}],"version-history":[{"count":2,"href":"https:\/\/www.edinventa.com\/it\/wp-json\/wp\/v2\/pages\/106851\/revisions"}],"predecessor-version":[{"id":138898,"href":"https:\/\/www.edinventa.com\/it\/wp-json\/wp\/v2\/pages\/106851\/revisions\/138898"}],"wp:attachment":[{"href":"https:\/\/www.edinventa.com\/it\/wp-json\/wp\/v2\/media?parent=106851"}],"curies":[{"name":"wp","href":"https:\/\/api.w.org\/{rel}","templated":true}]}}