{"id":4944,"date":"2018-10-11T11:07:12","date_gmt":"2018-10-11T11:07:12","guid":{"rendered":"https:\/\/www.edinventa.com\/heromask-sprachen-lernen\/"},"modified":"2025-07-03T10:22:19","modified_gmt":"2025-07-03T10:22:19","slug":"heromask-lingue-matematica","status":"publish","type":"page","link":"https:\/\/www.edinventa.com\/it\/heromask-lingue-matematica\/","title":{"rendered":"Heromask Langues Math\u00e9matiques"},"content":{"rendered":"<div id=\"cs-content\" class=\"cs-content\"><\/div>\n","protected":false},"excerpt":{"rendered":"<p>Espa\u00f1ol English Fran\u00e7ais Deutsch Italiano US polski \u010ce\u0161tina UK Nederlands \u0420\u0443\u0441\u0441\u043a\u0438\u0439 Portugu\u00eas English (Canada) Mex Espa\u00f1ol Incredibili giochi in realt&agrave; virtuale per imparare lingue e matematica (Visore VR incluso) Heromask Lingue Double pack: Lingue + Matematica (Solo sito web) 69&euro; 49&euro; 79&euro; 59&euro; Sito internet ufficiale del produttore. Miglior prezzo garantito: se lo trovi a un prezzo pi\u00f9 economico noi &#8230;<\/p>\n","protected":false},"author":47,"featured_media":6164,"parent":0,"menu_order":0,"comment_status":"open","ping_status":"closed","template":"","meta":{"rs_blank_template":"","rs_page_bg_color":"#ffffff","slide_template_v7":"","_joinchat":[],"footnotes":""},"class_list":["post-4944","page","type-page","status-publish","has-post-thumbnail","hentry"],"yoast_head":"<!-- This site is optimized with the Yoast SEO plugin v27.3 - https:\/\/yoast.com\/product\/yoast-seo-wordpress\/ -->\n<title>Heromask Langues Math\u00e9matiques &#187; Giochi in realt\u00e0 virtuale<\/title>\n<meta name=\"description\" content=\"Un gioco educativo pluripremiato che gestisce i bambini di 5, 6, 7, 8 ..., fino a 12 anni sono sorpresi.\" \/>\n<meta name=\"robots\" content=\"index, follow, max-snippet:-1, max-image-preview:large, max-video-preview:-1\" \/>\n<link rel=\"canonical\" href=\"https:\/\/www.edinventa.com\/it\/heromask-lingue-matematica\/\" \/>\n<meta property=\"og:locale\" content=\"it_IT\" \/>\n<meta property=\"og:type\" content=\"article\" \/>\n<meta property=\"og:title\" content=\"Heromask Langues Math\u00e9matiques &#187; Giochi in realt\u00e0 virtuale\" \/>\n<meta property=\"og:description\" content=\"Un gioco educativo pluripremiato che gestisce i bambini di 5, 6, 7, 8 ..., fino a 12 anni sono sorpresi.\" \/>\n<meta property=\"og:url\" content=\"https:\/\/www.edinventa.com\/it\/heromask-lingue-matematica\/\" \/>\n<meta property=\"og:site_name\" content=\"HeroMask\" \/>\n<meta property=\"article:publisher\" content=\"https:\/\/www.facebook.com\/heromask.edu\/\" \/>\n<meta property=\"article:modified_time\" content=\"2025-07-03T10:22:19+00:00\" \/>\n<meta property=\"og:image\" content=\"https:\/\/www.edinventa.com\/wp-content\/uploads\/2018\/08\/para-Amazon-heromask-packaging-2017-18.jpg\" \/>\n\t<meta property=\"og:image:width\" content=\"599\" \/>\n\t<meta property=\"og:image:height\" content=\"588\" \/>\n\t<meta property=\"og:image:type\" content=\"image\/jpeg\" \/>\n<meta name=\"twitter:card\" content=\"summary_large_image\" \/>\n<meta name=\"twitter:site\" content=\"@heromask_\" \/>\n<meta name=\"twitter:label1\" content=\"Tempo di lettura stimato\" \/>\n\t<meta name=\"twitter:data1\" content=\"7 minuti\" \/>\n<script type=\"application\/ld+json\" class=\"yoast-schema-graph\">{\"@context\":\"https:\\\/\\\/schema.org\",\"@graph\":[{\"@type\":\"WebPage\",\"@id\":\"https:\\\/\\\/www.edinventa.com\\\/it\\\/heromask-lingue-matematica\\\/\",\"url\":\"https:\\\/\\\/www.edinventa.com\\\/it\\\/heromask-lingue-matematica\\\/\",\"name\":\"Heromask Langues Math\u00e9matiques &#187; Giochi in realt\u00e0 virtuale\",\"isPartOf\":{\"@id\":\"https:\\\/\\\/www.edinventa.com\\\/it\\\/#website\"},\"primaryImageOfPage\":{\"@id\":\"https:\\\/\\\/www.edinventa.com\\\/it\\\/heromask-lingue-matematica\\\/#primaryimage\"},\"image\":{\"@id\":\"https:\\\/\\\/www.edinventa.com\\\/it\\\/heromask-lingue-matematica\\\/#primaryimage\"},\"thumbnailUrl\":\"https:\\\/\\\/www.edinventa.com\\\/wp-content\\\/uploads\\\/2019\\\/11\\\/1-L-Languages_V9_SinMargenes_-height-900-72p.jpg\",\"datePublished\":\"2018-10-11T11:07:12+00:00\",\"dateModified\":\"2025-07-03T10:22:19+00:00\",\"description\":\"Un gioco educativo pluripremiato che gestisce i bambini di 5, 6, 7, 8 ..., fino a 12 anni sono sorpresi.\",\"breadcrumb\":{\"@id\":\"https:\\\/\\\/www.edinventa.com\\\/it\\\/heromask-lingue-matematica\\\/#breadcrumb\"},\"inLanguage\":\"it-IT\",\"potentialAction\":[{\"@type\":\"ReadAction\",\"target\":[\"https:\\\/\\\/www.edinventa.com\\\/it\\\/heromask-lingue-matematica\\\/\"]}]},{\"@type\":\"ImageObject\",\"inLanguage\":\"it-IT\",\"@id\":\"https:\\\/\\\/www.edinventa.com\\\/it\\\/heromask-lingue-matematica\\\/#primaryimage\",\"url\":\"https:\\\/\\\/www.edinventa.com\\\/wp-content\\\/uploads\\\/2019\\\/11\\\/1-L-Languages_V9_SinMargenes_-height-900-72p.jpg\",\"contentUrl\":\"https:\\\/\\\/www.edinventa.com\\\/wp-content\\\/uploads\\\/2019\\\/11\\\/1-L-Languages_V9_SinMargenes_-height-900-72p.jpg\",\"width\":1092,\"height\":900},{\"@type\":\"BreadcrumbList\",\"@id\":\"https:\\\/\\\/www.edinventa.com\\\/it\\\/heromask-lingue-matematica\\\/#breadcrumb\",\"itemListElement\":[{\"@type\":\"ListItem\",\"position\":1,\"name\":\"Portada\",\"item\":\"https:\\\/\\\/www.edinventa.com\\\/it\\\/\"},{\"@type\":\"ListItem\",\"position\":2,\"name\":\"Heromask Langues Math\u00e9matiques\"}]},{\"@type\":\"WebSite\",\"@id\":\"https:\\\/\\\/www.edinventa.com\\\/it\\\/#website\",\"url\":\"https:\\\/\\\/www.edinventa.com\\\/it\\\/\",\"name\":\"HeroMask\",\"description\":\"la m\u00e1scara de realidad virtual para aprender jugando\",\"publisher\":{\"@id\":\"https:\\\/\\\/www.edinventa.com\\\/it\\\/#organization\"},\"potentialAction\":[{\"@type\":\"SearchAction\",\"target\":{\"@type\":\"EntryPoint\",\"urlTemplate\":\"https:\\\/\\\/www.edinventa.com\\\/it\\\/?s={search_term_string}\"},\"query-input\":{\"@type\":\"PropertyValueSpecification\",\"valueRequired\":true,\"valueName\":\"search_term_string\"}}],\"inLanguage\":\"it-IT\"},{\"@type\":\"Organization\",\"@id\":\"https:\\\/\\\/www.edinventa.com\\\/it\\\/#organization\",\"name\":\"Heromask\",\"url\":\"https:\\\/\\\/www.edinventa.com\\\/it\\\/\",\"logo\":{\"@type\":\"ImageObject\",\"inLanguage\":\"it-IT\",\"@id\":\"https:\\\/\\\/www.edinventa.com\\\/it\\\/#\\\/schema\\\/logo\\\/image\\\/\",\"url\":\"https:\\\/\\\/www.edinventa.com\\\/wp-content\\\/uploads\\\/2018\\\/08\\\/logo-Heromask-suavizado-01.png\",\"contentUrl\":\"https:\\\/\\\/www.edinventa.com\\\/wp-content\\\/uploads\\\/2018\\\/08\\\/logo-Heromask-suavizado-01.png\",\"width\":519,\"height\":106,\"caption\":\"Heromask\"},\"image\":{\"@id\":\"https:\\\/\\\/www.edinventa.com\\\/it\\\/#\\\/schema\\\/logo\\\/image\\\/\"},\"sameAs\":[\"https:\\\/\\\/www.facebook.com\\\/heromask.edu\\\/\",\"https:\\\/\\\/x.com\\\/heromask_\",\"https:\\\/\\\/www.instagram.com\\\/heromask.ed\\\/\",\"https:\\\/\\\/www.linkedin.com\\\/company\\\/heromask\\\/\"]}]}<\/script>\n<!-- \/ Yoast SEO plugin. -->","yoast_head_json":{"title":"Heromask Langues Math\u00e9matiques &#187; Giochi in realt\u00e0 virtuale","description":"Un gioco educativo pluripremiato che gestisce i bambini di 5, 6, 7, 8 ..., fino a 12 anni sono sorpresi.","robots":{"index":"index","follow":"follow","max-snippet":"max-snippet:-1","max-image-preview":"max-image-preview:large","max-video-preview":"max-video-preview:-1"},"canonical":"https:\/\/www.edinventa.com\/it\/heromask-lingue-matematica\/","og_locale":"it_IT","og_type":"article","og_title":"Heromask Langues Math\u00e9matiques &#187; Giochi in realt\u00e0 virtuale","og_description":"Un gioco educativo pluripremiato che gestisce i bambini di 5, 6, 7, 8 ..., fino a 12 anni sono sorpresi.","og_url":"https:\/\/www.edinventa.com\/it\/heromask-lingue-matematica\/","og_site_name":"HeroMask","article_publisher":"https:\/\/www.facebook.com\/heromask.edu\/","article_modified_time":"2025-07-03T10:22:19+00:00","og_image":[{"width":599,"height":588,"url":"https:\/\/www.edinventa.com\/wp-content\/uploads\/2018\/08\/para-Amazon-heromask-packaging-2017-18.jpg","type":"image\/jpeg"}],"twitter_card":"summary_large_image","twitter_site":"@heromask_","twitter_misc":{"Tempo di lettura stimato":"7 minuti"},"schema":{"@context":"https:\/\/schema.org","@graph":[{"@type":"WebPage","@id":"https:\/\/www.edinventa.com\/it\/heromask-lingue-matematica\/","url":"https:\/\/www.edinventa.com\/it\/heromask-lingue-matematica\/","name":"Heromask Langues Math\u00e9matiques &#187; Giochi in realt\u00e0 virtuale","isPartOf":{"@id":"https:\/\/www.edinventa.com\/it\/#website"},"primaryImageOfPage":{"@id":"https:\/\/www.edinventa.com\/it\/heromask-lingue-matematica\/#primaryimage"},"image":{"@id":"https:\/\/www.edinventa.com\/it\/heromask-lingue-matematica\/#primaryimage"},"thumbnailUrl":"https:\/\/www.edinventa.com\/wp-content\/uploads\/2019\/11\/1-L-Languages_V9_SinMargenes_-height-900-72p.jpg","datePublished":"2018-10-11T11:07:12+00:00","dateModified":"2025-07-03T10:22:19+00:00","description":"Un gioco educativo pluripremiato che gestisce i bambini di 5, 6, 7, 8 ..., fino a 12 anni sono sorpresi.","breadcrumb":{"@id":"https:\/\/www.edinventa.com\/it\/heromask-lingue-matematica\/#breadcrumb"},"inLanguage":"it-IT","potentialAction":[{"@type":"ReadAction","target":["https:\/\/www.edinventa.com\/it\/heromask-lingue-matematica\/"]}]},{"@type":"ImageObject","inLanguage":"it-IT","@id":"https:\/\/www.edinventa.com\/it\/heromask-lingue-matematica\/#primaryimage","url":"https:\/\/www.edinventa.com\/wp-content\/uploads\/2019\/11\/1-L-Languages_V9_SinMargenes_-height-900-72p.jpg","contentUrl":"https:\/\/www.edinventa.com\/wp-content\/uploads\/2019\/11\/1-L-Languages_V9_SinMargenes_-height-900-72p.jpg","width":1092,"height":900},{"@type":"BreadcrumbList","@id":"https:\/\/www.edinventa.com\/it\/heromask-lingue-matematica\/#breadcrumb","itemListElement":[{"@type":"ListItem","position":1,"name":"Portada","item":"https:\/\/www.edinventa.com\/it\/"},{"@type":"ListItem","position":2,"name":"Heromask Langues Math\u00e9matiques"}]},{"@type":"WebSite","@id":"https:\/\/www.edinventa.com\/it\/#website","url":"https:\/\/www.edinventa.com\/it\/","name":"HeroMask","description":"la m\u00e1scara de realidad virtual para aprender jugando","publisher":{"@id":"https:\/\/www.edinventa.com\/it\/#organization"},"potentialAction":[{"@type":"SearchAction","target":{"@type":"EntryPoint","urlTemplate":"https:\/\/www.edinventa.com\/it\/?s={search_term_string}"},"query-input":{"@type":"PropertyValueSpecification","valueRequired":true,"valueName":"search_term_string"}}],"inLanguage":"it-IT"},{"@type":"Organization","@id":"https:\/\/www.edinventa.com\/it\/#organization","name":"Heromask","url":"https:\/\/www.edinventa.com\/it\/","logo":{"@type":"ImageObject","inLanguage":"it-IT","@id":"https:\/\/www.edinventa.com\/it\/#\/schema\/logo\/image\/","url":"https:\/\/www.edinventa.com\/wp-content\/uploads\/2018\/08\/logo-Heromask-suavizado-01.png","contentUrl":"https:\/\/www.edinventa.com\/wp-content\/uploads\/2018\/08\/logo-Heromask-suavizado-01.png","width":519,"height":106,"caption":"Heromask"},"image":{"@id":"https:\/\/www.edinventa.com\/it\/#\/schema\/logo\/image\/"},"sameAs":["https:\/\/www.facebook.com\/heromask.edu\/","https:\/\/x.com\/heromask_","https:\/\/www.instagram.com\/heromask.ed\/","https:\/\/www.linkedin.com\/company\/heromask\/"]}]}},"_links":{"self":[{"href":"https:\/\/www.edinventa.com\/it\/wp-json\/wp\/v2\/pages\/4944","targetHints":{"allow":["GET"]}}],"collection":[{"href":"https:\/\/www.edinventa.com\/it\/wp-json\/wp\/v2\/pages"}],"about":[{"href":"https:\/\/www.edinventa.com\/it\/wp-json\/wp\/v2\/types\/page"}],"author":[{"embeddable":true,"href":"https:\/\/www.edinventa.com\/it\/wp-json\/wp\/v2\/users\/47"}],"replies":[{"embeddable":true,"href":"https:\/\/www.edinventa.com\/it\/wp-json\/wp\/v2\/comments?post=4944"}],"version-history":[{"count":0,"href":"https:\/\/www.edinventa.com\/it\/wp-json\/wp\/v2\/pages\/4944\/revisions"}],"wp:featuredmedia":[{"embeddable":true,"href":"https:\/\/www.edinventa.com\/it\/wp-json\/wp\/v2\/media\/6164"}],"wp:attachment":[{"href":"https:\/\/www.edinventa.com\/it\/wp-json\/wp\/v2\/media?parent=4944"}],"curies":[{"name":"wp","href":"https:\/\/api.w.org\/{rel}","templated":true}]}}