{"id":9321,"date":"2020-12-17T11:59:07","date_gmt":"2020-12-17T11:59:07","guid":{"rendered":"https:\/\/www.edinventa.com\/condizioni-generali-di-vendita\/"},"modified":"2025-04-29T15:06:01","modified_gmt":"2025-04-29T15:06:01","slug":"condizioni-generali-di-vendita","status":"publish","type":"page","link":"https:\/\/www.edinventa.com\/it\/condizioni-generali-di-vendita\/","title":{"rendered":"Condizioni generali di vendita"},"content":{"rendered":"<h3>1. Introduzione<\/h3>\n<p>1.<br \/>\nLe condizioni generali di vendita descritte di seguito (di seguito denominate &#8220;Condizioni Generali&#8221;), regolano il rapporto contrattuale tra tutti gli utenti del sito web <a href=\"https:\/\/www.edinventa.com\">www.edinventa.com<\/a> (di seguito denominato &#8220;UTENTE&#8221;) e l&#8217;entit\u00e0 commerciale CM GAME RULES LTD. (di seguito denominata &#8220;LA SOCIET\u00c0&#8221;).<\/p>\n<p>Le presenti condizioni generali di vendita sono le uniche applicabili e sostituiscono tutte le altre condizioni generali, salvo in caso di denuncia preventiva, espressa e scritta. La SOCIET\u00c0 pu\u00f2 occasionalmente modificare gli articoli delle sue condizioni generali di vendita ed \u00e8 pertanto consigliabile leggerli ogni volta che si visita il sito <a href=\"https:\/\/www.edinventa.com\">www.edinventa.com<\/a> (di seguito denominato &#8220;il SITO&#8221;).<\/p>\n<p>Queste modifiche sono riconducibili alla loro pubblicazione su Internet e non possono essere applicate ai contratti conclusi in precedenza. Ogni acquisto sul SITO \u00e8 regolato dalle condizioni generali di contratto applicabili alla data dell&#8217;ordine. Riteniamo che una volta effettuato l&#8217;ordine, dopo averlo letto, l&#8217;utente avr\u00e0 accettato senza riserve le nostre condizioni generali di contratto.<\/p>\n<p>Accedendo al SITO, accetti di rispettare i termini e le condizioni generali e le condizioni d&#8217;uso in esse contenute.<\/p>\n<h3>2. Effettuare un ordine<\/h3\nMettiamo a vostra disposizione una (1) modalit\u00e0 per effettuare un ordine: Tramite Internet nella nostra pagina web: (24h\/giorno, 365 giorni\/anno) <a href=\"https:\/\/www.edinventa.com\">www.edinventa.com<\/a><\/p>\n<h3>3. Informazioni sui prodotti<\/h3\nI prodotti commercializzati sul WEB sono esclusivi dei marchi registrati della SOCIET\u00c0, \u00e8 anche possibile che LA SOCIET\u00c0 possa vendere articoli di produttori diversi da quello citato in precedenza.\n\n\n<h3>4. Prezzi<\/h3\nI prezzi di vendita indicati sul WEB sono espressi in euro e:\n\n\n<ul>\n<li>Nel caso in cui si trovino nella penisola iberica, includeranno l&#8217;IVA e il trasporto all&#8217;indirizzo del cliente.\n<li>Se ti trovi alle Isole Canarie o alle Baleari, l&#8217;IVA sar\u00e0 inclusa. Queste spedizioni comportano un costo aggiuntivo di 16 euro.\n<\/ul>\n<h3>5. Disponibilit\u00e0<\/h3>\n<p>5.<br \/>\nSi deve tener conto del fatto che gli ordini saranno spediti entro i limiti delle scorte disponibili.<\/p>\n<p>Se uno degli articoli ordinati non \u00e8 disponibile a magazzino, vi promettiamo di contattarvi al pi\u00f9 presto per proporre delle alternative.<\/p>\n<h3>6. Spedizioni<\/h3\nLe scadenze per tutti gli ordini sono a partire dal momento in cui avete effettuato l'ordine, a condizione che sia effettuato entro le ore 12:00 dal luned\u00ec al venerd\u00ec (GMT +1). Nel caso in cui vengano effettuati dopo l'orario indicato, il termine inizier\u00e0 a contare dal giorno lavorativo successivo. Queste condizioni sono soddisfatte a condizione che la data dell'ordine non invii un'altra data di consegna diversa.\n\nIl costo di spedizione verso la Penisola \u00e8 incluso nel prezzo e viene effettuato regolarmente con TOURLINE EXPRESS MENSAJER\u00cdA S.L.U. Il termine stimato \u00e8 di 72 ore per la Penisola e le Isole Baleari. Per le Isole Canarie, il termine stimato \u00e8 di solito pi\u00f9 lungo a causa dell'intervento delle autorit\u00e0 doganali.\n\nI prodotti acquistati dalla SOCIET\u00c0 saranno inviati alla Spagna peninsulare e alle Isole Baleari e Canarie. L'ordine verr\u00e0 inviato all'indirizzo indicato al momento dell'acquisto.\n\nLa SOCIET\u00c0 fa tutto il possibile per rispettare i termini di consegna indicati nel WEB. Tuttavia, la SOCIET\u00c0 non \u00e8 responsabile delle conseguenze dovute a un ritardo nella spedizione o alla perdita del pacco da parte di persone al di fuori del contratto di trasporto, da parte sua o a causa di motivi o cause di Forza Maggiore imprevedibili o insormontabili.\nVi informiamo che al ricevimento del vostro pacco, verificate che tutto sia conforme al vostro ordine e in perfette condizioni. Se non siete d'accordo con gli articoli consegnati, firmate e indicate a mano sulla bolla di consegna le anomalie che avete riscontrato al momento del ricevimento.\n\n\n<h3>7. Pagamento sicuro<\/h3>\n<p>Abbiamo vari mezzi di pagamento, carta di credito, Paypal e\/o contanti alla consegna. Nel processo di acquisto potrete selezionare il pi\u00f9 adatto alle vostre esigenze.<br \/>\nL&#8217;intera applicazione web funziona tramite SSL, il che significa che i dati sono criptati, il che garantisce la sicurezza delle informazioni che circolano tra il cliente e il negozio online.<\/p>\n<p>Inoltre, tutte le pagine di pagamento sono ospitate ed elaborate sui server di SiteGround Spain S.L., il che significa che non viene memorizzata alcuna informazione sensibile di pagamento nei database dell&#8217;AZIENDA. L&#8217;unica informazione che sar\u00e0 memorizzata nella SOCIET\u00c0 \u00e8 quella relativa alle informazioni di contatto per essere in grado di eseguire un ordine in modo efficace.<\/p>\n<p>SiteGround Spain S.L. dispone delle certificazioni necessarie per garantire al cliente che le transazioni siano effettuate in modo efficiente e sicuro. Maggiori informazioni su <a href=\"http:\/\/www.siteground.es\">www.siteground.es<\/a><\/p>\n<h3>8. Modulo di prelievo modello<\/h3>\n<p>(Compilare e restituire questo modulo solo se si desidera recedere dal contratto)<br \/>\nAll&#8217;attenzione di CM GAME RULES LTD. Lordou Vyronos 61, Lumiel Building, 4th floor, 6023, Larnaca, Cyprus. ; o scrivendo un&#8217;e-mail a: <a href=\"mailto:hello@edinventa.com\">hello@edinventa.com<\/a><\/p>\n<ul>\n<li>Dichiaro di voler revocare il contratto di vendita del prodotto successivo (*)<\/li>\n<p>.<\/p>\n<li>Ordine \/ ricevuto (*)<\/li>\n<li>Nome del consumatore e dell&#8217;utente o consumatori e utenti<\/li>\n<p>.<\/p>\n<li>Indirizzo del consumatore e dell&#8217;utente o consumatori e utenti<\/li>\n<p>.<\/p>\n<li>Data<\/li>\n<\/ul>\n<p>Vi consigliamo di scriverci una e-mail perch\u00e9 \u00e8 pi\u00f9 veloce e pi\u00f9 facile, ma naturalmente, se preferite, potete inviarci una lettera certificata.<\/p>\n<h3>9. Restituisce<\/h3>\n<p>9.<br \/>\nLa nostra politica di restituzione \u00e8 che se si tratta di un difetto di fabbrica restituiremo l&#8217;intero importo e, in caso contrario, restituiremo l&#8217;importo meno i costi di restituzione (condividiamo le spese, perch\u00e9 paghiamo le spese di spedizione)<\/p>\n<p>Accetteremo solo prodotti restituiti nelle loro condizioni originali, in altre parole, nella loro confezione, con i loro accessori e manuali di istruzioni.<\/p>\n<p>Il processo di restituzione \u00e8 il seguente:<\/p>\n<ol>\n<li>Scrivi una mail a <a href=\"mailto:hello@edinventa.com\">hello@edinventa.com<\/a> indicando nell&#8217;oggetto &#8220;Return&#8221;<\/li>\n<p>.<\/p>\n<li>Nel corpo della mail indicare:\n<ol>\n<li>Ordine ID e data<\/li>\n<li>Ragione del ritorno<\/li>\n<li>Luogo di raccolta e luogo di raccolta e fascia oraria di raccolta<\/li>\n<\/ol>\n<\/li>\n<li>Tra 10 giorni dalla ricezione della merce riceverai il reso.<\/li>\n<\/ol>\n<h3>10. Garanzie e servizio post-vendita<\/h3>\n<p>10.<br \/>\nTutto il materiale venduto sul nostro sito web beneficia di:<\/p>\n<ul>\n<li>La garanzia legale di conformit\u00e0<\/li>\n<li>La garanzia legale da vizi nascosti<\/li>\n<li>Garanzie dei produttori, la cui lunghezza e durata variano a seconda dei prodotti e dei marchi<\/li>\n<p>.\n<\/ul>\n<p>(Direttiva 1999\/44\/CE del Parlamento europeo e del Consiglio, del 25 maggio 1999, su taluni aspetti della vendita e delle garanzie dei beni di consumo)<\/p>\n<p>Incidenti di qualit\u00e0: In caso di prodotto difettoso, sar\u00e0 sostituito solo nel caso in cui ci\u00f2 corrisponda ad un incidente di qualit\u00e0. Questa valutazione sar\u00e0 effettuata da uno specialista della qualit\u00e0 della SOCIET\u00c0.<\/p>\n<h3>11. Contenziosi e responsabilit\u00e0<\/h3\nLa SOCIET\u00c0 non \u00e8 responsabile della mancata esecuzione delle presenti condizioni in caso di forza maggiore. Come definito dai tribunali spagnoli e in caso di colpa del cliente o di un fatto imprevedibile attribuibile a una persona al di fuori del contratto.\n\nLa SOCIET\u00c0 non \u00e8 responsabile delle conseguenze che possono derivare da un uso improprio dei prodotti venduti sul WEB.\n<\/p>\n","protected":false},"excerpt":{"rendered":"<p>1. Introduzione 1. Le condizioni generali di vendita descritte di seguito (di seguito denominate &#8220;Condizioni Generali&#8221;), regolano il rapporto contrattuale tra tutti gli utenti del sito web www.edinventa.com (di seguito denominato &#8220;UTENTE&#8221;) e l&#8217;entit\u00e0 commerciale CM GAME RULES LTD. (di seguito denominata &#8220;LA SOCIET\u00c0&#8221;). Le presenti condizioni generali di vendita sono le uniche applicabili e sostituiscono tutte le altre condizioni &#8230;<\/p>\n","protected":false},"author":47,"featured_media":0,"parent":0,"menu_order":0,"comment_status":"closed","ping_status":"closed","template":"","meta":{"rs_blank_template":"","rs_page_bg_color":"","slide_template_v7":"","_joinchat":[],"footnotes":""},"class_list":["post-9321","page","type-page","status-publish","hentry","no-post-thumbnail"],"yoast_head":"<!-- This site is optimized with the Yoast SEO plugin v27.3 - https:\/\/yoast.com\/product\/yoast-seo-wordpress\/ -->\n<title>Condizioni generali di vendita &#187; HeroMask<\/title>\n<meta name=\"robots\" content=\"noindex, nofollow\" \/>\n<meta property=\"og:locale\" content=\"it_IT\" \/>\n<meta property=\"og:type\" content=\"article\" \/>\n<meta property=\"og:title\" content=\"Condizioni generali di vendita &#187; HeroMask\" \/>\n<meta property=\"og:description\" content=\"1. Introduzione 1. Le condizioni generali di vendita descritte di seguito (di seguito denominate &#8220;Condizioni Generali&#8221;), regolano il rapporto contrattuale tra tutti gli utenti del sito web www.edinventa.com (di seguito denominato &#8220;UTENTE&#8221;) e l&#8217;entit\u00e0 commerciale CM GAME RULES LTD. (di seguito denominata &#8220;LA SOCIET\u00c0&#8221;). Le presenti condizioni generali di vendita sono le uniche applicabili e sostituiscono tutte le altre condizioni ...\" \/>\n<meta property=\"og:url\" content=\"https:\/\/www.edinventa.com\/it\/condizioni-generali-di-vendita\/\" \/>\n<meta property=\"og:site_name\" content=\"HeroMask\" \/>\n<meta property=\"article:publisher\" content=\"https:\/\/www.facebook.com\/heromask.edu\/\" \/>\n<meta property=\"article:modified_time\" content=\"2025-04-29T15:06:01+00:00\" \/>\n<meta name=\"twitter:card\" content=\"summary_large_image\" \/>\n<meta name=\"twitter:site\" content=\"@heromask_\" \/>\n<meta name=\"twitter:label1\" content=\"Tempo di lettura stimato\" \/>\n\t<meta name=\"twitter:data1\" content=\"4 minuti\" \/>\n<script type=\"application\/ld+json\" class=\"yoast-schema-graph\">{\"@context\":\"https:\\\/\\\/schema.org\",\"@graph\":[{\"@type\":\"WebPage\",\"@id\":\"https:\\\/\\\/www.edinventa.com\\\/it\\\/condizioni-generali-di-vendita\\\/\",\"url\":\"https:\\\/\\\/www.edinventa.com\\\/it\\\/condizioni-generali-di-vendita\\\/\",\"name\":\"Condizioni generali di vendita &#187; HeroMask\",\"isPartOf\":{\"@id\":\"https:\\\/\\\/www.edinventa.com\\\/it\\\/#website\"},\"datePublished\":\"2020-12-17T11:59:07+00:00\",\"dateModified\":\"2025-04-29T15:06:01+00:00\",\"breadcrumb\":{\"@id\":\"https:\\\/\\\/www.edinventa.com\\\/it\\\/condizioni-generali-di-vendita\\\/#breadcrumb\"},\"inLanguage\":\"it-IT\",\"potentialAction\":[{\"@type\":\"ReadAction\",\"target\":[\"https:\\\/\\\/www.edinventa.com\\\/it\\\/condizioni-generali-di-vendita\\\/\"]}]},{\"@type\":\"BreadcrumbList\",\"@id\":\"https:\\\/\\\/www.edinventa.com\\\/it\\\/condizioni-generali-di-vendita\\\/#breadcrumb\",\"itemListElement\":[{\"@type\":\"ListItem\",\"position\":1,\"name\":\"Portada\",\"item\":\"https:\\\/\\\/www.edinventa.com\\\/it\\\/\"},{\"@type\":\"ListItem\",\"position\":2,\"name\":\"Condizioni generali di vendita\"}]},{\"@type\":\"WebSite\",\"@id\":\"https:\\\/\\\/www.edinventa.com\\\/it\\\/#website\",\"url\":\"https:\\\/\\\/www.edinventa.com\\\/it\\\/\",\"name\":\"HeroMask\",\"description\":\"la m\u00e1scara de realidad virtual para aprender jugando\",\"publisher\":{\"@id\":\"https:\\\/\\\/www.edinventa.com\\\/it\\\/#organization\"},\"potentialAction\":[{\"@type\":\"SearchAction\",\"target\":{\"@type\":\"EntryPoint\",\"urlTemplate\":\"https:\\\/\\\/www.edinventa.com\\\/it\\\/?s={search_term_string}\"},\"query-input\":{\"@type\":\"PropertyValueSpecification\",\"valueRequired\":true,\"valueName\":\"search_term_string\"}}],\"inLanguage\":\"it-IT\"},{\"@type\":\"Organization\",\"@id\":\"https:\\\/\\\/www.edinventa.com\\\/it\\\/#organization\",\"name\":\"Heromask\",\"url\":\"https:\\\/\\\/www.edinventa.com\\\/it\\\/\",\"logo\":{\"@type\":\"ImageObject\",\"inLanguage\":\"it-IT\",\"@id\":\"https:\\\/\\\/www.edinventa.com\\\/it\\\/#\\\/schema\\\/logo\\\/image\\\/\",\"url\":\"https:\\\/\\\/www.edinventa.com\\\/wp-content\\\/uploads\\\/2018\\\/08\\\/logo-Heromask-suavizado-01.png\",\"contentUrl\":\"https:\\\/\\\/www.edinventa.com\\\/wp-content\\\/uploads\\\/2018\\\/08\\\/logo-Heromask-suavizado-01.png\",\"width\":519,\"height\":106,\"caption\":\"Heromask\"},\"image\":{\"@id\":\"https:\\\/\\\/www.edinventa.com\\\/it\\\/#\\\/schema\\\/logo\\\/image\\\/\"},\"sameAs\":[\"https:\\\/\\\/www.facebook.com\\\/heromask.edu\\\/\",\"https:\\\/\\\/x.com\\\/heromask_\",\"https:\\\/\\\/www.instagram.com\\\/heromask.ed\\\/\",\"https:\\\/\\\/www.linkedin.com\\\/company\\\/heromask\\\/\"]}]}<\/script>\n<!-- \/ Yoast SEO plugin. -->","yoast_head_json":{"title":"Condizioni generali di vendita &#187; HeroMask","robots":{"index":"noindex","follow":"nofollow"},"og_locale":"it_IT","og_type":"article","og_title":"Condizioni generali di vendita &#187; HeroMask","og_description":"1. Introduzione 1. Le condizioni generali di vendita descritte di seguito (di seguito denominate &#8220;Condizioni Generali&#8221;), regolano il rapporto contrattuale tra tutti gli utenti del sito web www.edinventa.com (di seguito denominato &#8220;UTENTE&#8221;) e l&#8217;entit\u00e0 commerciale CM GAME RULES LTD. (di seguito denominata &#8220;LA SOCIET\u00c0&#8221;). Le presenti condizioni generali di vendita sono le uniche applicabili e sostituiscono tutte le altre condizioni ...","og_url":"https:\/\/www.edinventa.com\/it\/condizioni-generali-di-vendita\/","og_site_name":"HeroMask","article_publisher":"https:\/\/www.facebook.com\/heromask.edu\/","article_modified_time":"2025-04-29T15:06:01+00:00","twitter_card":"summary_large_image","twitter_site":"@heromask_","twitter_misc":{"Tempo di lettura stimato":"4 minuti"},"schema":{"@context":"https:\/\/schema.org","@graph":[{"@type":"WebPage","@id":"https:\/\/www.edinventa.com\/it\/condizioni-generali-di-vendita\/","url":"https:\/\/www.edinventa.com\/it\/condizioni-generali-di-vendita\/","name":"Condizioni generali di vendita &#187; HeroMask","isPartOf":{"@id":"https:\/\/www.edinventa.com\/it\/#website"},"datePublished":"2020-12-17T11:59:07+00:00","dateModified":"2025-04-29T15:06:01+00:00","breadcrumb":{"@id":"https:\/\/www.edinventa.com\/it\/condizioni-generali-di-vendita\/#breadcrumb"},"inLanguage":"it-IT","potentialAction":[{"@type":"ReadAction","target":["https:\/\/www.edinventa.com\/it\/condizioni-generali-di-vendita\/"]}]},{"@type":"BreadcrumbList","@id":"https:\/\/www.edinventa.com\/it\/condizioni-generali-di-vendita\/#breadcrumb","itemListElement":[{"@type":"ListItem","position":1,"name":"Portada","item":"https:\/\/www.edinventa.com\/it\/"},{"@type":"ListItem","position":2,"name":"Condizioni generali di vendita"}]},{"@type":"WebSite","@id":"https:\/\/www.edinventa.com\/it\/#website","url":"https:\/\/www.edinventa.com\/it\/","name":"HeroMask","description":"la m\u00e1scara de realidad virtual para aprender jugando","publisher":{"@id":"https:\/\/www.edinventa.com\/it\/#organization"},"potentialAction":[{"@type":"SearchAction","target":{"@type":"EntryPoint","urlTemplate":"https:\/\/www.edinventa.com\/it\/?s={search_term_string}"},"query-input":{"@type":"PropertyValueSpecification","valueRequired":true,"valueName":"search_term_string"}}],"inLanguage":"it-IT"},{"@type":"Organization","@id":"https:\/\/www.edinventa.com\/it\/#organization","name":"Heromask","url":"https:\/\/www.edinventa.com\/it\/","logo":{"@type":"ImageObject","inLanguage":"it-IT","@id":"https:\/\/www.edinventa.com\/it\/#\/schema\/logo\/image\/","url":"https:\/\/www.edinventa.com\/wp-content\/uploads\/2018\/08\/logo-Heromask-suavizado-01.png","contentUrl":"https:\/\/www.edinventa.com\/wp-content\/uploads\/2018\/08\/logo-Heromask-suavizado-01.png","width":519,"height":106,"caption":"Heromask"},"image":{"@id":"https:\/\/www.edinventa.com\/it\/#\/schema\/logo\/image\/"},"sameAs":["https:\/\/www.facebook.com\/heromask.edu\/","https:\/\/x.com\/heromask_","https:\/\/www.instagram.com\/heromask.ed\/","https:\/\/www.linkedin.com\/company\/heromask\/"]}]}},"_links":{"self":[{"href":"https:\/\/www.edinventa.com\/it\/wp-json\/wp\/v2\/pages\/9321","targetHints":{"allow":["GET"]}}],"collection":[{"href":"https:\/\/www.edinventa.com\/it\/wp-json\/wp\/v2\/pages"}],"about":[{"href":"https:\/\/www.edinventa.com\/it\/wp-json\/wp\/v2\/types\/page"}],"author":[{"embeddable":true,"href":"https:\/\/www.edinventa.com\/it\/wp-json\/wp\/v2\/users\/47"}],"replies":[{"embeddable":true,"href":"https:\/\/www.edinventa.com\/it\/wp-json\/wp\/v2\/comments?post=9321"}],"version-history":[{"count":0,"href":"https:\/\/www.edinventa.com\/it\/wp-json\/wp\/v2\/pages\/9321\/revisions"}],"wp:attachment":[{"href":"https:\/\/www.edinventa.com\/it\/wp-json\/wp\/v2\/media?parent=9321"}],"curies":[{"name":"wp","href":"https:\/\/api.w.org\/{rel}","templated":true}]}}