{"id":9357,"date":"2020-12-17T13:30:40","date_gmt":"2020-12-17T13:30:40","guid":{"rendered":"https:\/\/www.edinventa.com\/consulenza-legale\/"},"modified":"2025-04-29T14:52:04","modified_gmt":"2025-04-29T14:52:04","slug":"consulenza-legale","status":"publish","type":"page","link":"https:\/\/www.edinventa.com\/it\/consulenza-legale\/","title":{"rendered":"Consulenza legale"},"content":{"rendered":"<h3>1. DATI DI IDENTIFICAZIONE<\/h3>\n<p>.<br \/>\nStai visitando il sito web www.edinventa.com di propriet\u00e0 di CM GAME RULES LTD. (di seguito, LA SOCIET\u00c0).<\/p>\n<p>Sede centrale: Lordou Vyronos 61, Lumiel Building, 4th floor, 6023, Larnaca, Cyprus.<\/p>\n<p>E-mail: <a href=\"mailto:hello@edinventa.com\">hello@edinventa.com<\/a><\/p>\n<p>Dati commerciali: CM Game Rules LTD, with company registration number HE417229, has been incorporated in the District Court of Nicosia as a Company limited by Shares before the affiant Marina Charalambous, under Companies Law (Cap. 113).<\/p>\n<h3>2. ACCETTAZIONE UTENTE<\/h3>\n<p>.<br \/>\nIl presente avviso legale disciplina l&#8217;accesso e l&#8217;utilizzo del sito web www.edinventa.com (di seguito, il &#8220;Sito Web&#8221;) che LA SOCIET\u00c0 mette a disposizione degli utenti Internet. Resta inteso che il termine &#8220;utente&#8221; si riferisce a qualsiasi persona che accede, naviga, utilizza o partecipa ai servizi e alle attivit\u00e0 del Web. L&#8217;accesso e la navigazione di un utente attraverso questo Web implica l&#8217;accettazione senza riserve del presente Avviso Legale.<\/p>\n<h3>3. uso del web<\/h3\n3.1 L'utente si impegna a utilizzare il sito web, i contenuti e i servizi in conformit\u00e0 alla legge, al presente avviso legale, alla convenzione morale e all'ordine pubblico. Allo stesso modo, l'utente \u00e8 obbligato a non utilizzare il sito web o i servizi forniti attraverso di esso per scopi o effetti illeciti o contrari ai contenuti del presente Avviso Legale, che siano lesivi degli interessi o dei diritti di terzi, o che in ogni caso possano danneggiare, rendere inutilizzabile o aggravare il sito web o i suoi servizi o impedire il normale godimento del sito web da parte di altri utenti.\n\n3.2 L'Utente si impegna espressamente a non distruggere, alterare, disattivare o in qualsiasi altro modo danneggiare i dati elettronici e altri dati, programmi o documenti presenti sul Web.\n\n3.3 L'Utente si impegna a non introdurre programmi, virus, macro, applet, controlli ActiveX o qualsiasi altro dispositivo logico o sequenza di caratteri che causino o possano causare qualsiasi tipo di alterazione ai sistemi informatici della SOCIET\u00c0 o di terzi.\n\n3.4 Resta inteso che l'accesso o l'utilizzo del Web da parte dell'utente implica l'accettazione della presente Nota Legale che la SOCIET\u00c0 ha pubblicato al momento dell'accesso, che sar\u00e0 sempre disponibile per gli utenti.\n\n3.5 L'Utente si impegna a fare un uso adeguato dei contenuti e dei servizi che LA COMPAGNIA offre sul suo sito web e a non utilizzarli per attivit\u00e0 illegali o contro la buona fede o la legge.\n\n\n<h3>4. ACCESSO AL WEB E PASSWORDS<\/h3\n4.1 L'accesso al mercoled\u00ec da parte degli utenti \u00e8 completamente gratuito. Alcuni dei servizi e dei contenuti offerti da LA SOCIET\u00c0 possono essere soggetti alla previa sottoscrizione del servizio e al pagamento di una somma di denaro secondo le modalit\u00e0 stabilite nelle Condizioni Generali di Contratto, nel qual caso saranno messi a vostra disposizione in modo chiaro.\n\n4.2 Laddove sia necessario che l'utente si registri o fornisca dati personali per accedere ad un servizio specifico, la raccolta e il trattamento dei dati personali degli utenti sar\u00e0 applicato in conformit\u00e0 con le disposizioni dell'articolo 9 del presente Avviso Legale.\n\n4.3 Ai minori \u00e8 vietato contrattare prodotti o servizi attraverso il Web, e devono ottenere il previo consenso dei genitori, dei tutori o dei rappresentanti legali, che saranno considerati responsabili degli atti compiuti dal minorenne a loro carico.\n\n4.4 Se l'Utente deve registrarsi per utilizzare un servizio sul Web, sar\u00e0 responsabile di fornire informazioni veritiere e legali. Se, a seguito della registrazione, l'Utente riceve una password, \u00e8 obbligato ad utilizzarla con cura e a mantenere segreta la password per accedere a tali servizi. Gli Utenti sono responsabili della custodia e della riservatezza di qualsiasi ID utente e\/o password forniti da LA SOCIET\u00c0 e si impegnano a non dare queste informazioni a terzi, temporaneamente o permanentemente, o a non permettere l'accesso a terzi. L'utente sar\u00e0 responsabile per qualsiasi uso dei servizi da parte di terzi illegittimi che utilizzano una password a seguito di negligenza o perdita della password da parte dell'utente.\n\n\n<h3>5. MODIFICA DEI TERMINI E DELLE CONDIZIONI DI AVVISO LEGALE <\/h3>\n<p>.<br \/>\nLA SOCIET\u00c0 si riserva espressamente il diritto di modificare il presente avviso legale. L&#8217;utente riconosce e accetta che \u00e8 sua responsabilit\u00e0 consultare il Web e il presente avviso legale.<\/p>\n<h3>6. LIMITAZIONE DI GARANZIE E RESPONSABILIT\u00c0<\/h3>\n<p>.<br \/>\n6.1 L&#8217;AZIENDA si impegna a fare del suo meglio per evitare errori nei contenuti che possono apparire sul Web. In ogni caso, la SOCIET\u00c0 sar\u00e0 esonerata da qualsiasi responsabilit\u00e0 derivante da eventuali errori nei contenuti che possono apparire sul sito web, a condizione che non siano ad essa imputabili.<\/p>\n<p><span style=\"font-weight: 400;\">6.2. LA SOCIET\u00c0 non garantisce che il sito web e il server siano privi di virus e non \u00e8 responsabile per qualsiasi danno o danno che possa derivare da interferenze, omissioni, interruzioni, virus informatici, guasti telefonici o disconnessioni nel funzionamento di questo sistema elettronico, causati da cause al di fuori del controllo della SOCIET\u00c0, ritardi o blocchi nell&#8217;uso di questo sistema elettronico causati da carenze nelle linee telefoniche o sovraccarichi del sistema Internet o altri sistemi elettronici, cos\u00ec come danni che possono essere causati da terzi da intrusioni illegittime al di fuori del controllo della SOCIET\u00c0. <\/it\n\n\n<h4>7. PROPRIETA&#8217; INTELLETTUALE E INDUSTRIALE. tutti i diritti riservati.<\/h4>\n<style=\"font-weight: 400;\">7.1. Tutti i diritti di propriet\u00e0 industriale e intellettuale del sito www.edinventa.com e i suoi contenuti (testi, immagini, suoni, audio, video, disegni, creazioni, software) appartengono, come autore di un&#8217;opera collettiva o come cessionario, alla SOCIET\u00c0 o, se del caso, a terzi.<\/en><\/p>\n<p><span style=\"font-weight: 400;\">7.2 \u00c8 espressamente vietato riprodurre, distribuire e comunicare pubblicamente, compresa la messa a disposizione, in tutto o in parte, del contenuto di questo sito web, per qualsiasi scopo, su qualsiasi supporto e con qualsiasi mezzo tecnico, senza l&#8217;autorizzazione della SOCIET\u00c0. L&#8217;utente si impegna a rispettare i diritti di propriet\u00e0 industriale e intellettuale detenuti da LA COMPAGNIA e da terzi.<\/p>\n<h4>8. COLLEGAMENTI TRE PARTI<\/h4>\n<p>.<br \/>\n<span style=\"font-weight: 400;\">8.1. Nel caso in cui il sito web contenga link o collegamenti ipertestuali ad altri luoghi su Internet, la SOCIET\u00c0 non eserciter\u00e0 alcun tipo di controllo su questi luoghi e contenuti. In nessun caso LA SOCIET\u00c0 si assumer\u00e0 la responsabilit\u00e0 per il contenuto di un link appartenente ad un sito web straniero, n\u00e9 garantir\u00e0 la disponibilit\u00e0 tecnica, la qualit\u00e0, l&#8217;affidabilit\u00e0, l&#8217;accuratezza, la portata, la veridicit\u00e0, la validit\u00e0 e la costituzionalit\u00e0 di qualsiasi materiale o informazione contenuta nella parte superiore dei collegamenti ipertestuali o di altri siti web.<\/p>\n<p><span style=\"font-weight: 400;\">8.2. Questi link sono forniti esclusivamente per informare l&#8217;Utente dell&#8217;esistenza di altre fonti di informazione su un particolare argomento, e l&#8217;inclusione di un link non implica l&#8217;approvazione del sito web collegato da parte della SOCIET\u00c0.<\/p>\n<p>8.3 Su espressa richiesta di Amazon, si dichiara che: &#8220;In qualit\u00e0 di affiliato di Amazon, traggo ricavi dagli acquisti effettuati da affiliati idonei&#8221;. Per maggiori informazioni, si prega di leggere l&#8217;Accordo Operativo <a href=\"https:\/\/afiliados.amazon.es\/help\/operating\/agreement\" target=\"_blank\" rel=\"noopener noreferrer\">Accordo Operativo<a> sul sito Amazon<\/p>\n<h4>9. PROTEZIONE DEI DATI PERSONALI<\/h4>\n<p>.<br \/>\n<\/span style=\"font-weight: 400;\">9.1. La SOCIET\u00c0 adotta le misure tecniche e organizzative necessarie per garantire la protezione dei dati personali ed evitare la loro alterazione, perdita, trattamento e\/o accesso non autorizzato, tenendo conto dello stato dell&#8217;arte, della natura dei dati memorizzati e dei rischi a cui sono esposti, il tutto in conformit\u00e0 con le disposizioni della legislazione spagnola sulla protezione dei dati personali.<\/span>.<\/p>\n<p><span style=\"font-weight: 400;\">9.2. Gli utenti possono fornire alla SOCIET\u00c0 i loro dati personali attraverso i diversi moduli che appaiono sul web a questo scopo. Questi moduli incorporano un testo giuridico sulla protezione dei dati personali che soddisfa i requisiti stabiliti nel REGOLAMENTO (UE) 2016\/679 del Parlamento europeo e del Consiglio, del 27 aprile 2016, relativo alla tutela delle persone fisiche con riguardo al trattamento dei dati personali e alla libera circolazione di tali dati (Regolamento generale sulla protezione dei dati).<\/p>\n<p><\/english style=\"font-weight: 400;\"> allo stesso modo, LA SOCIET\u00c0 pu\u00f2 ottenere dati personali dalla vostra navigazione e\/o uso del Web, in conformit\u00e0 con la nostra Privacy Policy.<\/english style=\"font-weight: 400;\"> allo stesso modo, LA SOCIET\u00c0 pu\u00f2 ottenere dati personali dalla vostra navigazione e\/o uso del Web, in conformit\u00e0 con la nostra Privacy Policy.<\/p>\n<p>Si prega di leggere attentamente i testi legali, in particolare la nostra politica sulla privacy, prima di fornire i vostri dati personali.<\/p>\n<h4>10. LEGGE E GIURISDIZIONE<\/h4>\n<p>.<br \/>\n<span style=\"font-weight: 400;\">Tutte le questioni che dovessero sorgere tra LA SOCIET\u00c0 e l&#8217;utente in merito all&#8217;interpretazione, al rispetto e alla validit\u00e0 del presente avviso legale saranno regolate da clausole proprie e, per quanto non previsto dalle stesse, in conformit\u00e0 con la legislazione spagnola, le parti si sottomettono espressamente alla giurisdizione dei Tribunali del domicilio della SOCIET\u00c0.<\/span>.<\/p>\n","protected":false},"excerpt":{"rendered":"<p>1. DATI DI IDENTIFICAZIONE . Stai visitando il sito web www.edinventa.com di propriet\u00e0 di CM GAME RULES LTD. (di seguito, LA SOCIET\u00c0). Sede centrale: Lordou Vyronos 61, Lumiel Building, 4th floor, 6023, Larnaca, Cyprus. E-mail: hello@edinventa.com Dati commerciali: CM Game Rules LTD, with company registration number HE417229, has been incorporated in the District Court of Nicosia as a Company limited &#8230;<\/p>\n","protected":false},"author":47,"featured_media":0,"parent":0,"menu_order":0,"comment_status":"closed","ping_status":"closed","template":"","meta":{"rs_blank_template":"","rs_page_bg_color":"","slide_template_v7":"","_joinchat":[],"footnotes":""},"class_list":["post-9357","page","type-page","status-publish","hentry","no-post-thumbnail"],"yoast_head":"<!-- This site is optimized with the Yoast SEO plugin v27.3 - https:\/\/yoast.com\/product\/yoast-seo-wordpress\/ -->\n<title>Consulenza legale &#187; HeroMask<\/title>\n<meta name=\"robots\" content=\"noindex, nofollow\" \/>\n<meta property=\"og:locale\" content=\"it_IT\" \/>\n<meta property=\"og:type\" content=\"article\" \/>\n<meta property=\"og:title\" content=\"Consulenza legale &#187; HeroMask\" \/>\n<meta property=\"og:description\" content=\"1. DATI DI IDENTIFICAZIONE . Stai visitando il sito web www.edinventa.com di propriet\u00e0 di CM GAME RULES LTD. (di seguito, LA SOCIET\u00c0). Sede centrale: Lordou Vyronos 61, Lumiel Building, 4th floor, 6023, Larnaca, Cyprus. E-mail: hello@edinventa.com Dati commerciali: CM Game Rules LTD, with company registration number HE417229, has been incorporated in the District Court of Nicosia as a Company limited ...\" \/>\n<meta property=\"og:url\" content=\"https:\/\/www.edinventa.com\/it\/consulenza-legale\/\" \/>\n<meta property=\"og:site_name\" content=\"HeroMask\" \/>\n<meta property=\"article:publisher\" content=\"https:\/\/www.facebook.com\/heromask.edu\/\" \/>\n<meta property=\"article:modified_time\" content=\"2025-04-29T14:52:04+00:00\" \/>\n<meta name=\"twitter:card\" content=\"summary_large_image\" \/>\n<meta name=\"twitter:site\" content=\"@heromask_\" \/>\n<meta name=\"twitter:label1\" content=\"Tempo di lettura stimato\" \/>\n\t<meta name=\"twitter:data1\" content=\"4 minuti\" \/>\n<script type=\"application\/ld+json\" class=\"yoast-schema-graph\">{\"@context\":\"https:\\\/\\\/schema.org\",\"@graph\":[{\"@type\":\"WebPage\",\"@id\":\"https:\\\/\\\/www.edinventa.com\\\/it\\\/consulenza-legale\\\/\",\"url\":\"https:\\\/\\\/www.edinventa.com\\\/it\\\/consulenza-legale\\\/\",\"name\":\"Consulenza legale &#187; HeroMask\",\"isPartOf\":{\"@id\":\"https:\\\/\\\/www.edinventa.com\\\/it\\\/#website\"},\"datePublished\":\"2020-12-17T13:30:40+00:00\",\"dateModified\":\"2025-04-29T14:52:04+00:00\",\"breadcrumb\":{\"@id\":\"https:\\\/\\\/www.edinventa.com\\\/it\\\/consulenza-legale\\\/#breadcrumb\"},\"inLanguage\":\"it-IT\",\"potentialAction\":[{\"@type\":\"ReadAction\",\"target\":[\"https:\\\/\\\/www.edinventa.com\\\/it\\\/consulenza-legale\\\/\"]}]},{\"@type\":\"BreadcrumbList\",\"@id\":\"https:\\\/\\\/www.edinventa.com\\\/it\\\/consulenza-legale\\\/#breadcrumb\",\"itemListElement\":[{\"@type\":\"ListItem\",\"position\":1,\"name\":\"Portada\",\"item\":\"https:\\\/\\\/www.edinventa.com\\\/it\\\/\"},{\"@type\":\"ListItem\",\"position\":2,\"name\":\"Consulenza legale\"}]},{\"@type\":\"WebSite\",\"@id\":\"https:\\\/\\\/www.edinventa.com\\\/it\\\/#website\",\"url\":\"https:\\\/\\\/www.edinventa.com\\\/it\\\/\",\"name\":\"HeroMask\",\"description\":\"la m\u00e1scara de realidad virtual para aprender jugando\",\"publisher\":{\"@id\":\"https:\\\/\\\/www.edinventa.com\\\/it\\\/#organization\"},\"potentialAction\":[{\"@type\":\"SearchAction\",\"target\":{\"@type\":\"EntryPoint\",\"urlTemplate\":\"https:\\\/\\\/www.edinventa.com\\\/it\\\/?s={search_term_string}\"},\"query-input\":{\"@type\":\"PropertyValueSpecification\",\"valueRequired\":true,\"valueName\":\"search_term_string\"}}],\"inLanguage\":\"it-IT\"},{\"@type\":\"Organization\",\"@id\":\"https:\\\/\\\/www.edinventa.com\\\/it\\\/#organization\",\"name\":\"Heromask\",\"url\":\"https:\\\/\\\/www.edinventa.com\\\/it\\\/\",\"logo\":{\"@type\":\"ImageObject\",\"inLanguage\":\"it-IT\",\"@id\":\"https:\\\/\\\/www.edinventa.com\\\/it\\\/#\\\/schema\\\/logo\\\/image\\\/\",\"url\":\"https:\\\/\\\/www.edinventa.com\\\/wp-content\\\/uploads\\\/2018\\\/08\\\/logo-Heromask-suavizado-01.png\",\"contentUrl\":\"https:\\\/\\\/www.edinventa.com\\\/wp-content\\\/uploads\\\/2018\\\/08\\\/logo-Heromask-suavizado-01.png\",\"width\":519,\"height\":106,\"caption\":\"Heromask\"},\"image\":{\"@id\":\"https:\\\/\\\/www.edinventa.com\\\/it\\\/#\\\/schema\\\/logo\\\/image\\\/\"},\"sameAs\":[\"https:\\\/\\\/www.facebook.com\\\/heromask.edu\\\/\",\"https:\\\/\\\/x.com\\\/heromask_\",\"https:\\\/\\\/www.instagram.com\\\/heromask.ed\\\/\",\"https:\\\/\\\/www.linkedin.com\\\/company\\\/heromask\\\/\"]}]}<\/script>\n<!-- \/ Yoast SEO plugin. -->","yoast_head_json":{"title":"Consulenza legale &#187; HeroMask","robots":{"index":"noindex","follow":"nofollow"},"og_locale":"it_IT","og_type":"article","og_title":"Consulenza legale &#187; HeroMask","og_description":"1. DATI DI IDENTIFICAZIONE . Stai visitando il sito web www.edinventa.com di propriet\u00e0 di CM GAME RULES LTD. (di seguito, LA SOCIET\u00c0). Sede centrale: Lordou Vyronos 61, Lumiel Building, 4th floor, 6023, Larnaca, Cyprus. E-mail: hello@edinventa.com Dati commerciali: CM Game Rules LTD, with company registration number HE417229, has been incorporated in the District Court of Nicosia as a Company limited ...","og_url":"https:\/\/www.edinventa.com\/it\/consulenza-legale\/","og_site_name":"HeroMask","article_publisher":"https:\/\/www.facebook.com\/heromask.edu\/","article_modified_time":"2025-04-29T14:52:04+00:00","twitter_card":"summary_large_image","twitter_site":"@heromask_","twitter_misc":{"Tempo di lettura stimato":"4 minuti"},"schema":{"@context":"https:\/\/schema.org","@graph":[{"@type":"WebPage","@id":"https:\/\/www.edinventa.com\/it\/consulenza-legale\/","url":"https:\/\/www.edinventa.com\/it\/consulenza-legale\/","name":"Consulenza legale &#187; HeroMask","isPartOf":{"@id":"https:\/\/www.edinventa.com\/it\/#website"},"datePublished":"2020-12-17T13:30:40+00:00","dateModified":"2025-04-29T14:52:04+00:00","breadcrumb":{"@id":"https:\/\/www.edinventa.com\/it\/consulenza-legale\/#breadcrumb"},"inLanguage":"it-IT","potentialAction":[{"@type":"ReadAction","target":["https:\/\/www.edinventa.com\/it\/consulenza-legale\/"]}]},{"@type":"BreadcrumbList","@id":"https:\/\/www.edinventa.com\/it\/consulenza-legale\/#breadcrumb","itemListElement":[{"@type":"ListItem","position":1,"name":"Portada","item":"https:\/\/www.edinventa.com\/it\/"},{"@type":"ListItem","position":2,"name":"Consulenza legale"}]},{"@type":"WebSite","@id":"https:\/\/www.edinventa.com\/it\/#website","url":"https:\/\/www.edinventa.com\/it\/","name":"HeroMask","description":"la m\u00e1scara de realidad virtual para aprender jugando","publisher":{"@id":"https:\/\/www.edinventa.com\/it\/#organization"},"potentialAction":[{"@type":"SearchAction","target":{"@type":"EntryPoint","urlTemplate":"https:\/\/www.edinventa.com\/it\/?s={search_term_string}"},"query-input":{"@type":"PropertyValueSpecification","valueRequired":true,"valueName":"search_term_string"}}],"inLanguage":"it-IT"},{"@type":"Organization","@id":"https:\/\/www.edinventa.com\/it\/#organization","name":"Heromask","url":"https:\/\/www.edinventa.com\/it\/","logo":{"@type":"ImageObject","inLanguage":"it-IT","@id":"https:\/\/www.edinventa.com\/it\/#\/schema\/logo\/image\/","url":"https:\/\/www.edinventa.com\/wp-content\/uploads\/2018\/08\/logo-Heromask-suavizado-01.png","contentUrl":"https:\/\/www.edinventa.com\/wp-content\/uploads\/2018\/08\/logo-Heromask-suavizado-01.png","width":519,"height":106,"caption":"Heromask"},"image":{"@id":"https:\/\/www.edinventa.com\/it\/#\/schema\/logo\/image\/"},"sameAs":["https:\/\/www.facebook.com\/heromask.edu\/","https:\/\/x.com\/heromask_","https:\/\/www.instagram.com\/heromask.ed\/","https:\/\/www.linkedin.com\/company\/heromask\/"]}]}},"_links":{"self":[{"href":"https:\/\/www.edinventa.com\/it\/wp-json\/wp\/v2\/pages\/9357","targetHints":{"allow":["GET"]}}],"collection":[{"href":"https:\/\/www.edinventa.com\/it\/wp-json\/wp\/v2\/pages"}],"about":[{"href":"https:\/\/www.edinventa.com\/it\/wp-json\/wp\/v2\/types\/page"}],"author":[{"embeddable":true,"href":"https:\/\/www.edinventa.com\/it\/wp-json\/wp\/v2\/users\/47"}],"replies":[{"embeddable":true,"href":"https:\/\/www.edinventa.com\/it\/wp-json\/wp\/v2\/comments?post=9357"}],"version-history":[{"count":0,"href":"https:\/\/www.edinventa.com\/it\/wp-json\/wp\/v2\/pages\/9357\/revisions"}],"wp:attachment":[{"href":"https:\/\/www.edinventa.com\/it\/wp-json\/wp\/v2\/media?parent=9357"}],"curies":[{"name":"wp","href":"https:\/\/api.w.org\/{rel}","templated":true}]}}