{"id":9705,"date":"2021-01-29T10:09:31","date_gmt":"2021-01-29T10:09:31","guid":{"rendered":"https:\/\/www.edinventa.com\/politica-dei-cookie\/"},"modified":"2021-01-29T10:09:31","modified_gmt":"2021-01-29T10:09:31","slug":"politica-dei-cookie","status":"publish","type":"page","link":"https:\/\/www.edinventa.com\/it\/politica-dei-cookie\/","title":{"rendered":"Politica dei cookie"},"content":{"rendered":"<p>Un cookie \u00e8 un piccolo file di testo che viene memorizzato nel tuo browser quando visiti quasi tutte le pagine web. La sua utilit\u00e0 \u00e8 che il web \u00e8 in grado di ricordare la tua visita quando torni a navigare su quella pagina. I cookie di solito immagazzinano informazioni di natura tecnica, preferenze personali, personalizzazione dei contenuti, statistiche di utilizzo, collegamenti a reti sociali, accesso agli account utente, ecc. Lo scopo del cookie \u00e8 quello di adattare il contenuto del web al suo profilo e alle sue necessit\u00e0, senza i cookie i servizi offerti da qualsiasi pagina sarebbero notevolmente ridotti. Se desidera consultare maggiori informazioni su cosa sono i cookies, cosa immagazzinano, come eliminarli, disattivarli, ecc, per favore vai a <a href=\"https:\/\/www.edinventa.com\/it\/extended-information-about-cookies\/\">questo link<\/a>.<\/p>\n<h3>Cookie utilizzati su questo sito web<\/h3>\n<p>Seguendo le linee guida dell&#8217;Agenzia Spagnola per la Protezione dei Dati che dettaglia l&#8217;uso dei cookies fatto da questo sito web al fine di informarvi con la massima precisione possibile.<\/p>\n<p>Questo sito web utilizza i seguenti <strong>propri cookies<\/strong>:<\/p>\n<ul>\n<li>Cookie di sessione per garantire che gli utenti che scrivono commenti sul blog siano umani e non app automatizzate. In questo modo si combatte lo spam.<\/li>\n<\/ul>\n<p>Questo sito web utilizza i seguenti <strong>cookie di terze parti<\/strong>:<\/p>\n<ul>\n<li>Google Analytics: Memorizza i cookie per essere in grado di compilare statistiche sul traffico e il volume delle visite a questo sito web. Utilizzando questo sito web si acconsente al trattamento delle informazioni su di voi da parte di Google. Pertanto, l&#8217;esercizio di qualsiasi diritto in questo senso deve essere fatto comunicando direttamente con Google.<\/li>\n<li>Hotjar: sessioni video registrate per controllare se il web viene utilizzato come previsto e migliorare l&#8217;usabilit\u00e0 del web.<\/li>\n<li>Facebook Pixel: per le statistiche di FacebookAds e per poter fare retargeting degli utenti di Facebook nel web.<\/li>\n<li>Google Adwords: per le statistiche di Google Adwords e per poter effettuare il retargeting degli utenti che utilizzano i servizi di Google e dei suoi partner.<\/li>\n<li>Reti sociali: Ogni rete sociale utilizza i propri cookie per poter cliccare sui pulsanti Like o Share.<\/li>\n<\/ul>\n<h3>Disattivare o eliminare i cookie<\/h3>\n<p>In qualsiasi momento pu\u00f2 esercitare il suo diritto a disabilitare o rimuovere i cookie da questa pagina web. Queste azioni vengono eseguite in modo diverso a seconda del browser che state utilizzando. Qui vi lasciamo una <a href=\"https:\/\/www.edinventa.com\/it\/extended-information-about-cookies\/#browsers\" target=\"_blank\" rel=\"noopener noreferrer\">guida rapida ai browser pi\u00f9 popolari<\/a>.<\/p>\n<h3>Note aggiuntive<\/h3>\n<ul>\n<li>N\u00e9 questo sito n\u00e9 i suoi rappresentanti legali sono responsabili del contenuto o della veridicit\u00e0 delle politiche sulla privacy che possono avere le terze parti menzionate in questa politica dei cookie.<\/li>\n<li>I navigatori web sono gli strumenti incaricati di immagazzinare i cookies e da questo luogo deve esercitare il suo diritto di Disabilitarli o cancellarli. N\u00e9 questo sito n\u00e9 i suoi rappresentanti legali possono garantire la corretta o errata manipolazione dei cookie da parte dei browser menzionati.<\/li>\n<li>In alcuni casi \u00e8 necessario installare dei cookies per aiutare il browser a ricordare la vostra decisione di non accettarli.<\/li>\n<li>Nel caso dei cookie di Google Analytics, questa azienda memorizza i cookie su server situati negli Stati Uniti e si impegna a non condividerli con terzi, tranne nei casi in cui \u00e8 necessario per il funzionamento del sistema o quando la legge richiede tale effetto. Secondo Google non salva il tuo indirizzo IP. Google Inc. \u00e8 un&#8217;azienda legata all&#8217;accordo di safe harbor assicura che tutti i dati trasferiti saranno trattati con un livello di protezione conforme alle norme europee.<\/li>\n<li>Potete trovare informazioni dettagliate qui su questo link. Se vuoi informazioni sull&#8217;uso che Google fa dei cookies ti alleghiamo quest&#8217;altro link.<\/li>\n<li>Per qualsiasi domanda o dubbio sui cookie di questa politica non esitate a contattarci attraverso la sezione di contatto.<\/li>\n<p>Cookies Advisor \u00e8 un plugin per WordPress creato da Carlos Doral<br \/>\n(webartesanal.com)<\/p>\n","protected":false},"excerpt":{"rendered":"<p>Un cookie \u00e8 un piccolo file di testo che viene memorizzato nel tuo browser quando visiti quasi tutte le pagine web. La sua utilit\u00e0 \u00e8 che il web \u00e8 in grado di ricordare la tua visita quando torni a navigare su quella pagina. I cookie di solito immagazzinano informazioni di natura tecnica, preferenze personali, personalizzazione dei contenuti, statistiche di utilizzo, &#8230;<\/p>\n","protected":false},"author":47,"featured_media":0,"parent":0,"menu_order":0,"comment_status":"closed","ping_status":"closed","template":"","meta":{"rs_blank_template":"","rs_page_bg_color":"","slide_template_v7":"","_joinchat":[],"footnotes":""},"class_list":["post-9705","page","type-page","status-publish","hentry","no-post-thumbnail"],"yoast_head":"<!-- This site is optimized with the Yoast SEO plugin v27.3 - https:\/\/yoast.com\/product\/yoast-seo-wordpress\/ -->\n<title>Politica dei cookie &#187; HeroMask<\/title>\n<meta name=\"robots\" content=\"noindex, nofollow\" \/>\n<meta property=\"og:locale\" content=\"it_IT\" \/>\n<meta property=\"og:type\" content=\"article\" \/>\n<meta property=\"og:title\" content=\"Politica dei cookie &#187; HeroMask\" \/>\n<meta property=\"og:description\" content=\"Un cookie \u00e8 un piccolo file di testo che viene memorizzato nel tuo browser quando visiti quasi tutte le pagine web. La sua utilit\u00e0 \u00e8 che il web \u00e8 in grado di ricordare la tua visita quando torni a navigare su quella pagina. I cookie di solito immagazzinano informazioni di natura tecnica, preferenze personali, personalizzazione dei contenuti, statistiche di utilizzo, ...\" \/>\n<meta property=\"og:url\" content=\"https:\/\/www.edinventa.com\/it\/politica-dei-cookie\/\" \/>\n<meta property=\"og:site_name\" content=\"HeroMask\" \/>\n<meta property=\"article:publisher\" content=\"https:\/\/www.facebook.com\/heromask.edu\/\" \/>\n<meta name=\"twitter:card\" content=\"summary_large_image\" \/>\n<meta name=\"twitter:site\" content=\"@heromask_\" \/>\n<meta name=\"twitter:label1\" content=\"Tempo di lettura stimato\" \/>\n\t<meta name=\"twitter:data1\" content=\"3 minuti\" \/>\n<script type=\"application\/ld+json\" class=\"yoast-schema-graph\">{\"@context\":\"https:\\\/\\\/schema.org\",\"@graph\":[{\"@type\":\"WebPage\",\"@id\":\"https:\\\/\\\/www.edinventa.com\\\/it\\\/politica-dei-cookie\\\/\",\"url\":\"https:\\\/\\\/www.edinventa.com\\\/it\\\/politica-dei-cookie\\\/\",\"name\":\"Politica dei cookie &#187; HeroMask\",\"isPartOf\":{\"@id\":\"https:\\\/\\\/www.edinventa.com\\\/it\\\/#website\"},\"datePublished\":\"2021-01-29T10:09:31+00:00\",\"breadcrumb\":{\"@id\":\"https:\\\/\\\/www.edinventa.com\\\/it\\\/politica-dei-cookie\\\/#breadcrumb\"},\"inLanguage\":\"it-IT\",\"potentialAction\":[{\"@type\":\"ReadAction\",\"target\":[\"https:\\\/\\\/www.edinventa.com\\\/it\\\/politica-dei-cookie\\\/\"]}]},{\"@type\":\"BreadcrumbList\",\"@id\":\"https:\\\/\\\/www.edinventa.com\\\/it\\\/politica-dei-cookie\\\/#breadcrumb\",\"itemListElement\":[{\"@type\":\"ListItem\",\"position\":1,\"name\":\"Portada\",\"item\":\"https:\\\/\\\/www.edinventa.com\\\/it\\\/\"},{\"@type\":\"ListItem\",\"position\":2,\"name\":\"Politica dei cookie\"}]},{\"@type\":\"WebSite\",\"@id\":\"https:\\\/\\\/www.edinventa.com\\\/it\\\/#website\",\"url\":\"https:\\\/\\\/www.edinventa.com\\\/it\\\/\",\"name\":\"HeroMask\",\"description\":\"la m\u00e1scara de realidad virtual para aprender jugando\",\"publisher\":{\"@id\":\"https:\\\/\\\/www.edinventa.com\\\/it\\\/#organization\"},\"potentialAction\":[{\"@type\":\"SearchAction\",\"target\":{\"@type\":\"EntryPoint\",\"urlTemplate\":\"https:\\\/\\\/www.edinventa.com\\\/it\\\/?s={search_term_string}\"},\"query-input\":{\"@type\":\"PropertyValueSpecification\",\"valueRequired\":true,\"valueName\":\"search_term_string\"}}],\"inLanguage\":\"it-IT\"},{\"@type\":\"Organization\",\"@id\":\"https:\\\/\\\/www.edinventa.com\\\/it\\\/#organization\",\"name\":\"Heromask\",\"url\":\"https:\\\/\\\/www.edinventa.com\\\/it\\\/\",\"logo\":{\"@type\":\"ImageObject\",\"inLanguage\":\"it-IT\",\"@id\":\"https:\\\/\\\/www.edinventa.com\\\/it\\\/#\\\/schema\\\/logo\\\/image\\\/\",\"url\":\"https:\\\/\\\/www.edinventa.com\\\/wp-content\\\/uploads\\\/2018\\\/08\\\/logo-Heromask-suavizado-01.png\",\"contentUrl\":\"https:\\\/\\\/www.edinventa.com\\\/wp-content\\\/uploads\\\/2018\\\/08\\\/logo-Heromask-suavizado-01.png\",\"width\":519,\"height\":106,\"caption\":\"Heromask\"},\"image\":{\"@id\":\"https:\\\/\\\/www.edinventa.com\\\/it\\\/#\\\/schema\\\/logo\\\/image\\\/\"},\"sameAs\":[\"https:\\\/\\\/www.facebook.com\\\/heromask.edu\\\/\",\"https:\\\/\\\/x.com\\\/heromask_\",\"https:\\\/\\\/www.instagram.com\\\/heromask.ed\\\/\",\"https:\\\/\\\/www.linkedin.com\\\/company\\\/heromask\\\/\"]}]}<\/script>\n<!-- \/ Yoast SEO plugin. -->","yoast_head_json":{"title":"Politica dei cookie &#187; HeroMask","robots":{"index":"noindex","follow":"nofollow"},"og_locale":"it_IT","og_type":"article","og_title":"Politica dei cookie &#187; HeroMask","og_description":"Un cookie \u00e8 un piccolo file di testo che viene memorizzato nel tuo browser quando visiti quasi tutte le pagine web. La sua utilit\u00e0 \u00e8 che il web \u00e8 in grado di ricordare la tua visita quando torni a navigare su quella pagina. I cookie di solito immagazzinano informazioni di natura tecnica, preferenze personali, personalizzazione dei contenuti, statistiche di utilizzo, ...","og_url":"https:\/\/www.edinventa.com\/it\/politica-dei-cookie\/","og_site_name":"HeroMask","article_publisher":"https:\/\/www.facebook.com\/heromask.edu\/","twitter_card":"summary_large_image","twitter_site":"@heromask_","twitter_misc":{"Tempo di lettura stimato":"3 minuti"},"schema":{"@context":"https:\/\/schema.org","@graph":[{"@type":"WebPage","@id":"https:\/\/www.edinventa.com\/it\/politica-dei-cookie\/","url":"https:\/\/www.edinventa.com\/it\/politica-dei-cookie\/","name":"Politica dei cookie &#187; HeroMask","isPartOf":{"@id":"https:\/\/www.edinventa.com\/it\/#website"},"datePublished":"2021-01-29T10:09:31+00:00","breadcrumb":{"@id":"https:\/\/www.edinventa.com\/it\/politica-dei-cookie\/#breadcrumb"},"inLanguage":"it-IT","potentialAction":[{"@type":"ReadAction","target":["https:\/\/www.edinventa.com\/it\/politica-dei-cookie\/"]}]},{"@type":"BreadcrumbList","@id":"https:\/\/www.edinventa.com\/it\/politica-dei-cookie\/#breadcrumb","itemListElement":[{"@type":"ListItem","position":1,"name":"Portada","item":"https:\/\/www.edinventa.com\/it\/"},{"@type":"ListItem","position":2,"name":"Politica dei cookie"}]},{"@type":"WebSite","@id":"https:\/\/www.edinventa.com\/it\/#website","url":"https:\/\/www.edinventa.com\/it\/","name":"HeroMask","description":"la m\u00e1scara de realidad virtual para aprender jugando","publisher":{"@id":"https:\/\/www.edinventa.com\/it\/#organization"},"potentialAction":[{"@type":"SearchAction","target":{"@type":"EntryPoint","urlTemplate":"https:\/\/www.edinventa.com\/it\/?s={search_term_string}"},"query-input":{"@type":"PropertyValueSpecification","valueRequired":true,"valueName":"search_term_string"}}],"inLanguage":"it-IT"},{"@type":"Organization","@id":"https:\/\/www.edinventa.com\/it\/#organization","name":"Heromask","url":"https:\/\/www.edinventa.com\/it\/","logo":{"@type":"ImageObject","inLanguage":"it-IT","@id":"https:\/\/www.edinventa.com\/it\/#\/schema\/logo\/image\/","url":"https:\/\/www.edinventa.com\/wp-content\/uploads\/2018\/08\/logo-Heromask-suavizado-01.png","contentUrl":"https:\/\/www.edinventa.com\/wp-content\/uploads\/2018\/08\/logo-Heromask-suavizado-01.png","width":519,"height":106,"caption":"Heromask"},"image":{"@id":"https:\/\/www.edinventa.com\/it\/#\/schema\/logo\/image\/"},"sameAs":["https:\/\/www.facebook.com\/heromask.edu\/","https:\/\/x.com\/heromask_","https:\/\/www.instagram.com\/heromask.ed\/","https:\/\/www.linkedin.com\/company\/heromask\/"]}]}},"_links":{"self":[{"href":"https:\/\/www.edinventa.com\/it\/wp-json\/wp\/v2\/pages\/9705","targetHints":{"allow":["GET"]}}],"collection":[{"href":"https:\/\/www.edinventa.com\/it\/wp-json\/wp\/v2\/pages"}],"about":[{"href":"https:\/\/www.edinventa.com\/it\/wp-json\/wp\/v2\/types\/page"}],"author":[{"embeddable":true,"href":"https:\/\/www.edinventa.com\/it\/wp-json\/wp\/v2\/users\/47"}],"replies":[{"embeddable":true,"href":"https:\/\/www.edinventa.com\/it\/wp-json\/wp\/v2\/comments?post=9705"}],"version-history":[{"count":0,"href":"https:\/\/www.edinventa.com\/it\/wp-json\/wp\/v2\/pages\/9705\/revisions"}],"wp:attachment":[{"href":"https:\/\/www.edinventa.com\/it\/wp-json\/wp\/v2\/media?parent=9705"}],"curies":[{"name":"wp","href":"https:\/\/api.w.org\/{rel}","templated":true}]}}