{"id":8605,"date":"2020-10-07T11:52:26","date_gmt":"2020-10-07T11:52:26","guid":{"rendered":"https:\/\/www.edinventa.com\/heromask-languages-mathematics-dutch\/"},"modified":"2025-12-05T11:38:13","modified_gmt":"2025-12-05T11:38:13","slug":"heromask-talen-wiskunde","status":"publish","type":"page","link":"https:\/\/www.edinventa.com\/nl\/heromask-talen-wiskunde\/","title":{"rendered":"Heromask Talen Wiskunde"},"content":{"rendered":"<div id=\"cs-content\" class=\"cs-content\"><\/div>\n","protected":false},"excerpt":{"rendered":"<p>Espa\u00f1ol English Fran\u00e7ais Deutsch Italiano US polski \u010ce\u0161tina UK Nederlands \u0420\u0443\u0441\u0441\u043a\u0438\u0439 Portugu\u00eas English (Canada) Mex Espa\u00f1ol Geweldige virtuele realiteit spellen om talen en wiskunde te leren (inclusief VR headset) Heromask Talen Dubbel pakket: Taal + Wiskunde. (alleen web) 69&euro; 49&euro; 79&euro; 59&euro; Offici\u00eble website van de fabrikant. Beste prijs gegarandeerd: Als je het goedkoper vind, zullen wij het matchen. Koop &#8230;<\/p>\n","protected":false},"author":23,"featured_media":8712,"parent":0,"menu_order":0,"comment_status":"open","ping_status":"closed","template":"","meta":{"rs_blank_template":"","rs_page_bg_color":"#ffffff","slide_template_v7":"","_joinchat":[],"footnotes":""},"class_list":["post-8605","page","type-page","status-publish","has-post-thumbnail","hentry"],"yoast_head":"<!-- This site is optimized with the Yoast SEO plugin v27.3 - https:\/\/yoast.com\/product\/yoast-seo-wordpress\/ -->\n<title>Heromask Talen Wiskunde &#187; Virtuale Realiteit<\/title>\n<meta name=\"description\" content=\"Voor kinderen van 5, 6, 7, 8 ..., tot 12 jaar. Virtuale realiteit spellen om talen en wiskunde te leren (inclusief VR headset).\" \/>\n<meta name=\"robots\" content=\"index, follow, max-snippet:-1, max-image-preview:large, max-video-preview:-1\" \/>\n<link rel=\"canonical\" href=\"https:\/\/www.edinventa.com\/nl\/heromask-talen-wiskunde\/\" \/>\n<meta property=\"og:locale\" content=\"nl_NL\" \/>\n<meta property=\"og:type\" content=\"article\" \/>\n<meta property=\"og:title\" content=\"Heromask Talen Wiskunde &#187; Virtuale Realiteit\" \/>\n<meta property=\"og:description\" content=\"Voor kinderen van 5, 6, 7, 8 ..., tot 12 jaar. Virtuale realiteit spellen om talen en wiskunde te leren (inclusief VR headset).\" \/>\n<meta property=\"og:url\" content=\"https:\/\/www.edinventa.com\/nl\/heromask-talen-wiskunde\/\" \/>\n<meta property=\"og:site_name\" content=\"HeroMask\" \/>\n<meta property=\"article:publisher\" content=\"https:\/\/www.facebook.com\/heromask.edu\/\" \/>\n<meta property=\"article:modified_time\" content=\"2025-12-05T11:38:13+00:00\" \/>\n<meta property=\"og:image\" content=\"https:\/\/www.edinventa.com\/wp-content\/uploads\/2018\/08\/para-Amazon-heromask-packaging-2017-18.jpg\" \/>\n<meta name=\"twitter:card\" content=\"summary_large_image\" \/>\n<meta name=\"twitter:site\" content=\"@heromask_\" \/>\n<meta name=\"twitter:label1\" content=\"Geschatte leestijd\" \/>\n\t<meta name=\"twitter:data1\" content=\"9 minuten\" \/>\n<script type=\"application\/ld+json\" class=\"yoast-schema-graph\">{\"@context\":\"https:\\\/\\\/schema.org\",\"@graph\":[{\"@type\":\"WebPage\",\"@id\":\"https:\\\/\\\/www.edinventa.com\\\/nl\\\/heromask-talen-wiskunde\\\/\",\"url\":\"https:\\\/\\\/www.edinventa.com\\\/nl\\\/heromask-talen-wiskunde\\\/\",\"name\":\"Heromask Talen Wiskunde &#187; Virtuale Realiteit\",\"isPartOf\":{\"@id\":\"https:\\\/\\\/www.edinventa.com\\\/nl\\\/#website\"},\"primaryImageOfPage\":{\"@id\":\"https:\\\/\\\/www.edinventa.com\\\/nl\\\/heromask-talen-wiskunde\\\/#primaryimage\"},\"image\":{\"@id\":\"https:\\\/\\\/www.edinventa.com\\\/nl\\\/heromask-talen-wiskunde\\\/#primaryimage\"},\"thumbnailUrl\":\"https:\\\/\\\/www.edinventa.com\\\/wp-content\\\/uploads\\\/2019\\\/11\\\/1-M-Math_V12_Nin\u0303oGrande_SinMargenes_-height-900-72p.jpg\",\"datePublished\":\"2020-10-07T11:52:26+00:00\",\"dateModified\":\"2025-12-05T11:38:13+00:00\",\"description\":\"Voor kinderen van 5, 6, 7, 8 ..., tot 12 jaar. Virtuale realiteit spellen om talen en wiskunde te leren (inclusief VR headset).\",\"breadcrumb\":{\"@id\":\"https:\\\/\\\/www.edinventa.com\\\/nl\\\/heromask-talen-wiskunde\\\/#breadcrumb\"},\"inLanguage\":\"nl-NL\",\"potentialAction\":[{\"@type\":\"ReadAction\",\"target\":[\"https:\\\/\\\/www.edinventa.com\\\/nl\\\/heromask-talen-wiskunde\\\/\"]}]},{\"@type\":\"ImageObject\",\"inLanguage\":\"nl-NL\",\"@id\":\"https:\\\/\\\/www.edinventa.com\\\/nl\\\/heromask-talen-wiskunde\\\/#primaryimage\",\"url\":\"https:\\\/\\\/www.edinventa.com\\\/wp-content\\\/uploads\\\/2019\\\/11\\\/1-M-Math_V12_Nin\u0303oGrande_SinMargenes_-height-900-72p.jpg\",\"contentUrl\":\"https:\\\/\\\/www.edinventa.com\\\/wp-content\\\/uploads\\\/2019\\\/11\\\/1-M-Math_V12_Nin\u0303oGrande_SinMargenes_-height-900-72p.jpg\",\"width\":1092,\"height\":900},{\"@type\":\"BreadcrumbList\",\"@id\":\"https:\\\/\\\/www.edinventa.com\\\/nl\\\/heromask-talen-wiskunde\\\/#breadcrumb\",\"itemListElement\":[{\"@type\":\"ListItem\",\"position\":1,\"name\":\"Portada\",\"item\":\"https:\\\/\\\/www.edinventa.com\\\/nl\\\/\"},{\"@type\":\"ListItem\",\"position\":2,\"name\":\"Heromask Talen Wiskunde\"}]},{\"@type\":\"WebSite\",\"@id\":\"https:\\\/\\\/www.edinventa.com\\\/nl\\\/#website\",\"url\":\"https:\\\/\\\/www.edinventa.com\\\/nl\\\/\",\"name\":\"HeroMask\",\"description\":\"la m\u00e1scara de realidad virtual para aprender jugando\",\"publisher\":{\"@id\":\"https:\\\/\\\/www.edinventa.com\\\/nl\\\/#organization\"},\"potentialAction\":[{\"@type\":\"SearchAction\",\"target\":{\"@type\":\"EntryPoint\",\"urlTemplate\":\"https:\\\/\\\/www.edinventa.com\\\/nl\\\/?s={search_term_string}\"},\"query-input\":{\"@type\":\"PropertyValueSpecification\",\"valueRequired\":true,\"valueName\":\"search_term_string\"}}],\"inLanguage\":\"nl-NL\"},{\"@type\":\"Organization\",\"@id\":\"https:\\\/\\\/www.edinventa.com\\\/nl\\\/#organization\",\"name\":\"Heromask\",\"url\":\"https:\\\/\\\/www.edinventa.com\\\/nl\\\/\",\"logo\":{\"@type\":\"ImageObject\",\"inLanguage\":\"nl-NL\",\"@id\":\"https:\\\/\\\/www.edinventa.com\\\/nl\\\/#\\\/schema\\\/logo\\\/image\\\/\",\"url\":\"https:\\\/\\\/www.edinventa.com\\\/wp-content\\\/uploads\\\/2018\\\/08\\\/logo-Heromask-suavizado-01.png\",\"contentUrl\":\"https:\\\/\\\/www.edinventa.com\\\/wp-content\\\/uploads\\\/2018\\\/08\\\/logo-Heromask-suavizado-01.png\",\"width\":519,\"height\":106,\"caption\":\"Heromask\"},\"image\":{\"@id\":\"https:\\\/\\\/www.edinventa.com\\\/nl\\\/#\\\/schema\\\/logo\\\/image\\\/\"},\"sameAs\":[\"https:\\\/\\\/www.facebook.com\\\/heromask.edu\\\/\",\"https:\\\/\\\/x.com\\\/heromask_\",\"https:\\\/\\\/www.instagram.com\\\/heromask.ed\\\/\",\"https:\\\/\\\/www.linkedin.com\\\/company\\\/heromask\\\/\"]}]}<\/script>\n<!-- \/ Yoast SEO plugin. -->","yoast_head_json":{"title":"Heromask Talen Wiskunde &#187; Virtuale Realiteit","description":"Voor kinderen van 5, 6, 7, 8 ..., tot 12 jaar. Virtuale realiteit spellen om talen en wiskunde te leren (inclusief VR headset).","robots":{"index":"index","follow":"follow","max-snippet":"max-snippet:-1","max-image-preview":"max-image-preview:large","max-video-preview":"max-video-preview:-1"},"canonical":"https:\/\/www.edinventa.com\/nl\/heromask-talen-wiskunde\/","og_locale":"nl_NL","og_type":"article","og_title":"Heromask Talen Wiskunde &#187; Virtuale Realiteit","og_description":"Voor kinderen van 5, 6, 7, 8 ..., tot 12 jaar. Virtuale realiteit spellen om talen en wiskunde te leren (inclusief VR headset).","og_url":"https:\/\/www.edinventa.com\/nl\/heromask-talen-wiskunde\/","og_site_name":"HeroMask","article_publisher":"https:\/\/www.facebook.com\/heromask.edu\/","article_modified_time":"2025-12-05T11:38:13+00:00","og_image":[{"url":"https:\/\/www.edinventa.com\/wp-content\/uploads\/2018\/08\/para-Amazon-heromask-packaging-2017-18.jpg","type":"","width":"","height":""}],"twitter_card":"summary_large_image","twitter_site":"@heromask_","twitter_misc":{"Geschatte leestijd":"9 minuten"},"schema":{"@context":"https:\/\/schema.org","@graph":[{"@type":"WebPage","@id":"https:\/\/www.edinventa.com\/nl\/heromask-talen-wiskunde\/","url":"https:\/\/www.edinventa.com\/nl\/heromask-talen-wiskunde\/","name":"Heromask Talen Wiskunde &#187; Virtuale Realiteit","isPartOf":{"@id":"https:\/\/www.edinventa.com\/nl\/#website"},"primaryImageOfPage":{"@id":"https:\/\/www.edinventa.com\/nl\/heromask-talen-wiskunde\/#primaryimage"},"image":{"@id":"https:\/\/www.edinventa.com\/nl\/heromask-talen-wiskunde\/#primaryimage"},"thumbnailUrl":"https:\/\/www.edinventa.com\/wp-content\/uploads\/2019\/11\/1-M-Math_V12_Nin\u0303oGrande_SinMargenes_-height-900-72p.jpg","datePublished":"2020-10-07T11:52:26+00:00","dateModified":"2025-12-05T11:38:13+00:00","description":"Voor kinderen van 5, 6, 7, 8 ..., tot 12 jaar. Virtuale realiteit spellen om talen en wiskunde te leren (inclusief VR headset).","breadcrumb":{"@id":"https:\/\/www.edinventa.com\/nl\/heromask-talen-wiskunde\/#breadcrumb"},"inLanguage":"nl-NL","potentialAction":[{"@type":"ReadAction","target":["https:\/\/www.edinventa.com\/nl\/heromask-talen-wiskunde\/"]}]},{"@type":"ImageObject","inLanguage":"nl-NL","@id":"https:\/\/www.edinventa.com\/nl\/heromask-talen-wiskunde\/#primaryimage","url":"https:\/\/www.edinventa.com\/wp-content\/uploads\/2019\/11\/1-M-Math_V12_Nin\u0303oGrande_SinMargenes_-height-900-72p.jpg","contentUrl":"https:\/\/www.edinventa.com\/wp-content\/uploads\/2019\/11\/1-M-Math_V12_Nin\u0303oGrande_SinMargenes_-height-900-72p.jpg","width":1092,"height":900},{"@type":"BreadcrumbList","@id":"https:\/\/www.edinventa.com\/nl\/heromask-talen-wiskunde\/#breadcrumb","itemListElement":[{"@type":"ListItem","position":1,"name":"Portada","item":"https:\/\/www.edinventa.com\/nl\/"},{"@type":"ListItem","position":2,"name":"Heromask Talen Wiskunde"}]},{"@type":"WebSite","@id":"https:\/\/www.edinventa.com\/nl\/#website","url":"https:\/\/www.edinventa.com\/nl\/","name":"HeroMask","description":"la m\u00e1scara de realidad virtual para aprender jugando","publisher":{"@id":"https:\/\/www.edinventa.com\/nl\/#organization"},"potentialAction":[{"@type":"SearchAction","target":{"@type":"EntryPoint","urlTemplate":"https:\/\/www.edinventa.com\/nl\/?s={search_term_string}"},"query-input":{"@type":"PropertyValueSpecification","valueRequired":true,"valueName":"search_term_string"}}],"inLanguage":"nl-NL"},{"@type":"Organization","@id":"https:\/\/www.edinventa.com\/nl\/#organization","name":"Heromask","url":"https:\/\/www.edinventa.com\/nl\/","logo":{"@type":"ImageObject","inLanguage":"nl-NL","@id":"https:\/\/www.edinventa.com\/nl\/#\/schema\/logo\/image\/","url":"https:\/\/www.edinventa.com\/wp-content\/uploads\/2018\/08\/logo-Heromask-suavizado-01.png","contentUrl":"https:\/\/www.edinventa.com\/wp-content\/uploads\/2018\/08\/logo-Heromask-suavizado-01.png","width":519,"height":106,"caption":"Heromask"},"image":{"@id":"https:\/\/www.edinventa.com\/nl\/#\/schema\/logo\/image\/"},"sameAs":["https:\/\/www.facebook.com\/heromask.edu\/","https:\/\/x.com\/heromask_","https:\/\/www.instagram.com\/heromask.ed\/","https:\/\/www.linkedin.com\/company\/heromask\/"]}]}},"_links":{"self":[{"href":"https:\/\/www.edinventa.com\/nl\/wp-json\/wp\/v2\/pages\/8605","targetHints":{"allow":["GET"]}}],"collection":[{"href":"https:\/\/www.edinventa.com\/nl\/wp-json\/wp\/v2\/pages"}],"about":[{"href":"https:\/\/www.edinventa.com\/nl\/wp-json\/wp\/v2\/types\/page"}],"author":[{"embeddable":true,"href":"https:\/\/www.edinventa.com\/nl\/wp-json\/wp\/v2\/users\/23"}],"replies":[{"embeddable":true,"href":"https:\/\/www.edinventa.com\/nl\/wp-json\/wp\/v2\/comments?post=8605"}],"version-history":[{"count":1,"href":"https:\/\/www.edinventa.com\/nl\/wp-json\/wp\/v2\/pages\/8605\/revisions"}],"predecessor-version":[{"id":138879,"href":"https:\/\/www.edinventa.com\/nl\/wp-json\/wp\/v2\/pages\/8605\/revisions\/138879"}],"wp:featuredmedia":[{"embeddable":true,"href":"https:\/\/www.edinventa.com\/nl\/wp-json\/wp\/v2\/media\/8712"}],"wp:attachment":[{"href":"https:\/\/www.edinventa.com\/nl\/wp-json\/wp\/v2\/media?parent=8605"}],"curies":[{"name":"wp","href":"https:\/\/api.w.org\/{rel}","templated":true}]}}