{"id":8299,"date":"2018-10-11T11:07:12","date_gmt":"2018-10-11T11:07:12","guid":{"rendered":"https:\/\/www.edinventa.com\/heromask-languages-mathematics\/"},"modified":"2025-07-03T10:22:57","modified_gmt":"2025-07-03T10:22:57","slug":"heromask-jezyki-matematyka","status":"publish","type":"page","link":"https:\/\/www.edinventa.com\/pl\/heromask-jezyki-matematyka\/","title":{"rendered":"Heromask J\u0119zyki Matematyka"},"content":{"rendered":"<div id=\"cs-content\" class=\"cs-content\"><\/div>\n","protected":false},"excerpt":{"rendered":"<p>Espa\u00f1ol English Fran\u00e7ais Deutsch Italiano US polski \u010ce\u0161tina UK Nederlands \u0420\u0443\u0441\u0441\u043a\u0438\u0439 Portugu\u00eas English (Canada) Mex Espa\u00f1ol Niesamowite gry wirtualnej rzeczywisto\u015bci do nauki j\u0119zyk\u00f3w i matematyki (w zestaw wl\u0105czenVR) J\u0119zyki Heromask Podw\u00f3jne opakowanie: Lang. + Math. (tylko internet) 69&euro; 49&euro; 79&euro; 59&euro; Oficjalna strona producenta. Gwarancja najlepszej ceny: je\u015bli uznasz to za ta\u0144sze, dopasujemy go. Kupuj Zestaw:\u00a018 Kupuj Zestaw:\u00a020+ Zestaw s\u0142uchawkowy &#8230;<\/p>\n","protected":false},"author":47,"featured_media":8317,"parent":0,"menu_order":0,"comment_status":"open","ping_status":"closed","template":"","meta":{"rs_blank_template":"","rs_page_bg_color":"#ffffff","slide_template_v7":"","_joinchat":[],"footnotes":""},"class_list":["post-8299","page","type-page","status-publish","has-post-thumbnail","hentry"],"yoast_head":"<!-- This site is optimized with the Yoast SEO plugin v27.3 - https:\/\/yoast.com\/product\/yoast-seo-wordpress\/ -->\n<title>Heromask J\u0119zyki Matematyka &#187; Gry wirtualnej rzeczywisto\u015bci<\/title>\n<meta name=\"description\" content=\"Niesamowite gry wirtualnej rzeczywisto\u015bci do nauki j\u0119zyk\u00f3w i matematyki (w zestaw wl\u0105czenVR)\" \/>\n<meta name=\"robots\" content=\"index, follow, max-snippet:-1, max-image-preview:large, max-video-preview:-1\" \/>\n<link rel=\"canonical\" href=\"https:\/\/www.edinventa.com\/pl\/heromask-jezyki-matematyka\/\" \/>\n<meta property=\"og:locale\" content=\"pl_PL\" \/>\n<meta property=\"og:type\" content=\"article\" \/>\n<meta property=\"og:title\" content=\"Heromask J\u0119zyki Matematyka &#187; Gry wirtualnej rzeczywisto\u015bci\" \/>\n<meta property=\"og:description\" content=\"Niesamowite gry wirtualnej rzeczywisto\u015bci do nauki j\u0119zyk\u00f3w i matematyki (w zestaw wl\u0105czenVR)\" \/>\n<meta property=\"og:url\" content=\"https:\/\/www.edinventa.com\/pl\/heromask-jezyki-matematyka\/\" \/>\n<meta property=\"og:site_name\" content=\"HeroMask\" \/>\n<meta property=\"article:publisher\" content=\"https:\/\/www.facebook.com\/heromask.edu\/\" \/>\n<meta property=\"article:modified_time\" content=\"2025-07-03T10:22:57+00:00\" \/>\n<meta property=\"og:image\" content=\"https:\/\/www.edinventa.com\/wp-content\/uploads\/2018\/08\/para-Amazon-heromask-packaging-2017-18.jpg\" \/>\n<meta name=\"twitter:card\" content=\"summary_large_image\" \/>\n<meta name=\"twitter:site\" content=\"@heromask_\" \/>\n<meta name=\"twitter:label1\" content=\"Szacowany czas czytania\" \/>\n\t<meta name=\"twitter:data1\" content=\"9 minut\" \/>\n<script type=\"application\/ld+json\" class=\"yoast-schema-graph\">{\"@context\":\"https:\\\/\\\/schema.org\",\"@graph\":[{\"@type\":\"WebPage\",\"@id\":\"https:\\\/\\\/www.edinventa.com\\\/pl\\\/heromask-jezyki-matematyka\\\/\",\"url\":\"https:\\\/\\\/www.edinventa.com\\\/pl\\\/heromask-jezyki-matematyka\\\/\",\"name\":\"Heromask J\u0119zyki Matematyka &#187; Gry wirtualnej rzeczywisto\u015bci\",\"isPartOf\":{\"@id\":\"https:\\\/\\\/www.edinventa.com\\\/pl\\\/#website\"},\"primaryImageOfPage\":{\"@id\":\"https:\\\/\\\/www.edinventa.com\\\/pl\\\/heromask-jezyki-matematyka\\\/#primaryimage\"},\"image\":{\"@id\":\"https:\\\/\\\/www.edinventa.com\\\/pl\\\/heromask-jezyki-matematyka\\\/#primaryimage\"},\"thumbnailUrl\":\"https:\\\/\\\/www.edinventa.com\\\/wp-content\\\/uploads\\\/2019\\\/11\\\/1-L-Languages_V9_SinMargenes_-height-900-72p.jpg\",\"datePublished\":\"2018-10-11T11:07:12+00:00\",\"dateModified\":\"2025-07-03T10:22:57+00:00\",\"description\":\"Niesamowite gry wirtualnej rzeczywisto\u015bci do nauki j\u0119zyk\u00f3w i matematyki (w zestaw wl\u0105czenVR)\",\"breadcrumb\":{\"@id\":\"https:\\\/\\\/www.edinventa.com\\\/pl\\\/heromask-jezyki-matematyka\\\/#breadcrumb\"},\"inLanguage\":\"pl-PL\",\"potentialAction\":[{\"@type\":\"ReadAction\",\"target\":[\"https:\\\/\\\/www.edinventa.com\\\/pl\\\/heromask-jezyki-matematyka\\\/\"]}]},{\"@type\":\"ImageObject\",\"inLanguage\":\"pl-PL\",\"@id\":\"https:\\\/\\\/www.edinventa.com\\\/pl\\\/heromask-jezyki-matematyka\\\/#primaryimage\",\"url\":\"https:\\\/\\\/www.edinventa.com\\\/wp-content\\\/uploads\\\/2019\\\/11\\\/1-L-Languages_V9_SinMargenes_-height-900-72p.jpg\",\"contentUrl\":\"https:\\\/\\\/www.edinventa.com\\\/wp-content\\\/uploads\\\/2019\\\/11\\\/1-L-Languages_V9_SinMargenes_-height-900-72p.jpg\",\"width\":1092,\"height\":900},{\"@type\":\"BreadcrumbList\",\"@id\":\"https:\\\/\\\/www.edinventa.com\\\/pl\\\/heromask-jezyki-matematyka\\\/#breadcrumb\",\"itemListElement\":[{\"@type\":\"ListItem\",\"position\":1,\"name\":\"Portada\",\"item\":\"https:\\\/\\\/www.edinventa.com\\\/pl\\\/\"},{\"@type\":\"ListItem\",\"position\":2,\"name\":\"Heromask J\u0119zyki Matematyka\"}]},{\"@type\":\"WebSite\",\"@id\":\"https:\\\/\\\/www.edinventa.com\\\/pl\\\/#website\",\"url\":\"https:\\\/\\\/www.edinventa.com\\\/pl\\\/\",\"name\":\"HeroMask\",\"description\":\"la m\u00e1scara de realidad virtual para aprender jugando\",\"publisher\":{\"@id\":\"https:\\\/\\\/www.edinventa.com\\\/pl\\\/#organization\"},\"potentialAction\":[{\"@type\":\"SearchAction\",\"target\":{\"@type\":\"EntryPoint\",\"urlTemplate\":\"https:\\\/\\\/www.edinventa.com\\\/pl\\\/?s={search_term_string}\"},\"query-input\":{\"@type\":\"PropertyValueSpecification\",\"valueRequired\":true,\"valueName\":\"search_term_string\"}}],\"inLanguage\":\"pl-PL\"},{\"@type\":\"Organization\",\"@id\":\"https:\\\/\\\/www.edinventa.com\\\/pl\\\/#organization\",\"name\":\"Heromask\",\"url\":\"https:\\\/\\\/www.edinventa.com\\\/pl\\\/\",\"logo\":{\"@type\":\"ImageObject\",\"inLanguage\":\"pl-PL\",\"@id\":\"https:\\\/\\\/www.edinventa.com\\\/pl\\\/#\\\/schema\\\/logo\\\/image\\\/\",\"url\":\"https:\\\/\\\/www.edinventa.com\\\/wp-content\\\/uploads\\\/2018\\\/08\\\/logo-Heromask-suavizado-01.png\",\"contentUrl\":\"https:\\\/\\\/www.edinventa.com\\\/wp-content\\\/uploads\\\/2018\\\/08\\\/logo-Heromask-suavizado-01.png\",\"width\":519,\"height\":106,\"caption\":\"Heromask\"},\"image\":{\"@id\":\"https:\\\/\\\/www.edinventa.com\\\/pl\\\/#\\\/schema\\\/logo\\\/image\\\/\"},\"sameAs\":[\"https:\\\/\\\/www.facebook.com\\\/heromask.edu\\\/\",\"https:\\\/\\\/x.com\\\/heromask_\",\"https:\\\/\\\/www.instagram.com\\\/heromask.ed\\\/\",\"https:\\\/\\\/www.linkedin.com\\\/company\\\/heromask\\\/\"]}]}<\/script>\n<!-- \/ Yoast SEO plugin. -->","yoast_head_json":{"title":"Heromask J\u0119zyki Matematyka &#187; Gry wirtualnej rzeczywisto\u015bci","description":"Niesamowite gry wirtualnej rzeczywisto\u015bci do nauki j\u0119zyk\u00f3w i matematyki (w zestaw wl\u0105czenVR)","robots":{"index":"index","follow":"follow","max-snippet":"max-snippet:-1","max-image-preview":"max-image-preview:large","max-video-preview":"max-video-preview:-1"},"canonical":"https:\/\/www.edinventa.com\/pl\/heromask-jezyki-matematyka\/","og_locale":"pl_PL","og_type":"article","og_title":"Heromask J\u0119zyki Matematyka &#187; Gry wirtualnej rzeczywisto\u015bci","og_description":"Niesamowite gry wirtualnej rzeczywisto\u015bci do nauki j\u0119zyk\u00f3w i matematyki (w zestaw wl\u0105czenVR)","og_url":"https:\/\/www.edinventa.com\/pl\/heromask-jezyki-matematyka\/","og_site_name":"HeroMask","article_publisher":"https:\/\/www.facebook.com\/heromask.edu\/","article_modified_time":"2025-07-03T10:22:57+00:00","og_image":[{"url":"https:\/\/www.edinventa.com\/wp-content\/uploads\/2018\/08\/para-Amazon-heromask-packaging-2017-18.jpg","type":"","width":"","height":""}],"twitter_card":"summary_large_image","twitter_site":"@heromask_","twitter_misc":{"Szacowany czas czytania":"9 minut"},"schema":{"@context":"https:\/\/schema.org","@graph":[{"@type":"WebPage","@id":"https:\/\/www.edinventa.com\/pl\/heromask-jezyki-matematyka\/","url":"https:\/\/www.edinventa.com\/pl\/heromask-jezyki-matematyka\/","name":"Heromask J\u0119zyki Matematyka &#187; Gry wirtualnej rzeczywisto\u015bci","isPartOf":{"@id":"https:\/\/www.edinventa.com\/pl\/#website"},"primaryImageOfPage":{"@id":"https:\/\/www.edinventa.com\/pl\/heromask-jezyki-matematyka\/#primaryimage"},"image":{"@id":"https:\/\/www.edinventa.com\/pl\/heromask-jezyki-matematyka\/#primaryimage"},"thumbnailUrl":"https:\/\/www.edinventa.com\/wp-content\/uploads\/2019\/11\/1-L-Languages_V9_SinMargenes_-height-900-72p.jpg","datePublished":"2018-10-11T11:07:12+00:00","dateModified":"2025-07-03T10:22:57+00:00","description":"Niesamowite gry wirtualnej rzeczywisto\u015bci do nauki j\u0119zyk\u00f3w i matematyki (w zestaw wl\u0105czenVR)","breadcrumb":{"@id":"https:\/\/www.edinventa.com\/pl\/heromask-jezyki-matematyka\/#breadcrumb"},"inLanguage":"pl-PL","potentialAction":[{"@type":"ReadAction","target":["https:\/\/www.edinventa.com\/pl\/heromask-jezyki-matematyka\/"]}]},{"@type":"ImageObject","inLanguage":"pl-PL","@id":"https:\/\/www.edinventa.com\/pl\/heromask-jezyki-matematyka\/#primaryimage","url":"https:\/\/www.edinventa.com\/wp-content\/uploads\/2019\/11\/1-L-Languages_V9_SinMargenes_-height-900-72p.jpg","contentUrl":"https:\/\/www.edinventa.com\/wp-content\/uploads\/2019\/11\/1-L-Languages_V9_SinMargenes_-height-900-72p.jpg","width":1092,"height":900},{"@type":"BreadcrumbList","@id":"https:\/\/www.edinventa.com\/pl\/heromask-jezyki-matematyka\/#breadcrumb","itemListElement":[{"@type":"ListItem","position":1,"name":"Portada","item":"https:\/\/www.edinventa.com\/pl\/"},{"@type":"ListItem","position":2,"name":"Heromask J\u0119zyki Matematyka"}]},{"@type":"WebSite","@id":"https:\/\/www.edinventa.com\/pl\/#website","url":"https:\/\/www.edinventa.com\/pl\/","name":"HeroMask","description":"la m\u00e1scara de realidad virtual para aprender jugando","publisher":{"@id":"https:\/\/www.edinventa.com\/pl\/#organization"},"potentialAction":[{"@type":"SearchAction","target":{"@type":"EntryPoint","urlTemplate":"https:\/\/www.edinventa.com\/pl\/?s={search_term_string}"},"query-input":{"@type":"PropertyValueSpecification","valueRequired":true,"valueName":"search_term_string"}}],"inLanguage":"pl-PL"},{"@type":"Organization","@id":"https:\/\/www.edinventa.com\/pl\/#organization","name":"Heromask","url":"https:\/\/www.edinventa.com\/pl\/","logo":{"@type":"ImageObject","inLanguage":"pl-PL","@id":"https:\/\/www.edinventa.com\/pl\/#\/schema\/logo\/image\/","url":"https:\/\/www.edinventa.com\/wp-content\/uploads\/2018\/08\/logo-Heromask-suavizado-01.png","contentUrl":"https:\/\/www.edinventa.com\/wp-content\/uploads\/2018\/08\/logo-Heromask-suavizado-01.png","width":519,"height":106,"caption":"Heromask"},"image":{"@id":"https:\/\/www.edinventa.com\/pl\/#\/schema\/logo\/image\/"},"sameAs":["https:\/\/www.facebook.com\/heromask.edu\/","https:\/\/x.com\/heromask_","https:\/\/www.instagram.com\/heromask.ed\/","https:\/\/www.linkedin.com\/company\/heromask\/"]}]}},"_links":{"self":[{"href":"https:\/\/www.edinventa.com\/pl\/wp-json\/wp\/v2\/pages\/8299","targetHints":{"allow":["GET"]}}],"collection":[{"href":"https:\/\/www.edinventa.com\/pl\/wp-json\/wp\/v2\/pages"}],"about":[{"href":"https:\/\/www.edinventa.com\/pl\/wp-json\/wp\/v2\/types\/page"}],"author":[{"embeddable":true,"href":"https:\/\/www.edinventa.com\/pl\/wp-json\/wp\/v2\/users\/47"}],"replies":[{"embeddable":true,"href":"https:\/\/www.edinventa.com\/pl\/wp-json\/wp\/v2\/comments?post=8299"}],"version-history":[{"count":0,"href":"https:\/\/www.edinventa.com\/pl\/wp-json\/wp\/v2\/pages\/8299\/revisions"}],"wp:featuredmedia":[{"embeddable":true,"href":"https:\/\/www.edinventa.com\/pl\/wp-json\/wp\/v2\/media\/8317"}],"wp:attachment":[{"href":"https:\/\/www.edinventa.com\/pl\/wp-json\/wp\/v2\/media?parent=8299"}],"curies":[{"name":"wp","href":"https:\/\/api.w.org\/{rel}","templated":true}]}}