{"id":9325,"date":"2020-12-17T12:03:37","date_gmt":"2020-12-17T12:03:37","guid":{"rendered":"https:\/\/www.edinventa.com\/ogolne-zasady-i-warunki\/"},"modified":"2025-04-29T15:07:57","modified_gmt":"2025-04-29T15:07:57","slug":"ogolne-zasady-i-warunki","status":"publish","type":"page","link":"https:\/\/www.edinventa.com\/pl\/ogolne-zasady-i-warunki\/","title":{"rendered":"Og\u00f3lne zasady i warunki"},"content":{"rendered":"<h3>1. Wprowadzenie<\/h3>\n<p>Opisane poni\u017cej og\u00f3lne warunki sprzeda\u017cy (zwane dalej &#8222;Warunkami og\u00f3lnymi&#8221;) reguluj\u0105 stosunki umowne pomi\u0119dzy wszystkimi u\u017cytkownikami strony internetowej <a href=\"https:\/\/www.edinventa.com\">www.edinventa.com<\/a> (zwanymi dalej &#8222;U\u017bYTKOWNIKAMI&#8221;) a podmiotem gospodarczym CM GAME RULES LTD. (zwanym dalej &#8222;FIRM\u0104&#8221;).<\/p>\n<p>Niniejsze og\u00f3lne warunki sprzeda\u017cy s\u0105 jedynymi obowi\u0105zuj\u0105cymi i zast\u0119puj\u0105 wszystkie inne og\u00f3lne warunki, za wyj\u0105tkiem przypadk\u00f3w wcze\u015bniejszego, wyra\u017anego i pisemnego wypowiedzenia. FIRMA mo\u017ce od czasu do czasu modyfikowa\u0107 artyku\u0142y swoich og\u00f3lnych warunk\u00f3w sprzeda\u017cy, dlatego te\u017c zaleca si\u0119 zapoznanie z nimi przy ka\u017cdej wizycie na stronie <a href=\"https:\/\/www.edinventa.com\">www.edinventa.com<\/a> (zwanej dalej &#8222;STRON\u0104&#8221;).<\/p>\n<p>Zmiany te wynikaj\u0105 z ich publikacji w Internecie i nie mog\u0105 by\u0107 stosowane do um\u00f3w zawartych wcze\u015bniej. Do ka\u017cdego zakupu na WEBie maj\u0105 zastosowanie og\u00f3lne warunki handlowe obowi\u0105zuj\u0105ce w dniu z\u0142o\u017cenia zam\u00f3wienia. Uznajemy, \u017ce po z\u0142o\u017ceniu przez Pa\u0144stwa zam\u00f3wienia, po zapoznaniu si\u0119 z nimi, akceptuj\u0105 Pa\u0144stwo bez zastrze\u017ce\u0144 nasze og\u00f3lne warunki handlowe.<\/p>\n<p>Uzyskuj\u0105c dost\u0119p do SERWISU, u\u017cytkownik wyra\u017ca zgod\u0119 na przestrzeganie zawartych w nim og\u00f3lnych warunk\u00f3w i zasad u\u017cytkowania.<\/p>\n<h3>2. Sk\u0142adanie zam\u00f3wienia<\/h3>\n<p>Oddajemy do Pa\u0144stwa dyspozycji jeden (1) spos\u00f3b sk\u0142adania zam\u00f3wie\u0144: Przez internet na naszej stronie internetowej: (24h\/dzie\u0144, 365 dni w roku) <a href=\"https:\/\/www.edinventa.com\">www.edinventa.com<\/a><\/p>\n<h3>3. Informacje o produktach<\/h3>\n<p>Produkty wprowadzane do obrotu na stronie internetowej nie zawieraj\u0105 zastrze\u017conych przez FIRM\u0118 znak\u00f3w towarowych, mo\u017cliwe jest r\u00f3wnie\u017c, \u017ce FIRMA mo\u017ce sprzedawa\u0107 produkty pochodz\u0105ce od innych producent\u00f3w ni\u017c wspomniani powy\u017cej.<\/p>\n<h3>4. Ceny<\/h3>\n<p>Ceny sprzeda\u017cy podane na stronie internetowej s\u0105 podawane w euro oraz:<\/p>\n<ul>\n<li>W przypadku pobytu na P\u00f3\u0142wyspie Iberyjskim, b\u0119d\u0105 one zawiera\u0107 podatek VAT i transport na adres klienta.<\/li>\n<li>Je\u015bli jeste\u015b na Wyspach Kanaryjskich lub Balearach, VAT b\u0119dzie wliczony. Przesy\u0142ki te poci\u0105gaj\u0105 za sob\u0105 dodatkowy koszt w wysoko\u015bci 16 euro.<\/li>\n<\/ul>\n<h3>5. Dost\u0119pno\u015b\u0107<\/h3>\n<p>Nale\u017cy wzi\u0105\u0107 pod uwag\u0119, \u017ce zam\u00f3wienia b\u0119d\u0105 wysy\u0142ane w granicach dost\u0119pnych zapas\u00f3w.<\/p>\n<p>Je\u015bli jednego z zam\u00f3wionych artyku\u0142\u00f3w nie ma w magazynie, obiecujemy, \u017ce skontaktujemy si\u0119 z Pa\u0144stwem jak najszybciej, aby zaproponowa\u0107 alternatywne rozwi\u0105zania.<\/p>\n<h3>6. Przesy\u0142ki<\/h3>\n<p>Terminy dla wszystkich zam\u00f3wie\u0144 s\u0105 od momentu z\u0142o\u017cenia zam\u00f3wienia, o ile odbywa si\u0119 to przed godzin\u0105 12:00 od poniedzia\u0142ku do pi\u0105tku (GMT +1). W przypadku, gdy zostan\u0105 one z\u0142o\u017cone po wskazanej godzinie, termin ten zacznie si\u0119 liczy\u0107 od nast\u0119pnego dnia roboczego. Warunki te s\u0105 spe\u0142nione, o ile data z\u0142o\u017cenia zam\u00f3wienia nie spowoduje wys\u0142ania innego terminu dostawy.<\/p>\n<p>Koszt wysy\u0142ki na P\u00f3\u0142wysep jest wliczony w cen\u0119 i odbywa si\u0119 regularnie z TOURLINE EXPRESS MENSAJER\u00cdA S.L.U. Szacowany termin dostawy wynosi 72 godziny na P\u00f3\u0142wysep i Baleary. W przypadku Wysp Kanaryjskich, szacowany termin jest zazwyczaj d\u0142u\u017cszy ze wzgl\u0119du na interwencj\u0119 organ\u00f3w celnych.<\/p>\n<p>Produkty zakupione od Sp\u00f3\u0142ki zostan\u0105 wys\u0142ane do Hiszpanii P\u00f3\u0142wyspu Iberyjskiego oraz Balear\u00f3w i Wysp Kanaryjskich. Zam\u00f3wienie zostanie przes\u0142ane na adres wskazany w momencie dokonywania zakupu.<\/p>\n<p>FIRMA dok\u0142ada wszelkich stara\u0144, aby dotrzyma\u0107 termin\u00f3w dostaw wymienionych na stronie internetowej. Jednak\u017ce FIRMA nie ponosi odpowiedzialno\u015bci za skutki spowodowane op\u00f3\u017anieniem wysy\u0142ki lub zagubieniem przesy\u0142ki przez osoby spoza umowy przewozu, przez siebie lub z przyczyn nieprzewidzianych lub niemo\u017cliwych do przezwyci\u0119\u017cenia lub z powodu si\u0142y wy\u017cszej.<br \/>\nZalecamy, aby po otrzymaniu przesy\u0142ki sprawdzi\u0107, czy wszystko jest zgodne z zam\u00f3wieniem i w idealnym stanie. Je\u015bli nie zgadzasz si\u0119 z dostarczonymi przedmiotami, podpisz i zaznacz odr\u0119cznie na dowodzie dostawy anomalie, kt\u00f3re znalaz\u0142e\u015b przy odbiorze przesy\u0142ki.<\/p>\n<h3>7. Bezpieczna p\u0142atno\u015b\u0107<\/h3>\n<p>Posiadamy r\u00f3\u017cne \u015brodki p\u0142atnicze, kart\u0119 kredytow\u0105, Paypal i\/lub za pobraniem. W procesie zakupu b\u0119dziesz w stanie wybra\u0107 najbardziej odpowiednie dla Twoich potrzeb.<br \/>\nCa\u0142a aplikacja internetowa dzia\u0142a poprzez SSL, co oznacza, \u017ce dane s\u0105 szyfrowane, co zapewnia bezpiecze\u0144stwo informacji, kt\u00f3re kr\u0105\u017c\u0105 pomi\u0119dzy klientem a sklepem internetowym.<\/p>\n<p>Dodatkowo, wszystkie strony p\u0142atno\u015bci s\u0105 hostowane i przetwarzane na serwerach SiteGround Spain S.L., co oznacza, \u017ce nie s\u0105 przechowywane \u017cadne wra\u017cliwe informacje dotycz\u0105ce p\u0142atno\u015bci w bazach danych FIRMY. Jedyne informacje, kt\u00f3re b\u0119d\u0105 przechowywane w FIRMIE to te zwi\u0105zane z danymi kontaktowymi, aby m\u00f3c skutecznie zrealizowa\u0107 zam\u00f3wienie.<\/p>\n<p>SiteGround Spain S.L. posiada niezb\u0119dne certyfikaty, aby zapewni\u0107 klientowi sprawne i bezpieczne przeprowadzenie transakcji. Wi\u0119cej informacji na stronie <a href=\"http:\/\/www.siteground.es\">www.siteground.es<\/a><\/p>\n<h3>8. Wz\u00f3r formularza wyp\u0142aty<\/h3>\n<p>(Wype\u0142nij i zwr\u00f3\u0107 ten formularz tylko wtedy, gdy chcesz odst\u0105pi\u0107 od umowy)<br \/>\nDo wiadomo\u015bci CM GAME RULES LTD. Lordou Vyronos 61, Lumiel Building, 4th floor, 6023, Larnaca, Cyprus ; lub pisz\u0105c na adres e-mail: <a href=\"mailto:hello@edinventa.com\">hello@edinventa.com<\/a><\/p>\n<ul>\n<li>Niniejszym zawiadamiam, \u017ce chc\u0119 cofn\u0105\u0107 umow\u0119 sprzeda\u017cy kolejnego produktu (*)<\/li>\n<li>Zam\u00f3wienie\/odbi\u00f3r (*)<\/li>\n<li>Nazwa konsumenta i u\u017cytkownik lub konsumenci i u\u017cytkownicy<\/li>\n<li>Adres konsumenta i u\u017cytkownika lub konsument\u00f3w i u\u017cytkownik\u00f3w<\/li>\n<li>Data<\/li>\n<\/ul>\n<p>Zalecamy napisanie do nas e-maila, poniewa\u017c jest to szybsze i \u0142atwiejsze, ale oczywi\u015bcie, je\u015bli wolisz, mo\u017cesz wys\u0142a\u0107 do nas list uwierzytelniony.<\/p>\n<h3>9. Zwroty<\/h3>\n<p>Nasza polityka zwrot\u00f3w polega na tym, \u017ce je\u015bli jest to wada fabryczna, zwr\u00f3cimy pe\u0142n\u0105 kwot\u0119, a je\u015bli nie, zwr\u00f3cimy kwot\u0119 pomniejszon\u0105 o koszty zwrotu (dzielimy wydatki, poniewa\u017c ponosimy koszty wysy\u0142ki).<\/p>\n<p>Akceptujemy wy\u0142\u0105cznie zwrot produkt\u00f3w w ich oryginalnym stanie, czyli w opakowaniu, wraz z akcesoriami i instrukcj\u0105 obs\u0142ugi.<\/p>\n<p>Proces zwrotu jest nast\u0119puj\u0105cy:<\/p>\n<ol>\n<li>Napisz maila na <a href=\"mailto:hello@edinventa.com\">hello@edinventa.com<\/a> wskazuj\u0105c w temacie &#8222;Powr\u00f3t&#8221;<\/li>\n<li>W tre\u015bci e-maila wska\u017c:\n<ol>\n<li>Order ID i data<\/li>\n<li>Powodem powrotu<\/li>\n<li>Miejsce zbi\u00f3rki i przydzia\u0142 czasu na zbi\u00f3rk\u0119<\/li>\n<\/ol>\n<\/li>\n<li>W ci\u0105gu 10 dni od otrzymania towaru otrzymasz zwrot.<\/li>\n<\/ol>\n<h3>10. Gwarancje i serwis posprzeda\u017cowy<\/h3>\n<p>Wszystkie materia\u0142y sprzedawane na naszej stronie internetowej czerpi\u0105 z tego korzy\u015bci:<\/p>\n<ul>\n<li>Prawna gwarancja zgodno\u015bci<\/li>\n<li>Gwarancja prawna od ukrytych wad<\/li>\n<li>Gwarancje producent\u00f3w, kt\u00f3rych d\u0142ugo\u015b\u0107 i czas trwania r\u00f3\u017cni\u0105 si\u0119 w zale\u017cno\u015bci od produkt\u00f3w i marek<\/li>\n<\/ul>\n<p>(Dyrektywa 1999\/44\/WE Parlamentu Europejskiego i Rady z dnia 25 maja 1999 r. w sprawie niekt\u00f3rych aspekt\u00f3w sprzeda\u017cy towar\u00f3w konsumpcyjnych i zwi\u0105zanych z tym gwarancji)<\/p>\n<p>Incydenty zwi\u0105zane z jako\u015bci\u0105: W przypadku wadliwego produktu, zostanie on wymieniony tylko w przypadku, gdy odpowiada on incydentowi jako\u015bciowemu. Ocena ta zostanie przeprowadzona przez specjalist\u0119 ds. jako\u015bci FIRMY.<\/p>\n<h3>11. Sprawy s\u0105dowe i obowi\u0105zki<\/h3>\n<p>FIRMA nie ponosi odpowiedzialno\u015bci za niewykonanie niniejszych warunk\u00f3w w przypadku wyst\u0105pienia si\u0142y wy\u017cszej. Zgodnie z definicj\u0105 hiszpa\u0144skich s\u0105d\u00f3w oraz w przypadku winy klienta lub nieprzewidywalnego faktu, kt\u00f3ry mo\u017cna przypisa\u0107 osobie spoza umowy.<\/p>\n<p>FIRMA nie ponosi odpowiedzialno\u015bci za skutki, kt\u00f3re mog\u0105 wynika\u0107 z niew\u0142a\u015bciwego u\u017cytkowania produkt\u00f3w sprzedawanych na stronie internetowej.<\/p>\n","protected":false},"excerpt":{"rendered":"<p>1. Wprowadzenie Opisane poni\u017cej og\u00f3lne warunki sprzeda\u017cy (zwane dalej &#8222;Warunkami og\u00f3lnymi&#8221;) reguluj\u0105 stosunki umowne pomi\u0119dzy wszystkimi u\u017cytkownikami strony internetowej www.edinventa.com (zwanymi dalej &#8222;U\u017bYTKOWNIKAMI&#8221;) a podmiotem gospodarczym CM GAME RULES LTD. (zwanym dalej &#8222;FIRM\u0104&#8221;). Niniejsze og\u00f3lne warunki sprzeda\u017cy s\u0105 jedynymi obowi\u0105zuj\u0105cymi i zast\u0119puj\u0105 wszystkie inne og\u00f3lne warunki, za wyj\u0105tkiem przypadk\u00f3w wcze\u015bniejszego, wyra\u017anego i pisemnego wypowiedzenia. FIRMA mo\u017ce od czasu do czasu &#8230;<\/p>\n","protected":false},"author":47,"featured_media":0,"parent":0,"menu_order":0,"comment_status":"closed","ping_status":"closed","template":"","meta":{"rs_blank_template":"","rs_page_bg_color":"","slide_template_v7":"","_joinchat":[],"footnotes":""},"class_list":["post-9325","page","type-page","status-publish","hentry","no-post-thumbnail"],"yoast_head":"<!-- This site is optimized with the Yoast SEO plugin v27.3 - https:\/\/yoast.com\/product\/yoast-seo-wordpress\/ -->\n<title>Og\u00f3lne zasady i warunki &#187; HeroMask<\/title>\n<meta name=\"robots\" content=\"noindex, nofollow\" \/>\n<meta property=\"og:locale\" content=\"pl_PL\" \/>\n<meta property=\"og:type\" content=\"article\" \/>\n<meta property=\"og:title\" content=\"Og\u00f3lne zasady i warunki &#187; HeroMask\" \/>\n<meta property=\"og:description\" content=\"1. Wprowadzenie Opisane poni\u017cej og\u00f3lne warunki sprzeda\u017cy (zwane dalej &#8222;Warunkami og\u00f3lnymi&#8221;) reguluj\u0105 stosunki umowne pomi\u0119dzy wszystkimi u\u017cytkownikami strony internetowej www.edinventa.com (zwanymi dalej &#8222;U\u017bYTKOWNIKAMI&#8221;) a podmiotem gospodarczym CM GAME RULES LTD. (zwanym dalej &#8222;FIRM\u0104&#8221;). Niniejsze og\u00f3lne warunki sprzeda\u017cy s\u0105 jedynymi obowi\u0105zuj\u0105cymi i zast\u0119puj\u0105 wszystkie inne og\u00f3lne warunki, za wyj\u0105tkiem przypadk\u00f3w wcze\u015bniejszego, wyra\u017anego i pisemnego wypowiedzenia. FIRMA mo\u017ce od czasu do czasu ...\" \/>\n<meta property=\"og:url\" content=\"https:\/\/www.edinventa.com\/pl\/ogolne-zasady-i-warunki\/\" \/>\n<meta property=\"og:site_name\" content=\"HeroMask\" \/>\n<meta property=\"article:publisher\" content=\"https:\/\/www.facebook.com\/heromask.edu\/\" \/>\n<meta property=\"article:modified_time\" content=\"2025-04-29T15:07:57+00:00\" \/>\n<meta name=\"twitter:card\" content=\"summary_large_image\" \/>\n<meta name=\"twitter:site\" content=\"@heromask_\" \/>\n<meta name=\"twitter:label1\" content=\"Szacowany czas czytania\" \/>\n\t<meta name=\"twitter:data1\" content=\"5 minut\" \/>\n<script type=\"application\/ld+json\" class=\"yoast-schema-graph\">{\"@context\":\"https:\\\/\\\/schema.org\",\"@graph\":[{\"@type\":\"WebPage\",\"@id\":\"https:\\\/\\\/www.edinventa.com\\\/pl\\\/ogolne-zasady-i-warunki\\\/\",\"url\":\"https:\\\/\\\/www.edinventa.com\\\/pl\\\/ogolne-zasady-i-warunki\\\/\",\"name\":\"Og\u00f3lne zasady i warunki &#187; HeroMask\",\"isPartOf\":{\"@id\":\"https:\\\/\\\/www.edinventa.com\\\/pl\\\/#website\"},\"datePublished\":\"2020-12-17T12:03:37+00:00\",\"dateModified\":\"2025-04-29T15:07:57+00:00\",\"breadcrumb\":{\"@id\":\"https:\\\/\\\/www.edinventa.com\\\/pl\\\/ogolne-zasady-i-warunki\\\/#breadcrumb\"},\"inLanguage\":\"pl-PL\",\"potentialAction\":[{\"@type\":\"ReadAction\",\"target\":[\"https:\\\/\\\/www.edinventa.com\\\/pl\\\/ogolne-zasady-i-warunki\\\/\"]}]},{\"@type\":\"BreadcrumbList\",\"@id\":\"https:\\\/\\\/www.edinventa.com\\\/pl\\\/ogolne-zasady-i-warunki\\\/#breadcrumb\",\"itemListElement\":[{\"@type\":\"ListItem\",\"position\":1,\"name\":\"Portada\",\"item\":\"https:\\\/\\\/www.edinventa.com\\\/pl\\\/\"},{\"@type\":\"ListItem\",\"position\":2,\"name\":\"Og\u00f3lne zasady i warunki\"}]},{\"@type\":\"WebSite\",\"@id\":\"https:\\\/\\\/www.edinventa.com\\\/pl\\\/#website\",\"url\":\"https:\\\/\\\/www.edinventa.com\\\/pl\\\/\",\"name\":\"HeroMask\",\"description\":\"la m\u00e1scara de realidad virtual para aprender jugando\",\"publisher\":{\"@id\":\"https:\\\/\\\/www.edinventa.com\\\/pl\\\/#organization\"},\"potentialAction\":[{\"@type\":\"SearchAction\",\"target\":{\"@type\":\"EntryPoint\",\"urlTemplate\":\"https:\\\/\\\/www.edinventa.com\\\/pl\\\/?s={search_term_string}\"},\"query-input\":{\"@type\":\"PropertyValueSpecification\",\"valueRequired\":true,\"valueName\":\"search_term_string\"}}],\"inLanguage\":\"pl-PL\"},{\"@type\":\"Organization\",\"@id\":\"https:\\\/\\\/www.edinventa.com\\\/pl\\\/#organization\",\"name\":\"Heromask\",\"url\":\"https:\\\/\\\/www.edinventa.com\\\/pl\\\/\",\"logo\":{\"@type\":\"ImageObject\",\"inLanguage\":\"pl-PL\",\"@id\":\"https:\\\/\\\/www.edinventa.com\\\/pl\\\/#\\\/schema\\\/logo\\\/image\\\/\",\"url\":\"https:\\\/\\\/www.edinventa.com\\\/wp-content\\\/uploads\\\/2018\\\/08\\\/logo-Heromask-suavizado-01.png\",\"contentUrl\":\"https:\\\/\\\/www.edinventa.com\\\/wp-content\\\/uploads\\\/2018\\\/08\\\/logo-Heromask-suavizado-01.png\",\"width\":519,\"height\":106,\"caption\":\"Heromask\"},\"image\":{\"@id\":\"https:\\\/\\\/www.edinventa.com\\\/pl\\\/#\\\/schema\\\/logo\\\/image\\\/\"},\"sameAs\":[\"https:\\\/\\\/www.facebook.com\\\/heromask.edu\\\/\",\"https:\\\/\\\/x.com\\\/heromask_\",\"https:\\\/\\\/www.instagram.com\\\/heromask.ed\\\/\",\"https:\\\/\\\/www.linkedin.com\\\/company\\\/heromask\\\/\"]}]}<\/script>\n<!-- \/ Yoast SEO plugin. -->","yoast_head_json":{"title":"Og\u00f3lne zasady i warunki &#187; HeroMask","robots":{"index":"noindex","follow":"nofollow"},"og_locale":"pl_PL","og_type":"article","og_title":"Og\u00f3lne zasady i warunki &#187; HeroMask","og_description":"1. Wprowadzenie Opisane poni\u017cej og\u00f3lne warunki sprzeda\u017cy (zwane dalej &#8222;Warunkami og\u00f3lnymi&#8221;) reguluj\u0105 stosunki umowne pomi\u0119dzy wszystkimi u\u017cytkownikami strony internetowej www.edinventa.com (zwanymi dalej &#8222;U\u017bYTKOWNIKAMI&#8221;) a podmiotem gospodarczym CM GAME RULES LTD. (zwanym dalej &#8222;FIRM\u0104&#8221;). Niniejsze og\u00f3lne warunki sprzeda\u017cy s\u0105 jedynymi obowi\u0105zuj\u0105cymi i zast\u0119puj\u0105 wszystkie inne og\u00f3lne warunki, za wyj\u0105tkiem przypadk\u00f3w wcze\u015bniejszego, wyra\u017anego i pisemnego wypowiedzenia. FIRMA mo\u017ce od czasu do czasu ...","og_url":"https:\/\/www.edinventa.com\/pl\/ogolne-zasady-i-warunki\/","og_site_name":"HeroMask","article_publisher":"https:\/\/www.facebook.com\/heromask.edu\/","article_modified_time":"2025-04-29T15:07:57+00:00","twitter_card":"summary_large_image","twitter_site":"@heromask_","twitter_misc":{"Szacowany czas czytania":"5 minut"},"schema":{"@context":"https:\/\/schema.org","@graph":[{"@type":"WebPage","@id":"https:\/\/www.edinventa.com\/pl\/ogolne-zasady-i-warunki\/","url":"https:\/\/www.edinventa.com\/pl\/ogolne-zasady-i-warunki\/","name":"Og\u00f3lne zasady i warunki &#187; HeroMask","isPartOf":{"@id":"https:\/\/www.edinventa.com\/pl\/#website"},"datePublished":"2020-12-17T12:03:37+00:00","dateModified":"2025-04-29T15:07:57+00:00","breadcrumb":{"@id":"https:\/\/www.edinventa.com\/pl\/ogolne-zasady-i-warunki\/#breadcrumb"},"inLanguage":"pl-PL","potentialAction":[{"@type":"ReadAction","target":["https:\/\/www.edinventa.com\/pl\/ogolne-zasady-i-warunki\/"]}]},{"@type":"BreadcrumbList","@id":"https:\/\/www.edinventa.com\/pl\/ogolne-zasady-i-warunki\/#breadcrumb","itemListElement":[{"@type":"ListItem","position":1,"name":"Portada","item":"https:\/\/www.edinventa.com\/pl\/"},{"@type":"ListItem","position":2,"name":"Og\u00f3lne zasady i warunki"}]},{"@type":"WebSite","@id":"https:\/\/www.edinventa.com\/pl\/#website","url":"https:\/\/www.edinventa.com\/pl\/","name":"HeroMask","description":"la m\u00e1scara de realidad virtual para aprender jugando","publisher":{"@id":"https:\/\/www.edinventa.com\/pl\/#organization"},"potentialAction":[{"@type":"SearchAction","target":{"@type":"EntryPoint","urlTemplate":"https:\/\/www.edinventa.com\/pl\/?s={search_term_string}"},"query-input":{"@type":"PropertyValueSpecification","valueRequired":true,"valueName":"search_term_string"}}],"inLanguage":"pl-PL"},{"@type":"Organization","@id":"https:\/\/www.edinventa.com\/pl\/#organization","name":"Heromask","url":"https:\/\/www.edinventa.com\/pl\/","logo":{"@type":"ImageObject","inLanguage":"pl-PL","@id":"https:\/\/www.edinventa.com\/pl\/#\/schema\/logo\/image\/","url":"https:\/\/www.edinventa.com\/wp-content\/uploads\/2018\/08\/logo-Heromask-suavizado-01.png","contentUrl":"https:\/\/www.edinventa.com\/wp-content\/uploads\/2018\/08\/logo-Heromask-suavizado-01.png","width":519,"height":106,"caption":"Heromask"},"image":{"@id":"https:\/\/www.edinventa.com\/pl\/#\/schema\/logo\/image\/"},"sameAs":["https:\/\/www.facebook.com\/heromask.edu\/","https:\/\/x.com\/heromask_","https:\/\/www.instagram.com\/heromask.ed\/","https:\/\/www.linkedin.com\/company\/heromask\/"]}]}},"_links":{"self":[{"href":"https:\/\/www.edinventa.com\/pl\/wp-json\/wp\/v2\/pages\/9325","targetHints":{"allow":["GET"]}}],"collection":[{"href":"https:\/\/www.edinventa.com\/pl\/wp-json\/wp\/v2\/pages"}],"about":[{"href":"https:\/\/www.edinventa.com\/pl\/wp-json\/wp\/v2\/types\/page"}],"author":[{"embeddable":true,"href":"https:\/\/www.edinventa.com\/pl\/wp-json\/wp\/v2\/users\/47"}],"replies":[{"embeddable":true,"href":"https:\/\/www.edinventa.com\/pl\/wp-json\/wp\/v2\/comments?post=9325"}],"version-history":[{"count":0,"href":"https:\/\/www.edinventa.com\/pl\/wp-json\/wp\/v2\/pages\/9325\/revisions"}],"wp:attachment":[{"href":"https:\/\/www.edinventa.com\/pl\/wp-json\/wp\/v2\/media?parent=9325"}],"curies":[{"name":"wp","href":"https:\/\/api.w.org\/{rel}","templated":true}]}}