{"id":9716,"date":"2021-02-08T13:09:45","date_gmt":"2021-02-08T13:09:45","guid":{"rendered":"https:\/\/www.edinventa.com\/polityka-cookies\/"},"modified":"2021-02-08T13:09:45","modified_gmt":"2021-02-08T13:09:45","slug":"polityka-cookies","status":"publish","type":"page","link":"https:\/\/www.edinventa.com\/pl\/polityka-cookies\/","title":{"rendered":"Polityka cookies"},"content":{"rendered":"<p>Cookie to ma\u0142y plik tekstowy, kt\u00f3ry jest przechowywany w przegl\u0105darce podczas odwiedzania prawie ka\u017cdej strony internetowej. Jego u\u017cyteczno\u015b\u0107 polega na tym, \u017ce sie\u0107 jest w stanie zapami\u0119ta\u0107 Twoj\u0105 wizyt\u0119, gdy ponownie odwiedzisz t\u0119 stron\u0119. Cookies zazwyczaj przechowuj\u0105 informacje o charakterze technicznym, preferencje osobiste, personalizacj\u0119 tre\u015bci, statystyki u\u017cytkowania, linki do sieci spo\u0142eczno\u015bciowych, dost\u0119p do kont u\u017cytkownik\u00f3w itp. Celem plik\u00f3w cookie jest dostosowanie zawarto\u015bci strony internetowej do profilu i potrzeb u\u017cytkownika, bez plik\u00f3w cookie us\u0142ugi oferowane przez ka\u017cd\u0105 stron\u0119 by\u0142yby znacznie ograniczone. Je\u015bli chcesz uzyska\u0107 wi\u0119cej informacji na temat tego, czym s\u0105 pliki cookie, co przechowuj\u0105, jak je wyeliminowa\u0107, dezaktywowa\u0107 itp., przejd\u017a do <a href=\"https:\/\/www.edinventa.com\/pl\/extended-information-about-cookies\/\">tego linku<\/a>.<\/p>\n<h3>Ksi\u0105\u017cki u\u017cywane na tej stronie<\/h3>\n<p>Zgodnie z wytycznymi Hiszpa\u0144skiej Agencji Ochrony Danych, kt\u00f3re szczeg\u00f3\u0142owo opisuj\u0105 wykorzystanie plik\u00f3w cookie przez t\u0119 stron\u0119 internetow\u0105, w celu poinformowania Pa\u0144stwa z najwy\u017csz\u0105 mo\u017cliw\u0105 dok\u0142adno\u015bci\u0105.<\/p>\n<p>Ta strona wykorzystuje nast\u0119puj\u0105ce <strong>w\u0142asne pliki cookie<\/strong>:<\/p>\n<ul>\n<li>Sesyjne pliki cookie, aby upewni\u0107 si\u0119, \u017ce u\u017cytkownicy pisz\u0105cy komentarze na blogu s\u0105 lud\u017ami, a nie aplikacjami automatycznymi. W ten spos\u00f3b zwalcza si\u0119 spam.<\/li>\n<p>.\n<\/ul>\n<p>Ta strona korzysta z nast\u0119puj\u0105cych <strong>prywatnych plik\u00f3w cookie<\/strong>:<\/p>\n<ul>\n<li>Google Analytics: Przechowuje pliki cookie, aby m\u00f3c opracowa\u0107 statystyki dotycz\u0105ce ruchu i wielko\u015bci wizyt na tej stronie. Korzystaj\u0105c z tej strony internetowej wyra\u017casz zgod\u0119 na przetwarzanie informacji o Tobie przez Google. W zwi\u0105zku z tym, wykonywanie wszelkich praw w tym sensie musi by\u0107 wykonane komunikuj\u0105c si\u0119 bezpo\u015brednio z Google.<\/li>\n<p>.<\/p>\n<li>Hotjar: nagrane sesje wideo, aby sprawdzi\u0107, czy sie\u0107 jest u\u017cywana zgodnie z oczekiwaniami i poprawi\u0107 u\u017cyteczno\u015b\u0107 sieci.<\/li>\n<li>Facebook Pixel: dla statystyk FacebookAds i aby m\u00f3c retargetowa\u0107 u\u017cytkownik\u00f3w Facebooka w sieci.<\/li>\n<li>Google Adwords: dla statystyk Google Adwords i aby m\u00f3c retargetowa\u0107 u\u017cytkownik\u00f3w, kt\u00f3rzy korzystaj\u0105 z us\u0142ug Google i jego partner\u00f3w.<\/li>\n<li>Sieci spo\u0142eczno\u015bciowe: Ka\u017cda sie\u0107 spo\u0142eczno\u015bciowa u\u017cywa swoich w\u0142asnych plik\u00f3w cookie, aby mo\u017cna by\u0142o klikn\u0105\u0107 na przyciski Lubi\u0119 to lub Udost\u0119pnij.<\/li>\n<\/ul>\n<h3>Dezaktywacja lub usuni\u0119cie plik\u00f3w cookie<\/h3>\n<p>W ka\u017cdej chwili mo\u017cesz skorzysta\u0107 z prawa do wy\u0142\u0105czenia lub usuni\u0119cia plik\u00f3w cookies z tej strony internetowej. Czynno\u015bci te wykonywane s\u0105 w r\u00f3\u017cny spos\u00f3b w zale\u017cno\u015bci od u\u017cywanej przegl\u0105darki. Tutaj zostawiamy Ci <a href=\"https:\/\/www.edinventa.com\/pl\/extended-information-about-cookies\/#browsers\" target=\"_blank\" rel=\"noopener noreferrer\">kr\u00f3tki przewodnik po najpopularniejszych przegl\u0105darkach<\/a>.<\/p>\n<h3>Dodatkowe uwagi<\/h3>\n<p>.<\/p>\n<ul>\n<li> Ani ta strona, ani jej prawni przedstawiciele nie s\u0105 odpowiedzialni za tre\u015b\u0107 lub prawdziwo\u015b\u0107 polityki prywatno\u015bci, kt\u00f3r\u0105 mog\u0105 mie\u0107 strony trzecie wymienione w tej polityce cookies.<\/li>\n<li>Przegl\u0105darki internetowe s\u0105 narz\u0119dziami odpowiedzialnymi za przechowywanie plik\u00f3w cookie i z tego miejsca nale\u017cy skorzysta\u0107 z prawa do ich wy\u0142\u0105czenia lub usuni\u0119cia. Ani ta strona ani jej prawni przedstawiciele nie mog\u0105 zagwarantowa\u0107 poprawnej lub niepoprawnej manipulacji plikami cookie przez wspomniane przegl\u0105darki.<\/li>\n<p>.<\/p>\n<li>W niekt\u00f3rych przypadkach konieczne jest zainstalowanie plik\u00f3w cookie, aby pom\u00f3c przegl\u0105darce zapami\u0119ta\u0107 Twoj\u0105 decyzj\u0119 o ich nieakceptowaniu.<\/li>\n<li>W przypadku plik\u00f3w cookie Google Analytics, firma ta przechowuje pliki cookie na serwerach zlokalizowanych w Stanach Zjednoczonych i zobowi\u0105zuje si\u0119 nie udost\u0119pnia\u0107 ich osobom trzecim, z wyj\u0105tkiem przypadk\u00f3w, gdy jest to niezb\u0119dne do dzia\u0142ania systemu lub gdy wymaga tego prawo. Wed\u0142ug Google nie zapisuje adresu IP u\u017cytkownika. Google Inc. Jest to firma do\u0142\u0105czona do porozumienia safe harbor zapewnia, \u017ce wszystkie przekazywane dane b\u0119d\u0105 traktowane z poziomem ochrony zgodnym z europejskimi przepisami.<\/li>\n<p>.<\/p>\n<li>Szczeg\u00f3\u0142owe informacje mo\u017cna znale\u017a\u0107 tutaj, pod tym linkiem. Je\u015bli chcesz uzyska\u0107 informacje na temat korzystania, \u017ce Google daje do plik\u00f3w cookie za\u0142\u0105czamy ten inny link.<\/li>\n<p>.<\/p>\n<li>W przypadku jakichkolwiek pyta\u0144 lub w\u0105tpliwo\u015bci dotycz\u0105cych plik\u00f3w cookie tej polityki nie wahaj si\u0119 skontaktowa\u0107 si\u0119 z nami poprzez sekcj\u0119 kontaktow\u0105.<\/li>\n<p>.\n<\/ul>\n<p>Cookies Advisor to wtyczka do WordPressa stworzona przez Carlosa Dorala (webartesanal.com)<\/p>\n","protected":false},"excerpt":{"rendered":"<p>Cookie to ma\u0142y plik tekstowy, kt\u00f3ry jest przechowywany w przegl\u0105darce podczas odwiedzania prawie ka\u017cdej strony internetowej. Jego u\u017cyteczno\u015b\u0107 polega na tym, \u017ce sie\u0107 jest w stanie zapami\u0119ta\u0107 Twoj\u0105 wizyt\u0119, gdy ponownie odwiedzisz t\u0119 stron\u0119. Cookies zazwyczaj przechowuj\u0105 informacje o charakterze technicznym, preferencje osobiste, personalizacj\u0119 tre\u015bci, statystyki u\u017cytkowania, linki do sieci spo\u0142eczno\u015bciowych, dost\u0119p do kont u\u017cytkownik\u00f3w itp. Celem plik\u00f3w cookie jest &#8230;<\/p>\n","protected":false},"author":47,"featured_media":0,"parent":0,"menu_order":0,"comment_status":"closed","ping_status":"closed","template":"","meta":{"rs_blank_template":"","rs_page_bg_color":"","slide_template_v7":"","_joinchat":[],"footnotes":""},"class_list":["post-9716","page","type-page","status-publish","hentry","no-post-thumbnail"],"yoast_head":"<!-- This site is optimized with the Yoast SEO plugin v27.3 - https:\/\/yoast.com\/product\/yoast-seo-wordpress\/ -->\n<title>Polityka cookies &#187; HeroMask<\/title>\n<meta name=\"robots\" content=\"noindex, nofollow\" \/>\n<meta property=\"og:locale\" content=\"pl_PL\" \/>\n<meta property=\"og:type\" content=\"article\" \/>\n<meta property=\"og:title\" content=\"Polityka cookies &#187; HeroMask\" \/>\n<meta property=\"og:description\" content=\"Cookie to ma\u0142y plik tekstowy, kt\u00f3ry jest przechowywany w przegl\u0105darce podczas odwiedzania prawie ka\u017cdej strony internetowej. Jego u\u017cyteczno\u015b\u0107 polega na tym, \u017ce sie\u0107 jest w stanie zapami\u0119ta\u0107 Twoj\u0105 wizyt\u0119, gdy ponownie odwiedzisz t\u0119 stron\u0119. Cookies zazwyczaj przechowuj\u0105 informacje o charakterze technicznym, preferencje osobiste, personalizacj\u0119 tre\u015bci, statystyki u\u017cytkowania, linki do sieci spo\u0142eczno\u015bciowych, dost\u0119p do kont u\u017cytkownik\u00f3w itp. Celem plik\u00f3w cookie jest ...\" \/>\n<meta property=\"og:url\" content=\"https:\/\/www.edinventa.com\/pl\/polityka-cookies\/\" \/>\n<meta property=\"og:site_name\" content=\"HeroMask\" \/>\n<meta property=\"article:publisher\" content=\"https:\/\/www.facebook.com\/heromask.edu\/\" \/>\n<meta name=\"twitter:card\" content=\"summary_large_image\" \/>\n<meta name=\"twitter:site\" content=\"@heromask_\" \/>\n<meta name=\"twitter:label1\" content=\"Szacowany czas czytania\" \/>\n\t<meta name=\"twitter:data1\" content=\"3 minuty\" \/>\n<script type=\"application\/ld+json\" class=\"yoast-schema-graph\">{\"@context\":\"https:\\\/\\\/schema.org\",\"@graph\":[{\"@type\":\"WebPage\",\"@id\":\"https:\\\/\\\/www.edinventa.com\\\/pl\\\/polityka-cookies\\\/\",\"url\":\"https:\\\/\\\/www.edinventa.com\\\/pl\\\/polityka-cookies\\\/\",\"name\":\"Polityka cookies &#187; HeroMask\",\"isPartOf\":{\"@id\":\"https:\\\/\\\/www.edinventa.com\\\/pl\\\/#website\"},\"datePublished\":\"2021-02-08T13:09:45+00:00\",\"breadcrumb\":{\"@id\":\"https:\\\/\\\/www.edinventa.com\\\/pl\\\/polityka-cookies\\\/#breadcrumb\"},\"inLanguage\":\"pl-PL\",\"potentialAction\":[{\"@type\":\"ReadAction\",\"target\":[\"https:\\\/\\\/www.edinventa.com\\\/pl\\\/polityka-cookies\\\/\"]}]},{\"@type\":\"BreadcrumbList\",\"@id\":\"https:\\\/\\\/www.edinventa.com\\\/pl\\\/polityka-cookies\\\/#breadcrumb\",\"itemListElement\":[{\"@type\":\"ListItem\",\"position\":1,\"name\":\"Portada\",\"item\":\"https:\\\/\\\/www.edinventa.com\\\/pl\\\/\"},{\"@type\":\"ListItem\",\"position\":2,\"name\":\"Polityka cookies\"}]},{\"@type\":\"WebSite\",\"@id\":\"https:\\\/\\\/www.edinventa.com\\\/pl\\\/#website\",\"url\":\"https:\\\/\\\/www.edinventa.com\\\/pl\\\/\",\"name\":\"HeroMask\",\"description\":\"la m\u00e1scara de realidad virtual para aprender jugando\",\"publisher\":{\"@id\":\"https:\\\/\\\/www.edinventa.com\\\/pl\\\/#organization\"},\"potentialAction\":[{\"@type\":\"SearchAction\",\"target\":{\"@type\":\"EntryPoint\",\"urlTemplate\":\"https:\\\/\\\/www.edinventa.com\\\/pl\\\/?s={search_term_string}\"},\"query-input\":{\"@type\":\"PropertyValueSpecification\",\"valueRequired\":true,\"valueName\":\"search_term_string\"}}],\"inLanguage\":\"pl-PL\"},{\"@type\":\"Organization\",\"@id\":\"https:\\\/\\\/www.edinventa.com\\\/pl\\\/#organization\",\"name\":\"Heromask\",\"url\":\"https:\\\/\\\/www.edinventa.com\\\/pl\\\/\",\"logo\":{\"@type\":\"ImageObject\",\"inLanguage\":\"pl-PL\",\"@id\":\"https:\\\/\\\/www.edinventa.com\\\/pl\\\/#\\\/schema\\\/logo\\\/image\\\/\",\"url\":\"https:\\\/\\\/www.edinventa.com\\\/wp-content\\\/uploads\\\/2018\\\/08\\\/logo-Heromask-suavizado-01.png\",\"contentUrl\":\"https:\\\/\\\/www.edinventa.com\\\/wp-content\\\/uploads\\\/2018\\\/08\\\/logo-Heromask-suavizado-01.png\",\"width\":519,\"height\":106,\"caption\":\"Heromask\"},\"image\":{\"@id\":\"https:\\\/\\\/www.edinventa.com\\\/pl\\\/#\\\/schema\\\/logo\\\/image\\\/\"},\"sameAs\":[\"https:\\\/\\\/www.facebook.com\\\/heromask.edu\\\/\",\"https:\\\/\\\/x.com\\\/heromask_\",\"https:\\\/\\\/www.instagram.com\\\/heromask.ed\\\/\",\"https:\\\/\\\/www.linkedin.com\\\/company\\\/heromask\\\/\"]}]}<\/script>\n<!-- \/ Yoast SEO plugin. -->","yoast_head_json":{"title":"Polityka cookies &#187; HeroMask","robots":{"index":"noindex","follow":"nofollow"},"og_locale":"pl_PL","og_type":"article","og_title":"Polityka cookies &#187; HeroMask","og_description":"Cookie to ma\u0142y plik tekstowy, kt\u00f3ry jest przechowywany w przegl\u0105darce podczas odwiedzania prawie ka\u017cdej strony internetowej. Jego u\u017cyteczno\u015b\u0107 polega na tym, \u017ce sie\u0107 jest w stanie zapami\u0119ta\u0107 Twoj\u0105 wizyt\u0119, gdy ponownie odwiedzisz t\u0119 stron\u0119. Cookies zazwyczaj przechowuj\u0105 informacje o charakterze technicznym, preferencje osobiste, personalizacj\u0119 tre\u015bci, statystyki u\u017cytkowania, linki do sieci spo\u0142eczno\u015bciowych, dost\u0119p do kont u\u017cytkownik\u00f3w itp. Celem plik\u00f3w cookie jest ...","og_url":"https:\/\/www.edinventa.com\/pl\/polityka-cookies\/","og_site_name":"HeroMask","article_publisher":"https:\/\/www.facebook.com\/heromask.edu\/","twitter_card":"summary_large_image","twitter_site":"@heromask_","twitter_misc":{"Szacowany czas czytania":"3 minuty"},"schema":{"@context":"https:\/\/schema.org","@graph":[{"@type":"WebPage","@id":"https:\/\/www.edinventa.com\/pl\/polityka-cookies\/","url":"https:\/\/www.edinventa.com\/pl\/polityka-cookies\/","name":"Polityka cookies &#187; HeroMask","isPartOf":{"@id":"https:\/\/www.edinventa.com\/pl\/#website"},"datePublished":"2021-02-08T13:09:45+00:00","breadcrumb":{"@id":"https:\/\/www.edinventa.com\/pl\/polityka-cookies\/#breadcrumb"},"inLanguage":"pl-PL","potentialAction":[{"@type":"ReadAction","target":["https:\/\/www.edinventa.com\/pl\/polityka-cookies\/"]}]},{"@type":"BreadcrumbList","@id":"https:\/\/www.edinventa.com\/pl\/polityka-cookies\/#breadcrumb","itemListElement":[{"@type":"ListItem","position":1,"name":"Portada","item":"https:\/\/www.edinventa.com\/pl\/"},{"@type":"ListItem","position":2,"name":"Polityka cookies"}]},{"@type":"WebSite","@id":"https:\/\/www.edinventa.com\/pl\/#website","url":"https:\/\/www.edinventa.com\/pl\/","name":"HeroMask","description":"la m\u00e1scara de realidad virtual para aprender jugando","publisher":{"@id":"https:\/\/www.edinventa.com\/pl\/#organization"},"potentialAction":[{"@type":"SearchAction","target":{"@type":"EntryPoint","urlTemplate":"https:\/\/www.edinventa.com\/pl\/?s={search_term_string}"},"query-input":{"@type":"PropertyValueSpecification","valueRequired":true,"valueName":"search_term_string"}}],"inLanguage":"pl-PL"},{"@type":"Organization","@id":"https:\/\/www.edinventa.com\/pl\/#organization","name":"Heromask","url":"https:\/\/www.edinventa.com\/pl\/","logo":{"@type":"ImageObject","inLanguage":"pl-PL","@id":"https:\/\/www.edinventa.com\/pl\/#\/schema\/logo\/image\/","url":"https:\/\/www.edinventa.com\/wp-content\/uploads\/2018\/08\/logo-Heromask-suavizado-01.png","contentUrl":"https:\/\/www.edinventa.com\/wp-content\/uploads\/2018\/08\/logo-Heromask-suavizado-01.png","width":519,"height":106,"caption":"Heromask"},"image":{"@id":"https:\/\/www.edinventa.com\/pl\/#\/schema\/logo\/image\/"},"sameAs":["https:\/\/www.facebook.com\/heromask.edu\/","https:\/\/x.com\/heromask_","https:\/\/www.instagram.com\/heromask.ed\/","https:\/\/www.linkedin.com\/company\/heromask\/"]}]}},"_links":{"self":[{"href":"https:\/\/www.edinventa.com\/pl\/wp-json\/wp\/v2\/pages\/9716","targetHints":{"allow":["GET"]}}],"collection":[{"href":"https:\/\/www.edinventa.com\/pl\/wp-json\/wp\/v2\/pages"}],"about":[{"href":"https:\/\/www.edinventa.com\/pl\/wp-json\/wp\/v2\/types\/page"}],"author":[{"embeddable":true,"href":"https:\/\/www.edinventa.com\/pl\/wp-json\/wp\/v2\/users\/47"}],"replies":[{"embeddable":true,"href":"https:\/\/www.edinventa.com\/pl\/wp-json\/wp\/v2\/comments?post=9716"}],"version-history":[{"count":0,"href":"https:\/\/www.edinventa.com\/pl\/wp-json\/wp\/v2\/pages\/9716\/revisions"}],"wp:attachment":[{"href":"https:\/\/www.edinventa.com\/pl\/wp-json\/wp\/v2\/media?parent=9716"}],"curies":[{"name":"wp","href":"https:\/\/api.w.org\/{rel}","templated":true}]}}