{"id":106950,"date":"2025-06-03T03:24:25","date_gmt":"2025-06-03T03:24:25","guid":{"rendered":"https:\/\/www.edinventa.com\/registro-portuguese-brazil\/"},"modified":"2025-12-29T10:28:52","modified_gmt":"2025-12-29T10:28:52","slug":"vr-form","status":"publish","type":"page","link":"https:\/\/www.edinventa.com\/pt-br\/vr-form\/","title":{"rendered":"Registro (Brazil)"},"content":{"rendered":"<div id=\"cs-content\" class=\"cs-content\"><\/div>\n","protected":false},"excerpt":{"rendered":"<p>Registrar (Brazil) Email C\u00f3digo de desbloqueio Eu aceito a pol\u00edtica de privacidade e o aviso legal Voc\u00ea gostaria de receber um e-mail quando lan\u00e7armos um novo produto, ofertas, etc.? Enviamos pouqu\u00edssimos e-mails por falta de tempo (estamos criando o pr\u00f3ximo produto para voc\u00ea! \u2764\ufe0f) Sim, por favor! (D\u00ea uma chance, voc\u00ea pode cancelar quando quiser)N\u00e3o quero que voc\u00ea me contate: &#8230;<\/p>\n","protected":false},"author":47,"featured_media":0,"parent":0,"menu_order":0,"comment_status":"open","ping_status":"closed","template":"template-layout-full-width.php","meta":{"rs_blank_template":"","rs_page_bg_color":"","slide_template_v7":"","_joinchat":[],"footnotes":""},"class_list":["post-106950","page","type-page","status-publish","hentry","no-post-thumbnail"],"yoast_head":"<!-- This site is optimized with the Yoast SEO plugin v27.3 - https:\/\/yoast.com\/product\/yoast-seo-wordpress\/ -->\n<title>Registro (Brazil) &#187; HeroMask<\/title>\n<meta name=\"robots\" content=\"noindex, follow\" \/>\n<meta property=\"og:locale\" content=\"pt_BR\" \/>\n<meta property=\"og:type\" content=\"article\" \/>\n<meta property=\"og:title\" content=\"Registro (Brazil) &#187; HeroMask\" \/>\n<meta property=\"og:description\" content=\"Registrar (Brazil) Email C\u00f3digo de desbloqueio Eu aceito a pol\u00edtica de privacidade e o aviso legal Voc\u00ea gostaria de receber um e-mail quando lan\u00e7armos um novo produto, ofertas, etc.? Enviamos pouqu\u00edssimos e-mails por falta de tempo (estamos criando o pr\u00f3ximo produto para voc\u00ea! \u2764\ufe0f) Sim, por favor! (D\u00ea uma chance, voc\u00ea pode cancelar quando quiser)N\u00e3o quero que voc\u00ea me contate: ...\" \/>\n<meta property=\"og:url\" content=\"https:\/\/www.edinventa.com\/pt-br\/vr-form\/\" \/>\n<meta property=\"og:site_name\" content=\"HeroMask\" \/>\n<meta property=\"article:publisher\" content=\"https:\/\/www.facebook.com\/heromask.edu\/\" \/>\n<meta property=\"article:modified_time\" content=\"2025-12-29T10:28:52+00:00\" \/>\n<meta name=\"twitter:card\" content=\"summary_large_image\" \/>\n<meta name=\"twitter:site\" content=\"@heromask_\" \/>\n<meta name=\"twitter:label1\" content=\"Est. tempo de leitura\" \/>\n\t<meta name=\"twitter:data1\" content=\"1 minuto\" \/>\n<script type=\"application\/ld+json\" class=\"yoast-schema-graph\">{\"@context\":\"https:\\\/\\\/schema.org\",\"@graph\":[{\"@type\":\"WebPage\",\"@id\":\"https:\\\/\\\/www.edinventa.com\\\/pt-br\\\/vr-form\\\/\",\"url\":\"https:\\\/\\\/www.edinventa.com\\\/pt-br\\\/vr-form\\\/\",\"name\":\"Registro (Brazil) &#187; HeroMask\",\"isPartOf\":{\"@id\":\"https:\\\/\\\/www.edinventa.com\\\/pt-br\\\/#website\"},\"datePublished\":\"2025-06-03T03:24:25+00:00\",\"dateModified\":\"2025-12-29T10:28:52+00:00\",\"breadcrumb\":{\"@id\":\"https:\\\/\\\/www.edinventa.com\\\/pt-br\\\/vr-form\\\/#breadcrumb\"},\"inLanguage\":\"pt-BR\",\"potentialAction\":[{\"@type\":\"ReadAction\",\"target\":[\"https:\\\/\\\/www.edinventa.com\\\/pt-br\\\/vr-form\\\/\"]}]},{\"@type\":\"BreadcrumbList\",\"@id\":\"https:\\\/\\\/www.edinventa.com\\\/pt-br\\\/vr-form\\\/#breadcrumb\",\"itemListElement\":[{\"@type\":\"ListItem\",\"position\":1,\"name\":\"Portada\",\"item\":\"https:\\\/\\\/www.edinventa.com\\\/pt-br\\\/\"},{\"@type\":\"ListItem\",\"position\":2,\"name\":\"Registro (Brazil)\"}]},{\"@type\":\"WebSite\",\"@id\":\"https:\\\/\\\/www.edinventa.com\\\/pt-br\\\/#website\",\"url\":\"https:\\\/\\\/www.edinventa.com\\\/pt-br\\\/\",\"name\":\"HeroMask\",\"description\":\"la m\u00e1scara de realidad virtual para aprender jugando\",\"publisher\":{\"@id\":\"https:\\\/\\\/www.edinventa.com\\\/pt-br\\\/#organization\"},\"potentialAction\":[{\"@type\":\"SearchAction\",\"target\":{\"@type\":\"EntryPoint\",\"urlTemplate\":\"https:\\\/\\\/www.edinventa.com\\\/pt-br\\\/?s={search_term_string}\"},\"query-input\":{\"@type\":\"PropertyValueSpecification\",\"valueRequired\":true,\"valueName\":\"search_term_string\"}}],\"inLanguage\":\"pt-BR\"},{\"@type\":\"Organization\",\"@id\":\"https:\\\/\\\/www.edinventa.com\\\/pt-br\\\/#organization\",\"name\":\"Heromask\",\"url\":\"https:\\\/\\\/www.edinventa.com\\\/pt-br\\\/\",\"logo\":{\"@type\":\"ImageObject\",\"inLanguage\":\"pt-BR\",\"@id\":\"https:\\\/\\\/www.edinventa.com\\\/pt-br\\\/#\\\/schema\\\/logo\\\/image\\\/\",\"url\":\"https:\\\/\\\/www.edinventa.com\\\/wp-content\\\/uploads\\\/2018\\\/08\\\/logo-Heromask-suavizado-01.png\",\"contentUrl\":\"https:\\\/\\\/www.edinventa.com\\\/wp-content\\\/uploads\\\/2018\\\/08\\\/logo-Heromask-suavizado-01.png\",\"width\":519,\"height\":106,\"caption\":\"Heromask\"},\"image\":{\"@id\":\"https:\\\/\\\/www.edinventa.com\\\/pt-br\\\/#\\\/schema\\\/logo\\\/image\\\/\"},\"sameAs\":[\"https:\\\/\\\/www.facebook.com\\\/heromask.edu\\\/\",\"https:\\\/\\\/x.com\\\/heromask_\",\"https:\\\/\\\/www.instagram.com\\\/heromask.ed\\\/\",\"https:\\\/\\\/www.linkedin.com\\\/company\\\/heromask\\\/\"]}]}<\/script>\n<!-- \/ Yoast SEO plugin. -->","yoast_head_json":{"title":"Registro (Brazil) &#187; HeroMask","robots":{"index":"noindex","follow":"follow"},"og_locale":"pt_BR","og_type":"article","og_title":"Registro (Brazil) &#187; HeroMask","og_description":"Registrar (Brazil) Email C\u00f3digo de desbloqueio Eu aceito a pol\u00edtica de privacidade e o aviso legal Voc\u00ea gostaria de receber um e-mail quando lan\u00e7armos um novo produto, ofertas, etc.? Enviamos pouqu\u00edssimos e-mails por falta de tempo (estamos criando o pr\u00f3ximo produto para voc\u00ea! \u2764\ufe0f) Sim, por favor! (D\u00ea uma chance, voc\u00ea pode cancelar quando quiser)N\u00e3o quero que voc\u00ea me contate: ...","og_url":"https:\/\/www.edinventa.com\/pt-br\/vr-form\/","og_site_name":"HeroMask","article_publisher":"https:\/\/www.facebook.com\/heromask.edu\/","article_modified_time":"2025-12-29T10:28:52+00:00","twitter_card":"summary_large_image","twitter_site":"@heromask_","twitter_misc":{"Est. tempo de leitura":"1 minuto"},"schema":{"@context":"https:\/\/schema.org","@graph":[{"@type":"WebPage","@id":"https:\/\/www.edinventa.com\/pt-br\/vr-form\/","url":"https:\/\/www.edinventa.com\/pt-br\/vr-form\/","name":"Registro (Brazil) &#187; HeroMask","isPartOf":{"@id":"https:\/\/www.edinventa.com\/pt-br\/#website"},"datePublished":"2025-06-03T03:24:25+00:00","dateModified":"2025-12-29T10:28:52+00:00","breadcrumb":{"@id":"https:\/\/www.edinventa.com\/pt-br\/vr-form\/#breadcrumb"},"inLanguage":"pt-BR","potentialAction":[{"@type":"ReadAction","target":["https:\/\/www.edinventa.com\/pt-br\/vr-form\/"]}]},{"@type":"BreadcrumbList","@id":"https:\/\/www.edinventa.com\/pt-br\/vr-form\/#breadcrumb","itemListElement":[{"@type":"ListItem","position":1,"name":"Portada","item":"https:\/\/www.edinventa.com\/pt-br\/"},{"@type":"ListItem","position":2,"name":"Registro (Brazil)"}]},{"@type":"WebSite","@id":"https:\/\/www.edinventa.com\/pt-br\/#website","url":"https:\/\/www.edinventa.com\/pt-br\/","name":"HeroMask","description":"la m\u00e1scara de realidad virtual para aprender jugando","publisher":{"@id":"https:\/\/www.edinventa.com\/pt-br\/#organization"},"potentialAction":[{"@type":"SearchAction","target":{"@type":"EntryPoint","urlTemplate":"https:\/\/www.edinventa.com\/pt-br\/?s={search_term_string}"},"query-input":{"@type":"PropertyValueSpecification","valueRequired":true,"valueName":"search_term_string"}}],"inLanguage":"pt-BR"},{"@type":"Organization","@id":"https:\/\/www.edinventa.com\/pt-br\/#organization","name":"Heromask","url":"https:\/\/www.edinventa.com\/pt-br\/","logo":{"@type":"ImageObject","inLanguage":"pt-BR","@id":"https:\/\/www.edinventa.com\/pt-br\/#\/schema\/logo\/image\/","url":"https:\/\/www.edinventa.com\/wp-content\/uploads\/2018\/08\/logo-Heromask-suavizado-01.png","contentUrl":"https:\/\/www.edinventa.com\/wp-content\/uploads\/2018\/08\/logo-Heromask-suavizado-01.png","width":519,"height":106,"caption":"Heromask"},"image":{"@id":"https:\/\/www.edinventa.com\/pt-br\/#\/schema\/logo\/image\/"},"sameAs":["https:\/\/www.facebook.com\/heromask.edu\/","https:\/\/x.com\/heromask_","https:\/\/www.instagram.com\/heromask.ed\/","https:\/\/www.linkedin.com\/company\/heromask\/"]}]}},"_links":{"self":[{"href":"https:\/\/www.edinventa.com\/pt-br\/wp-json\/wp\/v2\/pages\/106950","targetHints":{"allow":["GET"]}}],"collection":[{"href":"https:\/\/www.edinventa.com\/pt-br\/wp-json\/wp\/v2\/pages"}],"about":[{"href":"https:\/\/www.edinventa.com\/pt-br\/wp-json\/wp\/v2\/types\/page"}],"author":[{"embeddable":true,"href":"https:\/\/www.edinventa.com\/pt-br\/wp-json\/wp\/v2\/users\/47"}],"replies":[{"embeddable":true,"href":"https:\/\/www.edinventa.com\/pt-br\/wp-json\/wp\/v2\/comments?post=106950"}],"version-history":[{"count":3,"href":"https:\/\/www.edinventa.com\/pt-br\/wp-json\/wp\/v2\/pages\/106950\/revisions"}],"predecessor-version":[{"id":178465,"href":"https:\/\/www.edinventa.com\/pt-br\/wp-json\/wp\/v2\/pages\/106950\/revisions\/178465"}],"wp:attachment":[{"href":"https:\/\/www.edinventa.com\/pt-br\/wp-json\/wp\/v2\/media?parent=106950"}],"curies":[{"name":"wp","href":"https:\/\/api.w.org\/{rel}","templated":true}]}}